{"id":75989,"date":"2023-03-14T12:37:27","date_gmt":"2023-03-14T12:37:27","guid":{"rendered":"https:\/\/steeluniversity.org\/support\/how-to\/"},"modified":"2023-03-14T12:45:29","modified_gmt":"2023-03-14T12:45:29","slug":"how-to","status":"publish","type":"page","link":"https:\/\/steeluniversity.org\/es\/support\/how-to\/","title":{"rendered":"C\u00f3mo hacer"},"content":{"rendered":"<div class=\"wpb-content-wrapper\"><p>[vc_section][vc_row][vc_column][vc_column_text]<\/p>\n<h1>C\u00f3mo hacer<\/h1>\n<p>[\/vc_column_text][vc_column_text]Aqu\u00ed encontrar\u00e1s una serie de videos para ayudarte con varias actividades en nuestra plataforma. Si no encuentras lo que necesitas, consulta nuestra <a href=\"https:\/\/steeluniversity.org\/es\/support\/preguntas-frecuentes\/\">secci\u00f3n de preguntas frecuentes<\/a> o <a href=\"https:\/\/steeluniversity.org\/es\/support\/open-ticket\/\">abre un ticket<\/a>.[\/vc_column_text][vc_row_inner][vc_column_inner width=&#8221;1\/2&#8243;][vc_column_text]<\/p>\n<h3 class=\"style-scope ytd-watch-metadata\">C\u00f3mo iniciar sesi\u00f3n<\/h3>\n<p>[\/vc_column_text][vc_video link=&#8221;https:\/\/www.youtube.com\/watch?v=ZjEvnxzpZ8k&#8221;][vc_column_text]Puedes acceder al sitio web de steeluniversity con tu correo electr\u00f3nico y contrase\u00f1a. Consulta c\u00f3mo iniciar sesi\u00f3n.[\/vc_column_text][\/vc_column_inner][vc_column_inner width=&#8221;1\/2&#8243;][vc_column_text]<\/p>\n<h3 class=\"style-scope ytd-watch-metadata\">Como recuperar mi contrase\u00f1a<\/h3>\n<p>[\/vc_column_text][vc_video link=&#8221;https:\/\/www.youtube.com\/watch?v=E6WiNU78dqI&#8221;][vc_column_text]Puedes solicitar una nueva contrase\u00f1a para el sitio web de steeluniversity si la olvidas. Consulta c\u00f3mo hacerlo y recupera tu acceso.[\/vc_column_text][\/vc_column_inner][\/vc_row_inner][vc_separator][vc_row_inner][vc_column_inner width=&#8221;1\/2&#8243;][vc_column_text]<\/p>\n<h3 class=\"style-scope ytd-watch-metadata\">C\u00f3mo configurar la privacidad<\/h3>\n<p>[\/vc_column_text][vc_video link=&#8221;https:\/\/www.youtube.com\/watch?v=iQ52D7moxUQ&#8221;][vc_column_text]Controla qu\u00e9 informaci\u00f3n deseas compartir con la comunidad de steeluniversity. Consulta c\u00f3mo configurar tu configuraci\u00f3n de privacidad.[\/vc_column_text][\/vc_column_inner][vc_column_inner width=&#8221;1\/2&#8243;][vc_column_text]<\/p>\n<h3 class=\"style-scope ytd-watch-metadata\">C\u00f3mo configurar mi perfil<\/h3>\n<p>[\/vc_column_text][vc_video link=&#8221;https:\/\/www.youtube.com\/watch?v=wpRUFgjnMyc&#8221;][vc_column_text]Al crear una cuenta en steeluniversity, puedes configurar tu perfil con tus intereses, contactos e im\u00e1genes. Conoce los pasos para presentarte ante la comunidad de steeluniversity.[\/vc_column_text][\/vc_column_inner][\/vc_row_inner][vc_separator][vc_row_inner][vc_column_inner width=&#8221;1\/2&#8243;][vc_column_text]<\/p>\n<h3 class=\"style-scope ytd-watch-metadata\">Como cambiar mi contrase\u00f1a<\/h3>\n<p>[\/vc_column_text][vc_video link=&#8221;https:\/\/www.youtube.com\/watch?v=2H-rFfEywdA&#8221;][vc_column_text]Puedes actualizar tu contrase\u00f1a para mantener tu perfil seguro en steeluniversity. Consulta c\u00f3mo cambiarla[\/vc_column_text][\/vc_column_inner][vc_column_inner width=&#8221;1\/2&#8243;][vc_column_text]<\/p>\n<h3 class=\"style-scope ytd-watch-metadata\">C\u00f3mo aplicar un c\u00f3digo de cup\u00f3n<\/h3>\n<p>[\/vc_column_text][vc_video link=&#8221;https:\/\/www.youtube.com\/watch?v=m6ap_ypGeQU&#8221;][vc_column_text]Los c\u00f3digos de cup\u00f3n se pueden usar en steeluniversity durante el proceso de pago. Revisa los pasos para aplicarlos.[\/vc_column_text][\/vc_column_inner][\/vc_row_inner][vc_separator][vc_row_inner][vc_column_inner width=&#8221;1\/2&#8243;][vc_column_text]<\/p>\n<h3 class=\"style-scope ytd-watch-metadata\">C\u00f3mo registrarse en steelTalks<\/h3>\n<p>[\/vc_column_text][vc_video link=&#8221;https:\/\/www.youtube.com\/watch?v=-xXlTlfT858&#8243;][vc_column_text]steelTalks es una serie regular de conferencias de expertos para la industria del acero. Consulta c\u00f3mo registrarte desde el sitio web de steeluniversity.[\/vc_column_text][\/vc_column_inner][vc_column_inner width=&#8221;1\/2&#8243;][vc_column_text]<\/p>\n<h3 class=\"style-scope ytd-watch-metadata\">C\u00f3mo cambiar el idioma del curso<\/h3>\n<p>[\/vc_column_text][vc_video link=&#8221;https:\/\/www.youtube.com\/watch?v=KZm8yquXsGI&#8221;][vc_column_text]La mayor\u00eda de los cursos de steeluniversity est\u00e1n disponibles en diferentes idiomas. Consulta los pasos para cambiarlo.[\/vc_column_text][\/vc_column_inner][\/vc_row_inner][vc_separator][vc_row_inner][vc_column_inner width=&#8221;1\/2&#8243;][vc_column_text]<\/p>\n<h3 class=\"style-scope ytd-watch-metadata\">C\u00f3mo inscribirse en un nuevo curso<\/h3>\n<p>[\/vc_column_text][vc_video link=&#8221;https:\/\/www.youtube.com\/watch?v=QaZPVOIo3R0&#8243;][vc_column_text]\u00danete a un nuevo curso en steeluniversity usando tu perfil. Consulta los pasos para hacerlo.[\/vc_column_text][\/vc_column_inner][vc_column_inner width=&#8221;1\/2&#8243;][vc_column_text]<\/p>\n<h3 class=\"style-scope ytd-watch-metadata\">C\u00f3mo continuar un curso iniciado<\/h3>\n<p>[\/vc_column_text][vc_video link=&#8221;https:\/\/www.youtube.com\/watch?v=5gaSCe3pxSw&#8221;][vc_column_text]Puedes reanudar un curso iniciado en steeluniversity y tomar las lecciones restantes. Consulta los pasos para hacerlo.[\/vc_column_text][\/vc_column_inner][\/vc_row_inner][vc_separator][vc_row_inner][vc_column_inner width=&#8221;1\/2&#8243;][vc_column_text]<\/p>\n<h3 class=\"style-scope ytd-watch-metadata\">C\u00f3mo tomar un examen<\/h3>\n<p>[\/vc_column_text][vc_video link=&#8221;https:\/\/www.youtube.com\/watch?v=w_8z-G1iVfg&#8221;][vc_column_text]Muchos cursos en steeluniversity incluyen un examen para obtener un certificado. Consulta c\u00f3mo realizar el examen online.[\/vc_column_text][\/vc_column_inner][vc_column_inner width=&#8221;1\/2&#8243;][vc_column_text]<\/p>\n<h3 class=\"style-scope ytd-watch-metadata\">Como obtener mi certificado<\/h3>\n<p>[\/vc_column_text][vc_video link=&#8221;https:\/\/www.youtube.com\/watch?v=0mTkHVOKaCY&#8221;][vc_column_text]Muchos cursos en steeluniversity incluyen un certificado. Comprueba c\u00f3mo descargarlo y compartirlo para mostrar tus nuevas habilidades.[\/vc_column_text][\/vc_column_inner][\/vc_row_inner][\/vc_column][\/vc_row][vc_row disable_element=&#8221;yes&#8221;][vc_column][vc_column_text]<\/p>\n<h1>How To&#8230;<\/h1>\n<p>[\/vc_column_text][vc_row_inner][vc_column_inner width=&#8221;1\/3&#8243;][vc_column_text]<\/p>\n<h3 class=\"style-scope ytd-watch-metadata\">C\u00f3mo iniciar sesi\u00f3n<\/h3>\n<p>[\/vc_column_text][vc_video link=&#8221;https:\/\/www.youtube.com\/watch?v=ZjEvnxzpZ8k&#8221;][vc_column_text]Puedes acceder al sitio web de steeluniversity con tu correo electr\u00f3nico y contrase\u00f1a. Consulta c\u00f3mo iniciar sesi\u00f3n.[\/vc_column_text][\/vc_column_inner][vc_column_inner width=&#8221;1\/3&#8243;][vc_column_text]<\/p>\n<h3 class=\"style-scope ytd-watch-metadata\">Como recuperar mi contrase\u00f1a<\/h3>\n<p>[\/vc_column_text][vc_video link=&#8221;https:\/\/www.youtube.com\/watch?v=E6WiNU78dqI&#8221;][vc_column_text]Puedes solicitar una nueva contrase\u00f1a para el sitio web de steeluniversity si la olvidas. Consulta c\u00f3mo hacerlo y recupera tu acceso.[\/vc_column_text][\/vc_column_inner][vc_column_inner width=&#8221;1\/3&#8243;][vc_column_text]<\/p>\n<h3 class=\"style-scope ytd-watch-metadata\">C\u00f3mo configurar la privacidad<\/h3>\n<p>[\/vc_column_text][vc_video link=&#8221;https:\/\/www.youtube.com\/watch?v=iQ52D7moxUQ&#8221;][vc_column_text]Controla qu\u00e9 informaci\u00f3n deseas compartir con la comunidad de steeluniversity. Consulta c\u00f3mo configurar tu configuraci\u00f3n de privacidad.[\/vc_column_text][\/vc_column_inner][\/vc_row_inner][vc_separator][vc_row_inner][vc_column_inner width=&#8221;1\/3&#8243;][vc_column_text]<\/p>\n<h3 class=\"style-scope ytd-watch-metadata\">C\u00f3mo configurar mi perfil<\/h3>\n<p>[\/vc_column_text][vc_video link=&#8221;https:\/\/www.youtube.com\/watch?v=wpRUFgjnMyc&#8221;][vc_column_text]Al crear una cuenta en steeluniversity, puedes configurar tu perfil con tus intereses, contactos e im\u00e1genes. Conoce los pasos para presentarte ante la comunidad de steeluniversity.[\/vc_column_text][\/vc_column_inner][vc_column_inner width=&#8221;1\/3&#8243;][vc_column_text]<\/p>\n<h3 class=\"style-scope ytd-watch-metadata\">Como cambiar mi contrase\u00f1a<\/h3>\n<p>[\/vc_column_text][vc_video link=&#8221;https:\/\/www.youtube.com\/watch?v=2H-rFfEywdA&#8221;][vc_column_text]Puedes actualizar tu contrase\u00f1a para mantener tu perfil seguro en steeluniversity. Consulta c\u00f3mo cambiarla[\/vc_column_text][\/vc_column_inner][vc_column_inner width=&#8221;1\/3&#8243;][vc_column_text]<\/p>\n<h3 class=\"style-scope ytd-watch-metadata\">C\u00f3mo aplicar un c\u00f3digo de cup\u00f3n<\/h3>\n<p>[\/vc_column_text][vc_video link=&#8221;https:\/\/www.youtube.com\/watch?v=m6ap_ypGeQU&#8221;][vc_column_text]Los c\u00f3digos de cup\u00f3n se pueden usar en steeluniversity durante el proceso de pago. Revisa los pasos para aplicarlos.[\/vc_column_text][\/vc_column_inner][\/vc_row_inner][vc_separator][vc_row_inner][vc_column_inner width=&#8221;1\/3&#8243;][vc_column_text]<\/p>\n<h3 class=\"style-scope ytd-watch-metadata\">C\u00f3mo registrarse en steelTalks<\/h3>\n<p>[\/vc_column_text][vc_video link=&#8221;https:\/\/www.youtube.com\/watch?v=-xXlTlfT858&#8243;][vc_column_text]steelTalks es una serie regular de conferencias de expertos para la industria del acero. Consulta c\u00f3mo registrarte desde el sitio web de steeluniversity.[\/vc_column_text][\/vc_column_inner][vc_column_inner width=&#8221;1\/3&#8243;][vc_column_text]<\/p>\n<h3 class=\"style-scope ytd-watch-metadata\">C\u00f3mo cambiar el idioma del curso<\/h3>\n<p>[\/vc_column_text][vc_video link=&#8221;https:\/\/www.youtube.com\/watch?v=KZm8yquXsGI&#8221;][vc_column_text]La mayor\u00eda de los cursos de steeluniversity est\u00e1n disponibles en diferentes idiomas. Consulta los pasos para cambiarlo.[\/vc_column_text][\/vc_column_inner][vc_column_inner width=&#8221;1\/3&#8243;][vc_column_text]<\/p>\n<h3 class=\"style-scope ytd-watch-metadata\">C\u00f3mo inscribirse en un nuevo curso<\/h3>\n<p>[\/vc_column_text][vc_video link=&#8221;https:\/\/www.youtube.com\/watch?v=QaZPVOIo3R0&#8243;][vc_column_text]\u00danete a un nuevo curso en steeluniversity usando tu perfil. Consulta los pasos para hacerlo.[\/vc_column_text][\/vc_column_inner][\/vc_row_inner][vc_separator][vc_row_inner][vc_column_inner width=&#8221;1\/3&#8243;][vc_column_text]<\/p>\n<h3 class=\"style-scope ytd-watch-metadata\">C\u00f3mo continuar un curso iniciado<\/h3>\n<p>[\/vc_column_text][vc_video link=&#8221;https:\/\/www.youtube.com\/watch?v=5gaSCe3pxSw&#8221;][vc_column_text]Puedes reanudar un curso iniciado en steeluniversity y tomar las lecciones restantes. Consulta los pasos para hacerlo.[\/vc_column_text][\/vc_column_inner][vc_column_inner width=&#8221;1\/3&#8243;][vc_column_text]<\/p>\n<h3 class=\"style-scope ytd-watch-metadata\">C\u00f3mo tomar un examen<\/h3>\n<p>[\/vc_column_text][vc_video link=&#8221;https:\/\/www.youtube.com\/watch?v=w_8z-G1iVfg&#8221;][vc_column_text]Muchos cursos en steeluniversity incluyen un examen para obtener un certificado. Consulta c\u00f3mo realizar el examen online.[\/vc_column_text][\/vc_column_inner][vc_column_inner width=&#8221;1\/3&#8243;][vc_column_text]<\/p>\n<h3 class=\"style-scope ytd-watch-metadata\">Como obtener mi certificado<\/h3>\n<p>[\/vc_column_text][vc_video link=&#8221;https:\/\/www.youtube.com\/watch?v=0mTkHVOKaCY&#8221;][vc_column_text]Muchos cursos en steeluniversity incluyen un certificado. Comprueba c\u00f3mo descargarlo y compartirlo para mostrar tus nuevas habilidades.[\/vc_column_text][\/vc_column_inner][\/vc_row_inner][\/vc_column][\/vc_row][\/vc_section]<\/p>\n<\/div>","protected":false},"excerpt":{"rendered":"<p>[vc_section][vc_row][vc_column][vc_column_text] C\u00f3mo hacer [\/vc_column_text][vc_column_text]Aqu\u00ed encontrar\u00e1s una serie de videos para ayudarte con varias actividades en nuestra plataforma. Si no encuentras lo que necesitas, consulta nuestra&hellip;<\/p>\n","protected":false},"author":35578,"featured_media":0,"parent":8217,"menu_order":0,"comment_status":"closed","ping_status":"closed","template":"","meta":{"footnotes":""},"class_list":["post-75989","page","type-page","status-publish","hentry"],"aioseo_notices":[],"_links":{"self":[{"href":"https:\/\/steeluniversity.org\/es\/wp-json\/wp\/v2\/pages\/75989","targetHints":{"allow":["GET"]}}],"collection":[{"href":"https:\/\/steeluniversity.org\/es\/wp-json\/wp\/v2\/pages"}],"about":[{"href":"https:\/\/steeluniversity.org\/es\/wp-json\/wp\/v2\/types\/page"}],"author":[{"embeddable":true,"href":"https:\/\/steeluniversity.org\/es\/wp-json\/wp\/v2\/users\/35578"}],"replies":[{"embeddable":true,"href":"https:\/\/steeluniversity.org\/es\/wp-json\/wp\/v2\/comments?post=75989"}],"version-history":[{"count":0,"href":"https:\/\/steeluniversity.org\/es\/wp-json\/wp\/v2\/pages\/75989\/revisions"}],"up":[{"embeddable":true,"href":"https:\/\/steeluniversity.org\/es\/wp-json\/wp\/v2\/pages\/8217"}],"wp:attachment":[{"href":"https:\/\/steeluniversity.org\/es\/wp-json\/wp\/v2\/media?parent=75989"}],"curies":[{"name":"wp","href":"https:\/\/api.w.org\/{rel}","templated":true}]}}