{"id":76352,"date":"2023-04-05T15:26:01","date_gmt":"2023-04-05T15:26:01","guid":{"rendered":"https:\/\/steeluniversity.org\/steelchallenge-17-es\/asesores-docentes-de-steelchallenge-17\/"},"modified":"2023-04-17T14:57:07","modified_gmt":"2023-04-17T14:57:07","slug":"asesores-docentes-de-steelchallenge-17","status":"publish","type":"page","link":"https:\/\/steeluniversity.org\/es\/steelchallenge-18-es\/asesores-docentes-de-steelchallenge-17\/","title":{"rendered":"Asesores Docentes de steelChallenge-17"},"content":{"rendered":"<div class=\"wpb-content-wrapper\"><p>[vc_row][vc_column][vc_column_text]<!-- wpml:html_fragment --><\/p>\n<h1>Asesores Docentes de los Campeones Regionales de steelChallenge-17<\/h1>\n<p>[\/vc_column_text][\/vc_column][\/vc_row][vc_row equal_height=&#8221;yes&#8221; content_placement=&#8221;middle&#8221;][vc_column width=&#8221;2\/3&#8243;][vc_empty_space][vc_column_text]<strong>Matja\u017e KNAP<\/strong><!-- wpml:html_fragment --><\/p>\n<p><strong>Profesor en el Departmento de Materiales y Metalurgia, Universidad de Ljubljana<br \/>\n<\/strong><strong>Profesor asesor del Campe\u00f3n Regional \u2013 Europa y \u00c1frica<\/strong><\/p>\n<p>&#8220;Durante steelChallenge, aumenta el enfoque en la resoluci\u00f3n de problemas, los estudiantes comienzan a trabajar como un grupo y los individuos toman la iniciativa y motivan a otros a trabajar a\u00fan m\u00e1s exitosamente&#8221;.[\/vc_column_text][vc_empty_space][\/vc_column][vc_column width=&#8221;1\/3&#8243;][vc_single_image image=&#8221;76292&#8243; img_size=&#8221;full&#8221; alignment=&#8221;center&#8221;][\/vc_column][vc_column][vc_separator][\/vc_column][\/vc_row][vc_row equal_height=&#8221;yes&#8221; content_placement=&#8221;middle&#8221;][vc_column width=&#8221;2\/3&#8243;][vc_empty_space][vc_column_text]<strong>Qianying ZHANG<\/strong><!-- wpml:html_fragment --><\/p>\n<p><strong>Profesor Asociado en la Universidad de Chongqing de Ciencia y Tecnolog\u00eda<br \/>\n<\/strong><strong>Profesor asesor del Campe\u00f3n Regional \u2013 Asia \u2013 Norte \/ China<\/strong><\/p>\n<p>&#8220;steelChallenge hace que los estudiantes desarrollen un gran inter\u00e9s en la fabricaci\u00f3n de acero y mejora su motivaci\u00f3n para aprender&#8221;.[\/vc_column_text][vc_empty_space][\/vc_column][vc_column width=&#8221;1\/3&#8243;][vc_single_image image=&#8221;76295&#8243; img_size=&#8221;full&#8221; alignment=&#8221;center&#8221;][\/vc_column][vc_column][vc_separator][\/vc_column][\/vc_row][vc_row equal_height=&#8221;yes&#8221; content_placement=&#8221;middle&#8221;][vc_column width=&#8221;2\/3&#8243;][vc_empty_space][vc_column_text]<strong>Sunil Kumar<\/strong><!-- wpml:html_fragment --><\/p>\n<p><strong>Profesor en el Instituto T\u00e9cnico Shavak Nanavati<\/strong><br \/>\n<strong>Profesor asesor del Campe\u00f3n Regional \u2013 Asia Oeste<\/strong>[\/vc_column_text][vc_empty_space][\/vc_column][vc_column width=&#8221;1\/3&#8243;][vc_single_image image=&#8221;68245&#8243; img_size=&#8221;full&#8221; alignment=&#8221;center&#8221;][\/vc_column][vc_column][vc_separator][\/vc_column][\/vc_row][vc_row equal_height=&#8221;yes&#8221; content_placement=&#8221;middle&#8221;][vc_column width=&#8221;2\/3&#8243;][vc_empty_space][vc_column_text]<strong>Chi-Ming Lin<\/strong><\/p>\n<p><strong>Universidad Nacional Chung Hsing<\/strong><br \/>\n<strong>Profesor asesor del Campe\u00f3n Regional \u2013 Asia \u2013 Este y Ocean\u00eda<\/strong><\/p>\n<p>[\/vc_column_text][vc_empty_space][\/vc_column][vc_column width=&#8221;1\/3&#8243;][vc_single_image image=&#8221;76288&#8243; img_size=&#8221;full&#8221; alignment=&#8221;center&#8221;][\/vc_column][vc_column][vc_separator][\/vc_column][\/vc_row][vc_row equal_height=&#8221;yes&#8221; content_placement=&#8221;middle&#8221; disable_element=&#8221;yes&#8221;][vc_column width=&#8221;2\/3&#8243;][vc_empty_space][vc_column_text]<strong>Shengqin ZHANG<\/strong><!-- wpml:html_fragment --><\/p>\n<p><strong>Profesor en la Universidad de Chongqing de Ciencia y Tecnolog\u00eda<br \/>\n<\/strong><strong>Profesor asesor del Campe\u00f3n Regional \u2013 Asia \u2013 Norte \/ China<\/strong><\/p>\n<p>\u201csteelchallenge tiene un impacto positivo en nuestros estudiantes participantes. Los hace retarse a s\u00ed mismos en muchos niveles. Recomiendo participar activamente en futuras competencias&#8221;[\/vc_column_text][vc_empty_space][\/vc_column][vc_column width=&#8221;1\/3&#8243;][vc_single_image image=&#8221;76298&#8243; img_size=&#8221;full&#8221; alignment=&#8221;center&#8221;][\/vc_column][vc_row][\/vc_row][\/vc_row][vc_column][vc_column_text]<!-- wpml:html_fragment --><\/p>\n<p style=\"text-align: center;\">steelChallenge-17 es generosamente patrocinado por las siguientes compa\u00f1\u00edas:<\/p>\n<p>[\/vc_column_text][vc_empty_space][vc_row_inner][vc_column_inner width=&#8221;1\/4&#8243;][\/vc_column_inner][vc_column_inner width=&#8221;1\/4&#8243;][vc_single_image image=&#8221;70789&#8243; img_size=&#8221;170&#215;128&#8243; alignment=&#8221;center&#8221;][\/vc_column_inner][vc_column_inner width=&#8221;1\/4&#8243;][vc_single_image image=&#8221;57180&#8243; img_size=&#8221;150&#215;113&#8243; alignment=&#8221;center&#8221;][\/vc_column_inner][vc_column_inner width=&#8221;1\/4&#8243;][\/vc_column_inner][\/vc_row_inner][vc_row_inner][vc_column_inner width=&#8221;1\/4&#8243;][vc_single_image image=&#8221;56826&#8243; img_size=&#8221;full&#8221; alignment=&#8221;center&#8221;][\/vc_column_inner][vc_column_inner width=&#8221;1\/4&#8243;][vc_single_image image=&#8221;57263&#8243; img_size=&#8221;full&#8221; alignment=&#8221;center&#8221;][\/vc_column_inner][vc_column_inner width=&#8221;1\/4&#8243;][vc_single_image image=&#8221;70136&#8243; img_size=&#8221;full&#8221; alignment=&#8221;center&#8221;][\/vc_column_inner][vc_column_inner width=&#8221;1\/4&#8243;][vc_single_image image=&#8221;57184&#8243; img_size=&#8221;full&#8221; alignment=&#8221;center&#8221;][\/vc_column_inner][\/vc_row_inner][vc_row_inner][vc_column_inner width=&#8221;1\/4&#8243;][vc_single_image image=&#8221;57068&#8243; img_size=&#8221;full&#8221; alignment=&#8221;center&#8221;][\/vc_column_inner][vc_column_inner width=&#8221;1\/4&#8243;][vc_single_image image=&#8221;15690&#8243; img_size=&#8221;full&#8221; alignment=&#8221;center&#8221;][\/vc_column_inner][vc_column_inner width=&#8221;1\/4&#8243;][vc_single_image image=&#8221;15686&#8243; img_size=&#8221;full&#8221; alignment=&#8221;center&#8221;][\/vc_column_inner][vc_column_inner width=&#8221;1\/4&#8243;][vc_single_image image=&#8221;56846&#8243; img_size=&#8221;full&#8221; alignment=&#8221;center&#8221;][\/vc_column_inner][\/vc_row_inner][vc_row_inner][vc_column_inner width=&#8221;1\/4&#8243;][\/vc_column_inner][vc_column_inner width=&#8221;1\/4&#8243;][vc_single_image image=&#8221;72633&#8243; img_size=&#8221;full&#8221; alignment=&#8221;center&#8221;][\/vc_column_inner][vc_column_inner width=&#8221;1\/4&#8243;][vc_single_image image=&#8221;70373&#8243; img_size=&#8221;full&#8221; alignment=&#8221;center&#8221;][\/vc_column_inner][vc_column_inner width=&#8221;1\/4&#8243;][\/vc_column_inner][\/vc_row_inner][\/vc_column]<\/p>\n<\/div>","protected":false},"excerpt":{"rendered":"<p>[vc_row][vc_column][vc_column_text] Asesores Docentes de los Campeones Regionales de steelChallenge-17 [\/vc_column_text][\/vc_column][\/vc_row][vc_row equal_height=&#8221;yes&#8221; content_placement=&#8221;middle&#8221;][vc_column width=&#8221;2\/3&#8243;][vc_empty_space][vc_column_text]Matja\u017e KNAP Profesor en el Departmento de Materiales y Metalurgia, Universidad de Ljubljana&hellip;<\/p>\n","protected":false},"author":85374,"featured_media":0,"parent":70156,"menu_order":0,"comment_status":"closed","ping_status":"closed","template":"","meta":{"footnotes":""},"class_list":["post-76352","page","type-page","status-publish","hentry"],"aioseo_notices":[],"_links":{"self":[{"href":"https:\/\/steeluniversity.org\/es\/wp-json\/wp\/v2\/pages\/76352","targetHints":{"allow":["GET"]}}],"collection":[{"href":"https:\/\/steeluniversity.org\/es\/wp-json\/wp\/v2\/pages"}],"about":[{"href":"https:\/\/steeluniversity.org\/es\/wp-json\/wp\/v2\/types\/page"}],"author":[{"embeddable":true,"href":"https:\/\/steeluniversity.org\/es\/wp-json\/wp\/v2\/users\/85374"}],"replies":[{"embeddable":true,"href":"https:\/\/steeluniversity.org\/es\/wp-json\/wp\/v2\/comments?post=76352"}],"version-history":[{"count":0,"href":"https:\/\/steeluniversity.org\/es\/wp-json\/wp\/v2\/pages\/76352\/revisions"}],"up":[{"embeddable":true,"href":"https:\/\/steeluniversity.org\/es\/wp-json\/wp\/v2\/pages\/70156"}],"wp:attachment":[{"href":"https:\/\/steeluniversity.org\/es\/wp-json\/wp\/v2\/media?parent=76352"}],"curies":[{"name":"wp","href":"https:\/\/api.w.org\/{rel}","templated":true}]}}