{"id":76353,"date":"2023-04-05T15:26:08","date_gmt":"2023-04-05T15:26:08","guid":{"rendered":"https:\/\/steeluniversity.org\/steelchallenge-17-es\/finalistas-del-campeonato-mundial-steelchallenge-17\/"},"modified":"2023-04-06T11:37:24","modified_gmt":"2023-04-06T11:37:24","slug":"finalistas-del-campeonato-mundial-steelchallenge-17","status":"publish","type":"page","link":"https:\/\/steeluniversity.org\/es\/steelchallenge-18-es\/finalistas-del-campeonato-mundial-steelchallenge-17\/","title":{"rendered":"Finalistas del Campeonato Mundial steelChallenge-17"},"content":{"rendered":"<div class=\"wpb-content-wrapper\"><p>[vc_row][vc_column][vc_column_text]<\/p>\n<h1>Finalistas del Campeonato Mundial steelChallenge-17<\/h1>\n<h2>Categor\u00eda Estudiantes<\/h2>\n<p>[\/vc_column_text][\/vc_column][\/vc_row][vc_row equal_height=&#8221;yes&#8221; content_placement=&#8221;middle&#8221;][vc_column width=&#8221;4\/6&#8243;][vc_empty_space][vc_column_text]<strong>Ga\u0161per KREK<\/strong><\/p>\n<p><strong>Universidad de Liubliana<br \/>\nCampe\u00f3n Regional, Europa y \u00c1frica \/ Eslovenia<br \/>\n<\/strong><\/p>\n<p>&#8220;A primera vista, en mi primer a\u00f1o, steelChallenge me llam\u00f3 la atenci\u00f3n como algo completamente nuevo con respecto a mis a\u00f1os anteriores de educaci\u00f3n. Una competencia mucho m\u00e1s din\u00e1mica y dr\u00e1sticamente diferente a cualquier otra, me hizo interesarme en los procesos de fabricaci\u00f3n de acero, desde el cl\u00e1sico convertidor LD hasta la colada continua y el \u00faltimo conformado de metales en todas las formas. En mi \u00faltimo a\u00f1o de estudios universitarios, tom\u00e9 clases m\u00e1s relacionadas con la fabricaci\u00f3n de acero, ya que quer\u00eda adquirir la mayor cantidad de competencias posibles para trabajar en la industria sider\u00fargica&#8221;.[\/vc_column_text][vc_empty_space][\/vc_column][vc_column width=&#8221;2\/6&#8243;][vc_single_image image=&#8221;76334&#8243; img_size=&#8221;full&#8221; alignment=&#8221;center&#8221;][\/vc_column][\/vc_row][vc_row][vc_column][vc_separator el_width=&#8221;80&#8243;][\/vc_column][\/vc_row][vc_row equal_height=&#8221;yes&#8221; content_placement=&#8221;middle&#8221;][vc_column width=&#8221;4\/6&#8243;][vc_empty_space][vc_column_text]<strong>Henry SHINJI JOUTI<\/strong><\/p>\n<p><strong>Instituto Tecnol\u00f3gico de Aeron\u00e1utica (ITA)<br \/>\nCampe\u00f3n Regional, Am\u00e9rica \/ Brasil<br \/>\n<\/strong><\/p>\n<p>&#8220;Participar en steelChallenge desarroll\u00f3 mis habilidades para resolver problemas y me proporcion\u00f3 informaci\u00f3n sobre los desaf\u00edos de la fabricaci\u00f3n de acero del mundo real, lo que mejor\u00f3 las aplicaciones pr\u00e1cticas de mis estudios&#8221;.[\/vc_column_text][vc_empty_space][\/vc_column][vc_column width=&#8221;2\/6&#8243;][vc_single_image image=&#8221;76340&#8243; img_size=&#8221;full&#8221; alignment=&#8221;center&#8221;][\/vc_column][\/vc_row][vc_row][vc_column][vc_separator el_width=&#8221;80&#8243;][\/vc_column][\/vc_row][vc_row equal_height=&#8221;yes&#8221; content_placement=&#8221;middle&#8221;][vc_column width=&#8221;4\/6&#8243;][vc_empty_space][vc_column_text]<strong>Ashutosh PANDA<\/strong><\/p>\n<p><strong>Instituto T\u00e9cnico Shavak Nanavati, India<br \/>\nCampe\u00f3n Regional de Asia- Oeste \/ India<br \/>\n<\/strong><\/p>\n<p>&#8220;El steelChallenge podr\u00eda verse como un impacto positivo en mi educaci\u00f3n, ya que ofreci\u00f3 una oportunidad de aprendizaje \u00fanica y atractiva y el desarrollo de habilidades pr\u00e1cticas. Una visi\u00f3n m\u00e1s amplia de temas importantes, un aprendizaje pr\u00e1ctico profundo y la gesti\u00f3n permiten el dominio del concepto e ilustran los beneficios tecnol\u00f3gicos. El steelChallenge ha tenido un impacto significativo en la educaci\u00f3n e investigaci\u00f3n de la ingenier\u00eda del acero. Participar en la competencia me ha brindado la oportunidad de aplicar los conceptos que aprend\u00ed en el aula a un problema del mundo real&#8221;.[\/vc_column_text][vc_empty_space][\/vc_column][vc_column width=&#8221;2\/6&#8243;][vc_single_image image=&#8221;76146&#8243; img_size=&#8221;full&#8221; alignment=&#8221;center&#8221;][\/vc_column][\/vc_row][vc_row][vc_column][vc_separator el_width=&#8221;80&#8243;][\/vc_column][\/vc_row][vc_row equal_height=&#8221;yes&#8221; content_placement=&#8221;middle&#8221;][vc_column width=&#8221;4\/6&#8243;][vc_empty_space][vc_column_text]<strong>Haiqing LIU<\/strong><\/p>\n<p><strong> <span class=\"l-content-editor__text\">Universidad de Ciencia y Tecnolog\u00eda de Chongqing<\/span> <\/strong><br \/>\n<strong><span class=\"l-content-editor__text\">Campe\u00f3n Regional Asia \u2013 Norte \/ China<\/span><\/strong><\/p>\n<p>&#8220;steelChallenge me ayud\u00f3 a ampliar mi visi\u00f3n, me permiti\u00f3 una comprensi\u00f3n m\u00e1s profunda de la fundici\u00f3n de hierro y acero. En el futuro, estudiar un mejor dominio&#8221;.[\/vc_column_text][vc_empty_space][\/vc_column][vc_column width=&#8221;2\/6&#8243;][vc_single_image image=&#8221;76152&#8243; img_size=&#8221;full&#8221; alignment=&#8221;center&#8221;][\/vc_column][\/vc_row][vc_row][vc_column][vc_separator el_width=&#8221;80&#8243;][\/vc_column][\/vc_row][vc_row equal_height=&#8221;yes&#8221; content_placement=&#8221;middle&#8221;][vc_column width=&#8221;4\/6&#8243;][vc_empty_space][vc_column_text]<strong>Yu-Wei GUO<\/strong><\/p>\n<p><strong> <span class=\"l-content-editor__text\">Universidad Nacional Chung Hsing<\/span> <\/strong><br \/>\n<strong><span class=\"l-content-editor__text\">Campe\u00f3n Regional Nacional Asia &#8211; Este y Ocean\u00eda \/ Taiw\u00e1n, China<\/span><\/strong><\/p>\n<p>&#8220;Mi tema de investigaci\u00f3n es la Fundici\u00f3n en Horno de Arco El\u00e9ctrico. Los desaf\u00edos asociados con la fabricaci\u00f3n de acero me han ayudado a comprender c\u00f3mo usar mejor un horno de arco el\u00e9ctrico para producir acero. Este conocimiento me ser\u00e1 \u00fatil en el futuro cuando ingrese a la industria del acero&#8221;.[\/vc_column_text][vc_empty_space][\/vc_column][vc_column width=&#8221;2\/6&#8243;][vc_single_image image=&#8221;76158&#8243; img_size=&#8221;full&#8221; alignment=&#8221;center&#8221;][\/vc_column][\/vc_row][vc_row][vc_column][vc_separator el_width=&#8221;80&#8243;][\/vc_column][\/vc_row][vc_row equal_height=&#8221;yes&#8221; content_placement=&#8221;middle&#8221;][vc_column width=&#8221;4\/6&#8243;][vc_empty_space][vc_column_text]<strong>Jae-Seong CHOI<\/strong><\/p>\n<p><strong> <span class=\"l-content-editor__text\">Donga-University<\/span> <\/strong><br \/>\n<strong><span class=\"l-content-editor__text\">Desempe\u00f1o destacado, Asia \u2013 Este y Ocean\u00eda \/ Corea, Sur<\/span><\/strong><\/p>\n<p>&#8220;Simplemente memorizar lo que aprend\u00ed en mis estudios no dura tanto. Sin embargo, nunca olvidar\u00e9 la experiencia y los procesos utilizados en el campo, como el horno de arco el\u00e9ctrico y la fabricaci\u00f3n secundaria de acero en steelChallenge. Mi experiencia en steelChallenge ser\u00e1 de gran ayuda no solo en un aspecto acad\u00e9mico, sino tambi\u00e9n en industrias relacionadas&#8221;.[\/vc_column_text][vc_empty_space][\/vc_column][vc_column width=&#8221;2\/6&#8243;][vc_single_image image=&#8221;76155&#8243; img_size=&#8221;full&#8221; alignment=&#8221;center&#8221;][\/vc_column][\/vc_row][vc_row][vc_column][vc_empty_space][vc_column_text]<\/p>\n<h2>Categor\u00eda Industria<\/h2>\n<p>[\/vc_column_text][\/vc_column][\/vc_row][vc_row equal_height=&#8221;yes&#8221; content_placement=&#8221;middle&#8221;][vc_column width=&#8221;4\/6&#8243;][vc_empty_space][vc_column_text]<strong>Stefano Augusto DAVI FEITOZA<\/strong><\/p>\n<p><strong>Consultor Independiente<\/strong><br \/>\n<strong><span class=\"l-content-editor__text\">Campe\u00f3n Regional, Am\u00e9rica \/ Brasil<\/span><\/strong><\/p>\n<p>\u201cEl campeonato me dio mayor visibilidad en el mercado y aument\u00f3 mis contactos en el campo. Es una excelente oportunidad para cualquiera que est\u00e9 en el negocio metal\u00fargico ya que suma mucho conocimiento y experiencia con los simuladores de producci\u00f3n de acero\u201d.[\/vc_column_text][vc_empty_space][\/vc_column][vc_column width=&#8221;2\/6&#8243;][vc_single_image image=&#8221;76343&#8243; img_size=&#8221;full&#8221; alignment=&#8221;center&#8221;][\/vc_column][\/vc_row][vc_row][vc_column][vc_separator el_width=&#8221;80&#8243;][\/vc_column][\/vc_row][vc_row equal_height=&#8221;yes&#8221; content_placement=&#8221;middle&#8221;][vc_column width=&#8221;4\/6&#8243;][vc_empty_space][vc_column_text]<strong>Subhadeep BAKSHI<\/strong><\/p>\n<p><strong> <span class=\"l-content-editor__text\">Tata Steel Limited<\/span> <\/strong><br \/>\n<strong><span class=\"l-content-editor__text\">Campe\u00f3n Regional, Asia Occidental \/ India<\/span> <\/strong><\/p>\n<p>&#8220;El impacto de steelChallenge en los estudiantes puede ser significativo de varias maneras. Brinda a los estudiantes la oportunidad de aplicar sus conocimientos te\u00f3ricos a problemas del mundo real, lo que puede ser una experiencia invaluable para sus futuras carreras. Les permite desarrollar sus habilidades de resoluci\u00f3n de problemas y pensamiento cr\u00edtico, que son esenciales para el \u00e9xito en la industria de la ingenier\u00eda. La competencia tambi\u00e9n brinda a los estudiantes exposici\u00f3n a la industria del acero y les permite interactuar con profesionales de la industria. Esta puede ser una experiencia invaluable para los estudiantes, ya que los ayuda a comprender los desaf\u00edos y las oportunidades de la industria, y tambi\u00e9n puede ayudarlos a construir sus redes profesionales&#8221;.[\/vc_column_text][vc_empty_space][\/vc_column][vc_column width=&#8221;2\/6&#8243;][vc_single_image image=&#8221;76346&#8243; img_size=&#8221;full&#8221; alignment=&#8221;center&#8221;][\/vc_column][\/vc_row][vc_row][vc_column][vc_separator el_width=&#8221;80&#8243;][\/vc_column][\/vc_row][vc_row equal_height=&#8221;yes&#8221; content_placement=&#8221;middle&#8221;][vc_column width=&#8221;4\/6&#8243;][vc_empty_space][vc_column_text]<strong>Penglong HAN<\/strong><\/p>\n<p><strong> <span class=\"l-content-editor__text\">HanSteel HBIS Group Co., Ltd<\/span> <\/strong><br \/>\n<strong><span class=\"l-content-editor__text\">Campe\u00f3n Regional, Asia \u2013 Norte \/ China<\/span> <\/strong><\/p>\n<p>&#8220;He aprendido una gran cantidad de nuevos conocimientos y m\u00e9todos en la simulaci\u00f3n de la fabricaci\u00f3n de acero y he ampliado mis habilidades, lo que tiene un importante significado de orientaci\u00f3n en la producci\u00f3n real de acero&#8221;.[\/vc_column_text][vc_empty_space][\/vc_column][vc_column width=&#8221;2\/6&#8243;][vc_single_image image=&#8221;76164&#8243; img_size=&#8221;full&#8221; alignment=&#8221;center&#8221;][\/vc_column][\/vc_row][vc_row][vc_column][vc_separator el_width=&#8221;80&#8243;][\/vc_column][\/vc_row][vc_row equal_height=&#8221;yes&#8221; content_placement=&#8221;middle&#8221;][vc_column width=&#8221;4\/6&#8243;][vc_empty_space][vc_column_text]<strong>Kwanhyeong KIM<\/strong><\/p>\n<p><strong><span class=\"l-content-editor__text\">POSCO<\/span> <\/strong><br \/>\n<strong><span class=\"l-content-editor__text\">Campe\u00f3n Regional, Asia \u2013 Este y Ocean\u00eda \/ Corea, Sur<\/span> <\/strong><\/p>\n<p>&#8220;Al participar en el steelChallenge, es posible mejorar la comprensi\u00f3n de la fabricaci\u00f3n de acero&#8221;.[\/vc_column_text][vc_empty_space][\/vc_column][vc_column width=&#8221;2\/6&#8243;][vc_single_image image=&#8221;76161&#8243; img_size=&#8221;full&#8221; alignment=&#8221;center&#8221;][\/vc_column][\/vc_row][vc_row][vc_column][vc_column_text]<\/p>\n<p style=\"text-align: center;\">steelChallenge-17 es generosamente patrocinado por las siguientes compa\u00f1\u00edas:<\/p>\n<p>[\/vc_column_text][vc_empty_space][vc_row_inner][vc_column_inner width=&#8221;1\/4&#8243;][\/vc_column_inner][vc_column_inner width=&#8221;1\/4&#8243;][vc_single_image image=&#8221;70789&#8243; img_size=&#8221;170&#215;128&#8243; alignment=&#8221;center&#8221;][\/vc_column_inner][vc_column_inner width=&#8221;1\/4&#8243;][vc_single_image image=&#8221;57180&#8243; img_size=&#8221;150&#215;113&#8243; alignment=&#8221;center&#8221;][\/vc_column_inner][vc_column_inner width=&#8221;1\/4&#8243;][\/vc_column_inner][\/vc_row_inner][vc_row_inner][vc_column_inner width=&#8221;1\/4&#8243;][vc_single_image image=&#8221;56826&#8243; img_size=&#8221;full&#8221; alignment=&#8221;center&#8221;][\/vc_column_inner][vc_column_inner width=&#8221;1\/4&#8243;][vc_single_image image=&#8221;57263&#8243; img_size=&#8221;full&#8221; alignment=&#8221;center&#8221;][\/vc_column_inner][vc_column_inner width=&#8221;1\/4&#8243;][vc_single_image image=&#8221;70136&#8243; img_size=&#8221;full&#8221; alignment=&#8221;center&#8221;][\/vc_column_inner][vc_column_inner width=&#8221;1\/4&#8243;][vc_single_image image=&#8221;57184&#8243; img_size=&#8221;full&#8221; alignment=&#8221;center&#8221;][\/vc_column_inner][\/vc_row_inner][vc_row_inner][vc_column_inner width=&#8221;1\/4&#8243;][vc_single_image image=&#8221;57068&#8243; img_size=&#8221;full&#8221; alignment=&#8221;center&#8221;][\/vc_column_inner][vc_column_inner width=&#8221;1\/4&#8243;][vc_single_image image=&#8221;15690&#8243; img_size=&#8221;full&#8221; alignment=&#8221;center&#8221;][\/vc_column_inner][vc_column_inner width=&#8221;1\/4&#8243;][vc_single_image image=&#8221;15686&#8243; img_size=&#8221;full&#8221; alignment=&#8221;center&#8221;][\/vc_column_inner][vc_column_inner width=&#8221;1\/4&#8243;][vc_single_image image=&#8221;56846&#8243; img_size=&#8221;full&#8221; alignment=&#8221;center&#8221;][\/vc_column_inner][\/vc_row_inner][vc_row_inner][vc_column_inner width=&#8221;1\/4&#8243;][\/vc_column_inner][vc_column_inner width=&#8221;1\/4&#8243;][vc_single_image image=&#8221;72633&#8243; img_size=&#8221;full&#8221; alignment=&#8221;center&#8221;][\/vc_column_inner][vc_column_inner width=&#8221;1\/4&#8243;][vc_single_image image=&#8221;70373&#8243; img_size=&#8221;full&#8221; alignment=&#8221;center&#8221;][\/vc_column_inner][vc_column_inner width=&#8221;1\/4&#8243;][\/vc_column_inner][\/vc_row_inner][\/vc_column][\/vc_row]<\/p>\n<\/div>","protected":false},"excerpt":{"rendered":"<p>[vc_row][vc_column][vc_column_text] Finalistas del Campeonato Mundial steelChallenge-17 Categor\u00eda Estudiantes [\/vc_column_text][\/vc_column][\/vc_row][vc_row equal_height=&#8221;yes&#8221; content_placement=&#8221;middle&#8221;][vc_column width=&#8221;4\/6&#8243;][vc_empty_space][vc_column_text]Ga\u0161per KREK Universidad de Liubliana Campe\u00f3n Regional, Europa y \u00c1frica \/ Eslovenia &#8220;A primera&hellip;<\/p>\n","protected":false},"author":85374,"featured_media":0,"parent":70156,"menu_order":0,"comment_status":"closed","ping_status":"closed","template":"","meta":{"footnotes":""},"class_list":["post-76353","page","type-page","status-publish","hentry"],"aioseo_notices":[],"_links":{"self":[{"href":"https:\/\/steeluniversity.org\/es\/wp-json\/wp\/v2\/pages\/76353","targetHints":{"allow":["GET"]}}],"collection":[{"href":"https:\/\/steeluniversity.org\/es\/wp-json\/wp\/v2\/pages"}],"about":[{"href":"https:\/\/steeluniversity.org\/es\/wp-json\/wp\/v2\/types\/page"}],"author":[{"embeddable":true,"href":"https:\/\/steeluniversity.org\/es\/wp-json\/wp\/v2\/users\/85374"}],"replies":[{"embeddable":true,"href":"https:\/\/steeluniversity.org\/es\/wp-json\/wp\/v2\/comments?post=76353"}],"version-history":[{"count":0,"href":"https:\/\/steeluniversity.org\/es\/wp-json\/wp\/v2\/pages\/76353\/revisions"}],"up":[{"embeddable":true,"href":"https:\/\/steeluniversity.org\/es\/wp-json\/wp\/v2\/pages\/70156"}],"wp:attachment":[{"href":"https:\/\/steeluniversity.org\/es\/wp-json\/wp\/v2\/media?parent=76353"}],"curies":[{"name":"wp","href":"https:\/\/api.w.org\/{rel}","templated":true}]}}