{"id":76419,"date":"2023-04-18T14:22:37","date_gmt":"2023-04-18T14:22:37","guid":{"rendered":"https:\/\/steeluniversity.org\/steelchallenge-17-es\/campeones-mundiales-steelchallenge-17\/"},"modified":"2023-04-18T14:35:22","modified_gmt":"2023-04-18T14:35:22","slug":"campeones-mundiales","status":"publish","type":"page","link":"https:\/\/steeluniversity.org\/es\/steelchallenge-18-es\/campeones-mundiales\/","title":{"rendered":"Campeones Mundiales steelChallenge-17"},"content":{"rendered":"<div class=\"wpb-content-wrapper\"><p>[vc_row][vc_column][vc_column_text]<\/p>\n<h1>Campeones Mundiales steelChallenge-17<\/h1>\n<p>La Asociaci\u00f3n Mundial del Acero (worldsteel) anunci\u00f3 hoy a los nuevos Campeones Mundiales del 17\u00b0 steelChallenge. Penglong HAN de HBIS HANSTEEL en China gan\u00f3 en la categor\u00eda industria y Jae-Seong CHOIC de la Universidad Dong-A en Corea del Sur gan\u00f3 en la categor\u00eda estudiantes.[\/vc_column_text][vc_single_image image=&#8221;76413&#8243; img_size=&#8221;large&#8221; alignment=&#8221;center&#8221;][vc_column_text][\/vc_column_text][vc_column_text]El Campeonato Mundial del 17\u00b0 steelChallenge tuvo lugar el 18 de abril en Viena, Austria. Despu\u00e9s de algunos a\u00f1os de pautas de distanciamiento social de las autoridades sanitarias de todo el mundo que impidieron que worldsteel organizara el Campeonato Mundial en persona, era hora de volver a la tradici\u00f3n y terminar esta experiencia de aprendizaje con una sesi\u00f3n presencial.<\/p>\n<p>Los mejores participantes del Campeonato Regional de las categor\u00edas industria y estudiantes compitieron por el t\u00edtulo mundial. La tarea consist\u00eda en producir un grado de acero de ingenier\u00eda espec\u00edfico al costo m\u00e1s bajo utilizando los cursos de horno de arco el\u00e9ctrico y metalurgia secundaria de steeluniversity en una simulaci\u00f3n combinada. Para reflejar el compromiso de la industria del acero de reducir la huella de sus operaciones, hubo requisitos de huella de carbono para el grado de acero.<\/p>\n<p>Jorge Muract, director de steeluniversity para worldsteel, dijo: \u201csteelChallenge-17 es un evento emocionante que desaf\u00eda a los estudiantes y aprendices de la industria a poner a prueba sus habilidades y conocimientos sobre la fabricaci\u00f3n de acero. Esta experiencia de aprendizaje es una excelente oportunidad para que las personas muestren su talento y creatividad y establezcan contactos con l\u00edderes de la industria de todo el mundo. Esperamos ver a la pr\u00f3xima generaci\u00f3n de l\u00edderes de la industria del acero triunfar en la innovaci\u00f3n y la sostenibilidad de esta industria\u201d.<\/p>\n<p>El Campe\u00f3n Mundial de 2023 en la categor\u00eda de estudiantes, Jae-Seong CHOI, dijo: \u201cMe siento muy honrado de ser nombrado ganador del Campeonato Mundia steelChallenge en la categor\u00eda de estudiantes. Participar en esta competencia ha sido una experiencia de aprendizaje incre\u00edble y estoy agradecido por la oportunidad de probar mis conocimientos y habilidades con otros estudiantes talentosos de todo el mundo. Espero poder aplicar lo que he aprendido a mi futura carrera en la industria del acero y estoy emocionado de ser parte de este campo din\u00e1mico e innovador\u201d.<\/p>\n<p>Penglong HAN, el Campe\u00f3n Mundial en la categor\u00eda de la industria para 2023, dijo: \u201c\u00a1Estoy muy orgulloso y feliz de haber ganado el Campeonato Mundial! Participar en esta competencia ha sido una valiosa experiencia de aprendizaje, que nos ha desafiado a pensar de manera creativa y explorar nuevos enfoques para la fabricaci\u00f3n de acero. Creemos que el aprendizaje continuo y la innovaci\u00f3n son clave para impulsar el progreso en la industria y esperamos aplicar lo que hemos aprendido a nuestro trabajo en el futuro&#8221;.<\/p>\n<p>Los campeones regionales reciben estos premios:<\/p>\n<ul>\n<li>Certificados por completar los cursos de horno de arco el\u00e9ctrico y metalurgia secundaria.<\/li>\n<li>Certificado por ser Campe\u00f3n Regional<\/li>\n<li>500 euros<\/li>\n<li>Vi\u00e1ticos para participar en el Campeonato del Mundo en Viena, Austria<\/li>\n<li>iPad para ejecutar el simulador integrado de fabricaci\u00f3n de acero<\/li>\n<li>Reconocimiento por worldsteel y steeluniversity<\/li>\n<li>Los asesores acad\u00e9micos de los campeones estudiantiles tambi\u00e9n recibieron una asignaci\u00f3n de viaje para observar el Campeonato Mundial en Viena, Austria, y un certificado de reconocimiento de la universidad de acero.<\/li>\n<\/ul>\n<p>Adem\u00e1s, los Campeones Mundiales reciben los siguientes premios:<\/p>\n<ul>\n<li>500 euros<\/li>\n<li>Certificado de Campe\u00f3n Mundial<\/li>\n<li>Trofeo de steelChallenge-17<\/li>\n<\/ul>\n<p>Todos los participantes registrados recibieron acceso a los cursos de horno de arco el\u00e9ctrico y metalurgia secundaria, incluyendo e-learning, modelos interactivos 3D y simuladores. Los participantes registrados que completaron los cursos recibieron certificados de finalizaci\u00f3n. Adem\u00e1s, los participantes que completaron con \u00e9xito una simulaci\u00f3n durante steelChallenge-17 recibieron un certificado de competici\u00f3n.[\/vc_column_text][vc_empty_space][vc_column_text]<\/p>\n<h2>Los finalistas del campeonato mundial fueron:<\/h2>\n<h3>Categor\u00eda Industria<\/h3>\n<table width=\"100%\">\n<tbody>\n<tr>\n<td><strong>Participante<\/strong><\/td>\n<td><strong>Affiliaci\u00f3n<\/strong><\/td>\n<td><strong>Regi\u00f3n\/Pa\u00eds<\/strong><\/td>\n<\/tr>\n<tr>\n<td>Stefano Augusto DAVI FEITOZA<\/td>\n<td>Sunrise Engenharia<\/td>\n<td>Am\u00e9rica \/ Brasil<\/td>\n<\/tr>\n<tr>\n<td>Subhadeep BAKSHI<\/td>\n<td>Tata Steel<\/td>\n<td>Asia \u2013 Oeste \/ India<\/td>\n<\/tr>\n<tr>\n<td>Penglong HAN<\/td>\n<td>HBIS HANSTEEL<\/td>\n<td>Asia \u2013 Norte \/ China<\/td>\n<\/tr>\n<tr>\n<td>Kwanhyeong KIM<\/td>\n<td>POSCO Holdings<\/td>\n<td>Asia \u2013 Este y Ocean\u00eda \/ Corea del Sur<\/td>\n<\/tr>\n<\/tbody>\n<\/table>\n<h3>Category Estudiante<\/h3>\n<table width=\"100%\">\n<tbody>\n<tr>\n<td width=\"25%\">Participante<\/td>\n<td width=\"40%\">Affiliaci\u00f3n<\/td>\n<td width=\"33%\">Regi\u00f3n\/Pa\u00eds<\/td>\n<\/tr>\n<tr>\n<td width=\"25%\">Ga\u0161per \u00a0KREK<\/td>\n<td width=\"40%\">Universidad de Ljubljana<\/td>\n<td width=\"33%\">Europa y \u00c1frica \/ Eslovenia<\/td>\n<\/tr>\n<tr>\n<td width=\"25%\">Henry SHINJI JOUTI<\/td>\n<td width=\"40%\">Instituto Tecnol\u00f3gico de Aeron\u00e1utica (ITA)<\/td>\n<td width=\"33%\">Am\u00e9rica \/ Brasil<\/td>\n<\/tr>\n<tr>\n<td width=\"25%\">Ashutosh PANDA<\/td>\n<td width=\"40%\">Instituto T\u00e9cnico Shavak Nanavati<\/td>\n<td width=\"33%\">Asia \u2013 Oeste \/ India<\/td>\n<\/tr>\n<tr>\n<td width=\"25%\">Haiqing LIU<\/td>\n<td width=\"40%\">Universidad de Ciencia y Tecnolog\u00eda de Chongqing<\/td>\n<td width=\"33%\">Asia \u2013 Norte \/ China<\/td>\n<\/tr>\n<tr>\n<td width=\"25%\">Yu-Wei GUO<\/td>\n<td width=\"40%\">Universidad Nacional Chung Hsing<\/td>\n<td width=\"33%\">Asia \u2013 Este y Ocean\u00eda \/ Taiw\u00e1n, China<\/td>\n<\/tr>\n<tr>\n<td width=\"25%\">Jae-Seong CHOI<\/td>\n<td width=\"40%\">University Dong-A<\/td>\n<td width=\"33%\">Asia \u2013 Este y Ocean\u00eda \/ Corea del Sur<\/td>\n<\/tr>\n<\/tbody>\n<\/table>\n<p>[\/vc_column_text][vc_empty_space][\/vc_column][\/vc_row][vc_row][vc_column][vc_column_text]<\/p>\n<p style=\"text-align: center;\">steelChallenge-17 es generosamente patrocinado por las siguientes empresas:<\/p>\n<p>[\/vc_column_text][vc_empty_space][vc_row_inner][vc_column_inner width=&#8221;1\/4&#8243;][\/vc_column_inner][vc_column_inner width=&#8221;1\/4&#8243;][vc_single_image image=&#8221;70789&#8243; img_size=&#8221;170&#215;128&#8243; alignment=&#8221;center&#8221;][\/vc_column_inner][vc_column_inner width=&#8221;1\/4&#8243;][vc_single_image image=&#8221;57180&#8243; img_size=&#8221;150&#215;113&#8243; alignment=&#8221;center&#8221;][\/vc_column_inner][vc_column_inner width=&#8221;1\/4&#8243;][\/vc_column_inner][\/vc_row_inner][vc_row_inner][vc_column_inner width=&#8221;1\/4&#8243;][vc_single_image image=&#8221;56826&#8243; img_size=&#8221;full&#8221; alignment=&#8221;center&#8221;][\/vc_column_inner][vc_column_inner width=&#8221;1\/4&#8243;][vc_single_image image=&#8221;57263&#8243; img_size=&#8221;full&#8221; alignment=&#8221;center&#8221;][\/vc_column_inner][vc_column_inner width=&#8221;1\/4&#8243;][vc_single_image image=&#8221;70136&#8243; img_size=&#8221;full&#8221; alignment=&#8221;center&#8221;][\/vc_column_inner][vc_column_inner width=&#8221;1\/4&#8243;][vc_single_image image=&#8221;57184&#8243; img_size=&#8221;full&#8221; alignment=&#8221;center&#8221;][\/vc_column_inner][\/vc_row_inner][vc_row_inner][vc_column_inner width=&#8221;1\/4&#8243;][vc_single_image image=&#8221;57068&#8243; img_size=&#8221;full&#8221; alignment=&#8221;center&#8221;][\/vc_column_inner][vc_column_inner width=&#8221;1\/4&#8243;][vc_single_image image=&#8221;15690&#8243; img_size=&#8221;full&#8221; alignment=&#8221;center&#8221;][\/vc_column_inner][vc_column_inner width=&#8221;1\/4&#8243;][vc_single_image image=&#8221;15686&#8243; img_size=&#8221;full&#8221; alignment=&#8221;center&#8221;][\/vc_column_inner][vc_column_inner width=&#8221;1\/4&#8243;][vc_single_image image=&#8221;56846&#8243; img_size=&#8221;full&#8221; alignment=&#8221;center&#8221;][\/vc_column_inner][\/vc_row_inner][vc_row_inner][vc_column_inner width=&#8221;1\/4&#8243;][\/vc_column_inner][vc_column_inner width=&#8221;1\/4&#8243;][vc_single_image image=&#8221;72633&#8243; img_size=&#8221;full&#8221; alignment=&#8221;center&#8221;][\/vc_column_inner][vc_column_inner width=&#8221;1\/4&#8243;][vc_single_image image=&#8221;70373&#8243; img_size=&#8221;full&#8221; alignment=&#8221;center&#8221;][\/vc_column_inner][vc_column_inner width=&#8221;1\/4&#8243;][\/vc_column_inner][\/vc_row_inner][\/vc_column][\/vc_row]<\/p>\n<\/div>","protected":false},"excerpt":{"rendered":"<p>[vc_row][vc_column][vc_column_text] Campeones Mundiales steelChallenge-17 La Asociaci\u00f3n Mundial del Acero (worldsteel) anunci\u00f3 hoy a los nuevos Campeones Mundiales del 17\u00b0 steelChallenge. Penglong HAN de HBIS HANSTEEL&hellip;<\/p>\n","protected":false},"author":2,"featured_media":0,"parent":70156,"menu_order":0,"comment_status":"closed","ping_status":"closed","template":"","meta":{"footnotes":""},"class_list":["post-76419","page","type-page","status-publish","hentry"],"aioseo_notices":[],"_links":{"self":[{"href":"https:\/\/steeluniversity.org\/es\/wp-json\/wp\/v2\/pages\/76419","targetHints":{"allow":["GET"]}}],"collection":[{"href":"https:\/\/steeluniversity.org\/es\/wp-json\/wp\/v2\/pages"}],"about":[{"href":"https:\/\/steeluniversity.org\/es\/wp-json\/wp\/v2\/types\/page"}],"author":[{"embeddable":true,"href":"https:\/\/steeluniversity.org\/es\/wp-json\/wp\/v2\/users\/2"}],"replies":[{"embeddable":true,"href":"https:\/\/steeluniversity.org\/es\/wp-json\/wp\/v2\/comments?post=76419"}],"version-history":[{"count":0,"href":"https:\/\/steeluniversity.org\/es\/wp-json\/wp\/v2\/pages\/76419\/revisions"}],"up":[{"embeddable":true,"href":"https:\/\/steeluniversity.org\/es\/wp-json\/wp\/v2\/pages\/70156"}],"wp:attachment":[{"href":"https:\/\/steeluniversity.org\/es\/wp-json\/wp\/v2\/media?parent=76419"}],"curies":[{"name":"wp","href":"https:\/\/api.w.org\/{rel}","templated":true}]}}