{"id":78233,"date":"2023-08-07T14:13:00","date_gmt":"2023-08-07T14:13:00","guid":{"rendered":"https:\/\/steeluniversity.org\/steelchallenge-18-es\/equipo-de-comunicacion\/"},"modified":"2023-08-07T14:21:08","modified_gmt":"2023-08-07T14:21:08","slug":"kit-comunicacion","status":"publish","type":"page","link":"https:\/\/steeluniversity.org\/es\/steelchallenge-18-es\/kit-comunicacion\/","title":{"rendered":"Kit de Comunicaci\u00f3n"},"content":{"rendered":"<div class=\"wpb-content-wrapper\"><p>[vc_row][vc_column width=&#8221;2\/3&#8243;][vc_column_text]<\/p>\n<h1>Equipo de Comunicaci\u00f3n<\/h1>\n<p>[\/vc_column_text][vc_empty_space][vc_column_text]steeluniversity agradece su apoyo para promover la participaci\u00f3n en steelChallenge-18 entre estudiantes y profesionales de la industria. Contamos con un kit de comunicaci\u00f3n que incluye afiches, logos, im\u00e1genes y un video. Descarga el kit para imprimir un p\u00f3ster y publicarlo en tableros de anuncios, agrega una p\u00e1gina de steelChallenge a tu sitio web o intranet, env\u00eda correos electr\u00f3nicos con el logotipo de la competencia y comparte el video con tus colegas. La decisi\u00f3n es tuya. <\/p>\n<p style=\"text-align: center;\"><a class=\"su-btn-primary\" href=\"https:\/\/steeluniversity-my.sharepoint.com\/:f:\/g\/personal\/muract_steeluniversity_org\/Ejj-l7uPRDlFqxVlNpWxWcoBLY7EM8gyfeFaKFZ8L-e3tQ?e=dnyw6s\" target=\"_blank\" rel=\"noopener\">Descargar todo<\/a><\/p>\n<p>[\/vc_column_text][vc_empty_space][\/vc_column][vc_column width=&#8221;1\/3&#8243;][vc_empty_space height=&#8221;64px&#8221;][vc_single_image image=&#8221;78103&#8243; img_size=&#8221;&#8221; alignment=&#8221;center&#8221;][\/vc_column][\/vc_row][vc_section][vc_row][vc_column][vc_separator][vc_empty_space][vc_column_text]<\/p>\n<h3>Materiales de steelChallenge-18<\/h3>\n<p>[\/vc_column_text][\/vc_column][\/vc_row][vc_row][vc_column width=&#8221;1\/3&#8243;][vc_single_image image=&#8221;78094&#8243; img_size=&#8221;&#8221; alignment=&#8221;center&#8221; onclick=&#8221;custom_link&#8221; img_link_target=&#8221;_blank&#8221; css_animation=&#8221;fadeInUp&#8221; link=&#8221;https:\/\/steeluniversity-my.sharepoint.com\/personal\/muract_steeluniversity_org\/_layouts\/15\/onedrive.aspx?ga=1&amp;id=%2Fpersonal%2Fmuract%5Fsteeluniversity%5Forg%2FDocuments%2F00%2E%20steeluniversity%2F06%5FOperations%2F02%2E%20steelChallenge%2FsteelChallenge%2D18%2F4%2E%20CommunicationPack%2FBrochure&#8221;][vc_column_text]<\/p>\n<p style=\"text-align: center;\"><a class=\"su-btn-primary\" href=\"https:\/\/steeluniversity-my.sharepoint.com\/personal\/muract_steeluniversity_org\/_layouts\/15\/onedrive.aspx?ga=1&amp;id=%2Fpersonal%2Fmuract%5Fsteeluniversity%5Forg%2FDocuments%2F00%2E%20steeluniversity%2F06%5FOperations%2F02%2E%20steelChallenge%2FsteelChallenge%2D18%2F4%2E%20CommunicationPack%2FBrochure\" target=\"_blank\" rel=\"noopener\">Folleto<\/a><\/p>\n<p>[\/vc_column_text][\/vc_column][vc_column width=&#8221;1\/3&#8243;][vc_single_image image=&#8221;78201&#8243; img_size=&#8221;&#8221; alignment=&#8221;center&#8221; onclick=&#8221;custom_link&#8221; img_link_target=&#8221;_blank&#8221; css_animation=&#8221;fadeInUp&#8221; link=&#8221;https:\/\/steeluniversity-my.sharepoint.com\/personal\/muract_steeluniversity_org\/_layouts\/15\/onedrive.aspx?ga=1&amp;id=%2Fpersonal%2Fmuract%5Fsteeluniversity%5Forg%2FDocuments%2F00%2E%20steeluniversity%2F06%5FOperations%2F02%2E%20steelChallenge%2FsteelChallenge%2D18%2F4%2E%20CommunicationPack%2FLogo&#8221;][vc_column_text]<\/p>\n<p style=\"text-align: center;\"><a class=\"su-btn-primary\" href=\"https:\/\/steeluniversity-my.sharepoint.com\/personal\/muract_steeluniversity_org\/_layouts\/15\/onedrive.aspx?ga=1&amp;id=%2Fpersonal%2Fmuract%5Fsteeluniversity%5Forg%2FDocuments%2F00%2E%20steeluniversity%2F06%5FOperations%2F02%2E%20steelChallenge%2FsteelChallenge%2D18%2F4%2E%20CommunicationPack%2FLogo\" target=\"_blank\" rel=\"noopener\">Logos<\/a><\/p>\n<p>[\/vc_column_text][\/vc_column][vc_column width=&#8221;1\/3&#8243;][vc_single_image image=&#8221;78084&#8243; img_size=&#8221;&#8221; alignment=&#8221;center&#8221; onclick=&#8221;custom_link&#8221; img_link_target=&#8221;_blank&#8221; css_animation=&#8221;fadeInUp&#8221; link=&#8221;https:\/\/steeluniversity-my.sharepoint.com\/:f:\/g\/personal\/muract_steeluniversity_org\/EvhoO8GJF3dBsjmLGoRUKBsB2IyeBnCRsT-39P82Y8TUZQ?e=qlP3Sl&#8221;][vc_column_text]<\/p>\n<p style=\"text-align: center;\"><a class=\"su-btn-primary\" href=\"https:\/\/steeluniversity-my.sharepoint.com\/:f:\/g\/personal\/muract_steeluniversity_org\/EvhoO8GJF3dBsjmLGoRUKBsB2IyeBnCRsT-39P82Y8TUZQ?e=qlP3Sl\" target=\"_blank\" rel=\"noopener\">Afiches<\/a><\/p>\n<p>[\/vc_column_text][\/vc_column][\/vc_row][\/vc_section][vc_row][vc_column][vc_empty_space][vc_separator][vc_empty_space][vc_column_text]<\/p>\n<h3>Video de steelChallenge-18<\/h3>\n<p>[\/vc_column_text][vc_empty_space][vc_column_text]<!-- \n\n<p style=\"text-align: center; font-size: 0.9em; color: #d0202e;\"><strong>Full package with posters, infographic, logo, video and more!<\/strong><\/p>\n\n\n-->[\/vc_column_text][vc_column_text]<\/p>\n<div align=\"center\"><iframe loading=\"lazy\" src=\"https:\/\/cdn.hub.steeluniversity.org\/assets\/videos\/play.html?id=SC01801\" width=\"720\" height=\"405\" allowfullscreen=\"allowfullscreen\"><\/iframe><\/div>\n<p>[\/vc_column_text][vc_row_inner disable_element=&#8221;yes&#8221;][vc_column_inner width=&#8221;1\/2&#8243;][vc_column_text]<\/p>\n<p style=\"text-align: center;\"><a class=\"su-btn-primary\" href=\"https:\/\/youtu.be\/zVUgxG9yuUk\" target=\"_blank\" rel=\"noopener\">Video en YouTube<\/a><\/p>\n<p>[\/vc_column_text][\/vc_column_inner][vc_column_inner width=&#8221;1\/2&#8243;][vc_column_text]<\/p>\n<p style=\"text-align: center;\"><a class=\"su-btn-secondary\" href=\"https:\/\/steeluniversity-my.sharepoint.com\/:f:\/g\/personal\/muract_steeluniversity_org\/EremRfp0T51NnJ8qBES1C_UB4z0wh3TQe109xkOFpMgtvQ?e=rjnpLd\" target=\"_blank\" rel=\"noopener\">Descargar Video<\/a><\/p>\n<p>[\/vc_column_text][\/vc_column_inner][\/vc_row_inner][vc_row_inner][vc_column_inner width=&#8221;1\/3&#8243;][\/vc_column_inner][vc_column_inner width=&#8221;1\/3&#8243;][vc_column_text]<\/p>\n<p style=\"text-align: center;\"><a class=\"su-btn-secondary\" href=\"https:\/\/steeluniversity-my.sharepoint.com\/:f:\/g\/personal\/muract_steeluniversity_org\/EremRfp0T51NnJ8qBES1C_UB4z0wh3TQe109xkOFpMgtvQ?e=rjnpLd\" target=\"_blank\" rel=\"noopener\">Descargar Video<\/a><\/p>\n<p>[\/vc_column_text][\/vc_column_inner][vc_column_inner width=&#8221;1\/3&#8243;][\/vc_column_inner][\/vc_row_inner][vc_empty_space][vc_empty_space][\/vc_column][\/vc_row]<\/p>\n<\/div>","protected":false},"excerpt":{"rendered":"<p>[vc_row][vc_column width=&#8221;2\/3&#8243;][vc_column_text] Equipo de Comunicaci\u00f3n [\/vc_column_text][vc_empty_space][vc_column_text]steeluniversity agradece su apoyo para promover la participaci\u00f3n en steelChallenge-18 entre estudiantes y profesionales de la industria. Contamos con un&hellip;<\/p>\n","protected":false},"author":35578,"featured_media":0,"parent":70156,"menu_order":0,"comment_status":"closed","ping_status":"closed","template":"","meta":{"footnotes":""},"class_list":["post-78233","page","type-page","status-publish","hentry"],"aioseo_notices":[],"_links":{"self":[{"href":"https:\/\/steeluniversity.org\/es\/wp-json\/wp\/v2\/pages\/78233","targetHints":{"allow":["GET"]}}],"collection":[{"href":"https:\/\/steeluniversity.org\/es\/wp-json\/wp\/v2\/pages"}],"about":[{"href":"https:\/\/steeluniversity.org\/es\/wp-json\/wp\/v2\/types\/page"}],"author":[{"embeddable":true,"href":"https:\/\/steeluniversity.org\/es\/wp-json\/wp\/v2\/users\/35578"}],"replies":[{"embeddable":true,"href":"https:\/\/steeluniversity.org\/es\/wp-json\/wp\/v2\/comments?post=78233"}],"version-history":[{"count":0,"href":"https:\/\/steeluniversity.org\/es\/wp-json\/wp\/v2\/pages\/78233\/revisions"}],"up":[{"embeddable":true,"href":"https:\/\/steeluniversity.org\/es\/wp-json\/wp\/v2\/pages\/70156"}],"wp:attachment":[{"href":"https:\/\/steeluniversity.org\/es\/wp-json\/wp\/v2\/media?parent=78233"}],"curies":[{"name":"wp","href":"https:\/\/api.w.org\/{rel}","templated":true}]}}