{"id":7900,"date":"2016-07-29T22:31:17","date_gmt":"2016-07-29T20:31:17","guid":{"rendered":"\/\/steeluniversity.org\/?page_id=7900&#038;lang=es"},"modified":"2023-10-17T13:44:19","modified_gmt":"2023-10-17T13:44:19","slug":"steelmanagement","status":"publish","type":"page","link":"https:\/\/steeluniversity.org\/es\/catalogo\/steelmanagement\/","title":{"rendered":"aceroGesti\u00f3n"},"content":{"rendered":"<div class=\"wpb-content-wrapper\"><p>[vc_row disable_element=&#8221;yes&#8221;][vc_column][vc_single_image image=&#8221;52298&#8243; img_size=&#8221;full&#8221; alignment=&#8221;center&#8221;][vc_empty_space][\/vc_column][\/vc_row][vc_row][vc_column][vc_column_text]<\/p>\n<h3>steelManagement-25<\/h3>\n<p>Information about steelManagement-25 has been moved. Please visit our new page.<\/p>\n<p><a class=\"su-btn-primary\" href=\"https:\/\/steeluniversity.org\/courses\/steelmanagement-25\/\" target=\"_blank\" rel=\"noopener\">Get steelManagement-25 Information<\/a>[\/vc_column_text][\/vc_column][\/vc_row][vc_row disable_element=&#8221;yes&#8221;][vc_column][vc_column_text]<\/p>\n<h3>Esquema del curso<\/h3>\n<p> steelManagement es un curso intensivo sobre estrategia empresarial para la industria sider\u00fargica mundial. Las decisiones estrat\u00e9gicas sobre temas como invertir en una nueva tecnolog\u00eda, asociarse con otra empresa, comprar o vender activos, mezclar productos, comunicar el cambio y la estrategia a audiencias internas y externas, o invertir en el desarrollo de la fuerza laboral, cobrar\u00e1n vida. El n\u00facleo del curso es el aprendizaje mediante la metodolog\u00eda de estudio de casos. El estudio de caso se complementa con conferencias acad\u00e9micas y de la industria, tutor\u00edas por parte de entrenadores y debates con ejecutivos. El curso est\u00e1 limitado a un m\u00e1ximo de 40 participantes. Esto nos permite garantizar una experiencia de aprendizaje de alta calidad, brindando a los alumnos m\u00e1s tiempo de contacto con instructores y entrenadores, as\u00ed como con otros participantes. Los participantes recibir\u00e1n un certificado de Worldsteel al finalizar con \u00e9xito el curso. No existen requisitos formales de educaci\u00f3n o experiencia para participar en steelManagement. Aunque se sugiere que el curso es m\u00e1s adecuado para candidatos de alto potencial que est\u00e1n adquiriendo mayor responsabilidad gerencial.[\/vc_column_text][vc_row_inner][vc_column_inner width=&#8221;1\/2&#8243;][vc_column_text]<a class=\"su-btn-secondary\" href=\"https:\/\/filedn.com\/llxavSQ7E0Ducp5Migg2WSb\/Download\/steelManagement-24%20Brochure%20v1.pdf\" target=\"_blank\" rel=\"noopener\">Descargar folleto (PDF)<\/a>[\/vc_column_text][\/vc_column_inner][vc_column_inner width=&#8221;1\/2&#8243;][\/vc_column_inner][\/vc_row_inner][vc_empty_space][vc_separator][vc_empty_space][vc_column_text]<\/p>\n<h3>Suscr\u00edbase a la lista de correo de steelManagement<\/h3>\n<p> Reciba notificaciones sobre steelManagement en su correo electr\u00f3nico. \n\t\t\t<form id=\"sib_signup_form_10\" method=\"post\" class=\"sib_signup_form\">\n\t\t\t\t<div class=\"sib_loader\" style=\"display:none;\"><img\n\t\t\t\t\t\t\tsrc=\"https:\/\/steeluniversity.org\/wp-includes\/images\/spinner.gif\" alt=\"loader\"><\/div>\n\t\t\t\t<input type=\"hidden\" name=\"sib_form_action\" value=\"subscribe_form_submit\">\n\t\t\t\t<input type=\"hidden\" name=\"sib_form_id\" value=\"10\">\n                <input type=\"hidden\" name=\"sib_form_alert_notice\" value=\"Please fill out this field\">\n                <input type=\"hidden\" name=\"sib_form_invalid_email_notice\" value=\"Your email address is invalid\">\n                <input type=\"hidden\" name=\"sib_security\" value=\"f82e7e0c54\">\n\t\t\t\t<div class=\"sib_signup_box_inside_10\">\n\t\t\t\t\t<div style=\"\/*display:none*\/\" class=\"sib_msg_disp\">\n\t\t\t\t\t<\/div>\n                    \t\t\t\t\t<p class=\"sib-email-area\">     \r\n    <input type=\"email\" class=\"sib-email-area\" name=\"email\" placeholder=\"Email\" value=\"\" required=\"required\"> \r\n<\/p>\r\n<p class=\"sib-FIRSTNAME-area\"> \r\n    <input type=\"text\" class=\"sib-FIRSTNAME-area\" name=\"FIRSTNAME\" placeholder=\"First Name\"> \r\n<\/p>\r\n<p class=\"sib-LASTNAME-area\"> \r\n     <input type=\"text\" class=\"sib-LASTNAME-area\" name=\"LASTNAME\" placeholder=\"Last Name\" required=\"required\"> \r\n<\/p>\r\n<p class=\"sib-COUNTRY-area\">  \r\n    <input type=\"text\" class=\"sib-COUNTRY-area\" name=\"COUNTRY\" placeholder=\"Country\" required=\"required\"> \r\n<\/p>\r\n<p class=\"sib-ORGANISATION-area\"> \r\n    <input type=\"text\" class=\"sib-ORGANISATION-area\" name=\"ORGANISATION\" placeholder=\"Organisation (company, university...)\" required=\"required\"> \r\n<\/p>\r\n\r\n<p>\r\n    <input type=\"submit\" class=\"sib-default-btn\" value=\"Subscribe\">\r\n<\/p>\t\t\t\t<\/div>\n\t\t\t<\/form>\n\t\t\t<style>\n\t\t\t\tform#sib_signup_form_10 p.sib-alert-message {\n    padding: 6px 12px;\n    margin-bottom: 20px;\n    border: 1px solid transparent;\n    border-radius: 4px;\n    -webkit-box-sizing: border-box;\n    -moz-box-sizing: border-box;\n    box-sizing: border-box;\n}\nform#sib_signup_form_10 p.sib-alert-message-error {\n    background-color: #f2dede;\n    border-color: #ebccd1;\n    color: #a94442;\n}\nform#sib_signup_form_10 p.sib-alert-message-success {\n    background-color: #dff0d8;\n    border-color: #d6e9c6;\n    color: #3c763d;\n}\nform#sib_signup_form_10 p.sib-alert-message-warning {\n    background-color: #fcf8e3;\n    border-color: #faebcc;\n    color: #8a6d3b;\n}\n\t\t\t<\/style>\n\t\t\t [\/vc_column_text][\/vc_column][\/vc_row]<\/p>\n<\/div>","protected":false},"excerpt":{"rendered":"<p>[vc_row disable_element=&#8221;yes&#8221;][vc_column][vc_single_image image=&#8221;52298&#8243; img_size=&#8221;full&#8221; alignment=&#8221;center&#8221;][vc_empty_space][\/vc_column][\/vc_row][vc_row][vc_column][vc_column_text] steelManagement-25 Information about steelManagement-25 has been moved. Please visit our new page. Get steelManagement-25 Information[\/vc_column_text][\/vc_column][\/vc_row][vc_row disable_element=&#8221;yes&#8221;][vc_column][vc_column_text] Esquema del curso steelManagement&hellip;<\/p>\n","protected":false},"author":2,"featured_media":0,"parent":7331,"menu_order":30,"comment_status":"closed","ping_status":"closed","template":"","meta":{"footnotes":""},"class_list":["post-7900","page","type-page","status-publish","hentry"],"aioseo_notices":[],"_links":{"self":[{"href":"https:\/\/steeluniversity.org\/es\/wp-json\/wp\/v2\/pages\/7900","targetHints":{"allow":["GET"]}}],"collection":[{"href":"https:\/\/steeluniversity.org\/es\/wp-json\/wp\/v2\/pages"}],"about":[{"href":"https:\/\/steeluniversity.org\/es\/wp-json\/wp\/v2\/types\/page"}],"author":[{"embeddable":true,"href":"https:\/\/steeluniversity.org\/es\/wp-json\/wp\/v2\/users\/2"}],"replies":[{"embeddable":true,"href":"https:\/\/steeluniversity.org\/es\/wp-json\/wp\/v2\/comments?post=7900"}],"version-history":[{"count":0,"href":"https:\/\/steeluniversity.org\/es\/wp-json\/wp\/v2\/pages\/7900\/revisions"}],"up":[{"embeddable":true,"href":"https:\/\/steeluniversity.org\/es\/wp-json\/wp\/v2\/pages\/7331"}],"wp:attachment":[{"href":"https:\/\/steeluniversity.org\/es\/wp-json\/wp\/v2\/media?parent=7900"}],"curies":[{"name":"wp","href":"https:\/\/api.w.org\/{rel}","templated":true}]}}