{"id":7907,"date":"2016-07-13T19:35:32","date_gmt":"2016-07-13T17:35:32","guid":{"rendered":"\/\/steeluniversity.org\/?page_id=7907&#038;lang=es"},"modified":"2021-06-04T13:17:18","modified_gmt":"2021-06-04T13:17:18","slug":"steelchallenge-12","status":"publish","type":"page","link":"https:\/\/steeluniversity.org\/es\/steelchallenge-12\/","title":{"rendered":"steelChallenge-12"},"content":{"rendered":"<div class=\"wpb-content-wrapper\"><p>[vc_row][vc_column][vc_single_image image=&#8221;17331&#8243; img_size=&#8221;large&#8221;][vc_column_text]La 12\u00aa edici\u00f3n de steelChallenge se llev\u00f3 a cabo en dos rondas. La primera ronda, los Campeonatos Regionales, se llev\u00f3 a cabo en l\u00ednea durante un per\u00edodo de 24 horas a partir de las 12.00 GMT del 29 de noviembre de 2017.<!-- wpml:html_fragment <\/p>\n\n --><\/p>\n<p>La segunda ronda, el Campeonato Mundial, tuvo lugar en Mumbai, India, el 10 de abril de 2018. Una vez m\u00e1s, la ceremonia de entrega de premios del Campeonato Mundial se llev\u00f3 a cabo en presencia de l\u00edderes de empresas de la industria sider\u00fargica mundial.[\/vc_column_text][vc_empty_space][vc_column_text]<!-- wpml:html_fragment <\/p>\n\n --><\/p>\n<h2>Resultados &#8211; Regional<\/h2>\n<p>[\/vc_column_text][vc_empty_space][vc_column_text]<!-- wpml:html_fragment <\/p>\n\n --><\/p>\n<h3>Categor\u00eda Estudiantes<\/h3>\n<p>[\/vc_column_text][vc_empty_space][vc_column_text]Los 5 mejores por regi\u00f3n son:[\/vc_column_text][vc_empty_space][vc_column_text]<strong>Europa, CEI, Medio Oriente, \u00c1frica &#8211; Categor\u00eda Estudiantes<\/strong><!-- wpml:html_fragment <\/p>\n\n --><\/p>\n<table width=\"644\">\n<tbody>\n<tr>\n<td width=\"57\"><strong>Puesto<\/strong><\/td>\n<td width=\"255\"><strong>Persona<\/strong><\/td>\n<td width=\"227\"><strong>Asociaci\u00f3n<\/strong><\/td>\n<td width=\"105\"><strong>Pa\u00eds<\/strong><\/td>\n<td><strong>Premio<\/strong><\/td>\n<\/tr>\n<tr>\n<td align=\"center\" width=\"57\">1<\/td>\n<td width=\"255\">An\u017ee BAJ\u017dELJ<br \/>\n<em>(Campe\u00f3n Regional)<\/em><\/td>\n<td width=\"227\">Universidad de Liubliana<\/td>\n<td width=\"105\">Eslovenia<\/td>\n<td width=\"105\">221,88<\/td>\n<\/tr>\n<tr>\n<td align=\"center\" width=\"57\">2<\/td>\n<td width=\"255\">Jakob Kraner<\/td>\n<td width=\"227\">Universidad de Liubliana<\/td>\n<td width=\"105\">Eslovenia<\/td>\n<td width=\"105\">221,97<\/td>\n<\/tr>\n<tr>\n<td align=\"center\" width=\"57\">3<\/td>\n<td width=\"255\">Marko \u010ce\u0161njaj<\/td>\n<td width=\"227\">Universidad de Liubliana<\/td>\n<td width=\"105\">Eslovenia<\/td>\n<td width=\"105\">223,15<\/td>\n<\/tr>\n<tr>\n<td align=\"center\" width=\"57\">4<\/td>\n<td width=\"255\">Michael Bernhard<\/td>\n<td width=\"227\">Montanuniversitaet Leoben<\/td>\n<td width=\"105\">Austria<\/td>\n<td width=\"105\">224,24<\/td>\n<\/tr>\n<tr>\n<td align=\"center\" width=\"57\">5<\/td>\n<td width=\"255\">Tatiana Leonidovna Gureva (\u0422\u0430\u0442\u044c\u044f\u043d\u0430 \u0413\u0443\u0440\u044c\u0435\u0432\u0430)<\/td>\n<td width=\"227\">Saint Petersburg Politechnic University<\/td>\n<td width=\"105\">Rusia<\/td>\n<td width=\"105\">225,13<\/td>\n<\/tr>\n<\/tbody>\n<\/table>\n<p>[\/vc_column_text][vc_empty_space][vc_column_text]<strong>Am\u00e9rica del Norte y del Sur &#8211; Categor\u00eda Estudiantes<\/strong><!-- wpml:html_fragment <\/p>\n\n --><\/p>\n<table width=\"644\">\n<tbody>\n<tr>\n<td width=\"57\"><strong>Puesto<\/strong><\/td>\n<td width=\"255\"><strong>Persona<\/strong><\/td>\n<td width=\"227\"><strong>Asociaci\u00f3n<\/strong><\/td>\n<td width=\"105\"><strong>Pa\u00eds<\/strong><\/td>\n<td><strong>Premio<\/strong><\/td>\n<\/tr>\n<tr>\n<td align=\"center\" width=\"57\">1<\/td>\n<td width=\"255\">Jamil Nobre de Castro<br \/>\n<em>(Campe\u00f3n Regional)<\/em><\/td>\n<td width=\"227\">Universidad Federal de Cear\u00e1<\/td>\n<td width=\"105\">Brasil<\/td>\n<td width=\"105\">221,55<\/td>\n<\/tr>\n<tr>\n<td align=\"center\" width=\"57\">2<\/td>\n<td width=\"255\">Emerson Souza<\/td>\n<td width=\"227\">Universidad Federal de Cear\u00e1<\/td>\n<td width=\"105\">Brasil<\/td>\n<td width=\"105\">221,63<\/td>\n<\/tr>\n<tr>\n<td align=\"center\" width=\"57\">3<\/td>\n<td width=\"255\">Diego Henrique Fonteles Dias<\/td>\n<td width=\"227\">Universidad Federal de Cear\u00e1<\/td>\n<td width=\"105\">Brasil<\/td>\n<td width=\"105\">221,93<\/td>\n<\/tr>\n<tr>\n<td align=\"center\" width=\"57\">4<\/td>\n<td width=\"255\">Pablo Le\u00e3o<\/td>\n<td width=\"227\">Universidad Federal de Cear\u00e1<\/td>\n<td width=\"105\">Brasil<\/td>\n<td width=\"105\">221,98<\/td>\n<\/tr>\n<tr>\n<td align=\"center\" width=\"57\">5<\/td>\n<td width=\"255\">Emmanuel Almeida<\/td>\n<td width=\"227\">Universidad Federal de Cear\u00e1<\/td>\n<td width=\"105\">Brasil<\/td>\n<td width=\"105\">221,99<\/td>\n<\/tr>\n<\/tbody>\n<\/table>\n<p>[\/vc_column_text][vc_empty_space][vc_column_text]<strong>Asia y Ocean\u00eda (excluida China) &#8211; Categor\u00eda Estudiantes<\/strong><!-- wpml:html_fragment <\/p>\n\n --><\/p>\n<table width=\"644\">\n<tbody>\n<tr>\n<td width=\"57\"><strong>Puesto<\/strong><\/td>\n<td width=\"255\"><strong>Persona<\/strong><\/td>\n<td width=\"227\"><strong>Asociaci\u00f3n<\/strong><\/td>\n<td width=\"105\"><strong>Pa\u00eds<\/strong><\/td>\n<td><strong>Premio<\/strong><\/td>\n<\/tr>\n<tr>\n<td align=\"center\" width=\"57\">1<\/td>\n<td width=\"255\">Park EunSung<br \/>\n<em>(Campe\u00f3n Regional)<\/em><\/td>\n<td width=\"227\">Chon Buk National University<br \/>\n(\uc804\ubd81\ub300\ud559\uad50)<\/td>\n<td width=\"105\">Corea del Sur<\/td>\n<td>221,44<\/td>\n<\/tr>\n<tr>\n<td align=\"center\" width=\"57\">2<\/td>\n<td width=\"255\">Keun Hag Kim<\/td>\n<td width=\"227\">Chon Buk National University<br \/>\n(\uc804\ubd81\ub300\ud559\uad50)<\/td>\n<td width=\"105\">Corea del Sur<\/td>\n<td>221,56<\/td>\n<\/tr>\n<tr>\n<td align=\"center\" width=\"57\">3<\/td>\n<td width=\"255\">Chang Dongmin<\/td>\n<td width=\"227\">Hanyang University<\/td>\n<td width=\"105\">Corea del Sur<\/td>\n<td>221,61<\/td>\n<\/tr>\n<tr>\n<td align=\"center\" width=\"57\">4<\/td>\n<td width=\"255\">Lee Jae Geun<\/td>\n<td width=\"227\">Chon Buk National University<br \/>\n(\uc804\ubd81\ub300\ud559\uad50)<\/td>\n<td width=\"105\">Corea del Sur<\/td>\n<td>221,62<\/td>\n<\/tr>\n<tr>\n<td align=\"center\" width=\"57\">5<\/td>\n<td width=\"255\">Jong Gwan Jang (\uc7a5 \uc885\uad00)<\/td>\n<td width=\"227\">Yeung Nam university<\/td>\n<td width=\"105\">Corea del Sur<\/td>\n<td>221,67<\/td>\n<\/tr>\n<\/tbody>\n<\/table>\n<p>[\/vc_column_text][vc_empty_space][vc_column_text]<strong>China &#8211; Categor\u00eda Estudiantes<\/strong><!-- wpml:html_fragment <\/p>\n\n --><\/p>\n<table width=\"644\">\n<tbody>\n<tr>\n<td width=\"57\"><strong>Puesto<\/strong><\/td>\n<td width=\"255\"><strong>Persona<\/strong><\/td>\n<td width=\"227\"><strong>Asociaci\u00f3n<\/strong><\/td>\n<td width=\"105\"><strong>Pa\u00eds<\/strong><\/td>\n<td width=\"105\"><strong>Premio<\/strong><\/td>\n<\/tr>\n<tr>\n<td align=\"center\" width=\"57\">1<\/td>\n<td width=\"255\">\u53ec\u9e4f \u66fe<br \/>\n<em>(Campe\u00f3n Regional)<\/em><\/td>\n<td width=\"227\">Chongqing University of Science &amp; Technology \u91cd\u5e86\u79d1\u6280\u5b66\u9662<\/td>\n<td width=\"105\">China<\/td>\n<td>221,24<\/td>\n<\/tr>\n<tr>\n<td align=\"center\" width=\"57\">2<\/td>\n<td width=\"255\">\u5f20\u65f6\u541b \u5f20<br \/>\n<em>Mejor Subcampe\u00f3n<\/em><\/td>\n<td width=\"227\">Chongqing University of Science &amp; Technology \u91cd\u5e86\u79d1\u6280\u5b66\u9662<\/td>\n<td width=\"105\">China<\/td>\n<td>221,27<\/td>\n<\/tr>\n<tr>\n<td align=\"center\" width=\"57\">3<\/td>\n<td width=\"255\">\u6e05\u5cf0 \u51cc<\/td>\n<td width=\"227\">Chongqing University of Science &amp; Technology \u91cd\u5e86\u79d1\u6280\u5b66\u9662<\/td>\n<td width=\"105\">China<\/td>\n<td>221,40<\/td>\n<\/tr>\n<tr>\n<td align=\"center\" width=\"57\">4<\/td>\n<td width=\"255\">Hanrui Huang<\/td>\n<td width=\"227\">Universidad de Ciencia y Tecnolog\u00eda de Wuhan<\/td>\n<td width=\"105\">China<\/td>\n<td>221,45<\/td>\n<\/tr>\n<tr>\n<td align=\"center\" width=\"57\">5<\/td>\n<td width=\"255\">\u5fd7\u6210 \u6768<\/td>\n<td width=\"227\">Chongqing University of Science &amp; Technology \u91cd\u5e86\u79d1\u6280\u5b66\u9662<\/td>\n<td width=\"105\">China<\/td>\n<td>221,46<\/td>\n<\/tr>\n<\/tbody>\n<\/table>\n<p>[\/vc_column_text][vc_empty_space][vc_column_text]<!-- wpml:html_fragment <\/p>\n\n --><\/p>\n<h3>Categor\u00eda Industria<\/h3>\n<p>[\/vc_column_text][vc_empty_space][vc_column_text]Los 5 mejores por regi\u00f3n son:[\/vc_column_text][vc_empty_space][vc_column_text]<strong>Europa, CEI, Oriente Medio, \u00c1frica &#8211; Categor\u00eda Industria<\/strong><!-- wpml:html_fragment <\/p>\n\n --><\/p>\n<table width=\"644\">\n<tbody>\n<tr>\n<td width=\"57\"><strong>Puesto<\/strong><\/td>\n<td width=\"255\"><strong>Persona<\/strong><\/td>\n<td width=\"227\"><strong>Asociaci\u00f3n<\/strong><\/td>\n<td width=\"105\"><strong>Pa\u00eds<\/strong><\/td>\n<td><strong>Premio<\/strong><\/td>\n<\/tr>\n<tr>\n<td align=\"center\" width=\"57\">1<\/td>\n<td width=\"255\">Stevo Akkerman<br \/>\n<em>(Campe\u00f3n Regional)<\/em><\/td>\n<td width=\"227\">Tata Steel Europe<\/td>\n<td width=\"105\">Pa\u00edses Bajos<\/td>\n<td>223,38<\/td>\n<\/tr>\n<tr>\n<td align=\"center\" width=\"57\">2<\/td>\n<td width=\"255\">Matus Horvath<\/td>\n<td width=\"227\">U.S. Steel Corporation<\/td>\n<td width=\"105\">Eslovaquia<\/td>\n<td>225,39<\/td>\n<\/tr>\n<tr>\n<td align=\"center\" width=\"57\">3<\/td>\n<td width=\"255\">George Hargreaves<\/td>\n<td width=\"227\">Tata Steel Europe<\/td>\n<td width=\"105\">Reino Unido<\/td>\n<td>226,68<\/td>\n<\/tr>\n<tr>\n<td align=\"center\" width=\"57\">4<\/td>\n<td width=\"255\">Du\u0161an Balog<\/td>\n<td width=\"227\">U.S. Steel Corporation<\/td>\n<td width=\"105\">Eslovaquia<\/td>\n<td>227,88<\/td>\n<\/tr>\n<tr>\n<td align=\"center\" width=\"57\">5<\/td>\n<td width=\"255\">Alina Nicoleta Colan<\/td>\n<td width=\"227\">Tenaris<\/td>\n<td width=\"105\">Rumania<\/td>\n<td>230,07<\/td>\n<\/tr>\n<\/tbody>\n<\/table>\n<p>[\/vc_column_text][vc_empty_space][vc_column_text]<strong>Am\u00e9rica del Norte y del Sur &#8211; Categor\u00eda Industria<\/strong><!-- wpml:html_fragment <\/p>\n\n --><\/p>\n<table width=\"644\">\n<tbody>\n<tr>\n<td width=\"57\"><strong>Puesto<\/strong><\/td>\n<td width=\"255\"><strong>Persona<\/strong><\/td>\n<td width=\"227\"><strong>Asociaci\u00f3n<\/strong><\/td>\n<td width=\"105\"><strong>Pa\u00eds<\/strong><\/td>\n<td><strong>Premio<\/strong><\/td>\n<\/tr>\n<tr>\n<td align=\"center\" width=\"57\">1<\/td>\n<td width=\"255\">Francisco Alberto Rocha<br \/>\n<em>(Campe\u00f3n Regional)<\/em><\/td>\n<td width=\"227\">Gerdau<\/td>\n<td width=\"105\">Brasil<\/td>\n<td>221,89<\/td>\n<\/tr>\n<tr>\n<td align=\"center\" width=\"57\">2<\/td>\n<td width=\"255\">Marcelo Ricardo de Souza Angelotto<\/td>\n<td width=\"227\">Compa\u00f1\u00eda Sider\u00fargica do Pec\u00e9m<\/td>\n<td width=\"105\">Brasil<\/td>\n<td>222,18<\/td>\n<\/tr>\n<tr>\n<td align=\"center\" width=\"57\">3<\/td>\n<td width=\"255\">Hana Coelho<\/td>\n<td width=\"227\">Compa\u00f1\u00eda Sider\u00fargica do Pec\u00e9m<\/td>\n<td width=\"105\">Brasil<\/td>\n<td>222,31<\/td>\n<\/tr>\n<tr>\n<td align=\"center\" width=\"57\">4<\/td>\n<td width=\"255\">Jorge Gibson<\/td>\n<td width=\"227\">Ternium<\/td>\n<td width=\"105\">Argentina<\/td>\n<td>222,49<\/td>\n<\/tr>\n<tr>\n<td align=\"center\" width=\"57\">5<\/td>\n<td width=\"255\">Maximiliano Cornier<\/td>\n<td width=\"227\">Ternium<\/td>\n<td width=\"105\">Argentina<\/td>\n<td>224,17<\/td>\n<\/tr>\n<\/tbody>\n<\/table>\n<p>[\/vc_column_text][vc_empty_space][vc_column_text]<strong>Asia y Ocean\u00eda (excluida China) &#8211; Categor\u00eda Industria<\/strong><!-- wpml:html_fragment <\/p>\n\n --><\/p>\n<table width=\"644\">\n<tbody>\n<tr>\n<td width=\"57\"><strong>Puesto<\/strong><\/td>\n<td width=\"255\"><strong>Persona<\/strong><\/td>\n<td width=\"227\"><strong>Asociaci\u00f3n<\/strong><\/td>\n<td width=\"105\"><strong>Pa\u00eds<\/strong><\/td>\n<td><strong>Premio<\/strong><\/td>\n<\/tr>\n<tr>\n<td align=\"center\" width=\"57\">1<\/td>\n<td width=\"255\">Ho Yeon<br \/>\n<em>(Campe\u00f3n Regional)<\/em><\/td>\n<td width=\"227\">POSCO<\/td>\n<td width=\"105\">Corea del Sur<\/td>\n<td>221,74<\/td>\n<\/tr>\n<tr>\n<td align=\"center\" width=\"57\">2<\/td>\n<td width=\"255\">Jia-Hang Li<\/td>\n<td width=\"227\">China Steel Corporation (CSC)<\/td>\n<td width=\"105\">Taiwan, China<\/td>\n<td>221,88<\/td>\n<\/tr>\n<tr>\n<td align=\"center\" width=\"57\">3<\/td>\n<td width=\"255\">Hyoungkeun Choi<\/td>\n<td width=\"227\">HYUNDAI Steel Company<\/td>\n<td width=\"105\">Corea del Sur<\/td>\n<td>221,91<\/td>\n<\/tr>\n<tr>\n<td align=\"center\" width=\"57\">4<\/td>\n<td width=\"255\">Ting-Yao Lu<\/td>\n<td width=\"227\">China Steel Corporation (CSC)<\/td>\n<td width=\"105\">Taiwan, China<\/td>\n<td>222,08<\/td>\n<\/tr>\n<tr>\n<td align=\"center\" width=\"57\">5<\/td>\n<td width=\"255\">JUI-TE LIN<\/td>\n<td width=\"227\">China Steel Corporation (CSC)<\/td>\n<td width=\"105\">Taiwan, China<\/td>\n<td>222,13<\/td>\n<\/tr>\n<\/tbody>\n<\/table>\n<p>[\/vc_column_text][vc_empty_space][vc_column_text]<strong>China &#8211; Categor\u00eda Industria<\/strong><!-- wpml:html_fragment <\/p>\n\n --><\/p>\n<table width=\"644\">\n<tbody>\n<tr>\n<td width=\"57\"><strong>Puesto<\/strong><\/td>\n<td width=\"255\"><strong>Persona<\/strong><\/td>\n<td width=\"227\"><strong>Asociaci\u00f3n<\/strong><\/td>\n<td width=\"105\"><strong>Pa\u00eds<\/strong><\/td>\n<td><strong>Premio<\/strong><\/td>\n<\/tr>\n<tr>\n<td align=\"center\" width=\"57\">1<\/td>\n<td width=\"255\">Huan Ma<br \/>\n<em>(Campe\u00f3n Regional)<\/em><\/td>\n<td width=\"227\">China Baowu Steel Group Corporation Limited<\/td>\n<td>China<\/td>\n<td>221,47<\/td>\n<\/tr>\n<tr>\n<td align=\"center\" width=\"57\">2<\/td>\n<td width=\"255\">\u7b11\u5b87 \u5510<br \/>\n<em>(Mejor subcampe\u00f3n)<\/em><\/td>\n<td width=\"227\">HBIS Group Co., Ltd.<\/td>\n<td width=\"105\">China<\/td>\n<td>221,48<\/td>\n<\/tr>\n<tr>\n<td align=\"center\" width=\"57\">3<\/td>\n<td width=\"255\">\u5b8f\u5149 \u5b59<\/td>\n<td width=\"227\">HBIS Group Co., Ltd.<\/td>\n<td width=\"105\">China<\/td>\n<td>221,49<\/td>\n<\/tr>\n<tr>\n<td align=\"center\" width=\"57\">4<\/td>\n<td width=\"255\">Li Fan Fu<\/td>\n<td width=\"227\">China Baowu Steel Group Corporation Limited<\/td>\n<td width=\"105\">China<\/td>\n<td>221,66<\/td>\n<\/tr>\n<tr>\n<td align=\"center\" width=\"57\">5<\/td>\n<td width=\"255\">\u4ed5\u9f99 \u674e<\/td>\n<td width=\"227\">HBIS Group Co., Ltd.<\/td>\n<td width=\"105\">China<\/td>\n<td>221,73<\/td>\n<\/tr>\n<\/tbody>\n<\/table>\n<p>&nbsp;[\/vc_column_text][vc_empty_space][vc_column_text]<!-- wpml:html_fragment <\/p>\n\n --><\/p>\n<h2>Resultados &#8211; Campeonato Mundial<\/h2>\n<p>[\/vc_column_text][vc_empty_space][vc_column_text]<!-- wpml:html_fragment <\/p>\n\n --><\/p>\n<table width=\"644\">\n<tbody>\n<tr>\n<td width=\"57\"><strong>Puesto<\/strong><\/td>\n<td width=\"255\"><strong>Persona<\/strong><\/td>\n<td width=\"227\"><strong>Asociaci\u00f3n<\/strong><\/td>\n<td width=\"105\"><strong>Pa\u00eds<\/strong><\/td>\n<\/tr>\n<tr>\n<td align=\"center\" width=\"57\">1<\/td>\n<td width=\"255\">\n<p>Xiaoyu TANG<\/p>\n<p><em>Campe\u00f3n Mundial de la Categor\u00eda Industria<\/em><!-- wpml:html_fragment <\/td>\n\n --><\/p>\n<td width=\"227\">HBIS Group Co., Ltd<\/td>\n<td>China<\/td>\n<\/tr>\n<tr>\n<td align=\"center\" width=\"57\">1<\/td>\n<td width=\"255\">\n<p>An\u017ee BAJ\u017dELJ<\/p>\n<p><em>Campe\u00f3n Mundial de la Categor\u00eda Estudiantes<\/em><!-- wpml:html_fragment <\/td>\n\n --><\/p>\n<td width=\"227\">Universidad de Liubliana<\/td>\n<td width=\"105\">Eslovenia<\/td>\n<\/tr>\n<\/tbody>\n<\/table>\n<p>[\/vc_column_text][vc_empty_space height=&#8221;64px&#8221;][\/vc_column][\/vc_row][vc_row][vc_column][vc_column_text]<!-- wpml:html_fragment <\/p>\n\n --><\/p>\n<h6 align=\"center\">steelChallenge-15 est\u00e1 generosamente patrocinado por<\/h6>\n<p>[\/vc_column_text][vc_empty_space][vc_row_inner][vc_column_inner width=&#8221;1\/2&#8243;][vc_single_image source=&#8221;external_link&#8221; alignment=&#8221;center&#8221; onclick=&#8221;custom_link&#8221; img_link_target=&#8221;_blank&#8221; css_animation=&#8221;fadeIn&#8221; custom_src=&#8221;https:\/\/marketing-image-production.s3.amazonaws.com\/uploads\/4231c6611402b64d42b0080fdf4b2bfd9a90ab734f49fda3f5fa2e50da05b52fa811c80fdcecf6a07c0fb705f8dfb6ab681990e905b11d2945dd372db4a8066a.png&#8221; link=&#8221;http:\/\/www.hbisco.com\/site\/en\/index.html&#8221;][vc_single_image source=&#8221;external_link&#8221; alignment=&#8221;center&#8221; onclick=&#8221;custom_link&#8221; img_link_target=&#8221;_blank&#8221; css_animation=&#8221;fadeIn&#8221; custom_src=&#8221;https:\/\/marketing-image-production.s3.amazonaws.com\/uploads\/20e71d7c9370645e9ca683ed3eeecb4ff1b93f2daa15dfe02063605bf3669b558db8dee04b4beeb5543ed4ffde0aef0c4e9150da8a1715259055c0e8706967ee.png&#8221; link=&#8221;http:\/\/www.ternium.com\/&#8221;][vc_single_image source=&#8221;external_link&#8221; alignment=&#8221;center&#8221; onclick=&#8221;custom_link&#8221; css_animation=&#8221;fadeIn&#8221; custom_src=&#8221;https:\/\/marketing-image-production.s3.amazonaws.com\/uploads\/4968368dc36cddffe16c9e70d157a045ccfddf01fe76c8124c82dce5359440a2228340cc43e5295ae97a67f81469234f9e7dd9cac33a40592c9c5b45f500ff1b.png&#8221; link=&#8221;http:\/\/www.tatasteel.com\/&#8221;][vc_single_image source=&#8221;external_link&#8221; alignment=&#8221;center&#8221; onclick=&#8221;custom_link&#8221; css_animation=&#8221;fadeIn&#8221; custom_src=&#8221;https:\/\/marketing-image-production.s3.amazonaws.com\/uploads\/1a327f807cd9baa1aaf90db635347fa4472cd8524089b6fa4a064166b844341198d4ea4ceea6bd522ecbaaf56da2ca4efd2de588a9535973d7613909f9c1770b.png&#8221; link=&#8221;http:\/\/www.nucor.com\/&#8221;][\/vc_column_inner][vc_column_inner width=&#8221;1\/2&#8243;][vc_single_image source=&#8221;external_link&#8221; alignment=&#8221;center&#8221; onclick=&#8221;custom_link&#8221; img_link_target=&#8221;_blank&#8221; css_animation=&#8221;fadeIn&#8221; custom_src=&#8221;https:\/\/marketing-image-production.s3.amazonaws.com\/uploads\/05b3a9549def07dd90c1e73ae84985e6d4650508e533ffaf03e3ce0453a2ac877bcdbcb3edc34a2cb599d6bb049bbcea2f2330f7b4c777a5c12a50d9eb7fc3b7.png&#8221; link=&#8221;http:\/\/www.csc.com.tw\/indexe.html&#8221;][vc_single_image source=&#8221;external_link&#8221; alignment=&#8221;center&#8221; onclick=&#8221;custom_link&#8221; img_link_target=&#8221;_blank&#8221; css_animation=&#8221;fadeIn&#8221; custom_src=&#8221;https:\/\/marketing-image-production.s3.amazonaws.com\/uploads\/dc2a4b496b0fce82f07458a2c21b9765ea88184bdfb49690b60735d3e1db3034d13090a309bd90f99a9ed9ba0b9a3914f12423b9aff54f48e769f3564c7c0275.png&#8221; link=&#8221;http:\/\/www.tenaris.com\/&#8221;][vc_single_image source=&#8221;external_link&#8221; external_img_size=&#8221;100&#215;50&#8243; alignment=&#8221;center&#8221; onclick=&#8221;custom_link&#8221; img_link_target=&#8221;_blank&#8221; css_animation=&#8221;fadeIn&#8221; custom_src=&#8221;https:\/\/steeluniversity.org\/wp-content\/uploads\/2018\/04\/jfe-corp-logo.png&#8221; link=&#8221;http:\/\/www.jfe-steel.co.jp\/en\/&#8221;][vc_single_image source=&#8221;external_link&#8221; alignment=&#8221;center&#8221; onclick=&#8221;custom_link&#8221; img_link_target=&#8221;_blank&#8221; css_animation=&#8221;fadeIn&#8221; custom_src=&#8221;https:\/\/marketing-image-production.s3.amazonaws.com\/uploads\/e4c23282b4a1f5d0e7b02b5ea67419575dfd996c452cd82f006b421c5f6b4cace6dd365b00494ed250d14032398b8ae9a0d51419a26529893b232c1c02b419f5.png&#8221; link=&#8221;https:\/\/www.kosa.or.kr\/&#8221;][\/vc_column_inner][\/vc_row_inner][\/vc_column][\/vc_row]<!-- wpml:html_fragment <\/p>\n\n --><\/p>\n<\/div>","protected":false},"excerpt":{"rendered":"<p>[vc_row][vc_column][vc_single_image image=&#8221;17331&#8243; img_size=&#8221;large&#8221;][vc_column_text]La 12\u00aa edici\u00f3n de steelChallenge se llev\u00f3 a cabo en dos rondas. La primera ronda, los Campeonatos Regionales, se llev\u00f3 a cabo en&hellip;<\/p>\n","protected":false},"author":2,"featured_media":0,"parent":0,"menu_order":40,"comment_status":"closed","ping_status":"closed","template":"","meta":{"footnotes":""},"class_list":["post-7907","page","type-page","status-publish","hentry"],"aioseo_notices":[],"_links":{"self":[{"href":"https:\/\/steeluniversity.org\/es\/wp-json\/wp\/v2\/pages\/7907","targetHints":{"allow":["GET"]}}],"collection":[{"href":"https:\/\/steeluniversity.org\/es\/wp-json\/wp\/v2\/pages"}],"about":[{"href":"https:\/\/steeluniversity.org\/es\/wp-json\/wp\/v2\/types\/page"}],"author":[{"embeddable":true,"href":"https:\/\/steeluniversity.org\/es\/wp-json\/wp\/v2\/users\/2"}],"replies":[{"embeddable":true,"href":"https:\/\/steeluniversity.org\/es\/wp-json\/wp\/v2\/comments?post=7907"}],"version-history":[{"count":0,"href":"https:\/\/steeluniversity.org\/es\/wp-json\/wp\/v2\/pages\/7907\/revisions"}],"wp:attachment":[{"href":"https:\/\/steeluniversity.org\/es\/wp-json\/wp\/v2\/media?parent=7907"}],"curies":[{"name":"wp","href":"https:\/\/api.w.org\/{rel}","templated":true}]}}