{"id":8217,"date":"2016-09-02T21:58:32","date_gmt":"2016-09-02T19:58:32","guid":{"rendered":"\/\/steeluniversity.org\/?page_id=8217&#038;lang=es"},"modified":"2020-07-01T19:21:44","modified_gmt":"2020-07-01T17:21:44","slug":"support","status":"publish","type":"page","link":"https:\/\/steeluniversity.org\/es\/support\/","title":{"rendered":"Soporte"},"content":{"rendered":"<h1>Bienvenido a\u00a0soporte de steeluniversity<\/h1>\n<p>Por favor, lea nuestras <a href=\"https:\/\/steeluniversity.org\/support\/preguntas-frecuentes\/?lang=es\">respuestas a preguntas m\u00e1s frecuentes<\/a> (FAQ). La mayor\u00eda de los problemas comunes y c\u00f3mo solucionarlos se incluye <a href=\"https:\/\/steeluniversity.org\/support\/preguntas-frecuentes\/?lang=es\">aqu\u00ed<\/a>.<\/p>\n<p>Si a\u00fan necesita ayuda, por favor cree un\u00a0<a href=\"\/\/steeluniversity.org\/support\/abrir-ticket\/?lang=es\">nuevo ticket de soporte<\/a>.<\/p>\n","protected":false},"excerpt":{"rendered":"<p>Bienvenido a\u00a0soporte de steeluniversity Por favor, lea nuestras respuestas a preguntas m\u00e1s frecuentes (FAQ). La mayor\u00eda de los problemas comunes y c\u00f3mo solucionarlos se incluye&hellip;<\/p>\n","protected":false},"author":2,"featured_media":0,"parent":0,"menu_order":70,"comment_status":"closed","ping_status":"closed","template":"","meta":{"footnotes":""},"class_list":["post-8217","page","type-page","status-publish","hentry"],"aioseo_notices":[],"_links":{"self":[{"href":"https:\/\/steeluniversity.org\/es\/wp-json\/wp\/v2\/pages\/8217","targetHints":{"allow":["GET"]}}],"collection":[{"href":"https:\/\/steeluniversity.org\/es\/wp-json\/wp\/v2\/pages"}],"about":[{"href":"https:\/\/steeluniversity.org\/es\/wp-json\/wp\/v2\/types\/page"}],"author":[{"embeddable":true,"href":"https:\/\/steeluniversity.org\/es\/wp-json\/wp\/v2\/users\/2"}],"replies":[{"embeddable":true,"href":"https:\/\/steeluniversity.org\/es\/wp-json\/wp\/v2\/comments?post=8217"}],"version-history":[{"count":0,"href":"https:\/\/steeluniversity.org\/es\/wp-json\/wp\/v2\/pages\/8217\/revisions"}],"wp:attachment":[{"href":"https:\/\/steeluniversity.org\/es\/wp-json\/wp\/v2\/media?parent=8217"}],"curies":[{"name":"wp","href":"https:\/\/api.w.org\/{rel}","templated":true}]}}