{"id":8304,"date":"2016-09-05T23:44:18","date_gmt":"2016-09-05T21:44:18","guid":{"rendered":"\/\/steeluniversity.org\/?page_id=8304&#038;lang=es"},"modified":"2021-04-21T19:17:36","modified_gmt":"2021-04-21T19:17:36","slug":"lesson-example","status":"publish","type":"page","link":"https:\/\/steeluniversity.org\/es\/juego\/steelbusiness\/lesson-example\/","title":{"rendered":"Objetivos de Aprendizaje"},"content":{"rendered":"<div class=\"wpb-content-wrapper\"><p>[vc_row][vc_column][vc_column_text]<\/p>\n<h1>Objetivos de Aprendizaje<\/h1>\n<p>[\/vc_column_text][vc_empty_space][vc_column_text]<\/p>\n<h3>steelBusiness les permite a los estudiantes aprender a administrar finanzas mientras compiten en un mercado virtual.<\/h3>\n<p>[\/vc_column_text][vc_empty_space][vc_single_image image=&#8221;20714&#8243; img_size=&#8221;full&#8221;][vc_empty_space][vc_column_text]<\/p>\n<ul>\n<li>Definir los conceptos financieros clave necesarios para operar una empresa sider\u00fargica;<\/li>\n<li>Analizar el impacto de las decisiones comerciales sobre el desempe\u00f1o financiero;<\/li>\n<li>Aplicar una estrategia comercial en un mercado competitivo; y<\/li>\n<li>Evaluar c\u00f3mo los competidores pueden afectar los resultados comerciales.<\/li>\n<\/ul>\n<p>[\/vc_column_text][vc_empty_space][vc_separator][vc_empty_space][vc_column_text]<\/p>\n<h1>Ejemplo de Lecci\u00f3n<\/h1>\n<p>[\/vc_column_text][vc_empty_space][vc_column_text]<\/p>\n<h4>Los conceptos te\u00f3ricos se explican con videos cortos en lenguaje sencillo y utilizando ejemplos del mundo real de la industria del acero.<\/h4>\n<p>[\/vc_column_text][vc_empty_space][vc_column_text]<video class=\"videos\" style=\"border: 1px solid #999;\" poster=\"https:\/\/content.steeluniversity.org\/landing\/video\/lesson-example.png\" controls=\"controls\" width=\"100%\" height=\"100%\"><source type=\"video\/mp4\" src=\"https:\/\/content.steeluniversity.org\/landing\/video\/lesson-example.mp4\" \/><source type=\"video\/webm\" src=\"https:\/\/content.steeluniversity.org\/landing\/video\/lesson-example.webm\" \/><\/video>[\/vc_column_text][vc_empty_space][vc_column_text]<\/p>\n<div class=\"wpb_text_column wpb_content_element \">\n<div class=\"wpb_wrapper\">\n<h1>Antecedentes y Temas Cubiertos<\/h1>\n<\/div>\n<\/div>\n<p>[\/vc_column_text][vc_empty_space][vc_column_text]<\/p>\n<h3>steelBusiness es una herramienta de aprendizaje para motivar a los estudiantes a saber m\u00e1s sobre la gesti\u00f3n financiera. steelBusiness se basa en la filosof\u00eda de  &#8220;aprender haciendo&#8221;: el aprendizaje debe ser relevante y pr\u00e1ctico, no solo pasivo y te\u00f3rico.<\/h3>\n<p>[\/vc_column_text][vc_empty_space][vc_column_text]<br \/>\nLos estudiantes deben manejar un negocio exitosamente en un entorno virtual. Se introducir\u00e1n progresivamente en conceptos b\u00e1sicos descubriendo c\u00f3mo se aplican los principios, las herramientas y los indicadores financieros.<\/p>\n<p>Algunos de los temas cubiertos son:<\/p>\n<ul>\n<li>Hoja de balance<\/li>\n<li>Activos Actuales vs Activos Fijos<\/li>\n<li>Cuentas por Cobrar y Cuentas por Pagar<\/li>\n<li>Capital de Trabajo<\/li>\n<li>Depreciaci\u00f3n<\/li>\n<li>Estado de Resultados<\/li>\n<li>Costos Variables y Fijos<\/li>\n<li>Ganancias Retenidas<\/li>\n<li>Punto de Equilibrio de An\u00e1lisis<\/li>\n<li>Mediciones de Rendimiento y Tasas<\/li>\n<li>Intereses y Pr\u00e9stamos<\/li>\n<li>Flujo de Efectivo vs Ganancias<\/li>\n<\/ul>\n<p>No se requiere conocimiento previo de gesti\u00f3n financiera para tomar estas lecciones.<\/p>\n<p>steelBusiness en Equipo permite al facilitador personalizar los par\u00e1metros de la sesi\u00f3n para establecer diferentes escenarios y adaptarse a las necesidades de aprendizaje de la empresa.[\/vc_column_text][vc_empty_space][vc_separator][vc_empty_space][vc_column_text]<\/p>\n<h4 style=\"text-align: center !important;\">Descubre c\u00f3mo steelBusiness puede mejorar la capacitaci\u00f3n financiera<\/h4>\n<p>[\/vc_column_text][vc_empty_space][vc_column_text]<\/p>\n<p style=\"text-align: center;\"><a class=\"su-btn-primary\" href=\"https:\/\/steeluniversity.org\/es\/juego\/steelbusiness\/obten-steelbusiness\/\">Obtener steelBusiness<\/a><\/p>\n<p>[\/vc_column_text][\/vc_column][\/vc_row][vc_column][\/vc_column]<\/p>\n<\/div>","protected":false},"excerpt":{"rendered":"<p>[vc_row][vc_column][vc_column_text] Objetivos de Aprendizaje [\/vc_column_text][vc_empty_space][vc_column_text] steelBusiness les permite a los estudiantes aprender a administrar finanzas mientras compiten en un mercado virtual. [\/vc_column_text][vc_empty_space][vc_single_image image=&#8221;20714&#8243; img_size=&#8221;full&#8221;][vc_empty_space][vc_column_text] Definir&hellip;<\/p>\n","protected":false},"author":2,"featured_media":0,"parent":7906,"menu_order":1,"comment_status":"closed","ping_status":"closed","template":"","meta":{"footnotes":""},"class_list":["post-8304","page","type-page","status-publish","hentry"],"aioseo_notices":[],"_links":{"self":[{"href":"https:\/\/steeluniversity.org\/es\/wp-json\/wp\/v2\/pages\/8304","targetHints":{"allow":["GET"]}}],"collection":[{"href":"https:\/\/steeluniversity.org\/es\/wp-json\/wp\/v2\/pages"}],"about":[{"href":"https:\/\/steeluniversity.org\/es\/wp-json\/wp\/v2\/types\/page"}],"author":[{"embeddable":true,"href":"https:\/\/steeluniversity.org\/es\/wp-json\/wp\/v2\/users\/2"}],"replies":[{"embeddable":true,"href":"https:\/\/steeluniversity.org\/es\/wp-json\/wp\/v2\/comments?post=8304"}],"version-history":[{"count":0,"href":"https:\/\/steeluniversity.org\/es\/wp-json\/wp\/v2\/pages\/8304\/revisions"}],"up":[{"embeddable":true,"href":"https:\/\/steeluniversity.org\/es\/wp-json\/wp\/v2\/pages\/7906"}],"wp:attachment":[{"href":"https:\/\/steeluniversity.org\/es\/wp-json\/wp\/v2\/media?parent=8304"}],"curies":[{"name":"wp","href":"https:\/\/api.w.org\/{rel}","templated":true}]}}