{"id":86670,"date":"2018-12-05T16:05:53","date_gmt":"2018-12-05T16:05:53","guid":{"rendered":"https:\/\/steeluniversity.org\/steelchallenge-18-es\/steelchallenge-18-faculty-advisors\/"},"modified":"2024-02-20T19:35:01","modified_gmt":"2024-02-20T19:35:01","slug":"steelchallenge-18-faculty-advisors","status":"publish","type":"page","link":"https:\/\/steeluniversity.org\/es\/steelchallenge-18-es\/steelchallenge-18-faculty-advisors\/","title":{"rendered":"Asesores Docentes de steelChallenge-18"},"content":{"rendered":"<div class=\"wpb-content-wrapper\"><p>[vc_row][vc_column][vc_column_text]<\/p>\n<h1>Asesores Docentes de los Campeones Regionales de <strong>steel<\/strong>Challenge-18<\/h1>\n<p>[\/vc_column_text][\/vc_column][\/vc_row][vc_row equal_height=&#8221;yes&#8221; content_placement=&#8221;middle&#8221;][vc_column width=&#8221;2\/3&#8243;][vc_empty_space][vc_column_text]<strong>Jana\u00edna Gon\u00e7alves Maria Da Silva Machado<\/strong> <strong>Universidade Federal do Cear\u00e1 <\/strong><strong>Profesora asesora de Jo\u00e3o Pedro TABOSA, Campe\u00f3n Regional \u2013 Am\u00e9ricas \/ Brasil<\/strong>[\/vc_column_text][vc_empty_space][\/vc_column][vc_column width=&#8221;1\/3&#8243;][vc_single_image image=&#8221;76288&#8243; img_size=&#8221;full&#8221; alignment=&#8221;center&#8221;][\/vc_column][vc_column][vc_separator][\/vc_column][\/vc_row][vc_row equal_height=&#8221;yes&#8221; content_placement=&#8221;middle&#8221;][vc_column width=&#8221;2\/3&#8243;][vc_empty_space][vc_column_text]<strong>Dr. Ashok Kamaraj<\/strong> <strong>Profesor del Instituto Indio de Tecnolog\u00eda &#8211; Hyderabad <\/strong><strong>Profesor asesor de Srinivasan D, Campe\u00f3n Regional \u2013 Asia \u2013 Oeste \/ India<\/strong> &quot;steelChallenge es una plataforma innovadora introducida por steeluniversity que despierta el inter\u00e9s de los estudiantes por aprender sobre los procesos de fabricaci\u00f3n del acero&quot;.[\/vc_column_text][vc_empty_space][\/vc_column][vc_column width=&#8221;1\/3&#8243;][vc_single_image image=&#8221;86616&#8243; img_size=&#8221;full&#8221; alignment=&#8221;center&#8221;][\/vc_column][vc_column][vc_separator][\/vc_column][\/vc_row][vc_row equal_height=&#8221;yes&#8221; content_placement=&#8221;middle&#8221;][vc_column width=&#8221;2\/3&#8243;][vc_empty_space][vc_column_text]<strong>Nie Jingang (\u8042\u9756\u6602)<\/strong> <strong>Escuela T\u00e9cnica y Vocacional de Ciencia y Tecnolog\u00eda de Tangshan<\/strong> <strong>Profesor asesor de Cheng Jun HAN (\u57ce\u4fca\u97e9), Campe\u00f3n Regional \u2013 Asia Norte\/China<\/strong>[\/vc_column_text][vc_empty_space][\/vc_column][vc_column width=&#8221;1\/3&#8243;][vc_single_image image=&#8221;86619&#8243; img_size=&#8221;full&#8221; alignment=&#8221;center&#8221;][\/vc_column][vc_column][vc_separator][\/vc_column][\/vc_row][vc_row equal_height=&#8221;yes&#8221; content_placement=&#8221;middle&#8221;][vc_column width=&#8221;2\/3&#8243;][vc_empty_space][vc_column_text]<strong>YoungJo Kang<\/strong><strong>Universidad Dong-A <\/strong><strong>Profesor asesor de Ji Hyeok LEE, Campe\u00f3n Regional \u2013 Asia \u2013 Este y Ocean\u00eda\/Corea del Sur<\/strong> &quot;Conf\u00edo que la competencia steelChallenge es una gran oportunidad para que los estudiantes de ingenier\u00eda metal\u00fargica comprendan profundamente el proceso de fabricaci\u00f3n del acero y apliquen diversas teor\u00edas aprendidas en clase&quot;.[\/vc_column_text][vc_empty_space][\/vc_column][vc_column width=&#8221;1\/3&#8243;][vc_single_image image=&#8221;86599&#8243; img_size=&#8221;full&#8221; alignment=&#8221;center&#8221;][\/vc_column][vc_column][vc_separator][\/vc_column][\/vc_row][vc_row][vc_column][vc_empty_space][vc_column_text]<\/p>\n<p style=\"text-align: center;\"><strong>steel<\/strong> Challenge-18 cuenta con el generoso patrocinio de las siguientes empresas:<\/p>\n<p>[\/vc_column_text][vc_empty_space][vc_row_inner][vc_column_inner width=&#8221;1\/4&#8243;][vc_single_image image=&#8221;78274&#8243; img_size=&#8221;220&#215;165&#8243; alignment=&#8221;center&#8221;][\/vc_column_inner][vc_column_inner width=&#8221;1\/4&#8243;][vc_single_image image=&#8221;78277&#8243; img_size=&#8221;220&#215;165&#8243; alignment=&#8221;center&#8221;][\/vc_column_inner][vc_column_inner width=&#8221;1\/4&#8243;][vc_single_image image=&#8221;78765&#8243; img_size=&#8221;220&#215;165&#8243; alignment=&#8221;center&#8221;][\/vc_column_inner][vc_column_inner width=&#8221;1\/4&#8243;][vc_single_image image=&#8221;78353&#8243; img_size=&#8221;220&#215;165&#8243; alignment=&#8221;center&#8221;][\/vc_column_inner][\/vc_row_inner][vc_row_inner][vc_column_inner width=&#8221;1\/4&#8243;][vc_single_image image=&#8221;56826&#8243; img_size=&#8221;160&#215;120&#8243; alignment=&#8221;center&#8221;][\/vc_column_inner][vc_column_inner width=&#8221;1\/4&#8243;][vc_single_image image=&#8221;57263&#8243; img_size=&#8221;160&#215;120&#8243; alignment=&#8221;center&#8221;][\/vc_column_inner][vc_column_inner width=&#8221;1\/4&#8243;][vc_single_image image=&#8221;70136&#8243; img_size=&#8221;160&#215;120&#8243; alignment=&#8221;center&#8221;][\/vc_column_inner][vc_column_inner width=&#8221;1\/4&#8243;][vc_single_image image=&#8221;78551&#8243; img_size=&#8221;160&#215;120&#8243; alignment=&#8221;center&#8221;][\/vc_column_inner][\/vc_row_inner][vc_row_inner][vc_column_inner width=&#8221;1\/4&#8243;][vc_single_image image=&#8221;82097&#8243; img_size=&#8221;160&#215;120&#8243; alignment=&#8221;center&#8221;][\/vc_column_inner][vc_column_inner width=&#8221;1\/4&#8243;][vc_single_image image=&#8221;82100&#8243; img_size=&#8221;160&#215;120&#8243; alignment=&#8221;center&#8221;][\/vc_column_inner][vc_column_inner width=&#8221;1\/4&#8243;][vc_single_image image=&#8221;84065&#8243; img_size=&#8221;160&#215;120&#8243; alignment=&#8221;center&#8221;][\/vc_column_inner][vc_column_inner width=&#8221;1\/4&#8243;][vc_single_image image=&#8221;85265&#8243; img_size=&#8221;160&#215;120&#8243; alignment=&#8221;center&#8221;][\/vc_column_inner][\/vc_row_inner][vc_row_inner][vc_column_inner width=&#8221;1\/4&#8243;][vc_single_image image=&#8221;82106&#8243; img_size=&#8221;160&#215;120&#8243; alignment=&#8221;center&#8221;][\/vc_column_inner][vc_column_inner width=&#8221;1\/4&#8243;][vc_single_image image=&#8221;82103&#8243; img_size=&#8221;160&#215;120&#8243; alignment=&#8221;center&#8221;][\/vc_column_inner][vc_column_inner width=&#8221;1\/4&#8243;][\/vc_column_inner][vc_column_inner width=&#8221;1\/4&#8243;][\/vc_column_inner][\/vc_row_inner][\/vc_column][\/vc_row][vc_row][vc_column][\/vc_column][\/vc_row]<\/p>\n<\/div>","protected":false},"excerpt":{"rendered":"<p>[vc_row][vc_column][vc_column_text] Asesores Docentes de los Campeones Regionales de steelChallenge-18 [\/vc_column_text][\/vc_column][\/vc_row][vc_row equal_height=&#8221;yes&#8221; content_placement=&#8221;middle&#8221;][vc_column width=&#8221;2\/3&#8243;][vc_empty_space][vc_column_text]Jana\u00edna Gon\u00e7alves Maria Da Silva Machado Universidade Federal do Cear\u00e1 Profesora asesora de&hellip;<\/p>\n","protected":false},"author":85374,"featured_media":0,"parent":70156,"menu_order":0,"comment_status":"closed","ping_status":"closed","template":"","meta":{"footnotes":""},"class_list":["post-86670","page","type-page","status-publish","hentry"],"aioseo_notices":[],"_links":{"self":[{"href":"https:\/\/steeluniversity.org\/es\/wp-json\/wp\/v2\/pages\/86670","targetHints":{"allow":["GET"]}}],"collection":[{"href":"https:\/\/steeluniversity.org\/es\/wp-json\/wp\/v2\/pages"}],"about":[{"href":"https:\/\/steeluniversity.org\/es\/wp-json\/wp\/v2\/types\/page"}],"author":[{"embeddable":true,"href":"https:\/\/steeluniversity.org\/es\/wp-json\/wp\/v2\/users\/85374"}],"replies":[{"embeddable":true,"href":"https:\/\/steeluniversity.org\/es\/wp-json\/wp\/v2\/comments?post=86670"}],"version-history":[{"count":0,"href":"https:\/\/steeluniversity.org\/es\/wp-json\/wp\/v2\/pages\/86670\/revisions"}],"up":[{"embeddable":true,"href":"https:\/\/steeluniversity.org\/es\/wp-json\/wp\/v2\/pages\/70156"}],"wp:attachment":[{"href":"https:\/\/steeluniversity.org\/es\/wp-json\/wp\/v2\/media?parent=86670"}],"curies":[{"name":"wp","href":"https:\/\/api.w.org\/{rel}","templated":true}]}}