{"id":87889,"date":"2024-07-24T00:00:32","date_gmt":"2024-07-24T00:00:32","guid":{"rendered":"https:\/\/steeluniversity.org\/steelchallenge-19\/"},"modified":"2025-05-30T23:20:31","modified_gmt":"2025-05-30T23:20:31","slug":"steelchallenge-19es","status":"publish","type":"page","link":"https:\/\/steeluniversity.org\/es\/steelchallenge-19es\/","title":{"rendered":"steelChallenge-19"},"content":{"rendered":"<div class=\"wpb-content-wrapper\"><p>[vc_row][vc_column][vc_column_text]<\/p>\n<h1><b>steel<\/b>Challenge-19<\/h1>\n<p>[\/vc_column_text][\/vc_column][\/vc_row][vc_row][vc_column width=&#8221;2\/3&#8243;][vc_row_inner][vc_column_inner][vc_column_text css=&#8221;&#8221;]<\/p>\n<h3><span style=\"font-weight: 500;\">steel<\/span>Challenge es un programa de aprendizaje combinado basado en juegos, reconocido por la comunidad global del acero como la competencia preeminente para involucrar a estudiantes y profesionales de la industria en la demostraci\u00f3n de su habilidad para fabricar acero con la mejor calidad al menor costo.<\/h3>\n<p>[\/vc_column_text][vc_single_image image=&#8221;86953&#8243; img_size=&#8221;large&#8221; alignment=&#8221;center&#8221;][\/vc_column_inner][\/vc_row_inner][vc_row_inner][vc_column_inner][vc_column_text css=&#8221;&#8221;]<\/p>\n<h2>El Desaf\u00edo<\/h2>\n<p>[\/vc_column_text][vc_column_text css=&#8221;&#8221;]<\/p>\n<h4><strong>steel<\/strong>Challenge-19 se llevar\u00e1 a cabo en dos rondas. El <strong>Campeonato Regional<\/strong> tendr\u00e1 lugar el <strong>26 de noviembre de 2024<\/strong> a partir de las 12:00 UTC. Los participantes tendr\u00e1n 24 horas para registrar ejecuciones exitosas en los simuladores de fabricaci\u00f3n de acero seleccionados.<\/h4>\n<p>[\/vc_column_text][vc_column_text css=&#8221;&#8221;]El campeonato regional atrae a miles de estudiantes que interact\u00faan con nuestros simuladores de fabricaci\u00f3n de acero, intentando producir el acero requerido al menor costo posible. Los <strong>ganadores<\/strong> de cada regi\u00f3n y categor\u00eda ser\u00e1n invitados al <strong>Campeonato Mundial<\/strong>, que generalmente se celebra durante la Reuni\u00f3n General Especial de world<strong>steel<\/strong>, brindando a los finalistas una oportunidad \u00fanica de reunirse con los principales fabricantes de acero del mundo.<\/p>\n<p>Los participantes que se inscriben en este programa de aprendizaje tienen acceso a nuestro <strong>Directorio de Soluciones de Aprendizaje<\/strong> para tomar cursos en l\u00ednea, asistir a clases magistrales en vivo, interactuar con modelos 3D y practicar en el simulador. Tambi\u00e9n hay talleres de formaci\u00f3n dedicados para los patrocinadores de alto nivel.<br \/>\n[\/vc_column_text][\/vc_column_inner][\/vc_row_inner][vc_row_inner][vc_column_inner][vc_empty_space][vc_separator][vc_empty_space][\/vc_column_inner][\/vc_row_inner][vc_row_inner][vc_column_inner][vc_column_text css=&#8221;&#8221;]<\/p>\n<h2>Categor\u00edas y Regiones<\/h2>\n<p>[\/vc_column_text][vc_single_image image=&#8221;87780&#8243; img_size=&#8221;full&#8221; alignment=&#8221;center&#8221; css=&#8221;&#8221;][\/vc_column_inner][\/vc_row_inner][vc_column_text css=&#8221;&#8221;]Los participantes competir\u00e1n en la categor\u00eda de <strong>estudiantes<\/strong> o en la categor\u00eda de la <strong>industria<\/strong> dentro de una de las <strong>cinco regiones<\/strong>:[\/vc_column_text][vc_row_inner][vc_column_inner width=&#8221;1\/5&#8243;][vc_column_text css=&#8221;&#8221;]<\/p>\n<p style=\"color: #fff; text-align: center; background-color: #d0202e; padding: 10px 5px; border-radius: 3px; font-size: 0.8em;\">Americas<\/p>\n<p>[\/vc_column_text][\/vc_column_inner][vc_column_inner width=&#8221;1\/5&#8243;][vc_column_text css=&#8221;&#8221;]<\/p>\n<p style=\"color: #fff; text-align: center; background-color: #f4c000; padding: 10px 5px; border-radius: 3px; font-size: 0.8em;\">Europe &amp; Africa<\/p>\n<p>[\/vc_column_text][\/vc_column_inner][vc_column_inner width=&#8221;1\/5&#8243;][vc_column_text css=&#8221;&#8221;]<\/p>\n<p style=\"color: #fff; text-align: center; background-color: #76a519; padding: 10px 5px; border-radius: 3px; font-size: 0.8em;\">Asia &#8211; West<\/p>\n<p>[\/vc_column_text][\/vc_column_inner][vc_column_inner width=&#8221;1\/5&#8243;][vc_column_text css=&#8221;&#8221;]<\/p>\n<p style=\"color: #fff; text-align: center; background-color: #707070; padding: 10px 5px; border-radius: 3px; font-size: 0.8em;\">Asia &#8211; North<\/p>\n<p>[\/vc_column_text][\/vc_column_inner][vc_column_inner width=&#8221;1\/5&#8243;][vc_column_text css=&#8221;&#8221;]<\/p>\n<p style=\"color: #fff; text-align: center; background-color: #841c80; padding: 10px 5px; border-radius: 3px; font-size: 0.8em;\">Asia &#8211; East &amp; Oceania<\/p>\n<p>[\/vc_column_text][\/vc_column_inner][\/vc_row_inner][vc_row_inner][vc_column_inner][vc_empty_space][vc_separator][vc_empty_space][\/vc_column_inner][\/vc_row_inner][vc_row_inner][vc_column_inner][vc_column_text css=&#8221;&#8221;]<\/p>\n<h2>Programa<\/h2>\n<p>[\/vc_column_text][\/vc_column_inner][\/vc_row_inner][vc_row_inner equal_height=&#8221;yes&#8221;][vc_column_inner width=&#8221;1\/12&#8243; offset=&#8221;vc_hidden-xs&#8221;][vc_column_text css=&#8221;&#8221; el_class=&#8221;bullet-num&#8221;]1[\/vc_column_text][\/vc_column_inner][vc_column_inner width=&#8221;1\/4&#8243; css=&#8221;.vc_custom_1725395180921{padding-right: 0px !important;padding-left: 0px !important;}&#8221;][vc_column_text css=&#8221;&#8221;]<\/p>\n<h3><i class=\"far fa-calendar-alt\"><\/i> 2 Sep, 2024<br \/>\n<strong><span style=\"color: #d0202e;\">Apertura<br \/>\nInscripci\u00f3n<\/span><\/strong><\/h3>\n<p>[\/vc_column_text][vc_column_text css=&#8221;&#8221;]El registro se realiza en <strong>steel<\/strong> university.org y otorga acceso a simulaciones, modelos 3D, cursos de aprendizaje electr\u00f3nico, tutoriales en v\u00eddeo, foro y mesa de soporte.[\/vc_column_text][\/vc_column_inner][vc_column_inner width=&#8221;1\/12&#8243; offset=&#8221;vc_hidden-xs&#8221;][vc_column_text css=&#8221;&#8221; el_class=&#8221;bullet-num&#8221;]2[\/vc_column_text][\/vc_column_inner][vc_column_inner width=&#8221;1\/4&#8243; css=&#8221;.vc_custom_1725395188221{padding-right: 0px !important;padding-left: 0px !important;}&#8221;][vc_column_text css=&#8221;&#8221;]<\/p>\n<h3><i class=\"far fa-chalkboard-teacher\"><\/i> 25 Sep, 2024<br \/>\n<strong><span style=\"color: #d0202e;\">Tutorial de<br \/>\nsimulaci\u00f3n de EAF<\/span><\/strong><\/h3>\n<p>[\/vc_column_text][vc_column_text css=&#8221;&#8221;]<strong>Clase magistral<\/strong> de 1 hora impartida para expertos industriales. La clase se graba con subt\u00edtulos en ingl\u00e9s y espa\u00f1ol.[\/vc_column_text][\/vc_column_inner][vc_column_inner width=&#8221;1\/12&#8243; offset=&#8221;vc_hidden-xs&#8221;][vc_column_text css=&#8221;&#8221; el_class=&#8221;bullet-num&#8221;]3[\/vc_column_text][\/vc_column_inner][vc_column_inner width=&#8221;1\/4&#8243; css=&#8221;.vc_custom_1725395197079{padding-right: 0px !important;padding-left: 0px !important;}&#8221;][vc_column_text css=&#8221;&#8221;]<\/p>\n<h3><i class=\"far fa-chalkboard-teacher\"><\/i> 16 Oct, 2024 <strong><span style=\"color: #d0202e;\">Operaci\u00f3n sustentable del EAF<\/span><\/strong><\/h3>\n<p>[\/vc_column_text][vc_column_text css=&#8221;&#8221;]<strong>Clase magistral<\/strong> de 1 hora impartida para expertos industriales. La clase se graba con subt\u00edtulos en ingl\u00e9s y espa\u00f1ol.[\/vc_column_text][\/vc_column_inner][\/vc_row_inner][vc_row_inner equal_height=&#8221;yes&#8221;][vc_column_inner width=&#8221;1\/12&#8243; offset=&#8221;vc_hidden-xs&#8221;][vc_column_text css=&#8221;&#8221; el_class=&#8221;bullet-num&#8221;]4[\/vc_column_text][\/vc_column_inner][vc_column_inner width=&#8221;1\/4&#8243; css=&#8221;.vc_custom_1725395205708{padding-right: 0px !important;padding-left: 0px !important;}&#8221;][vc_column_text css=&#8221;&#8221;]<\/p>\n<h3><i class=\"far fa-chalkboard-teacher\"><\/i> 13 Nov, 2024<br \/>\n<strong><span style=\"color: #d0202e;\">Tendencias en<br \/>\ntecnolog\u00edas de EAF<\/span><\/strong><\/h3>\n<p>[\/vc_column_text][vc_column_text css=&#8221;&#8221;]<strong>Clase magistral<\/strong> de 1 hora impartida para expertos industriales. La clase se graba con subt\u00edtulos en ingl\u00e9s y espa\u00f1ol.[\/vc_column_text][\/vc_column_inner][vc_column_inner width=&#8221;1\/12&#8243; offset=&#8221;vc_hidden-xs&#8221;][vc_column_text css=&#8221;&#8221; el_class=&#8221;bullet-num&#8221;]5[\/vc_column_text][\/vc_column_inner][vc_column_inner width=&#8221;1\/4&#8243; css=&#8221;.vc_custom_1725395214134{padding-right: 0px !important;padding-left: 0px !important;}&#8221;][vc_column_text css=&#8221;&#8221;]<\/p>\n<h3><i class=\"fa-regular fa-ranking-star\"><\/i> 26 Nov, 2024<br \/>\n<strong><span style=\"color: #d0202e;\">Campeonato<br \/>\nRegional<\/span><\/strong><\/h3>\n<p>[\/vc_column_text][vc_column_text css=&#8221;&#8221;]Los participantes tendr\u00e1n <strong>24 horas<\/strong> para registrar ejecuciones exitosas de los simuladores de fabricaci\u00f3n de acero elegidos.[\/vc_column_text][\/vc_column_inner][vc_column_inner width=&#8221;1\/12&#8243; offset=&#8221;vc_hidden-xs&#8221;][vc_column_text css=&#8221;&#8221; el_class=&#8221;bullet-num&#8221;]6[\/vc_column_text][\/vc_column_inner][vc_column_inner width=&#8221;1\/4&#8243; css=&#8221;.vc_custom_1725395222605{padding-right: 0px !important;padding-left: 0px !important;}&#8221;][vc_column_text css=&#8221;&#8221;]<\/p>\n<h3><i class=\"fa-kit fa-sc19\"><\/i> Abril, 2025<br \/>\n<strong><span style=\"color: #d0202e;\">Campeonato<br \/>\nMundial<\/span><\/strong><\/h3>\n<p>[\/vc_column_text][vc_column_text css=&#8221;&#8221;]Habr\u00e1 <strong>10 clasificados<\/strong> para el Campeonato Mundial. Los clasificados incluyen a los ganadores estudiantes e industriales de cada regi\u00f3n.[\/vc_column_text][\/vc_column_inner][\/vc_row_inner][vc_row_inner][vc_column_inner][vc_empty_space][vc_separator][vc_empty_space][\/vc_column_inner][\/vc_row_inner][vc_row_inner css=&#8221;.vc_custom_1715174951774{padding-right: 20px !important;padding-left: 20px !important;background-color: #f6f6f6 !important;border-radius: 20px !important;}&#8221;][vc_column_inner][vc_column_text css=&#8221;&#8221;]<\/p>\n<h2 id=\"newsletter\"><strong>steel<\/strong>Challenge Newsletter<\/h2>\n<p>Recibe las \u00faltimas noticias suscribi\u00e9ndote al bolet\u00edn de <b>steel<\/b>Challenge.[\/vc_column_text][vc_column_text]\n\t\t\t<form id=\"sib_signup_form_11\" method=\"post\" class=\"sib_signup_form\">\n\t\t\t\t<div class=\"sib_loader\" style=\"display:none;\"><img\n\t\t\t\t\t\t\tsrc=\"https:\/\/steeluniversity.org\/wp-includes\/images\/spinner.gif\" alt=\"loader\"><\/div>\n\t\t\t\t<input type=\"hidden\" name=\"sib_form_action\" value=\"subscribe_form_submit\">\n\t\t\t\t<input type=\"hidden\" name=\"sib_form_id\" value=\"11\">\n                <input type=\"hidden\" name=\"sib_form_alert_notice\" value=\"Please fill out this field\">\n                <input type=\"hidden\" name=\"sib_form_invalid_email_notice\" value=\"Your email address is invalid\">\n                <input type=\"hidden\" name=\"sib_security\" value=\"0ef5751fda\">\n\t\t\t\t<div class=\"sib_signup_box_inside_11\">\n\t\t\t\t\t<div style=\"\/*display:none*\/\" class=\"sib_msg_disp\">\n\t\t\t\t\t<\/div>\n                    \t\t\t\t\t\r\n\r\n\r\n    <style>\r\n        .form-container {\r\n            text-align: center;\r\n        }\r\n\r\n        .form-container p {\r\n            display: flex;\r\n            justify-content: center;\r\n            align-items: center;\r\n            margin: 10px 0;\r\n        }\r\n\r\n        .form-container label, \r\n        .form-container input {\r\n            margin: 5px;\r\n        }\r\n\r\n        .form-container input[type=\"email\"],\r\n        .form-container input[type=\"text\"] {\r\n            width: 100%;\r\n        }\r\n\r\n        .form-container input[type=\"submit\"] {\r\n            width: auto;\r\n        }\r\n\r\n        .form-container small {\r\n            display: block;\r\n            text-align: center;\r\n            margin-top: 10px;\r\n        }\r\n    <\/style>\r\n\r\n\r\n    <div class=\"form-container\">\r\n        \r\n            <p class=\"sib-email-area\">\r\n                <label class=\"sib-email-area\">*<\/label>\r\n                <input type=\"email\" class=\"sib-email-area\" name=\"email\" placeholder=\"Email Address\" required=\"required\">\r\n            <\/p>\r\n            <p class=\"sib-FIRSTNAME-area\"> \r\n                <label class=\"sib-FIRSTNAME-area\">*<\/label> \r\n                <input type=\"text\" class=\"sib-FIRSTNAME-area\" name=\"FIRSTNAME\" placeholder=\"First Name\" required=\"required\"> \r\n                <label class=\"sib-LASTNAME-area\">*<\/label> \r\n                <input type=\"text\" class=\"sib-LASTNAME-area\" name=\"LASTNAME\" placeholder=\"Last Name\" required=\"required\"> \r\n            <\/p>\r\n            <p class=\"sib-email-area\">\r\n                <label class=\"sib-CATEGORY-area\">*<\/label> \r\n                <input type=\"text\" class=\"sib-CATEGORY-area\" name=\"CATEGORY\" placeholder=\"Student or Industry\" required=\"required\"> \r\n                <label class=\"sib-ORGANISATION-area\">*<\/label>    \r\n                <input type=\"text\" class=\"sib-ORGANISATION-area\" name=\"ORGANISATION\" placeholder=\"Company or University\"> \r\n            <\/p>\r\n            <p>\r\n                <input type=\"submit\" class=\"sib-default-btn\" value=\"Subscribe\">\r\n            <\/p>\r\n            <p>\r\n                <small>Your e-mail address is only used to send you our newsletter about the activities of steeluniversity. You can always use the unsubscribe link included in the newsletter. By clicking Subscribe, you agree to our <a href=\"https:\/\/www.worldsteel.org\/global\/terms-of-use.html\">Terms<\/a> and that you have read our <a href=\"https:\/\/www.worldsteel.org\/global\/privacy-policy.html\">Privacy Policy<\/a>, including our <a href=\"https:\/\/www.worldsteel.org\/global\/privacy-policy.html\">cookie use<\/a>.<\/small>\r\n            <\/p>\r\n        \r\n    <\/div>\r\n\r\n\r\n\t\t\t\t<\/div>\n\t\t\t<\/form>\n\t\t\t<style>\n\t\t\t\tform#sib_signup_form_11 p.sib-alert-message {\n    padding: 6px 12px;\n    margin-bottom: 20px;\n    border: 1px solid transparent;\n    border-radius: 4px;\n    -webkit-box-sizing: border-box;\n    -moz-box-sizing: border-box;\n    box-sizing: border-box;\n}\nform#sib_signup_form_11 p.sib-alert-message-error {\n    background-color: #f2dede;\n    border-color: #ebccd1;\n    color: #a94442;\n}\nform#sib_signup_form_11 p.sib-alert-message-success {\n    background-color: #dff0d8;\n    border-color: #d6e9c6;\n    color: #3c763d;\n}\nform#sib_signup_form_11 p.sib-alert-message-warning {\n    background-color: #fcf8e3;\n    border-color: #faebcc;\n    color: #8a6d3b;\n}\n\t\t\t<\/style>\n\t\t\t[\/vc_column_text][\/vc_column_inner][\/vc_row_inner][vc_row_inner][vc_column_inner][vc_empty_space][vc_separator][vc_empty_space][\/vc_column_inner][\/vc_row_inner][vc_row_inner][vc_column_inner][vc_empty_space height=&#8221;64px&#8221;][vc_column_text css=&#8221;&#8221;]<\/p>\n<div class=\"wpb_text_column wpb_content_element \">\n<div class=\"wpb_wrapper\">\n<p style=\"text-align: center;\"><strong>steel<\/strong>Challenge-19 es generosamente patrocinado por las siguientes empresas:<\/p>\n<\/div>\n<\/div>\n<p>[\/vc_column_text][\/vc_column_inner][\/vc_row_inner][vc_row_inner content_placement=&#8221;middle&#8221;][vc_column_inner width=&#8221;1\/3&#8243;][vc_single_image image=&#8221;78274&#8243; img_size=&#8221;220&#215;100&#8243; alignment=&#8221;center&#8221; css=&#8221;&#8221;][\/vc_column_inner][vc_column_inner width=&#8221;1\/3&#8243;][vc_single_image image=&#8221;78277&#8243; img_size=&#8221;220&#215;100&#8243; alignment=&#8221;center&#8221; css=&#8221;&#8221;][\/vc_column_inner][vc_column_inner width=&#8221;1\/3&#8243;][vc_single_image image=&#8221;87784&#8243; img_size=&#8221;220&#215;100&#8243; alignment=&#8221;center&#8221; css=&#8221;&#8221;][\/vc_column_inner][\/vc_row_inner][vc_row_inner equal_height=&#8221;yes&#8221; content_placement=&#8221;middle&#8221;][vc_column_inner width=&#8221;1\/3&#8243;][vc_single_image image=&#8221;57263&#8243; img_size=&#8221;220&#215;100&#8243; alignment=&#8221;center&#8221; css=&#8221;&#8221;][\/vc_column_inner][vc_column_inner width=&#8221;1\/3&#8243;][vc_single_image image=&#8221;78353&#8243; img_size=&#8221;220&#215;100&#8243; alignment=&#8221;center&#8221; css=&#8221;&#8221;][\/vc_column_inner][vc_column_inner width=&#8221;1\/3&#8243;][vc_single_image image=&#8221;86890&#8243; img_size=&#8221;220&#215;100&#8243; alignment=&#8221;center&#8221; css=&#8221;&#8221;][\/vc_column_inner][\/vc_row_inner][vc_row_inner equal_height=&#8221;yes&#8221; content_placement=&#8221;middle&#8221;][vc_column_inner width=&#8221;1\/4&#8243;][vc_single_image image=&#8221;56826&#8243; img_size=&#8221;160&#215;100&#8243; alignment=&#8221;center&#8221; css=&#8221;&#8221;][\/vc_column_inner][vc_column_inner width=&#8221;1\/4&#8243;][vc_single_image image=&#8221;78551&#8243; img_size=&#8221;160&#215;100&#8243; alignment=&#8221;center&#8221; css=&#8221;&#8221;][\/vc_column_inner][vc_column_inner width=&#8221;1\/4&#8243;][vc_single_image image=&#8221;98193&#8243; img_size=&#8221;160&#215;100&#8243; alignment=&#8221;center&#8221; css=&#8221;&#8221;][\/vc_column_inner][vc_column_inner width=&#8221;1\/4&#8243;][vc_single_image image=&#8221;82100&#8243; img_size=&#8221;160&#215;100&#8243; alignment=&#8221;center&#8221; css=&#8221;&#8221;][\/vc_column_inner][\/vc_row_inner][vc_row_inner equal_height=&#8221;yes&#8221; content_placement=&#8221;middle&#8221;][vc_column_inner width=&#8221;1\/5&#8243;][vc_single_image image=&#8221;82097&#8243; img_size=&#8221;160&#215;100&#8243; alignment=&#8221;center&#8221; css=&#8221;&#8221;][\/vc_column_inner][vc_column_inner width=&#8221;1\/5&#8243;][vc_single_image image=&#8221;84065&#8243; img_size=&#8221;160&#215;100&#8243; alignment=&#8221;center&#8221; css=&#8221;&#8221;][\/vc_column_inner][vc_column_inner width=&#8221;1\/5&#8243;][vc_single_image image=&#8221;85265&#8243; img_size=&#8221;160&#215;100&#8243; alignment=&#8221;center&#8221; css=&#8221;&#8221;][\/vc_column_inner][vc_column_inner width=&#8221;1\/5&#8243;][vc_single_image image=&#8221;82106&#8243; img_size=&#8221;160&#215;100&#8243; alignment=&#8221;center&#8221; css=&#8221;&#8221;][\/vc_column_inner][vc_column_inner width=&#8221;1\/5&#8243;][vc_single_image image=&#8221;82103&#8243; img_size=&#8221;160&#215;100&#8243; alignment=&#8221;center&#8221; css=&#8221;&#8221;][\/vc_column_inner][\/vc_row_inner][\/vc_column][vc_column width=&#8221;1\/3&#8243; el_class=&#8221;sc-sidebar&#8221;][vc_row_inner el_class=&#8221;widget&#8221; css=&#8221;.vc_custom_1722435367673{padding-right: 0px !important;padding-left: 0px !important;}&#8221;][vc_column_inner css=&#8221;.vc_custom_1722435521610{margin-right: 0px !important;margin-left: 0px !important;padding-right: 0px !important;padding-left: 0px !important;}&#8221;][vc_wp_custommenu nav_menu=&#8221;801&#8243; el_class=&#8221;side-menu&#8221;][\/vc_column_inner][\/vc_row_inner][\/vc_column][\/vc_row]<\/p>\n<\/div>","protected":false},"excerpt":{"rendered":"<p>[vc_row][vc_column][vc_column_text] steelChallenge-19 [\/vc_column_text][\/vc_column][\/vc_row][vc_row][vc_column width=&#8221;2\/3&#8243;][vc_row_inner][vc_column_inner][vc_column_text css=&#8221;&#8221;] steelChallenge es un programa de aprendizaje combinado basado en juegos, reconocido por la comunidad global del acero como la competencia&hellip;<\/p>\n","protected":false},"author":85374,"featured_media":0,"parent":0,"menu_order":0,"comment_status":"closed","ping_status":"closed","template":"","meta":{"footnotes":""},"class_list":["post-87889","page","type-page","status-publish","hentry"],"aioseo_notices":[],"_links":{"self":[{"href":"https:\/\/steeluniversity.org\/es\/wp-json\/wp\/v2\/pages\/87889","targetHints":{"allow":["GET"]}}],"collection":[{"href":"https:\/\/steeluniversity.org\/es\/wp-json\/wp\/v2\/pages"}],"about":[{"href":"https:\/\/steeluniversity.org\/es\/wp-json\/wp\/v2\/types\/page"}],"author":[{"embeddable":true,"href":"https:\/\/steeluniversity.org\/es\/wp-json\/wp\/v2\/users\/85374"}],"replies":[{"embeddable":true,"href":"https:\/\/steeluniversity.org\/es\/wp-json\/wp\/v2\/comments?post=87889"}],"version-history":[{"count":0,"href":"https:\/\/steeluniversity.org\/es\/wp-json\/wp\/v2\/pages\/87889\/revisions"}],"wp:attachment":[{"href":"https:\/\/steeluniversity.org\/es\/wp-json\/wp\/v2\/media?parent=87889"}],"curies":[{"name":"wp","href":"https:\/\/api.w.org\/{rel}","templated":true}]}}