{"id":87905,"date":"2024-07-19T12:00:32","date_gmt":"2024-07-19T12:00:32","guid":{"rendered":"https:\/\/steeluniversity.org\/steelchallenge-19es\/communication-kit\/"},"modified":"2024-11-14T13:06:59","modified_gmt":"2024-11-14T13:06:59","slug":"communication-kit","status":"publish","type":"page","link":"https:\/\/steeluniversity.org\/es\/steelchallenge-19es\/communication-kit\/","title":{"rendered":"Kit de comunicaci\u00f3n"},"content":{"rendered":"<div class=\"wpb-content-wrapper\"><p>[vc_row][vc_column][vc_column_text css=&#8221;&#8221;]<\/p>\n<h1>Kit de Comunicaci\u00f3n<\/h1>\n<p>[\/vc_column_text][\/vc_column][\/vc_row][vc_row][vc_column width=&#8221;2\/3&#8243;][vc_row_inner][vc_column_inner][vc_single_image image=&#8221;87825&#8243; img_size=&#8221;full&#8221; alignment=&#8221;center&#8221; css=&#8221;&#8221;][vc_empty_space][\/vc_column_inner][\/vc_row_inner][vc_row_inner][vc_column_inner][vc_column_text css=&#8221;&#8221;]<strong>steel<\/strong>university agradece su apoyo para promover la participaci\u00f3n en <strong>steel<\/strong>Challenge-19 entre estudiantes y profesionales de la industria. Disponemos de un kit de comunicaciones que incluye carteles, logotipos e im\u00e1genes.<\/p>\n<p>Descarga el kit para imprimir un cartel y pegarlo en tablones de anuncios, a\u00f1ade un banner de <strong>steel<\/strong>Challenge a tu sitio web o intranet, env\u00eda correos electr\u00f3nicos con el logotipo de la competencia. <strong>\u00a1La elecci\u00f3n es tuya!<\/strong>[\/vc_column_text][\/vc_column_inner][\/vc_row_inner][vc_row_inner][vc_column_inner][vc_empty_space][vc_separator][vc_empty_space][\/vc_column_inner][\/vc_row_inner][vc_row_inner][vc_column_inner][vc_column_text css=&#8221;&#8221; el_class=&#8221;h-style-red&#8221;]<\/p>\n<h3>Logo<\/h3>\n<p>[\/vc_column_text][\/vc_column_inner][\/vc_row_inner][vc_row_inner content_placement=&#8221;top&#8221; el_class=&#8221;links-and-downloads&#8221;][vc_column_inner width=&#8221;1\/4&#8243;][vc_single_image image=&#8221;87807&#8243; alignment=&#8221;center&#8221; css=&#8221;&#8221;][\/vc_column_inner][vc_column_inner width=&#8221;3\/4&#8243;][vc_column_text css=&#8221;&#8221;]En esta secci\u00f3n encontrar\u00e1s varias variaciones del logotipo en rojo, negro y blanco, adecuadas para diferentes fondos y usos. Disponible en <strong>EN<\/strong> , <strong>ES<\/strong> , <strong>ZH-HANS<\/strong> , <strong>IT<\/strong> y <strong>PT-BR<\/strong> .<\/p>\n<p>\u00a1Descarga el archivo zip, descompr\u00edmelo y \u00fasalo![\/vc_column_text][vc_column_text css=&#8221;&#8221;]<\/p>\n<h4><strong>Regional Championship Logo<\/strong><\/h4>\n<p>[\/vc_column_text][vc_column_text css=&#8221;&#8221; el_class=&#8221;list-style&#8221;]<a class=\"d-block\" href=\"https:\/\/steeluniversity.org\/wp-content\/uploads\/2024\/09\/00.-sc-19_Regional_Logo2409EN.zip\" target=\"_blank\" rel=\"noopener\">EN | Regional Championship (Carpeta | ZIP | 342 KB)<\/a> <a class=\"d-block\" href=\"https:\/\/steeluniversity.org\/wp-content\/uploads\/2024\/09\/01.-sc-19_Regional_Logo2409ES.zip\" target=\"_blank\" rel=\"noopener\">ES | Campeonato Regional (Carpeta | ZIP | 346 KB)<\/a> <a class=\"d-block\" href=\"https:\/\/steeluniversity.org\/wp-content\/uploads\/2024\/09\/02.-sc-19_Regional_Logo2409CN-HANS.zip\" target=\"_blank\" rel=\"noopener\">ZH-HANS | \u5730\u533a\u9526\u6807\u8d5b (Carpeta | ZIP | 292 KB)<\/a> <a class=\"d-block\" href=\"https:\/\/steeluniversity.org\/wp-content\/uploads\/2024\/09\/03.-sc-19_Regional_Logo2409IT.zip\" target=\"_blank\" rel=\"noopener\">IT | Campionato Regionale (Carpeta | ZIP | 337 KB)<\/a> <a class=\"d-block\" href=\"https:\/\/steeluniversity.org\/wp-content\/uploads\/2024\/09\/04.-sc-19_Regional_Logo2409PT.zip\" target=\"_blank\" rel=\"noopener\">PT-BR | Campeonato Regional (Carpeta | ZIP | 356 KB)<\/a>[\/vc_column_text][vc_column_text css=&#8221;&#8221;]<\/p>\n<h4><strong>Sponsored Championships Logos<\/strong><\/h4>\n<p>[\/vc_column_text][vc_column_text css=&#8221;&#8221; el_class=&#8221;list-style&#8221;]<a class=\"d-block\" href=\"https:\/\/steeluniversity.org\/wp-content\/uploads\/2024\/09\/01.sc-19_Regional__Logo2409ITALY.zip\" target=\"_blank\" rel=\"noopener\">TI | Campionato Regionale patrocinado por DANIELI (Carpeta | PNG)<\/a> <a class=\"d-block\" href=\"https:\/\/steeluniversity.org\/wp-content\/uploads\/2024\/09\/03.sc-19_Regional__Logo2409SPAIN.zip\" target=\"_blank\" rel=\"noopener\">ES | Campeonato Regional patrocinado por UNESID (Carpeta | PNG)<\/a> <a class=\"d-block\" href=\"https:\/\/steeluniversity.org\/wp-content\/uploads\/2024\/09\/02.sc-19_Regional__Logo2409LATAM.zip\" target=\"_blank\" rel=\"noopener\">LATAM| Campeonato Regional patrocinado por Alacero (Carpeta | PNG)<\/a> <a class=\"d-block\" href=\"https:\/\/steeluniversity.org\/wp-content\/uploads\/2024\/09\/04.sc-19_Regional__Logo2409KOREA.zip\" target=\"_blank\" rel=\"noopener\">COREA| Campeonato Regional patrocinado por KOSA (Carpeta | PNG)<\/a>[\/vc_column_text][\/vc_column_inner][\/vc_row_inner][vc_row_inner][vc_column_inner][vc_column_text css=&#8221;&#8221; el_class=&#8221;h-style-red&#8221;]<\/p>\n<h3>Posters<\/h3>\n<p>[\/vc_column_text][\/vc_column_inner][\/vc_row_inner][vc_row_inner el_class=&#8221;links-and-downloads&#8221;][vc_column_inner width=&#8221;1\/4&#8243;][vc_single_image image=&#8221;87813&#8243; alignment=&#8221;center&#8221; css=&#8221;&#8221;][\/vc_column_inner][vc_column_inner width=&#8221;3\/4&#8243;][vc_column_text css=&#8221;&#8221;]Dentro de la carpeta encontrar\u00e1s los carteles promocionales de steelChallenge-19 tanto para uso digital como impreso. Los carteles con los patrocinadores se actualizar\u00e1n peri\u00f3dicamente. Est\u00e1n disponibles en <strong>EN<\/strong> , <strong>ES<\/strong> , <strong>IT<\/strong> , <strong>ZH-HANS<\/strong> , <strong>PT-BR<\/strong> .<\/p>\n<p>\u00a1Descarga el archivo zip, descompr\u00edmelo y \u00fasalo![\/vc_column_text][vc_column_text css=&#8221;&#8221;]<\/p>\n<h4><strong>Digital<\/strong><\/h4>\n<p>[\/vc_column_text][vc_column_text css=&#8221;&#8221; el_class=&#8221;list-style&#8221;]<a class=\"d-block\" href=\"https:\/\/steeluniversity.org\/wp-content\/uploads\/2024\/11\/SC19-poster-EN_A3_1311.zip\" target=\"_blank\" rel=\"noopener\">EN | P\u00f3ster digital steelChallenge (ZIP\/JPG | 5 MB)<\/a> <a class=\"d-block\" href=\"https:\/\/steeluniversity.org\/wp-content\/uploads\/2024\/11\/SC19-poster-ES_A3_1311.zip\" target=\"_blank\" rel=\"noopener\">ES | P\u00f3ster digital steelChallenge (ZIP\/JPG | 5 MB)<\/a> <a class=\"d-block\" href=\"https:\/\/steeluniversity.org\/wp-content\/uploads\/2024\/11\/SC19-poster-IT_A3_1311.zip\" target=\"_blank\" rel=\"noopener\">IT | P\u00f3ster digital steelChallenge (ZIP\/JPG | 5 MB)<\/a> <a class=\"d-block\" href=\"https:\/\/steeluniversity.org\/wp-content\/uploads\/2024\/11\/SC19-poster-PT_A3_1311.zip\" target=\"_blank\" rel=\"noopener\">PT-BR | P\u00f3ster digital steelChallenge (ZIP\/JPG | 5 MB)<\/a> <a class=\"d-block\" href=\"https:\/\/steeluniversity.org\/wp-content\/uploads\/2024\/11\/SC19-poster-ZH_A3_1311.zip\" target=\"_blank\" rel=\"noopener\">ZH-HANS | P\u00f3ster digital steelChallenge (ZIP\/JPG | 5 MB)<\/a>[\/vc_column_text][vc_column_text css=&#8221;&#8221;]<\/p>\n<h4><strong>Imprimir<\/strong><\/h4>\n<p>[\/vc_column_text][vc_column_text css=&#8221;&#8221; el_class=&#8221;list-style&#8221;]<a class=\"d-block\" href=\"https:\/\/steeluniversity.org\/wp-content\/uploads\/2024\/11\/P_SC19-poster-EN_A3_1311.pdf\" target=\"_blank\" rel=\"noopener\">EN | P\u00f3ster impresi\u00f3n steelChallenge (PDF | 22 MB)<\/a> <a class=\"d-block\" href=\"https:\/\/steeluniversity.org\/wp-content\/uploads\/2024\/11\/P_SC19-poster-ES_A3_1311.pdf\" target=\"_blank\" rel=\"noopener\">ES | P\u00f3ster impresi\u00f3n steelChallenge (PDF | 22 MB)<\/a> <a class=\"d-block\" href=\"https:\/\/steeluniversity.org\/wp-content\/uploads\/2024\/11\/P_SC19-poster-IT_A3_1311.pdf\" target=\"_blank\" rel=\"noopener\">IT | P\u00f3ster impresi\u00f3n steelChallenge (PDF | 22 MB)<\/a> <a class=\"d-block\" href=\"https:\/\/steeluniversity.org\/wp-content\/uploads\/2024\/11\/P_SC19-poster-PT_A3_1311.pdf\" target=\"_blank\" rel=\"noopener\">PT-BR | P\u00f3ster impresi\u00f3n steelChallenge (PDF | 22 MB)<\/a> <a class=\"d-block\" href=\"https:\/\/steeluniversity.org\/wp-content\/uploads\/2024\/11\/P_SC19-poster-ZH_A3_1311.pdf\" target=\"_blank\" rel=\"noopener\">ZH-HANS | P\u00f3ster impresi\u00f3n steelChallenge (PDF | 22 MB)<\/a>[\/vc_column_text][vc_column_text css=&#8221;&#8221;]<\/p>\n<h4><strong>Sin patrocinadores (solo digital)<\/strong><\/h4>\n<p>[\/vc_column_text][vc_column_text css=&#8221;&#8221; el_class=&#8221;list-style&#8221;]<a class=\"d-block\" href=\"https:\/\/steeluniversity.org\/wp-content\/uploads\/2024\/09\/SC19-poster-NO_SP-EN_A32409.zip\" target=\"_blank\" rel=\"noopener\">EN | P\u00f3ster digital steelChallenge N\/S (ZIP\/JPG | 4 MB)<\/a> <a class=\"d-block\" href=\"https:\/\/steeluniversity.org\/wp-content\/uploads\/2024\/09\/SC19-poster-NO_SP-ES_A32409.zip\" target=\"_blank\" rel=\"noopener\">ES | P\u00f3ster digital steelChallenge N\/S (ZIP\/JPG | 4 MB)<\/a> <a class=\"d-block\" href=\"https:\/\/steeluniversity.org\/wp-content\/uploads\/2024\/09\/SC19-poster-NO_SP-IT_A32409.zip\" target=\"_blank\" rel=\"noopener\">IT | P\u00f3ster digital steelChallenge N\/S (ZIP\/JPG | 4 MB)<\/a> <a class=\"d-block\" href=\"https:\/\/steeluniversity.org\/wp-content\/uploads\/2024\/09\/SC19-poster-NO_SP-PT_A32409.zip\" target=\"_blank\" rel=\"noopener\">PT-BR | P\u00f3ster digital steelChallenge N\/S (ZIP\/JPG | 4 MB)<\/a> <a class=\"d-block\" href=\"https:\/\/steeluniversity.org\/wp-content\/uploads\/2024\/09\/SC19-poster-NO_SP-ZH_A32409.zip\" target=\"_blank\" rel=\"noopener\">ZH-HANS | P\u00f3ster digital steelChallenge N\/S (ZIP\/JPG | 4 MB)<\/a>[\/vc_column_text][\/vc_column_inner][\/vc_row_inner][vc_row_inner][vc_column_inner][vc_column_text css=&#8221;&#8221; el_class=&#8221;h-style-red&#8221;]<\/p>\n<h3>Brochures<\/h3>\n<p>[\/vc_column_text][\/vc_column_inner][\/vc_row_inner][vc_row_inner el_class=&#8221;links-and-downloads&#8221;][vc_column_inner width=&#8221;1\/4&#8243;][vc_single_image image=&#8221;87816&#8243; alignment=&#8221;center&#8221; css=&#8221;&#8221;][\/vc_column_inner][vc_column_inner width=&#8221;3\/4&#8243;][vc_column_text css=&#8221;&#8221;]En esta secci\u00f3n encontrar\u00e1s la<strong> Folletos promocionales de steelChallenge-19<\/strong> dirigidos a los participantes. Est\u00e1 disponible en <strong>EN<\/strong> , <strong>ES<\/strong> e <strong>IT<\/strong> , y se a\u00f1adir\u00e1n las versiones <strong>ZH-HANS<\/strong> y <strong>PT-BR<\/strong> .[\/vc_column_text][vc_column_text css=&#8221;&#8221; el_class=&#8221;list-style&#8221;]<a class=\"d-block\" href=\"https:\/\/steeluniversity.org\/wp-content\/uploads\/2024\/09\/EN_SC-19-End-user_v1.pdf\" target=\"_blank\" rel=\"noopener\">EN | steelChallenge End User Brochure (PDF | 5 MB)<\/a> <a class=\"d-block\" href=\"https:\/\/steeluniversity.org\/wp-content\/uploads\/2024\/09\/ES_SC-19-End-user_v1.pdf\" target=\"_blank\" rel=\"noopener\">ES | steelChallenge End User Brochure (PDF | 5 MB)<\/a> <a class=\"d-block\" href=\"https:\/\/steeluniversity.org\/wp-content\/uploads\/2024\/09\/IT_SC-19-End-user_v1.pdf\" target=\"_blank\" rel=\"noopener\">IT | steelChallenge End User Brochure (PDF | 5 MB)<\/a>[\/vc_column_text][\/vc_column_inner][\/vc_row_inner][vc_row_inner][vc_column_inner][vc_column_text css=&#8221;&#8221; el_class=&#8221;h-style-red&#8221;]<\/p>\n<h3>Comic Infographic<\/h3>\n<p>[\/vc_column_text][\/vc_column_inner][\/vc_row_inner][vc_row_inner el_class=&#8221;links-and-downloads&#8221;][vc_column_inner width=&#8221;1\/4&#8243;][vc_single_image image=&#8221;87819&#8243; alignment=&#8221;center&#8221; css=&#8221;&#8221;][\/vc_column_inner][vc_column_inner width=&#8221;3\/4&#8243;][vc_column_text css=&#8221;&#8221;]Dentro de la carpeta encontrar\u00e1s tiras c\u00f3micas promocionales de steelChallenge-19. Se pueden imprimir y utilizar para promocionar la competici\u00f3n. Est\u00e1n disponibles en <strong>EN<\/strong> , <strong>ES<\/strong> , <strong>IT<\/strong> , <strong>ZH-HANS<\/strong> y <strong>PT-BR<\/strong> .<\/p>\n<p>\u00a1Descarga el archivo zip, descompr\u00edmelo y \u00fasalo![\/vc_column_text][vc_column_text css=&#8221;&#8221; el_class=&#8221;list-style&#8221;]<a class=\"d-block\" href=\"https:\/\/steeluniversity.org\/wp-content\/uploads\/2024\/09\/SC19-Infographic-EN2409.zip\" target=\"_blank\" rel=\"noopener\">EN | steelChallenge-19 Infographic (ZIP\/JPG | 1 MB)<\/a> <a class=\"d-block\" href=\"https:\/\/steeluniversity.org\/wp-content\/uploads\/2024\/09\/SC19-Infographic-ES2409.zip\" target=\"_blank\" rel=\"noopener\">ES | steelChallenge-19 Infographic (ZIP\/JPG | 1 MB)<\/a> <a class=\"d-block\" href=\"https:\/\/steeluniversity.org\/wp-content\/uploads\/2024\/09\/SC19-Infographic-IT2409.zip\" target=\"_blank\" rel=\"noopener\">IT | steelChallenge-19 Infographic (ZIP\/JPG | 1 MB)<\/a> <a class=\"d-block\" href=\"https:\/\/steeluniversity.org\/wp-content\/uploads\/2024\/09\/SC19-Infographic-PT2409.zip\" target=\"_blank\" rel=\"noopener\">PT-BR | steelChallenge-19 Infographic (ZIP\/JPG | 1 MB)<\/a> <a class=\"d-block\" href=\"https:\/\/steeluniversity.org\/wp-content\/uploads\/2024\/09\/SC19-Infographic-ZH2409.zip\" target=\"_blank\" rel=\"noopener\">ZH-HANS | steelChallenge-19 Infographic (ZIP\/JPG | 1 MB)<\/a>[\/vc_column_text][\/vc_column_inner][\/vc_row_inner][\/vc_column][vc_column width=&#8221;1\/3&#8243; el_class=&#8221;sc-sidebar&#8221;][vc_row_inner el_class=&#8221;widget&#8221; css=&#8221;.vc_custom_1722863684327{padding-right: 0px !important;padding-left: 0px !important;}&#8221;][vc_column_inner css=&#8221;.vc_custom_1722863429271{padding-right: 0px !important;padding-left: 0px !important;}&#8221;][vc_wp_custommenu nav_menu=&#8221;800&#8243; el_class=&#8221;sc-side-menu&#8221;][\/vc_column_inner][\/vc_row_inner][\/vc_column][\/vc_row]<\/p>\n<\/div>","protected":false},"excerpt":{"rendered":"<p>[vc_row][vc_column][vc_column_text css=&#8221;&#8221;] Kit de Comunicaci\u00f3n [\/vc_column_text][\/vc_column][\/vc_row][vc_row][vc_column width=&#8221;2\/3&#8243;][vc_row_inner][vc_column_inner][vc_single_image image=&#8221;87825&#8243; img_size=&#8221;full&#8221; alignment=&#8221;center&#8221; css=&#8221;&#8221;][vc_empty_space][\/vc_column_inner][\/vc_row_inner][vc_row_inner][vc_column_inner][vc_column_text css=&#8221;&#8221;]steeluniversity agradece su apoyo para promover la participaci\u00f3n en steelChallenge-19 entre estudiantes y profesionales&hellip;<\/p>\n","protected":false},"author":96147,"featured_media":0,"parent":87889,"menu_order":0,"comment_status":"closed","ping_status":"closed","template":"","meta":{"footnotes":""},"class_list":["post-87905","page","type-page","status-publish","hentry"],"aioseo_notices":[],"_links":{"self":[{"href":"https:\/\/steeluniversity.org\/es\/wp-json\/wp\/v2\/pages\/87905","targetHints":{"allow":["GET"]}}],"collection":[{"href":"https:\/\/steeluniversity.org\/es\/wp-json\/wp\/v2\/pages"}],"about":[{"href":"https:\/\/steeluniversity.org\/es\/wp-json\/wp\/v2\/types\/page"}],"author":[{"embeddable":true,"href":"https:\/\/steeluniversity.org\/es\/wp-json\/wp\/v2\/users\/96147"}],"replies":[{"embeddable":true,"href":"https:\/\/steeluniversity.org\/es\/wp-json\/wp\/v2\/comments?post=87905"}],"version-history":[{"count":0,"href":"https:\/\/steeluniversity.org\/es\/wp-json\/wp\/v2\/pages\/87905\/revisions"}],"up":[{"embeddable":true,"href":"https:\/\/steeluniversity.org\/es\/wp-json\/wp\/v2\/pages\/87889"}],"wp:attachment":[{"href":"https:\/\/steeluniversity.org\/es\/wp-json\/wp\/v2\/media?parent=87905"}],"curies":[{"name":"wp","href":"https:\/\/api.w.org\/{rel}","templated":true}]}}