{"id":87945,"date":"2024-08-19T18:41:18","date_gmt":"2024-08-19T18:41:18","guid":{"rendered":"https:\/\/steeluniversity.org\/why-participate\/"},"modified":"2024-11-25T19:58:24","modified_gmt":"2024-11-25T19:58:24","slug":"why-participate","status":"publish","type":"page","link":"https:\/\/steeluniversity.org\/es\/steelchallenge-19es\/why-participate\/","title":{"rendered":"\u00bfPor qu\u00e9 participar?"},"content":{"rendered":"<div class=\"wpb-content-wrapper\"><p>[vc_row][vc_column][vc_column_text css=&#8221;&#8221;]<\/p>\n<h1>\u00bfPor qu\u00e9 participar en <b>steel<\/b>Challenge?<\/h1>\n<p>[\/vc_column_text][\/vc_column][\/vc_row][vc_row][vc_column width=&#8221;2\/3&#8243;][vc_single_image image=&#8221;87943&#8243; img_size=&#8221;full&#8221; css=&#8221;&#8221;][vc_row_inner][vc_column_inner][vc_column_text css=&#8221;&#8221;]<\/p>\n<h3>Participar en <b>steel<\/b>Challenge ofrece una combinaci\u00f3n \u00fanica de oportunidades de crecimiento educativo, profesional y personal.<\/h3>\n<p>[\/vc_column_text][\/vc_column_inner][\/vc_row_inner][vc_row_inner equal_height=&#8221;yes&#8221; content_placement=&#8221;top&#8221; gap=&#8221;20&#8243; css=&#8221;.vc_custom_1725032097306{margin-right: 0px !important;margin-left: 0px !important;}&#8221;][vc_column_inner el_class=&#8221;color-card&#8221; width=&#8221;1\/2&#8243; css=&#8221;.vc_custom_1725033476302{padding-right: 20px !important;padding-left: 20px !important;background-color: #d0202e !important;border-radius: 10px !important;}&#8221;][vc_icon icon_fontawesome=&#8221;fas fa-laptop&#8221; color=&#8221;white&#8221; size=&#8221;xl&#8221; align=&#8221;center&#8221; css=&#8221;&#8221;][vc_column_text css=&#8221;&#8221;]<\/p>\n<h3>Sum\u00e9rgete en simuladores avanzados para entrenamiento pr\u00e1ctico y accede a una gran cantidad de recursos de aprendizaje en <strong>steel<\/strong>university.<\/h3>\n<p>[\/vc_column_text][\/vc_column_inner][vc_column_inner el_class=&#8221;color-card&#8221; width=&#8221;1\/2&#8243; css=&#8221;.vc_custom_1724095430673{padding-right: 20px !important;padding-left: 20px !important;background-color: #00aae7 !important;border-radius: 10px !important;}&#8221;][vc_icon icon_fontawesome=&#8221;fas fa-briefcase&#8221; color=&#8221;white&#8221; size=&#8221;xl&#8221; align=&#8221;center&#8221; css=&#8221;&#8221;][vc_column_text css=&#8221;&#8221;]<\/p>\n<h3>Aumente sus<strong> oportunidades de obtener ofertas de trabajo y pasant\u00edas<\/strong>. Mant\u00e9ngase a la vanguardia con exposici\u00f3n a las \u00faltimas tendencias y tecnolog\u00edas de la industria.<\/h3>\n<p>[\/vc_column_text][\/vc_column_inner][vc_column_inner el_class=&#8221;color-card&#8221; css=&#8221;.vc_custom_1724095444909{padding-right: 20px !important;padding-left: 20px !important;background-color: #841c80 !important;border-radius: 10px !important;}&#8221;][vc_icon icon_fontawesome=&#8221;fas fa-award&#8221; color=&#8221;white&#8221; size=&#8221;xl&#8221; align=&#8221;center&#8221; css=&#8221;&#8221;][vc_column_text css=&#8221;&#8221;]<\/p>\n<h3><strong>Obtenga reconocimiento global<\/strong> y ampl\u00ede su red con l\u00edderes de la industria, mejorando su curr\u00edculum y abriendo puertas a <strong>nuevas oportunidades.<\/strong><\/h3>\n<p>[\/vc_column_text][\/vc_column_inner][vc_column_inner el_class=&#8221;color-card&#8221; css=&#8221;.vc_custom_1724095462221{padding-right: 20px !important;padding-left: 20px !important;background-color: #76a519 !important;border-radius: 10px !important;}&#8221;][vc_icon icon_fontawesome=&#8221;fas fa-leaf&#8221; color=&#8221;white&#8221; size=&#8221;xl&#8221; align=&#8221;center&#8221; css=&#8221;&#8221;][vc_column_text css=&#8221;&#8221;]<\/p>\n<h3>Muestre su <strong>compromiso con la innovaci\u00f3n y la sostenibilidad<\/strong> , demostrando liderazgo en el impulso de pr\u00e1cticas sostenibles y tecnolog\u00edas avanzadas en la fabricaci\u00f3n de acero.<\/h3>\n<p>[\/vc_column_text][\/vc_column_inner][\/vc_row_inner][vc_row_inner][vc_column_inner][vc_empty_space height=&#8221;64px&#8221;][vc_separator][vc_empty_space height=&#8221;64px&#8221;][\/vc_column_inner][\/vc_row_inner][vc_row_inner][vc_column_inner][vc_column_text css=&#8221;&#8221;]<\/p>\n<p style=\"text-align: center;\"><strong>Steel<\/strong> Challenge-19 est\u00e1 generosamente patrocinado por las siguientes empresas:<\/p>\n<p>[\/vc_column_text][\/vc_column_inner][\/vc_row_inner][vc_row_inner content_placement=&#8221;middle&#8221;][vc_column_inner width=&#8221;1\/3&#8243;][vc_single_image image=&#8221;78274&#8243; img_size=&#8221;220&#215;100&#8243; alignment=&#8221;center&#8221; css=&#8221;&#8221;][\/vc_column_inner][vc_column_inner width=&#8221;1\/3&#8243;][vc_single_image image=&#8221;78277&#8243; img_size=&#8221;220&#215;100&#8243; alignment=&#8221;center&#8221; css=&#8221;&#8221;][\/vc_column_inner][vc_column_inner width=&#8221;1\/3&#8243;][vc_single_image image=&#8221;87784&#8243; img_size=&#8221;220&#215;100&#8243; alignment=&#8221;center&#8221; css=&#8221;&#8221;][\/vc_column_inner][\/vc_row_inner][vc_row_inner equal_height=&#8221;yes&#8221; content_placement=&#8221;middle&#8221;][vc_column_inner width=&#8221;1\/3&#8243;][vc_single_image image=&#8221;57263&#8243; img_size=&#8221;220&#215;100&#8243; alignment=&#8221;center&#8221; css=&#8221;&#8221;][\/vc_column_inner][vc_column_inner width=&#8221;1\/3&#8243;][vc_single_image image=&#8221;78353&#8243; img_size=&#8221;220&#215;100&#8243; alignment=&#8221;center&#8221; css=&#8221;&#8221;][\/vc_column_inner][vc_column_inner width=&#8221;1\/3&#8243;][vc_single_image image=&#8221;86890&#8243; img_size=&#8221;220&#215;100&#8243; alignment=&#8221;center&#8221; css=&#8221;&#8221;][\/vc_column_inner][\/vc_row_inner][vc_row_inner equal_height=&#8221;yes&#8221; content_placement=&#8221;middle&#8221;][vc_column_inner width=&#8221;1\/4&#8243;][vc_single_image image=&#8221;56826&#8243; img_size=&#8221;160&#215;100&#8243; alignment=&#8221;center&#8221; css=&#8221;&#8221;][\/vc_column_inner][vc_column_inner width=&#8221;1\/4&#8243;][vc_single_image image=&#8221;78551&#8243; img_size=&#8221;160&#215;100&#8243; alignment=&#8221;center&#8221; css=&#8221;&#8221;][\/vc_column_inner][vc_column_inner width=&#8221;1\/4&#8243;][vc_single_image image=&#8221;98193&#8243; img_size=&#8221;160&#215;100&#8243; alignment=&#8221;center&#8221; css=&#8221;&#8221;][\/vc_column_inner][vc_column_inner width=&#8221;1\/4&#8243;][vc_single_image image=&#8221;82100&#8243; img_size=&#8221;160&#215;100&#8243; alignment=&#8221;center&#8221; css=&#8221;&#8221;][\/vc_column_inner][\/vc_row_inner][vc_row_inner equal_height=&#8221;yes&#8221; content_placement=&#8221;middle&#8221;][vc_column_inner width=&#8221;1\/5&#8243;][vc_single_image image=&#8221;82097&#8243; img_size=&#8221;160&#215;100&#8243; alignment=&#8221;center&#8221; css=&#8221;&#8221;][\/vc_column_inner][vc_column_inner width=&#8221;1\/5&#8243;][vc_single_image image=&#8221;84065&#8243; img_size=&#8221;160&#215;100&#8243; alignment=&#8221;center&#8221; css=&#8221;&#8221;][\/vc_column_inner][vc_column_inner width=&#8221;1\/5&#8243;][vc_single_image image=&#8221;85265&#8243; img_size=&#8221;160&#215;100&#8243; alignment=&#8221;center&#8221; css=&#8221;&#8221;][\/vc_column_inner][vc_column_inner width=&#8221;1\/5&#8243;][vc_single_image image=&#8221;82106&#8243; img_size=&#8221;160&#215;100&#8243; alignment=&#8221;center&#8221; css=&#8221;&#8221;][\/vc_column_inner][vc_column_inner width=&#8221;1\/5&#8243;][vc_single_image image=&#8221;82103&#8243; img_size=&#8221;160&#215;100&#8243; alignment=&#8221;center&#8221; css=&#8221;&#8221;][\/vc_column_inner][\/vc_row_inner][\/vc_column][vc_column width=&#8221;1\/3&#8243; el_class=&#8221;sc-sidebar&#8221;][vc_row_inner el_class=&#8221;widget&#8221; css=&#8221;.vc_custom_1722435367673{padding-right: 0px !important;padding-left: 0px !important;}&#8221;][vc_column_inner css=&#8221;.vc_custom_1722435521610{margin-right: 0px !important;margin-left: 0px !important;padding-right: 0px !important;padding-left: 0px !important;}&#8221;][vc_wp_custommenu nav_menu=&#8221;800&#8243; el_class=&#8221;sc-side-menu&#8221;][\/vc_column_inner][\/vc_row_inner][\/vc_column][\/vc_row]<\/p>\n<\/div>","protected":false},"excerpt":{"rendered":"<p>[vc_row][vc_column][vc_column_text css=&#8221;&#8221;] \u00bfPor qu\u00e9 participar en steelChallenge? [\/vc_column_text][\/vc_column][\/vc_row][vc_row][vc_column width=&#8221;2\/3&#8243;][vc_single_image image=&#8221;87943&#8243; img_size=&#8221;full&#8221; css=&#8221;&#8221;][vc_row_inner][vc_column_inner][vc_column_text css=&#8221;&#8221;] Participar en steelChallenge ofrece una combinaci\u00f3n \u00fanica de oportunidades de crecimiento educativo,&hellip;<\/p>\n","protected":false},"author":96147,"featured_media":0,"parent":87889,"menu_order":0,"comment_status":"closed","ping_status":"closed","template":"","meta":{"footnotes":""},"class_list":["post-87945","page","type-page","status-publish","hentry"],"aioseo_notices":[],"_links":{"self":[{"href":"https:\/\/steeluniversity.org\/es\/wp-json\/wp\/v2\/pages\/87945","targetHints":{"allow":["GET"]}}],"collection":[{"href":"https:\/\/steeluniversity.org\/es\/wp-json\/wp\/v2\/pages"}],"about":[{"href":"https:\/\/steeluniversity.org\/es\/wp-json\/wp\/v2\/types\/page"}],"author":[{"embeddable":true,"href":"https:\/\/steeluniversity.org\/es\/wp-json\/wp\/v2\/users\/96147"}],"replies":[{"embeddable":true,"href":"https:\/\/steeluniversity.org\/es\/wp-json\/wp\/v2\/comments?post=87945"}],"version-history":[{"count":0,"href":"https:\/\/steeluniversity.org\/es\/wp-json\/wp\/v2\/pages\/87945\/revisions"}],"up":[{"embeddable":true,"href":"https:\/\/steeluniversity.org\/es\/wp-json\/wp\/v2\/pages\/87889"}],"wp:attachment":[{"href":"https:\/\/steeluniversity.org\/es\/wp-json\/wp\/v2\/media?parent=87945"}],"curies":[{"name":"wp","href":"https:\/\/api.w.org\/{rel}","templated":true}]}}