{"id":92076,"date":"2025-08-29T00:00:23","date_gmt":"2025-08-29T00:00:23","guid":{"rendered":"https:\/\/steeluniversity.org\/steelchallenge-19es\/registration\/"},"modified":"2025-11-14T20:06:32","modified_gmt":"2025-11-14T20:06:32","slug":"registro","status":"publish","type":"page","link":"https:\/\/steeluniversity.org\/es\/steelchallenge-20es\/registro\/","title":{"rendered":"steelChallenge-20 Registro"},"content":{"rendered":"<div class=\"wpb-content-wrapper\"><p>[vc_row][vc_column][vc_column_text css=&#8221;&#8221;]<\/p>\n<h1>steelChallenge-20 <strong>Registro<\/strong><\/h1>\n<p>[\/vc_column_text][\/vc_column][\/vc_row][vc_row][vc_column width=&#8221;2\/3&#8243;][vc_column_text css=&#8221;&#8221;]<\/p>\n<h3>\u00danete hoy a <b>steel<\/b>Challenge inscribi\u00e9ndote en la categor\u00eda que corresponda: tanto si eres <strong>estudiante<\/strong> con ganas de demostrar tus habilidades como si eres un <strong>profesional de la industria<\/strong> que desea poner a prueba su experiencia, elige tu categor\u00eda y prep\u00e1rate para competir a escala mundial.<\/h3>\n<p>[\/vc_column_text][vc_row_inner gap=&#8221;20&#8243; css=&#8221;.vc_custom_1725045817822{margin-right: 0px !important;margin-left: 0px !important;}&#8221;][vc_column_inner el_class=&#8221;overview-card&#8221; width=&#8221;1\/2&#8243; css=&#8221;.vc_custom_1725045770310{background-color: #d0202e !important;border-radius: 5px !important;}&#8221;][vc_raw_html css=&#8221;.vc_custom_1756506800584{margin-top: 0px !important;margin-bottom: 0px !important;}&#8221;]JTNDYSUyMGhyZWYlM0QlMjJodHRwcyUzQSUyRiUyRnN0ZWVsdW5pdmVyc2l0eS5vcmclMkZlcyUyRnByb2R1Y3QlMkZzdGVlbGNoYWxsZW5nZS0yMC1wYXJhLWVzdHVkaWFudGVzJTJGJTIyJTIwY2xhc3MlM0QlMjJzdHJldGNoZWQtbGluayUyMiUzRSUzQyUyRmElM0U=[\/vc_raw_html][vc_column_text css=&#8221;.vc_custom_1756506813721{margin-top: 0px !important;}&#8221; el_class=&#8221;.heading-overview-cards&#8221;]<\/p>\n<h2><span style=\"color: #ffffff;\">Estudiantes Universitarios<\/span><\/h2>\n<p>[\/vc_column_text][vc_raw_html css=&#8221;.vc_custom_1722358123744{margin-bottom: 0px !important;}&#8221; el_class=&#8221;overview-cards-chevron&#8221;]JTNDaSUyMGNsYXNzJTNEJTIyZmEtc29saWQlMjBmYS1jaGV2cm9uLXJpZ2h0JTIyJTNFJTNDJTJGaSUzRQ==[\/vc_raw_html][vc_empty_space height=&#8221;150px&#8221; css=&#8221;.vc_custom_1725047870912{background-image: url(https:\/\/steeluniversity.org\/wp-content\/uploads\/2024\/08\/student_cat.png?id=92069) !important;}&#8221; el_class=&#8221;.overview-cards-imgs&#8221;][\/vc_column_inner][vc_column_inner el_class=&#8221;overview-card&#8221; width=&#8221;1\/2&#8243; css=&#8221;.vc_custom_1725047934076{background-color: #99adb7 !important;border-radius: 5px !important;}&#8221;][vc_raw_html css=&#8221;.vc_custom_1756506830217{margin-top: 0px !important;margin-bottom: 0px !important;}&#8221;]JTNDYSUyMGhyZWYlM0QlMjJodHRwcyUzQSUyRiUyRnN0ZWVsdW5pdmVyc2l0eS5vcmclMkZlcyUyRnByb2R1Y3QlMkZzdGVlbGNoYWxsZW5nZS0yMC1wYXJhLWxhLWluZHVzdHJpYSUyRiUyMiUyMGNsYXNzJTNEJTIyc3RyZXRjaGVkLWxpbmslMjIlM0UlM0MlMkZhJTNF[\/vc_raw_html][vc_column_text css=&#8221;.vc_custom_1725045959027{margin-top: 0px !important;}&#8221; el_class=&#8221;.heading-overview-cards&#8221;]<\/p>\n<h2><span style=\"color: #ffffff;\">Industria<\/span><\/h2>\n<p>[\/vc_column_text][vc_raw_html css=&#8221;.vc_custom_1722358123744{margin-bottom: 0px !important;}&#8221; el_class=&#8221;overview-cards-chevron&#8221;]JTNDaSUyMGNsYXNzJTNEJTIyZmEtc29saWQlMjBmYS1jaGV2cm9uLXJpZ2h0JTIyJTNFJTNDJTJGaSUzRQ==[\/vc_raw_html][vc_empty_space height=&#8221;150px&#8221; css=&#8221;.vc_custom_1725047860026{background-image: url(https:\/\/steeluniversity.org\/wp-content\/uploads\/2024\/08\/industry_cat.png?id=92072) !important;}&#8221; el_class=&#8221;.overview-cards-imgs&#8221;][\/vc_column_inner][\/vc_row_inner][vc_row_inner][vc_column_inner][vc_empty_space][vc_separator][vc_empty_space][\/vc_column_inner][\/vc_row_inner][vc_row_inner][vc_column_inner][vc_empty_space height=&#8221;64px&#8221;][vc_column_text css=&#8221;&#8221;]<\/p>\n<p style=\"text-align: center;\"><strong>steel<\/strong>Challenge-20 cuenta con el generoso apoyo de las siguientes empresas:<\/p>\n<p>[\/vc_column_text][\/vc_column_inner][\/vc_row_inner][vc_row_inner content_placement=&#8221;middle&#8221; css=&#8221;.vc_custom_1755633034383{padding-top: 0px !important;padding-bottom: 0px !important;}&#8221;][vc_column_inner width=&#8221;1\/3&#8243;][vc_single_image image=&#8221;78277&#8243; img_size=&#8221;240&#215;100&#8243; alignment=&#8221;center&#8221; css=&#8221;&#8221;][\/vc_column_inner][vc_column_inner width=&#8221;1\/3&#8243;][vc_single_image image=&#8221;85265&#8243; img_size=&#8221;240&#215;100&#8243; alignment=&#8221;center&#8221; css=&#8221;&#8221;][\/vc_column_inner][vc_column_inner width=&#8221;1\/3&#8243;][vc_single_image image=&#8221;86890&#8243; img_size=&#8221;240&#215;100&#8243; alignment=&#8221;center&#8221; css=&#8221;&#8221;][\/vc_column_inner][\/vc_row_inner][vc_row_inner content_placement=&#8221;middle&#8221; css=&#8221;.vc_custom_1755633034383{padding-top: 0px !important;padding-bottom: 0px !important;}&#8221;][vc_column_inner width=&#8221;1\/2&#8243;][vc_single_image image=&#8221;78353&#8243; img_size=&#8221;240&#215;100&#8243; alignment=&#8221;center&#8221; css=&#8221;&#8221;][\/vc_column_inner][vc_column_inner width=&#8221;1\/2&#8243;][vc_single_image image=&#8221;82097&#8243; img_size=&#8221;240&#215;100&#8243; alignment=&#8221;center&#8221; css=&#8221;&#8221;][\/vc_column_inner][\/vc_row_inner][vc_row_inner equal_height=&#8221;yes&#8221; content_placement=&#8221;middle&#8221; css=&#8221;.vc_custom_1755633045191{padding-top: 0px !important;padding-bottom: 0px !important;}&#8221;][vc_column_inner width=&#8221;1\/4&#8243;][vc_single_image image=&#8221;56826&#8243; img_size=&#8221;180&#215;100&#8243; alignment=&#8221;center&#8221; css=&#8221;&#8221;][\/vc_column_inner][vc_column_inner width=&#8221;1\/4&#8243;][vc_single_image image=&#8221;57263&#8243; img_size=&#8221;180&#215;100&#8243; alignment=&#8221;center&#8221; css=&#8221;&#8221;][\/vc_column_inner][vc_column_inner width=&#8221;1\/4&#8243;][vc_single_image image=&#8221;87784&#8243; img_size=&#8221;180&#215;100&#8243; alignment=&#8221;center&#8221; css=&#8221;&#8221;][\/vc_column_inner][vc_column_inner width=&#8221;1\/4&#8243;][vc_single_image image=&#8221;99943&#8243; img_size=&#8221;160&#215;100&#8243; alignment=&#8221;center&#8221; css=&#8221;&#8221;][\/vc_column_inner][\/vc_row_inner][vc_row_inner equal_height=&#8221;yes&#8221; content_placement=&#8221;middle&#8221; css=&#8221;.vc_custom_1755633054055{padding-top: 0px !important;padding-bottom: 0px !important;}&#8221;][vc_column_inner width=&#8221;1\/3&#8243;][vc_single_image image=&#8221;78551&#8243; img_size=&#8221;140&#215;100&#8243; alignment=&#8221;center&#8221; css=&#8221;&#8221;][\/vc_column_inner][vc_column_inner width=&#8221;1\/3&#8243;][vc_single_image image=&#8221;98193&#8243; img_size=&#8221;140&#215;100&#8243; alignment=&#8221;center&#8221; css=&#8221;&#8221;][\/vc_column_inner][vc_column_inner width=&#8221;1\/3&#8243;][vc_single_image image=&#8221;82100&#8243; img_size=&#8221;140&#215;100&#8243; alignment=&#8221;center&#8221; css=&#8221;&#8221;][\/vc_column_inner][\/vc_row_inner][vc_row_inner equal_height=&#8221;yes&#8221; content_placement=&#8221;middle&#8221; css=&#8221;.vc_custom_1755633062215{padding-top: 0px !important;padding-bottom: 0px !important;}&#8221;][vc_column_inner width=&#8221;1\/4&#8243;][vc_single_image image=&#8221;84065&#8243; img_size=&#8221;120&#215;100&#8243; alignment=&#8221;center&#8221; css=&#8221;&#8221;][\/vc_column_inner][vc_column_inner width=&#8221;1\/4&#8243;][vc_single_image image=&#8221;99677&#8243; img_size=&#8221;120&#215;100&#8243; alignment=&#8221;center&#8221; css=&#8221;&#8221;][\/vc_column_inner][vc_column_inner width=&#8221;1\/4&#8243;][vc_single_image image=&#8221;82106&#8243; img_size=&#8221;120&#215;100&#8243; alignment=&#8221;center&#8221; css=&#8221;&#8221;][\/vc_column_inner][vc_column_inner width=&#8221;1\/4&#8243;][vc_single_image image=&#8221;82103&#8243; img_size=&#8221;120&#215;100&#8243; alignment=&#8221;center&#8221; css=&#8221;&#8221;][\/vc_column_inner][\/vc_row_inner][\/vc_column][vc_column width=&#8221;1\/3&#8243; el_class=&#8221;sc-sidebar&#8221;][vc_row_inner el_class=&#8221;widget&#8221;][vc_column_inner el_class=&#8221;red-bg&#8221; css=&#8221;.vc_custom_1748538200621{border-radius: 3px !important;}&#8221;][vc_column_text css=&#8221;&#8221; el_class=&#8221;.heading-widget&#8221;]<\/p>\n<h2><span style=\"color: #ffffff;\">A continuaci\u00f3n&#8230;<\/span><\/h2>\n<p>[\/vc_column_text][vc_column_text css=&#8221;.vc_custom_1763150666976{margin-bottom: 20px !important;}&#8221; el_class=&#8221;.heading-widget-red-bg&#8221;]<\/p>\n<h3 style=\"text-align: left;\"><span style=\"color: #ffffff;\"><i class=\"fa-regular fa-ranking-star\"><\/i><strong> Nov 25, 2025<\/strong><br \/>\n<strong>Campeonato Regional<\/strong><\/span><\/h3>\n<p>[\/vc_column_text][vc_column_text css=&#8221;&#8221;]Los participantes tendr\u00e1n <strong>24 horas<\/strong> para realizar ejecuciones exitosas utilizando los simuladores de fabricaci\u00f3n de acero designados.[\/vc_column_text][vc_column_text css=&#8221;&#8221;]<\/p>\n<p style=\"text-align: center;\"><a class=\"su-btn-secondary\" href=\"https:\/\/steeluniversity.org\/es\/steelchallenge-20es\/registro\/\" target=\"_blank\" rel=\"noopener\">\u00a1Reg\u00edstrate ahora!<\/a><\/p>\n<p>[\/vc_column_text][\/vc_column_inner][\/vc_row_inner][vc_row_inner el_class=&#8221;widget&#8221; css=&#8221;.vc_custom_1722435367673{padding-right: 0px !important;padding-left: 0px !important;}&#8221;][vc_column_inner css=&#8221;.vc_custom_1722435521610{margin-right: 0px !important;margin-left: 0px !important;padding-right: 0px !important;padding-left: 0px !important;}&#8221;][vc_wp_custommenu nav_menu=&#8221;840&#8243; el_class=&#8221;side-menu&#8221;][\/vc_column_inner][\/vc_row_inner][\/vc_column][\/vc_row]<\/p>\n<\/div>","protected":false},"excerpt":{"rendered":"<p>[vc_row][vc_column][vc_column_text css=&#8221;&#8221;] steelChallenge-20 Registro [\/vc_column_text][\/vc_column][\/vc_row][vc_row][vc_column width=&#8221;2\/3&#8243;][vc_column_text css=&#8221;&#8221;] \u00danete hoy a steelChallenge inscribi\u00e9ndote en la categor\u00eda que corresponda: tanto si eres estudiante con ganas de demostrar&hellip;<\/p>\n","protected":false},"author":96147,"featured_media":0,"parent":99456,"menu_order":6,"comment_status":"closed","ping_status":"closed","template":"","meta":{"footnotes":""},"class_list":["post-92076","page","type-page","status-publish","hentry"],"aioseo_notices":[],"_links":{"self":[{"href":"https:\/\/steeluniversity.org\/es\/wp-json\/wp\/v2\/pages\/92076","targetHints":{"allow":["GET"]}}],"collection":[{"href":"https:\/\/steeluniversity.org\/es\/wp-json\/wp\/v2\/pages"}],"about":[{"href":"https:\/\/steeluniversity.org\/es\/wp-json\/wp\/v2\/types\/page"}],"author":[{"embeddable":true,"href":"https:\/\/steeluniversity.org\/es\/wp-json\/wp\/v2\/users\/96147"}],"replies":[{"embeddable":true,"href":"https:\/\/steeluniversity.org\/es\/wp-json\/wp\/v2\/comments?post=92076"}],"version-history":[{"count":0,"href":"https:\/\/steeluniversity.org\/es\/wp-json\/wp\/v2\/pages\/92076\/revisions"}],"up":[{"embeddable":true,"href":"https:\/\/steeluniversity.org\/es\/wp-json\/wp\/v2\/pages\/99456"}],"wp:attachment":[{"href":"https:\/\/steeluniversity.org\/es\/wp-json\/wp\/v2\/media?parent=92076"}],"curies":[{"name":"wp","href":"https:\/\/api.w.org\/{rel}","templated":true}]}}