{"id":98285,"date":"2024-12-04T11:00:23","date_gmt":"2024-12-04T11:00:23","guid":{"rendered":"https:\/\/steeluniversity.org\/steelchallenge-19es\/results\/"},"modified":"2024-12-05T14:42:58","modified_gmt":"2024-12-05T14:42:58","slug":"results","status":"publish","type":"page","link":"https:\/\/steeluniversity.org\/es\/steelchallenge-19es\/results\/","title":{"rendered":"Resultados"},"content":{"rendered":"<div class=\"wpb-content-wrapper\"><p>[vc_row][vc_column][vc_column_text css=&#8221;&#8221;]<\/p>\n<h1>Top 5 Campeonato Regional s<b>teel<\/b>Challenge-19<\/h1>\n<p>[\/vc_column_text][\/vc_column][\/vc_row][vc_row][vc_column width=&#8221;2\/3&#8243;][vc_row_inner][vc_column_inner][vc_column_text css=&#8221;&#8221;]El Campeonato Regional de <b>steel<\/b>Challenge-19 se llev\u00f3 a cabo en l\u00ednea durante 24 horas el<strong> 26 de noviembre de 2024<\/strong> . El desaf\u00edo de este a\u00f1o atrajo a 2.624 participantes, un aumento de casi el 60% respecto al a\u00f1o pasado, representando a m\u00e1s de 120 empresas y 150 instituciones acad\u00e9micas de 34 pa\u00edses. Utilizaron los simuladores de fabricaci\u00f3n de acero de <strong>steel<\/strong>university\u00a0para producir el mejor acero al menor costo y cumpliendo con los requisitos de huella de carbono.[\/vc_column_text][\/vc_column_inner][\/vc_row_inner][vc_row_inner][vc_column_inner][vc_column_text css=&#8221;&#8221;]<\/p>\n<h3>Resultados Campeonato Regional<\/h3>\n<p>[\/vc_column_text][\/vc_column_inner][\/vc_row_inner][vc_row_inner][vc_column_inner][vc_column_text css=&#8221;&#8221;]<\/p>\n<h3>Categor\u00eda de la industria<\/h3>\n<p>[\/vc_column_text][vc_column_text css=&#8221;&#8221;]<strong>Europa y \u00c1frica \u2013 Industria<\/strong><\/p>\n<table width=\"644\">\n<tbody>\n<tr>\n<td width=\"57\"><strong>Posici\u00f3n<\/strong><\/td>\n<td width=\"255\"><strong>Persona<\/strong><\/td>\n<td width=\"227\"><strong>Afiliaci\u00f3n<\/strong><\/td>\n<td width=\"105\"><strong>Pa\u00eds<\/strong><\/td>\n<td><strong>Precio<\/strong><\/td>\n<\/tr>\n<tr>\n<td align=\"center\" width=\"57\"><strong>1<\/strong><\/td>\n<td width=\"255\"><strong>Carlos Arroyo<\/strong><\/td>\n<td width=\"227\"><strong>Acerinox SA<\/strong><\/td>\n<td width=\"105\"><strong>Espa\u00f1a<\/strong><\/td>\n<td width=\"105\"><strong>442.177<\/strong><\/td>\n<\/tr>\n<tr>\n<td align=\"center\" width=\"57\">2<\/td>\n<td width=\"255\">Ondrej Ambroz<\/td>\n<td width=\"227\">Instituto de Instrumentos Cient\u00edficos de la Academia Checa de Ciencias<\/td>\n<td width=\"105\">Rep\u00fablica Checa<\/td>\n<td width=\"105\">446.896<\/td>\n<\/tr>\n<tr>\n<td align=\"center\" width=\"57\">3<\/td>\n<td width=\"255\">Afonso Vaz de Mello Cardoso<\/td>\n<td width=\"227\">MEGASA<\/td>\n<td width=\"105\">Espa\u00f1a<\/td>\n<td width=\"105\">452,702<\/td>\n<\/tr>\n<tr>\n<td align=\"center\" width=\"57\">4<\/td>\n<td width=\"255\">Jon Retuerto<\/td>\n<td width=\"227\">Sidenor Aceros Especiales<\/td>\n<td width=\"105\">Espa\u00f1a<\/td>\n<td width=\"105\">456,993<\/td>\n<\/tr>\n<tr>\n<td align=\"center\" width=\"57\">5<\/td>\n<td width=\"255\">Pawe\u0142 Antonik<\/td>\n<td width=\"227\">ArcelorMittal<\/td>\n<td width=\"105\">Polonia<\/td>\n<td width=\"105\">457,901<\/td>\n<\/tr>\n<\/tbody>\n<\/table>\n<p><br data-source=\" \" \/><strong>Am\u00e9ricas \u2013 Industria<\/strong><\/p>\n<table width=\"644\">\n<tbody>\n<tr>\n<td width=\"57\"><strong>Posici\u00f3n<\/strong><\/td>\n<td width=\"255\"><strong>Persona<\/strong><\/td>\n<td width=\"227\"><strong>Afiliaci\u00f3n<\/strong><\/td>\n<td width=\"105\"><strong>Pa\u00eds<\/strong><\/td>\n<td><strong>Precio<\/strong><\/td>\n<\/tr>\n<tr>\n<td align=\"center\" width=\"57\"><strong>1<\/strong><\/td>\n<td width=\"255\"><strong>Leandro Rodrigues Ribeiro<\/strong><\/td>\n<td width=\"227\"><strong>ArcelorMittal<\/strong><\/td>\n<td width=\"105\"><strong>Brasil<\/strong><\/td>\n<td width=\"105\"><strong>430,023<\/strong><\/td>\n<\/tr>\n<tr>\n<td align=\"center\" width=\"57\">2<\/td>\n<td width=\"255\">Pablo Le\u00f3n<\/td>\n<td width=\"227\">ArcelorMittal<\/td>\n<td width=\"105\">Brasil<\/td>\n<td width=\"105\">430,740<\/td>\n<\/tr>\n<tr>\n<td align=\"center\" width=\"57\">3<\/td>\n<td width=\"255\">Renadir Maciel J\u00fanior<\/td>\n<td width=\"227\">ArcelorMittal<\/td>\n<td width=\"105\">Brasil<\/td>\n<td width=\"105\">430,892<\/td>\n<\/tr>\n<tr>\n<td align=\"center\" width=\"57\">4<\/td>\n<td width=\"255\">Yoran Bolsoni<\/td>\n<td width=\"227\">ArcelorMittal<\/td>\n<td width=\"105\">Brasil<\/td>\n<td width=\"105\">430,962<\/td>\n<\/tr>\n<tr>\n<td align=\"center\" width=\"57\">5<\/td>\n<td width=\"255\">Pedro Paulo de Souza J\u00fanior<\/td>\n<td width=\"227\">ArcelorMittal<\/td>\n<td width=\"105\">Brasil<\/td>\n<td width=\"105\">431,019<\/td>\n<\/tr>\n<\/tbody>\n<\/table>\n<p><br data-source=\" \" \/><strong>Asia Oeste \u2013 Industria<\/strong><\/p>\n<table width=\"644\">\n<tbody>\n<tr>\n<td width=\"57\"><strong>Posici\u00f3n<\/strong><\/td>\n<td width=\"255\"><strong>Persona<\/strong><\/td>\n<td width=\"227\"><strong>Afiliaci\u00f3n<\/strong><\/td>\n<td width=\"105\"><strong>Pa\u00eds<\/strong><\/td>\n<td><strong>Precio<\/strong><\/td>\n<\/tr>\n<tr>\n<td align=\"center\" width=\"57\"><strong>1<\/strong><\/td>\n<td width=\"255\"><strong>Amer Abdelkader Mohamed Amer<\/strong><\/td>\n<td width=\"227\"><strong>Acero inoxidable<\/strong><\/td>\n<td width=\"105\"><strong>Emiratos \u00c1rabes Unidos<\/strong><\/td>\n<td width=\"105\"><strong>430,794<\/strong><\/td>\n<\/tr>\n<tr>\n<td align=\"center\" width=\"57\">2<\/td>\n<td width=\"255\">Ritesh Kumar Singh<\/td>\n<td width=\"227\">Tata Steel limitada<\/td>\n<td width=\"105\">India<\/td>\n<td width=\"105\">431,419<\/td>\n<\/tr>\n<tr>\n<td align=\"center\" width=\"57\">3<\/td>\n<td width=\"255\">Avishek Samal<\/td>\n<td width=\"227\">Tata Steel limitada<\/td>\n<td width=\"105\">India<\/td>\n<td width=\"105\">431,526<\/td>\n<\/tr>\n<tr>\n<td align=\"center\" width=\"57\">4<\/td>\n<td width=\"255\">Arth Kumar<\/td>\n<td width=\"227\">Tata Steel limitada<\/td>\n<td width=\"105\">India<\/td>\n<td width=\"105\">431,689<\/td>\n<\/tr>\n<tr>\n<td align=\"center\" width=\"57\">5<\/td>\n<td width=\"255\">Rashmita Biswal<\/td>\n<td width=\"227\">Tata Steel limitada<\/td>\n<td width=\"105\">India<\/td>\n<td width=\"105\">431,701<\/td>\n<\/tr>\n<\/tbody>\n<\/table>\n<p><br data-source=\" \" \/><strong>Asia Norte \u2013 Industria<\/strong><\/p>\n<table width=\"644\">\n<tbody>\n<tr>\n<td width=\"57\"><strong>Posici\u00f3n<\/strong><\/td>\n<td width=\"255\"><strong>Persona<\/strong><\/td>\n<td width=\"227\"><strong>Afiliaci\u00f3n<\/strong><\/td>\n<td width=\"105\"><strong>Pa\u00eds<\/strong><\/td>\n<td><strong>Precio<\/strong><\/td>\n<\/tr>\n<tr>\n<td align=\"center\" width=\"57\"><strong>1<\/strong><\/td>\n<td width=\"255\"><strong>Xiao Wu (\u6f47\u5434)<\/strong><\/td>\n<td width=\"227\"><strong>HBIS Group Co., Ltd.<\/strong><\/td>\n<td width=\"105\"><strong>China<\/strong><\/td>\n<td width=\"105\"><strong>427,712<\/strong><\/td>\n<\/tr>\n<tr>\n<td align=\"center\" width=\"57\">2<\/td>\n<td width=\"255\">Gang Zu (\u7956\u521a)<\/td>\n<td width=\"227\">HBIS Group Co., Ltd.<\/td>\n<td width=\"105\">China<\/td>\n<td width=\"105\">427,761<\/td>\n<\/tr>\n<tr>\n<td align=\"center\" width=\"57\">3<\/td>\n<td width=\"255\">Hu Zhiju (\u80e1\u5fd7\u83ca)<\/td>\n<td width=\"227\">HBIS Group Co., Ltd.<\/td>\n<td width=\"105\">China<\/td>\n<td width=\"105\">427,904<\/td>\n<\/tr>\n<tr>\n<td align=\"center\" width=\"57\">4<\/td>\n<td width=\"255\">W\u00e1ng Y\u00e1ng (\u738b\u626c)<\/td>\n<td width=\"227\">HBIS Group Co., Ltd.<\/td>\n<td width=\"105\">China<\/td>\n<td width=\"105\">427,953<\/td>\n<\/tr>\n<tr>\n<td align=\"center\" width=\"57\">5<\/td>\n<td width=\"255\">W\u00e1ng Y\u00e1ng (\u738b\u6768)<\/td>\n<td width=\"227\">HBIS Group Co., Ltd.<\/td>\n<td width=\"105\">China<\/td>\n<td width=\"105\">427,966<\/td>\n<\/tr>\n<\/tbody>\n<\/table>\n<p><br data-source=\" \" \/><strong>Asia Este y Ocean\u00eda \u2013 Industria<\/strong><\/p>\n<table width=\"644\">\n<tbody>\n<tr>\n<td width=\"57\"><strong>Posici\u00f3n<\/strong><\/td>\n<td width=\"255\"><strong>Persona<\/strong><\/td>\n<td width=\"227\"><strong>Afiliaci\u00f3n<\/strong><\/td>\n<td width=\"105\"><strong>Pa\u00eds<\/strong><\/td>\n<td><strong>Precio<\/strong><\/td>\n<\/tr>\n<tr>\n<td align=\"center\" width=\"57\"><strong>1<\/strong><\/td>\n<td width=\"255\"><strong>Boseong Park (\ubc15\ubcf4\uc131)<\/strong><\/td>\n<td width=\"227\"><strong>POSCO Holdings<\/strong><\/td>\n<td width=\"105\"><strong>Corea del Sur<\/strong><\/td>\n<td width=\"105\"><strong>429,515<\/strong><\/td>\n<\/tr>\n<tr>\n<td align=\"center\" width=\"57\">2<\/td>\n<td width=\"255\">Younggeun Kim (\uae40\uc601\uadfc)<\/td>\n<td width=\"227\">POSCO Holdings<\/td>\n<td width=\"105\">Corea del Sur<\/td>\n<td width=\"105\">429,565<\/td>\n<\/tr>\n<tr>\n<td align=\"center\" width=\"57\">3<\/td>\n<td width=\"255\">Suhyun Park (\ubc15\uc218\ud604)<\/td>\n<td width=\"227\">POSCO Holdings<\/td>\n<td width=\"105\">Corea del Sur<\/td>\n<td width=\"105\">429,712<\/td>\n<\/tr>\n<tr>\n<td align=\"center\" width=\"57\">4<\/td>\n<td width=\"255\">Kim Jinho (\uae40\uc9c4\ud638)<\/td>\n<td width=\"227\">POSCO Holdings<\/td>\n<td width=\"105\">Corea del Sur<\/td>\n<td width=\"105\">429,786<\/td>\n<\/tr>\n<tr>\n<td align=\"center\" width=\"57\">5<\/td>\n<td width=\"255\">Jingi Pyeon (\ud3b8\uc9c4\uae30)<\/td>\n<td width=\"227\">POSCO Holdings<\/td>\n<td width=\"105\">Corea del Sur<\/td>\n<td width=\"105\">429,841<\/td>\n<\/tr>\n<\/tbody>\n<\/table>\n<p>[\/vc_column_text][\/vc_column_inner][\/vc_row_inner][vc_row_inner][vc_column_inner][vc_empty_space height=&#8221;50px&#8221;][vc_separator][vc_empty_space height=&#8221;50px&#8221;][\/vc_column_inner][\/vc_row_inner][vc_row_inner][vc_column_inner][vc_column_text css=&#8221;&#8221;]<\/p>\n<h3>Categor\u00eda Estudiantes<\/h3>\n<p>[\/vc_column_text][vc_column_text css=&#8221;&#8221;]<strong>Europa y \u00c1frica \u2013 Estudiantes<\/strong><\/p>\n<table width=\"644\">\n<tbody>\n<tr>\n<td width=\"57\"><strong>Posici\u00f3n<\/strong><\/td>\n<td width=\"255\"><strong>Persona<\/strong><\/td>\n<td width=\"227\"><strong>Afiliaci\u00f3n<\/strong><\/td>\n<td width=\"105\"><strong>Pa\u00eds<\/strong><\/td>\n<td><strong>Precio<\/strong><\/td>\n<\/tr>\n<tr>\n<td align=\"center\" width=\"57\"><strong>1<\/strong><\/td>\n<td width=\"255\"><strong>O\u017ebej Modrijan<\/strong><\/td>\n<td width=\"227\"><strong>Universidad de Liubliana<\/strong><\/td>\n<td width=\"105\"><strong>Eslovenia<\/strong><\/td>\n<td width=\"105\"><strong>449,007<\/strong><\/td>\n<\/tr>\n<tr>\n<td align=\"center\" width=\"57\">2<\/td>\n<td width=\"255\">Lautaro E. Gonz\u00e1lez Santucho<\/td>\n<td width=\"227\">Universidad Polit\u00e9cnica de Catalu\u00f1a<\/td>\n<td width=\"105\">Espa\u00f1a<\/td>\n<td width=\"105\">449,644<\/td>\n<\/tr>\n<tr>\n<td align=\"center\" width=\"57\">3<\/td>\n<td width=\"255\">Valent\u00edn Nitelet<\/td>\n<td width=\"227\">Universidad de Mons<\/td>\n<td width=\"105\">B\u00e9lgica<\/td>\n<td width=\"105\">450,403<\/td>\n<\/tr>\n<tr>\n<td align=\"center\" width=\"57\">4<\/td>\n<td width=\"255\">Matija Makarovi\u010d<\/td>\n<td width=\"227\">Universidad de Liubliana<\/td>\n<td width=\"105\">Eslovenia<\/td>\n<td width=\"105\">455,668<\/td>\n<\/tr>\n<tr>\n<td align=\"center\" width=\"57\">5<\/td>\n<td width=\"255\">Jos\u00e9 Manuel Bustillos Pe\u00f1aloza<\/td>\n<td width=\"227\">Universidad Polit\u00e9cnica de Madrid<\/td>\n<td width=\"105\">Espa\u00f1a<\/td>\n<td width=\"105\">458,624<\/td>\n<\/tr>\n<\/tbody>\n<\/table>\n<p><br data-source=\" \" \/><strong>Am\u00e9ricas \u2013 Estudiantes<\/strong><\/p>\n<table width=\"644\">\n<tbody>\n<tr>\n<td width=\"57\"><strong>Posici\u00f3n<\/strong><\/td>\n<td width=\"255\"><strong>Persona<\/strong><\/td>\n<td width=\"227\"><strong>Afiliaci\u00f3n<\/strong><\/td>\n<td width=\"105\"><strong>Pa\u00eds<\/strong><\/td>\n<td><strong>Precio<\/strong><\/td>\n<\/tr>\n<tr>\n<td align=\"center\" width=\"57\"><strong>1<\/strong><\/td>\n<td width=\"255\"><strong>Daniel Aquer<\/strong><\/td>\n<td width=\"227\"><strong>Universidad Federal de Cear\u00e1<\/strong><\/td>\n<td width=\"105\"><strong>Brasil<\/strong><\/td>\n<td width=\"105\"><strong>428,903<\/strong><\/td>\n<\/tr>\n<tr>\n<td align=\"center\" width=\"57\">2<\/td>\n<td width=\"255\">Matheus Segundo Teixeira<\/td>\n<td width=\"227\">Universidad Federal de Cear\u00e1<\/td>\n<td width=\"105\">Brasil<\/td>\n<td width=\"105\">429,060<\/td>\n<\/tr>\n<tr>\n<td align=\"center\" width=\"57\">3<\/td>\n<td width=\"255\">Jo\u00e3o Pedro Gon\u00e7alves Santiago Lima<\/td>\n<td width=\"227\">Universidad Federal de Cear\u00e1<\/td>\n<td width=\"105\">Brasil<\/td>\n<td width=\"105\">429,366<\/td>\n<\/tr>\n<tr>\n<td align=\"center\" width=\"57\">4<\/td>\n<td width=\"255\">V\u00edctor Lima<\/td>\n<td width=\"227\">Universidad Federal de Cear\u00e1<\/td>\n<td width=\"105\">Brasil<\/td>\n<td width=\"105\">429,521<\/td>\n<\/tr>\n<tr>\n<td align=\"center\" width=\"57\">5<\/td>\n<td width=\"255\">Eric Kenji<\/td>\n<td width=\"227\">UMF<\/td>\n<td width=\"105\">Brasil<\/td>\n<td width=\"105\">431,232<\/td>\n<\/tr>\n<\/tbody>\n<\/table>\n<p><br data-source=\" \" \/><strong>Asia occidental \u2013 Estudiantes<\/strong><\/p>\n<table width=\"644\">\n<tbody>\n<tr>\n<td width=\"57\"><strong>Posici\u00f3n<\/strong><\/td>\n<td width=\"255\"><strong>Persona<\/strong><\/td>\n<td width=\"227\"><strong>Afiliaci\u00f3n<\/strong><\/td>\n<td width=\"105\"><strong>Pa\u00eds<\/strong><\/td>\n<td><strong>Precio<\/strong><\/td>\n<\/tr>\n<tr>\n<td align=\"center\" width=\"57\"><strong>1<\/strong><\/td>\n<td width=\"255\"><strong>Vivek Soren<\/strong><\/td>\n<td width=\"227\"><strong>Instituto T\u00e9cnico Shavak Nanavati<\/strong><\/td>\n<td width=\"105\"><strong>India<\/strong><\/td>\n<td width=\"105\"><strong>430,375<\/strong><\/td>\n<\/tr>\n<tr>\n<td align=\"center\" width=\"57\">2<\/td>\n<td width=\"255\">Humaid Alhammadi<\/td>\n<td width=\"227\">Instituto de Formaci\u00f3n y Educaci\u00f3n Profesional de Abu Dhabi<\/td>\n<td width=\"105\">Emiratos \u00c1rabes Unidos<\/td>\n<td width=\"105\">431,207<\/td>\n<\/tr>\n<tr>\n<td align=\"center\" width=\"57\">3<\/td>\n<td width=\"255\">Hardeep Singh<\/td>\n<td width=\"227\">Instituto T\u00e9cnico Shavak Nanavati<\/td>\n<td width=\"105\">India<\/td>\n<td width=\"105\">431,211<\/td>\n<\/tr>\n<tr>\n<td align=\"center\" width=\"57\">4<\/td>\n<td width=\"255\">Soya Ashwini Kumar<\/td>\n<td width=\"227\">Instituto T\u00e9cnico Shavak Nanavati<\/td>\n<td width=\"105\">India<\/td>\n<td width=\"105\">431,376<\/td>\n<\/tr>\n<tr>\n<td align=\"center\" width=\"57\">5<\/td>\n<td width=\"255\">Narottam Nischalananda Swain<\/td>\n<td width=\"227\">Instituto T\u00e9cnico Shavak Nanavati<\/td>\n<td width=\"105\">India<\/td>\n<td width=\"105\">431,399<\/td>\n<\/tr>\n<\/tbody>\n<\/table>\n<p><br data-source=\" \" \/><strong>Asia Norte \u2013 Estudiantes<\/strong><\/p>\n<table width=\"644\">\n<tbody>\n<tr>\n<td width=\"57\"><strong>Posici\u00f3n<\/strong><\/td>\n<td width=\"255\"><strong>Persona<\/strong><\/td>\n<td width=\"227\"><strong>Afiliaci\u00f3n<\/strong><\/td>\n<td width=\"105\"><strong>Pa\u00eds<\/strong><\/td>\n<td><strong>Precio<\/strong><\/td>\n<\/tr>\n<tr>\n<td align=\"center\" width=\"57\"><strong>1<\/strong><\/td>\n<td width=\"255\"><strong>Lu Hezhong (\u8d3a\u5fe0 \u5362)<\/strong><\/td>\n<td width=\"227\"><strong>Escuela vocacional de ciencia y tecnolog\u00eda de Tangshan<\/strong><\/td>\n<td width=\"105\"><strong>China<\/strong><\/td>\n<td width=\"105\"><strong>426,798<\/strong><\/td>\n<\/tr>\n<tr>\n<td align=\"center\" width=\"57\">2<\/td>\n<td width=\"255\">Y\u00fan Y\u00e1ng (\u4e91 \u6d0b)<\/td>\n<td width=\"227\">Escuela vocacional de ciencia y tecnolog\u00eda de Tangshan<\/td>\n<td width=\"105\">China<\/td>\n<td width=\"105\">426,942<\/td>\n<\/tr>\n<tr>\n<td align=\"center\" width=\"57\">3<\/td>\n<td width=\"255\">Wang Yipeng (\u6021\u5f6d \u738b)<\/td>\n<td width=\"227\">Escuela vocacional de ciencia y tecnolog\u00eda de Tangshan<\/td>\n<td width=\"105\">China<\/td>\n<td width=\"105\">427,092<\/td>\n<\/tr>\n<tr>\n<td align=\"center\" width=\"57\">4<\/td>\n<td width=\"255\">Hu Jie (\u6770 \u80e1)<\/td>\n<td width=\"227\">Escuela vocacional de ciencia y tecnolog\u00eda de Tangshan<\/td>\n<td width=\"105\">China<\/td>\n<td width=\"105\">427,140<\/td>\n<\/tr>\n<tr>\n<td align=\"center\" width=\"57\">5<\/td>\n<td width=\"255\">Wang Mengze (\u68a6\u6cfd \u738b)<\/td>\n<td width=\"227\">Escuela vocacional de ciencia y tecnolog\u00eda de Tangshan<\/td>\n<td width=\"105\">China<\/td>\n<td width=\"105\">427,142<\/td>\n<\/tr>\n<\/tbody>\n<\/table>\n<p><br data-source=\" \" \/><strong>Asia Este y Ocean\u00eda \u2013 Estudiantes<\/strong><\/p>\n<table width=\"644\">\n<tbody>\n<tr>\n<td width=\"57\"><strong>Posici\u00f3n<\/strong><\/td>\n<td width=\"255\"><strong>Persona<\/strong><\/td>\n<td width=\"227\"><strong>Afiliaci\u00f3n<\/strong><\/td>\n<td width=\"105\"><strong>Pa\u00eds<\/strong><\/td>\n<td><strong>Precio<\/strong><\/td>\n<\/tr>\n<tr>\n<td align=\"center\" width=\"57\"><strong>1<\/strong><\/td>\n<td width=\"255\"><strong>Junho Lee (\uc774\uc900\ud638)<\/strong><\/td>\n<td width=\"227\"><strong>Universidad Nacional de Jeonbuk<\/strong><\/td>\n<td width=\"105\"><strong>Corea del Sur<\/strong><\/td>\n<td width=\"105\"><strong>427,650<\/strong><\/td>\n<\/tr>\n<tr>\n<td align=\"center\" width=\"57\">2<\/td>\n<td width=\"255\">Jeong Hoo Choi (\ucd5c\uc815\ud6c4)<\/td>\n<td width=\"227\">Universidad Nacional de Jeonbuk<\/td>\n<td width=\"105\">Corea del Sur<\/td>\n<td width=\"105\">427,783<\/td>\n<\/tr>\n<tr>\n<td align=\"center\" width=\"57\">3<\/td>\n<td width=\"255\">Sung Jin Kim (\uae40\uc131\uc9c4)<\/td>\n<td width=\"227\">Universidad Nacional de Jeonbuk<\/td>\n<td width=\"105\">Corea del Sur<\/td>\n<td width=\"105\">427,945<\/td>\n<\/tr>\n<tr>\n<td align=\"center\" width=\"57\">4<\/td>\n<td width=\"255\">Seunghyeok Choi (\ucd5c\uc2b9\ud601)<\/td>\n<td width=\"227\">Universidad Nacional de Jeonbuk<\/td>\n<td width=\"105\">Corea del Sur<\/td>\n<td width=\"105\">427,973<\/td>\n<\/tr>\n<tr>\n<td align=\"center\" width=\"57\">5<\/td>\n<td width=\"255\">Seung Been Kang (\uac15\uc2b9\ube48)<\/td>\n<td width=\"227\">Universidad Dong-A<\/td>\n<td width=\"105\">Corea del Sur<\/td>\n<td width=\"105\">428,127<\/td>\n<\/tr>\n<\/tbody>\n<\/table>\n<p>[\/vc_column_text][\/vc_column_inner][\/vc_row_inner][vc_row_inner][vc_column_inner][vc_empty_space][vc_separator][vc_empty_space][\/vc_column_inner][\/vc_row_inner][vc_row_inner][vc_column_inner][vc_empty_space height=&#8221;64px&#8221;][vc_column_text css=&#8221;&#8221;]<\/p>\n<p style=\"text-align: center;\"><strong>steel<\/strong> Challenge-19 est\u00e1 generosamente patrocinado por las siguientes empresas:<\/p>\n<p>[\/vc_column_text][\/vc_column_inner][\/vc_row_inner][vc_row_inner content_placement=&#8221;middle&#8221;][vc_column_inner width=&#8221;1\/3&#8243;][vc_single_image image=&#8221;78274&#8243; img_size=&#8221;220&#215;100&#8243; alignment=&#8221;center&#8221; css=&#8221;&#8221;][\/vc_column_inner][vc_column_inner width=&#8221;1\/3&#8243;][vc_single_image image=&#8221;78277&#8243; img_size=&#8221;220&#215;100&#8243; alignment=&#8221;center&#8221; css=&#8221;&#8221;][\/vc_column_inner][vc_column_inner width=&#8221;1\/3&#8243;][vc_single_image image=&#8221;87784&#8243; img_size=&#8221;220&#215;100&#8243; alignment=&#8221;center&#8221; css=&#8221;&#8221;][\/vc_column_inner][\/vc_row_inner][vc_row_inner equal_height=&#8221;yes&#8221; content_placement=&#8221;middle&#8221;][vc_column_inner width=&#8221;1\/3&#8243;][vc_single_image image=&#8221;57263&#8243; img_size=&#8221;220&#215;100&#8243; alignment=&#8221;center&#8221; css=&#8221;&#8221;][\/vc_column_inner][vc_column_inner width=&#8221;1\/3&#8243;][vc_single_image image=&#8221;78353&#8243; img_size=&#8221;220&#215;100&#8243; alignment=&#8221;center&#8221; css=&#8221;&#8221;][\/vc_column_inner][vc_column_inner width=&#8221;1\/3&#8243;][vc_single_image image=&#8221;86890&#8243; img_size=&#8221;220&#215;100&#8243; alignment=&#8221;center&#8221; css=&#8221;&#8221;][\/vc_column_inner][\/vc_row_inner][vc_row_inner equal_height=&#8221;yes&#8221; content_placement=&#8221;middle&#8221;][vc_column_inner width=&#8221;1\/4&#8243;][vc_single_image image=&#8221;56826&#8243; img_size=&#8221;160&#215;100&#8243; alignment=&#8221;center&#8221; css=&#8221;&#8221;][\/vc_column_inner][vc_column_inner width=&#8221;1\/4&#8243;][vc_single_image image=&#8221;78551&#8243; img_size=&#8221;160&#215;100&#8243; alignment=&#8221;center&#8221; css=&#8221;&#8221;][\/vc_column_inner][vc_column_inner width=&#8221;1\/4&#8243;][vc_single_image image=&#8221;98193&#8243; img_size=&#8221;160&#215;100&#8243; alignment=&#8221;center&#8221; css=&#8221;&#8221;][\/vc_column_inner][vc_column_inner width=&#8221;1\/4&#8243;][vc_single_image image=&#8221;82100&#8243; img_size=&#8221;160&#215;100&#8243; alignment=&#8221;center&#8221; css=&#8221;&#8221;][\/vc_column_inner][\/vc_row_inner][vc_row_inner equal_height=&#8221;yes&#8221; content_placement=&#8221;middle&#8221;][vc_column_inner width=&#8221;1\/5&#8243;][vc_single_image image=&#8221;82097&#8243; img_size=&#8221;160&#215;100&#8243; alignment=&#8221;center&#8221; css=&#8221;&#8221;][\/vc_column_inner][vc_column_inner width=&#8221;1\/5&#8243;][vc_single_image image=&#8221;84065&#8243; img_size=&#8221;160&#215;100&#8243; alignment=&#8221;center&#8221; css=&#8221;&#8221;][\/vc_column_inner][vc_column_inner width=&#8221;1\/5&#8243;][vc_single_image image=&#8221;85265&#8243; img_size=&#8221;160&#215;100&#8243; alignment=&#8221;center&#8221; css=&#8221;&#8221;][\/vc_column_inner][vc_column_inner width=&#8221;1\/5&#8243;][vc_single_image image=&#8221;82106&#8243; img_size=&#8221;160&#215;100&#8243; alignment=&#8221;center&#8221; css=&#8221;&#8221;][\/vc_column_inner][vc_column_inner width=&#8221;1\/5&#8243;][vc_single_image image=&#8221;82103&#8243; img_size=&#8221;160&#215;100&#8243; alignment=&#8221;center&#8221; css=&#8221;&#8221;][\/vc_column_inner][\/vc_row_inner][\/vc_column][vc_column width=&#8221;1\/3&#8243; el_class=&#8221;sc-sidebar&#8221;][vc_row_inner el_class=&#8221;.widget&#8221;][vc_column_inner el_class=&#8221;.download-box&#8221; css=&#8221;.vc_custom_1724955746510{border-radius: 3px !important;}&#8221;][vc_column_text css=&#8221;&#8221; el_class=&#8221;.heading-widget-primary&#8221;]<\/p>\n<h2>Informe de auditor\u00eda<\/h2>\n<p>[\/vc_column_text][vc_column_text css=&#8221;&#8221;]<i class=\"fa-regular fa-arrow-down-to-line\"><\/i> Informe del equipo de auditor\u00eda de <strong>steel<\/strong>Challenge-19 (PDF | 591 KB)[\/vc_column_text][vc_raw_html css=&#8221;.vc_custom_1733401459894{margin-top: 0px !important;margin-bottom: 0px !important;}&#8221;]JTNDYSUyMGhyZWYlM0QlMjJodHRwcyUzQSUyRiUyRnN0ZWVsdW5pdmVyc2l0eS5vcmclMkZ3cC1jb250ZW50JTJGdXBsb2FkcyUyRjIwMjQlMkYxMiUyRnNjMTktYXVkaXQtdGVhbS1yZXBvcnQtZmluYWwucGRmJTIyJTIwdGFyZ2V0JTNEJTIyX2JsYW5rJTIyJTIwY2xhc3MlM0QlMjJzdHJldGNoZWQtbGluayUyMiUzRSUzQyUyRmElM0U=[\/vc_raw_html][\/vc_column_inner][\/vc_row_inner][vc_row_inner el_class=&#8221;.widget&#8221; css=&#8221;.vc_custom_1724957367572{padding-right: 0px !important;padding-left: 0px !important;}&#8221;][vc_column_inner css=&#8221;.vc_custom_1722435521610{margin-right: 0px !important;margin-left: 0px !important;padding-right: 0px !important;padding-left: 0px !important;}&#8221;][vc_wp_custommenu nav_menu=&#8221;800&#8243; el_class=&#8221;sc-side-menu&#8221;][\/vc_column_inner][\/vc_row_inner][\/vc_column][\/vc_row]<\/p>\n<\/div>","protected":false},"excerpt":{"rendered":"<p>[vc_row][vc_column][vc_column_text css=&#8221;&#8221;] Top 5 Campeonato Regional steelChallenge-19 [\/vc_column_text][\/vc_column][\/vc_row][vc_row][vc_column width=&#8221;2\/3&#8243;][vc_row_inner][vc_column_inner][vc_column_text css=&#8221;&#8221;]El Campeonato Regional de steelChallenge-19 se llev\u00f3 a cabo en l\u00ednea durante 24 horas el 26&hellip;<\/p>\n","protected":false},"author":96147,"featured_media":0,"parent":87889,"menu_order":6,"comment_status":"closed","ping_status":"closed","template":"","meta":{"footnotes":""},"class_list":["post-98285","page","type-page","status-publish","hentry"],"aioseo_notices":[],"_links":{"self":[{"href":"https:\/\/steeluniversity.org\/es\/wp-json\/wp\/v2\/pages\/98285","targetHints":{"allow":["GET"]}}],"collection":[{"href":"https:\/\/steeluniversity.org\/es\/wp-json\/wp\/v2\/pages"}],"about":[{"href":"https:\/\/steeluniversity.org\/es\/wp-json\/wp\/v2\/types\/page"}],"author":[{"embeddable":true,"href":"https:\/\/steeluniversity.org\/es\/wp-json\/wp\/v2\/users\/96147"}],"replies":[{"embeddable":true,"href":"https:\/\/steeluniversity.org\/es\/wp-json\/wp\/v2\/comments?post=98285"}],"version-history":[{"count":0,"href":"https:\/\/steeluniversity.org\/es\/wp-json\/wp\/v2\/pages\/98285\/revisions"}],"up":[{"embeddable":true,"href":"https:\/\/steeluniversity.org\/es\/wp-json\/wp\/v2\/pages\/87889"}],"wp:attachment":[{"href":"https:\/\/steeluniversity.org\/es\/wp-json\/wp\/v2\/media?parent=98285"}],"curies":[{"name":"wp","href":"https:\/\/api.w.org\/{rel}","templated":true}]}}