{"id":98691,"date":"2025-02-17T12:00:23","date_gmt":"2025-02-17T12:00:23","guid":{"rendered":"https:\/\/steeluniversity.org\/steelchallenge-19es\/world-championship-finalists\/"},"modified":"2025-05-06T15:13:49","modified_gmt":"2025-05-06T15:13:49","slug":"world-championship-finalists","status":"publish","type":"page","link":"https:\/\/steeluniversity.org\/es\/steelchallenge-19es\/world-championship-finalists\/","title":{"rendered":"Finalistas del Campeonato Mundial steelChallenge-19"},"content":{"rendered":"<div class=\"wpb-content-wrapper\"><p>[vc_row][vc_column][vc_column_text css=&#8221;&#8221;]<\/p>\n<h1>Finalistas del Campeonato Mundial <b>steel<\/b>Challenge-19<\/h1>\n<p>[\/vc_column_text][\/vc_column][\/vc_row][vc_row][vc_column width=&#8221;2\/3&#8243;][vc_row_inner][vc_column_inner][vc_column_text css=&#8221;&#8221;]El viaje hacia el <strong>Campeonato Mundial steelChallenge-19<\/strong> ha sido intenso, con participantes de todo el mundo mostrando sus conocimientos y habilidades en la fabricaci\u00f3n de acero. Despu\u00e9s de un Campeonato Regional altamente competitivo, han emergido los mejores, gan\u00e1ndose su lugar en el enfrentamiento definitivo. Estos finalistas, que representan los mejores talentos de la industria y la academia, ahora competir\u00e1n por el prestigioso t\u00edtulo de <strong>Campe\u00f3n Mundial steelChallenge-19<\/strong>. Con meses de preparaci\u00f3n, dedicaci\u00f3n y pasi\u00f3n por la innovaci\u00f3n, est\u00e1n listos para asumir el desaf\u00edo y demostrar su val\u00eda en el escenario global.[\/vc_column_text][\/vc_column_inner][\/vc_row_inner][vc_row_inner][vc_column_inner][vc_column_text css=&#8221;&#8221;]<\/p>\n<h3>Categor\u00eda de estudiante<\/h3>\n<p>[\/vc_column_text][\/vc_column_inner][\/vc_row_inner][vc_row_inner css=&#8221;.vc_custom_1739826368067{margin-right: 10px !important;margin-left: 10px !important;border-top-width: 1px !important;border-right-width: 1px !important;border-bottom-width: 1px !important;border-left-width: 1px !important;border-left-style: solid !important;border-right-style: solid !important;border-top-style: solid !important;border-bottom-style: solid !important;border-radius: 5px !important;border-color: #E7E7E7 !important;}&#8221;][vc_column_inner width=&#8221;1\/4&#8243;][vc_single_image image=&#8221;98559&#8243; img_size=&#8221;full&#8221; alignment=&#8221;center&#8221; css=&#8221;&#8221;][\/vc_column_inner][vc_column_inner width=&#8221;3\/4&#8243;][vc_column_text css=&#8221;&#8221;]<strong>O\u017ebej MODRIJAN<\/strong><br \/>\nUniversidad de Liubliana<br \/>\nCampe\u00f3n regional de Europa y \u00c1frica \/ Eslovenia<\/p>\n<p>&#8220;O\u017ebej Modrijan tiene 23 a\u00f1os y es estudiante de maestr\u00eda en Metalurgia y Materiales en la Universidad de Ljubljana. Nacido en Jesenice, Eslovenia, desarroll\u00f3 desde muy joven una pasi\u00f3n por la ingenier\u00eda, lo que lo llev\u00f3 a cursar una licenciatura en Ciencia e Ingenier\u00eda de Materiales. Obtuvo una beca en SIJ Acroni doo, donde trabaja en investigaci\u00f3n y desarrollo durante los veranos, y recibi\u00f3 el Premio Pre\u0161eren de la facultad por su tesis.<\/p>\n<p>M\u00e1s all\u00e1 de lo acad\u00e9mico, tiene una fuerte pasi\u00f3n por los deportes. Compiti\u00f3 en salto de esqu\u00ed durante toda la escuela antes de pasarse al atletismo, participando en carreras de ruta, trail running y ultramaratones&#8221;.[\/vc_column_text][\/vc_column_inner][\/vc_row_inner][vc_row_inner][vc_column_inner][vc_empty_space height=&#8221;10px&#8221;][\/vc_column_inner][\/vc_row_inner][vc_row_inner css=&#8221;.vc_custom_1739826368067{margin-right: 10px !important;margin-left: 10px !important;border-top-width: 1px !important;border-right-width: 1px !important;border-bottom-width: 1px !important;border-left-width: 1px !important;border-left-style: solid !important;border-right-style: solid !important;border-top-style: solid !important;border-bottom-style: solid !important;border-radius: 5px !important;border-color: #E7E7E7 !important;}&#8221;][vc_column_inner width=&#8221;1\/4&#8243;][vc_single_image image=&#8221;98550&#8243; img_size=&#8221;full&#8221; alignment=&#8221;center&#8221; css=&#8221;&#8221;][\/vc_column_inner][vc_column_inner width=&#8221;3\/4&#8243;][vc_column_text css=&#8221;&#8221;]<strong>Daniel AQUER<\/strong><br \/>\nUniversidad Federal de Cear\u00e1<br \/>\nCampe\u00f3n Regional, Am\u00e9ricas \/ Brasil<\/p>\n<p>&#8220;Daniel Aquer de Miranda Almeida es estudiante de Ingenier\u00eda Metal\u00fargica y Campe\u00f3n Regional del American Steel Challenge. Nacido el 20 de enero de 1998, en Ubajara-CE, Brasil, creci\u00f3 en Tiangu\u00e1, una peque\u00f1a ciudad de monta\u00f1a, con sus padres, ambos profesores de escuela primaria, quienes le inculcaron una fuerte creencia en el conocimiento y el esfuerzo. Estudiante dedicado y t\u00e9cnico de calidad capacitado, ahora est\u00e1 cerca de completar su t\u00edtulo y ansioso por ingresar a la industria metal\u00fargica.<\/p>\n<p>Apasionado por el deporte y las competiciones, es un ferviente hincha del S\u00e3o Paulo FC que admira a los deportistas comprometidos con la superaci\u00f3n personal. En el Steel Challenge, desde hace mucho tiempo admira a los campeones brasile\u00f1os. Despu\u00e9s de m\u00faltiples intentos, qued\u00f3 segundo en la 18\u00aa edici\u00f3n y, en 2024, finalmente consigui\u00f3 el t\u00edtulo regional. Agradecido por el apoyo de su familia, amigos, profesores y tutores, se siente orgulloso de representar a la Universidad Federal de Cear\u00e1\u201d.[\/vc_column_text][\/vc_column_inner][\/vc_row_inner][vc_row_inner][vc_column_inner][vc_empty_space height=&#8221;10px&#8221;][\/vc_column_inner][\/vc_row_inner][vc_row_inner css=&#8221;.vc_custom_1739826368067{margin-right: 10px !important;margin-left: 10px !important;border-top-width: 1px !important;border-right-width: 1px !important;border-bottom-width: 1px !important;border-left-width: 1px !important;border-left-style: solid !important;border-right-style: solid !important;border-top-style: solid !important;border-bottom-style: solid !important;border-radius: 5px !important;border-color: #E7E7E7 !important;}&#8221;][vc_column_inner width=&#8221;1\/4&#8243;][vc_single_image image=&#8221;98547&#8243; img_size=&#8221;full&#8221; alignment=&#8221;center&#8221; css=&#8221;&#8221;][\/vc_column_inner][vc_column_inner width=&#8221;3\/4&#8243;][vc_column_text css=&#8221;&#8221;]<strong>Vivek SOREN<\/strong><br \/>\nInstituto T\u00e9cnico Shavak Nanavati<br \/>\nCampe\u00f3n regional, Asia-Oeste \/ India<\/p>\n<p>&#8220;Vivek Soren es un estudiante del Instituto T\u00e9cnico Shavak Nanavati y actualmente se est\u00e1 capacitando en fabricaci\u00f3n de hierro y acero. Tiene un diploma en Ingenier\u00eda Metal\u00fargica del Polit\u00e9cnico Gubernamental de Adityapur.<\/p>\n<p>Participar en steelChallenge ha sido una experiencia transformadora para \u00e9l, ya que le ha ofrecido un enfoque pr\u00e1ctico que profundiz\u00f3 su comprensi\u00f3n de las operaciones de los hornos de arco el\u00e9ctrico y la fabricaci\u00f3n de acero secundario. La competencia le permiti\u00f3 aplicar los conocimientos te\u00f3ricos a desaf\u00edos del mundo real, fortaleciendo su comprensi\u00f3n de los principios de la ingenier\u00eda del acero y sus aplicaciones tecnol\u00f3gicas. Los conocimientos adquiridos ser\u00e1n invaluables a medida que avance acad\u00e9micamente y se prepare para un futuro en la industria del acero&#8221;.[\/vc_column_text][\/vc_column_inner][\/vc_row_inner][vc_row_inner][vc_column_inner][vc_empty_space height=&#8221;10px&#8221;][\/vc_column_inner][\/vc_row_inner][vc_row_inner css=&#8221;.vc_custom_1739826368067{margin-right: 10px !important;margin-left: 10px !important;border-top-width: 1px !important;border-right-width: 1px !important;border-bottom-width: 1px !important;border-left-width: 1px !important;border-left-style: solid !important;border-right-style: solid !important;border-top-style: solid !important;border-bottom-style: solid !important;border-radius: 5px !important;border-color: #E7E7E7 !important;}&#8221;][vc_column_inner width=&#8221;1\/4&#8243;][vc_single_image image=&#8221;98556&#8243; img_size=&#8221;full&#8221; alignment=&#8221;center&#8221; css=&#8221;&#8221;][\/vc_column_inner][vc_column_inner width=&#8221;3\/4&#8243;][vc_column_text css=&#8221;&#8221;]<strong>Lu HEZHONG (\u8d3a\u5fe0 \u5362)<\/strong><br \/>\nEscuela vocacional de ciencia y tecnolog\u00eda de Tangshan<br \/>\nCampe\u00f3n regional, Asia-Norte \/ China<\/p>\n<p>&#8220;Lu HeZhong (\u8d3a\u5fe0 \u5362) es estudiante de la especialidad en Tecnolog\u00eda Metal\u00fargica Inteligente del Acero en el Departamento de Ingenier\u00eda de Materiales de la Facultad Vocacional de Ciencia y Tecnolog\u00eda de TangShan. A lo largo de sus estudios, ha demostrado un fuerte liderazgo como secretario de la rama de la Liga Juvenil de su clase y ha sido reconocido con varios galardones, incluido el t\u00edtulo de &#8220;Estudiante destacado&#8221;, el primer premio en una competencia de habilidades vocacionales y el tercer premio en la competencia de recitaci\u00f3n del departamento. Conocido por su diligencia y precisi\u00f3n, constantemente se ubica entre los mejores estudiantes de su clase. Comprometido con la mejora continua, se esfuerza por alcanzar logros a\u00fan mayores en el futuro\u201d.[\/vc_column_text][\/vc_column_inner][\/vc_row_inner][vc_row_inner][vc_column_inner][vc_empty_space height=&#8221;10px&#8221;][\/vc_column_inner][\/vc_row_inner][vc_row_inner css=&#8221;.vc_custom_1739826368067{margin-right: 10px !important;margin-left: 10px !important;border-top-width: 1px !important;border-right-width: 1px !important;border-bottom-width: 1px !important;border-left-width: 1px !important;border-left-style: solid !important;border-right-style: solid !important;border-top-style: solid !important;border-bottom-style: solid !important;border-radius: 5px !important;border-color: #E7E7E7 !important;}&#8221;][vc_column_inner width=&#8221;1\/4&#8243;][vc_single_image image=&#8221;98553&#8243; img_size=&#8221;full&#8221; alignment=&#8221;center&#8221; css=&#8221;&#8221;][\/vc_column_inner][vc_column_inner width=&#8221;3\/4&#8243;][vc_column_text css=&#8221;&#8221;]<strong>Junho LEE (\uc774\uc900\ud638)<\/strong><br \/>\nUniversidad Nacional de Jeonbuk<br \/>\nCampe\u00f3n regional de Asia-Este y Ocean\u00eda \/ Corea del Sur<\/p>\n<p>&#8220;Junho Lee es un investigador de ingenier\u00eda metal\u00fargica de la Universidad Nacional de Jeonbuk, Corea del Sur. Tiene una licenciatura y una maestr\u00eda en ciencia e ingenier\u00eda de materiales y actualmente est\u00e1 cursando un doctorado en ingenier\u00eda metal\u00fargica.<\/p>\n<p>steelChallenge-19 marca su tercera participaci\u00f3n en la competici\u00f3n. Aprovechando experiencias pasadas y el programa de capacitaci\u00f3n de steeluniversity, desarroll\u00f3 un proceso optimizado para esta edici\u00f3n. Valora SteelChallenge como una plataforma para mejorar los procesos de fabricaci\u00f3n de acero, reconociendo la sofisticaci\u00f3n del simulador y las mejoras continuas en su modelado matem\u00e1tico de reacciones qu\u00edmicas. Su preparaci\u00f3n implic\u00f3 un estudio profundo de estas reacciones, ampliando a\u00fan m\u00e1s su conocimiento del proceso de fabricaci\u00f3n del acero\u201d.[\/vc_column_text][\/vc_column_inner][\/vc_row_inner][vc_row_inner][vc_column_inner][vc_empty_space][vc_separator][vc_empty_space][\/vc_column_inner][\/vc_row_inner][vc_row_inner][vc_column_inner][vc_column_text css=&#8221;&#8221;]<\/p>\n<h3>Categor\u00eda de la industria<\/h3>\n<p>[\/vc_column_text][\/vc_column_inner][\/vc_row_inner][vc_row_inner css=&#8221;.vc_custom_1739826368067{margin-right: 10px !important;margin-left: 10px !important;border-top-width: 1px !important;border-right-width: 1px !important;border-bottom-width: 1px !important;border-left-width: 1px !important;border-left-style: solid !important;border-right-style: solid !important;border-top-style: solid !important;border-bottom-style: solid !important;border-radius: 5px !important;border-color: #E7E7E7 !important;}&#8221;][vc_column_inner width=&#8221;1\/4&#8243;][vc_single_image image=&#8221;98570&#8243; img_size=&#8221;full&#8221; alignment=&#8221;center&#8221; css=&#8221;&#8221;][\/vc_column_inner][vc_column_inner width=&#8221;3\/4&#8243;][vc_column_text css=&#8221;&#8221;]<strong>Carlos ARROYO<\/strong><br \/>\nAcerinox SA<br \/>\nCampe\u00f3n Regional, Europa y \u00c1frica \/ Espa\u00f1a<\/p>\n<p>Carlos Arroyo es Ingeniero de Materiales egresado de la Universidad Polit\u00e9cnica de Madrid hace apenas un a\u00f1o. Inici\u00f3 su carrera en ingenier\u00eda de aceros inoxidables en Rold\u00e1n Acerinox SA y ahora contin\u00faa su crecimiento profesional en Acerinox.<\/p>\n<p>Alcanzar el Campeonato Mundial SteelChallenge ha sido para \u00e9l un sue\u00f1o y un logro importante. Comprometido con la mejora continua, Carlos asume retos que impulsan el crecimiento tanto profesional como personal. SteelChallenge ha proporcionado la plataforma perfecta para competir, desempe\u00f1arse bajo presi\u00f3n y seguir aprendiendo: una experiencia que se alinea con su filosof\u00eda de trabajar duro, disfrutar el viaje y hacer que las cosas sucedan&#8221;.[\/vc_column_text][\/vc_column_inner][\/vc_row_inner][vc_row_inner][vc_column_inner][vc_empty_space height=&#8221;10px&#8221;][\/vc_column_inner][\/vc_row_inner][vc_row_inner css=&#8221;.vc_custom_1739826368067{margin-right: 10px !important;margin-left: 10px !important;border-top-width: 1px !important;border-right-width: 1px !important;border-bottom-width: 1px !important;border-left-width: 1px !important;border-left-style: solid !important;border-right-style: solid !important;border-top-style: solid !important;border-bottom-style: solid !important;border-radius: 5px !important;border-color: #E7E7E7 !important;}&#8221;][vc_column_inner width=&#8221;1\/4&#8243;][vc_single_image image=&#8221;98573&#8243; img_size=&#8221;full&#8221; alignment=&#8221;center&#8221; css=&#8221;&#8221;][\/vc_column_inner][vc_column_inner width=&#8221;3\/4&#8243;][vc_column_text css=&#8221;&#8221;]<strong>Leandro RODRIGUES RIBEIRO<\/strong><br \/>\nArcelorMittal<br \/>\nCampe\u00f3n Regional, Am\u00e9ricas \/ Brasil<\/p>\n<p>&#8220;Leandro Rodrigues Ribeiro es ingeniero metal\u00fargico y campe\u00f3n de las Am\u00e9ricas del SteelChallenge-19. Nacido en Fortaleza, Brasil, en 1996, creci\u00f3 en una familia humilde que valoraba la educaci\u00f3n. Sobresaliente en matem\u00e1ticas, se destac\u00f3 en la Olimp\u00edada Brasile\u00f1a de Matem\u00e1ticas y posteriormente realiz\u00f3 una carrera t\u00e9cnica en Qu\u00edmica en el Instituto Federal de Cear\u00e1, donde creci\u00f3 su pasi\u00f3n por la ciencia.<\/p>\n<p>En 2017, comenz\u00f3 a estudiar Ingenier\u00eda Metal\u00fargica en la Universidad Federal de Cear\u00e1, donde ejerci\u00f3 el liderazgo estudiantil y descubri\u00f3 su inter\u00e9s por la siderurgia a trav\u00e9s del simulador WorldSteel. Despu\u00e9s de graduarse en 2022, se uni\u00f3 a ArcelorMittal, trabajando en refinaci\u00f3n primaria antes de pasar a la metalurgia, centr\u00e1ndose en el control de calidad y la mejora de procesos.<\/p>\n<p>Leandro compiti\u00f3 por primera vez en SteelChallenge-18, terminando segundo en las Am\u00e9ricas. En 2024, consigui\u00f3 la victoria como campe\u00f3n de las Am\u00e9ricas&#8221;.[\/vc_column_text][\/vc_column_inner][\/vc_row_inner][vc_row_inner][vc_column_inner][vc_empty_space height=&#8221;10px&#8221;][\/vc_column_inner][\/vc_row_inner][vc_row_inner css=&#8221;.vc_custom_1739826368067{margin-right: 10px !important;margin-left: 10px !important;border-top-width: 1px !important;border-right-width: 1px !important;border-bottom-width: 1px !important;border-left-width: 1px !important;border-left-style: solid !important;border-right-style: solid !important;border-top-style: solid !important;border-bottom-style: solid !important;border-radius: 5px !important;border-color: #E7E7E7 !important;}&#8221;][vc_column_inner width=&#8221;1\/4&#8243;][vc_single_image image=&#8221;98567&#8243; img_size=&#8221;full&#8221; alignment=&#8221;center&#8221; css=&#8221;&#8221;][\/vc_column_inner][vc_column_inner width=&#8221;3\/4&#8243;][vc_column_text css=&#8221;&#8221;]<strong>Amer ABDELKADER<\/strong><br \/>\nAcero inoxidable<br \/>\nCampe\u00f3n regional de Asia-Oeste\/Emiratos \u00c1rabes Unidos<\/p>\n<p>&#8220;Amer Abdelkader Mohamed Amer es un experto en fabricaci\u00f3n de acero con m\u00e1s de 20 a\u00f1os de experiencia. Actualmente es operador de p\u00falpito de horno el\u00e9ctrico de arco\/LRF\/VOD para fabricaci\u00f3n de acero en EMSTEEL en Abu Dhabi, y tambi\u00e9n ha trabajado en EZZ Steel y ARCO Steel, especializ\u00e1ndose en operaciones de horno el\u00e9ctrico de arco, optimizaci\u00f3n de procesos y control de calidad.<\/p>\n<p>Amer, campe\u00f3n regional (Asia-Oeste) en steelChallenge-19, ha competido durante seis a\u00f1os y ahora competir\u00e1 en las finales del Campeonato Mundial. Tiene un Diploma T\u00e9cnico Electricista de la Escuela T\u00e9cnica Badr, Egipto, y m\u00faltiples certificaciones de capacitaci\u00f3n en fabricaci\u00f3n de acero, metalurgia y seguridad con horno el\u00e9ctrico de arco. Habla \u00e1rabe e ingl\u00e9s con fluidez y est\u00e1 comprometido con el aprendizaje continuo y el avance en la fabricaci\u00f3n de acero\u201d.[\/vc_column_text][\/vc_column_inner][\/vc_row_inner][vc_row_inner][vc_column_inner][vc_empty_space height=&#8221;10px&#8221;][\/vc_column_inner][\/vc_row_inner][vc_row_inner css=&#8221;.vc_custom_1739826368067{margin-right: 10px !important;margin-left: 10px !important;border-top-width: 1px !important;border-right-width: 1px !important;border-bottom-width: 1px !important;border-left-width: 1px !important;border-left-style: solid !important;border-right-style: solid !important;border-top-style: solid !important;border-bottom-style: solid !important;border-radius: 5px !important;border-color: #E7E7E7 !important;}&#8221;][vc_column_inner width=&#8221;1\/4&#8243;][vc_single_image image=&#8221;98564&#8243; img_size=&#8221;full&#8221; alignment=&#8221;center&#8221; css=&#8221;&#8221;][\/vc_column_inner][vc_column_inner width=&#8221;3\/4&#8243;][vc_column_text css=&#8221;&#8221;]<strong>Wu XIAO (\u6f47\u5434)<\/strong><br \/>\nSistema de informaci\u00f3n de salud HBIS<br \/>\nCampe\u00f3n regional, Asia-Norte \/ China<\/p>\n<p>&#8220;Wu Xiao es estudiante universitario y especialista en mantenimiento de equipos de automatizaci\u00f3n de sistemas auxiliares en el Departamento de Energ\u00eda de HBIS Group Tangsteel Company. Desde que se uni\u00f3 a la empresa, ha demostrado una s\u00f3lida \u00e9tica de trabajo, responsabilidad y un enfoque proactivo hacia el aprendizaje.<\/p>\n<p>Su experiencia t\u00e9cnica fue reconocida en 2022, cuando obtuvo el tercer lugar en la Competencia T\u00e9cnica de Empleados de HBIS Group Tangsteel, sobresaliendo en un desaf\u00edo de simulaci\u00f3n de fabricaci\u00f3n de acero. En 2023, obtuvo el t\u00edtulo de Campe\u00f3n T\u00e9cnico, recibiendo elogios por sus habilidades, adaptabilidad y trabajo en equipo.<\/p>\n<p>Wu ve estos logros como una motivaci\u00f3n para seguir desarrollando su experiencia y contribuir al \u00e9xito de la empresa. Tambi\u00e9n espera inspirar a sus colegas a participar en competencias t\u00e9cnicas, fomentando una cultura de mejora continua\u201d.[\/vc_column_text][\/vc_column_inner][\/vc_row_inner][vc_row_inner][vc_column_inner][vc_empty_space height=&#8221;10px&#8221;][\/vc_column_inner][\/vc_row_inner][vc_row_inner css=&#8221;.vc_custom_1739826368067{margin-right: 10px !important;margin-left: 10px !important;border-top-width: 1px !important;border-right-width: 1px !important;border-bottom-width: 1px !important;border-left-width: 1px !important;border-left-style: solid !important;border-right-style: solid !important;border-top-style: solid !important;border-bottom-style: solid !important;border-radius: 5px !important;border-color: #E7E7E7 !important;}&#8221;][vc_column_inner width=&#8221;1\/4&#8243;][vc_single_image image=&#8221;98690&#8243; img_size=&#8221;full&#8221; alignment=&#8221;center&#8221; css=&#8221;&#8221;][\/vc_column_inner][vc_column_inner width=&#8221;3\/4&#8243;][vc_column_text css=&#8221;&#8221;]<strong>Boseong PARK (\ubc15\ubcf4\uc131)<\/strong><br \/>\nPOSCO<br \/>\nCampe\u00f3n regional de Asia-Este y Ocean\u00eda \/ Corea del Sur<\/p>\n<p>&#8220;Boseong Park es el campe\u00f3n de Asia Oriental de SteelChallenge-19 y representa a POSCO en la b\u00fasqueda de optimizar la eficiencia y la rentabilidad de la producci\u00f3n de acero. Con formaci\u00f3n en Ciencia e Ingenier\u00eda de Materiales de la Universidad Nacional de Pusan y experiencia profesional en POSCO, combin\u00f3 conocimientos te\u00f3ricos con conocimientos pr\u00e1cticos para sobresalir en la competencia.<\/p>\n<p>SteelChallenge-19 puso a prueba la capacidad de los participantes para equilibrar la rentabilidad y la sostenibilidad en la producci\u00f3n de acero, un \u00e1rea en la que la experiencia del Sr. Boseong result\u00f3 invaluable. Su experiencia en POSCO le proporcion\u00f3 una profunda comprensi\u00f3n de los desaf\u00edos y soluciones de la industria del mundo real.<\/p>\n<p>El 6 de abril competir\u00e1 en el Campeonato Mundial en Sydney, donde los principales contendientes presentar\u00e1n estrategias innovadoras de producci\u00f3n de acero. Para el Sr. Boseong, este no es solo un desaf\u00edo personal, sino tambi\u00e9n una oportunidad de contribuir a la conversaci\u00f3n global sobre el futuro de la producci\u00f3n de acero sustentable, al tiempo que muestra las pr\u00e1cticas l\u00edderes en la industria de POSCO&#8221;.[\/vc_column_text][\/vc_column_inner][\/vc_row_inner][vc_row_inner][vc_column_inner][vc_empty_space][vc_separator][vc_empty_space][\/vc_column_inner][\/vc_row_inner][vc_row_inner][vc_column_inner][vc_empty_space height=&#8221;64px&#8221;][vc_column_text css=&#8221;&#8221;]<\/p>\n<p style=\"text-align: center;\">steelChallenge-19 est\u00e1 generosamente patrocinado por las siguientes empresas:<\/p>\n<p>[\/vc_column_text][\/vc_column_inner][\/vc_row_inner][vc_row_inner content_placement=&#8221;middle&#8221;][vc_column_inner width=&#8221;1\/3&#8243;][vc_single_image image=&#8221;78274&#8243; img_size=&#8221;220&#215;100&#8243; alignment=&#8221;center&#8221; css=&#8221;&#8221;][\/vc_column_inner][vc_column_inner width=&#8221;1\/3&#8243;][vc_single_image image=&#8221;78277&#8243; img_size=&#8221;220&#215;100&#8243; alignment=&#8221;center&#8221; css=&#8221;&#8221;][\/vc_column_inner][vc_column_inner width=&#8221;1\/3&#8243;][vc_single_image image=&#8221;87784&#8243; img_size=&#8221;220&#215;100&#8243; alignment=&#8221;center&#8221; css=&#8221;&#8221;][\/vc_column_inner][\/vc_row_inner][vc_row_inner equal_height=&#8221;yes&#8221; content_placement=&#8221;middle&#8221;][vc_column_inner width=&#8221;1\/3&#8243;][vc_single_image image=&#8221;57263&#8243; img_size=&#8221;220&#215;100&#8243; alignment=&#8221;center&#8221; css=&#8221;&#8221;][\/vc_column_inner][vc_column_inner width=&#8221;1\/3&#8243;][vc_single_image image=&#8221;78353&#8243; img_size=&#8221;220&#215;100&#8243; alignment=&#8221;center&#8221; css=&#8221;&#8221;][\/vc_column_inner][vc_column_inner width=&#8221;1\/3&#8243;][vc_single_image image=&#8221;86890&#8243; img_size=&#8221;220&#215;100&#8243; alignment=&#8221;center&#8221; css=&#8221;&#8221;][\/vc_column_inner][\/vc_row_inner][vc_row_inner equal_height=&#8221;yes&#8221; content_placement=&#8221;middle&#8221;][vc_column_inner width=&#8221;1\/4&#8243;][vc_single_image image=&#8221;56826&#8243; img_size=&#8221;160&#215;100&#8243; alignment=&#8221;center&#8221; css=&#8221;&#8221;][\/vc_column_inner][vc_column_inner width=&#8221;1\/4&#8243;][vc_single_image image=&#8221;78551&#8243; img_size=&#8221;160&#215;100&#8243; alignment=&#8221;center&#8221; css=&#8221;&#8221;][\/vc_column_inner][vc_column_inner width=&#8221;1\/4&#8243;][vc_single_image image=&#8221;98193&#8243; img_size=&#8221;160&#215;100&#8243; alignment=&#8221;center&#8221; css=&#8221;&#8221;][\/vc_column_inner][vc_column_inner width=&#8221;1\/4&#8243;][vc_single_image image=&#8221;82100&#8243; img_size=&#8221;160&#215;100&#8243; alignment=&#8221;center&#8221; css=&#8221;&#8221;][\/vc_column_inner][\/vc_row_inner][vc_row_inner equal_height=&#8221;yes&#8221; content_placement=&#8221;middle&#8221;][vc_column_inner width=&#8221;1\/5&#8243;][vc_single_image image=&#8221;82097&#8243; img_size=&#8221;160&#215;100&#8243; alignment=&#8221;center&#8221; css=&#8221;&#8221;][\/vc_column_inner][vc_column_inner width=&#8221;1\/5&#8243;][vc_single_image image=&#8221;84065&#8243; img_size=&#8221;160&#215;100&#8243; alignment=&#8221;center&#8221; css=&#8221;&#8221;][\/vc_column_inner][vc_column_inner width=&#8221;1\/5&#8243;][vc_single_image image=&#8221;85265&#8243; img_size=&#8221;160&#215;100&#8243; alignment=&#8221;center&#8221; css=&#8221;&#8221;][\/vc_column_inner][vc_column_inner width=&#8221;1\/5&#8243;][vc_single_image image=&#8221;82106&#8243; img_size=&#8221;160&#215;100&#8243; alignment=&#8221;center&#8221; css=&#8221;&#8221;][\/vc_column_inner][vc_column_inner width=&#8221;1\/5&#8243;][vc_single_image image=&#8221;82103&#8243; img_size=&#8221;160&#215;100&#8243; alignment=&#8221;center&#8221; css=&#8221;&#8221;][\/vc_column_inner][\/vc_row_inner][\/vc_column][vc_column width=&#8221;1\/3&#8243; el_class=&#8221;sc-sidebar&#8221;][vc_row_inner el_class=&#8221;.widget&#8221; css=&#8221;.vc_custom_1724957367572{padding-right: 0px !important;padding-left: 0px !important;}&#8221;][vc_column_inner css=&#8221;.vc_custom_1722435521610{margin-right: 0px !important;margin-left: 0px !important;padding-right: 0px !important;padding-left: 0px !important;}&#8221;][vc_wp_custommenu nav_menu=&#8221;800&#8243; el_class=&#8221;side-menu&#8221;][\/vc_column_inner][\/vc_row_inner][\/vc_column][\/vc_row]<\/p>\n<\/div>","protected":false},"excerpt":{"rendered":"<p>[vc_row][vc_column][vc_column_text css=&#8221;&#8221;] Finalistas del Campeonato Mundial steelChallenge-19 [\/vc_column_text][\/vc_column][\/vc_row][vc_row][vc_column width=&#8221;2\/3&#8243;][vc_row_inner][vc_column_inner][vc_column_text css=&#8221;&#8221;]El viaje hacia el Campeonato Mundial steelChallenge-19 ha sido intenso, con participantes de todo el mundo&hellip;<\/p>\n","protected":false},"author":96147,"featured_media":0,"parent":87889,"menu_order":6,"comment_status":"closed","ping_status":"closed","template":"","meta":{"footnotes":""},"class_list":["post-98691","page","type-page","status-publish","hentry"],"aioseo_notices":[],"_links":{"self":[{"href":"https:\/\/steeluniversity.org\/es\/wp-json\/wp\/v2\/pages\/98691","targetHints":{"allow":["GET"]}}],"collection":[{"href":"https:\/\/steeluniversity.org\/es\/wp-json\/wp\/v2\/pages"}],"about":[{"href":"https:\/\/steeluniversity.org\/es\/wp-json\/wp\/v2\/types\/page"}],"author":[{"embeddable":true,"href":"https:\/\/steeluniversity.org\/es\/wp-json\/wp\/v2\/users\/96147"}],"replies":[{"embeddable":true,"href":"https:\/\/steeluniversity.org\/es\/wp-json\/wp\/v2\/comments?post=98691"}],"version-history":[{"count":0,"href":"https:\/\/steeluniversity.org\/es\/wp-json\/wp\/v2\/pages\/98691\/revisions"}],"up":[{"embeddable":true,"href":"https:\/\/steeluniversity.org\/es\/wp-json\/wp\/v2\/pages\/87889"}],"wp:attachment":[{"href":"https:\/\/steeluniversity.org\/es\/wp-json\/wp\/v2\/media?parent=98691"}],"curies":[{"name":"wp","href":"https:\/\/api.w.org\/{rel}","templated":true}]}}