{"id":99456,"date":"2025-05-29T00:00:32","date_gmt":"2025-05-29T00:00:32","guid":{"rendered":"https:\/\/steeluniversity.org\/steelchallenge-20\/"},"modified":"2026-03-18T14:25:27","modified_gmt":"2026-03-18T14:25:27","slug":"steelchallenge-20es","status":"publish","type":"page","link":"https:\/\/steeluniversity.org\/es\/steelchallenge-20es\/","title":{"rendered":"steelChallenge-20"},"content":{"rendered":"<div class=\"wpb-content-wrapper\"><p>[vc_row][vc_column][vc_column_text]<\/p>\n<h1><b>steel<\/b>Challenge-20<\/h1>\n<p>[\/vc_column_text][\/vc_column][\/vc_row][vc_row][vc_column width=&#8221;2\/3&#8243;][vc_row_inner][vc_column_inner][vc_column_text]<\/p>\n<h3><span style=\"font-weight: 500;\">steel<\/span>Challenge es un programa de aprendizaje combinado basado en juegos, reconocido por la comunidad sider\u00fargica mundial como la competici\u00f3n preeminente para involucrar a estudiantes y profesionales de la industria y mostrar su capacidad para fabricar acero con la mejor calidad al menor coste.<\/h3>\n<p>[\/vc_column_text][vc_single_image image=&#8221;99439&#8243; img_size=&#8221;large&#8221; alignment=&#8221;center&#8221;][\/vc_column_inner][\/vc_row_inner][vc_row_inner][vc_column_inner][vc_column_text]<\/p>\n<h2>El Desaf\u00edo<\/h2>\n<p>[\/vc_column_text][vc_column_text css=&#8221;&#8221;]<\/p>\n<h4><b>steelChallenge-20<\/b> tuvo lugar en <b>dos rondas<\/b>. La primera, el Campeonato Regional, se celebr\u00f3 el <b>25 de noviembre de 2025<\/b>, comenzando a las 12:00 UTC. Los participantes dispusieron de <b>24 horas<\/b> para completar ejecuciones exitosas <b>utilizando nuestros simuladores de fabricaci\u00f3n de acero<\/b>. Los <b>cinco mejores participantes de cada categor\u00eda<\/b> avanzaron a la siguiente ronda, el Campeonato Mundial.<\/h4>\n<p>[\/vc_column_text][vc_column_text css=&#8221;&#8221;]El <strong>Campeonato Regional<\/strong> atrae a miles de estudiantes que compiten utilizando nuestros simuladores de fabricaci\u00f3n de acero, esforz\u00e1ndose por producir el grado de acero requerido al menor coste posible. Los ganadores de cada regi\u00f3n y categor\u00eda <strong>avanzaron al Campeonato Mundial<\/strong>, celebrado durante la<strong> Reuni\u00f3n General Especial de worldsteel en Berl\u00edn<\/strong>\u2014una oportunidad excepcional para que los finalistas conecten con los principales fabricantes de acero del mundo.<\/p>\n<p>Ahora en su 20\u00aa edici\u00f3n, steelChallenge se ha convertido en una <strong>iniciativa emblem\u00e1tica en la educaci\u00f3n del acero<\/strong>, atrayendo a m\u00e1s de <strong>30.000 participantes<\/strong> desde su creaci\u00f3n. A trav\u00e9s de simuladores realistas de fabricaci\u00f3n de acero, la competici\u00f3n ofrece una experiencia \u00fanica de aprendizaje pr\u00e1ctico que conecta la teor\u00eda acad\u00e9mica con la pr\u00e1ctica industrial. Los participantes no solo perfeccionan sus habilidades t\u00e9cnicas, sino que tambi\u00e9n obtienen exposici\u00f3n global, conectan con l\u00edderes de la industria y acceden a oportunidades que pueden definir sus futuras carreras.[\/vc_column_text][\/vc_column_inner][\/vc_row_inner][vc_row_inner][vc_column_inner][vc_empty_space][vc_separator][vc_empty_space][\/vc_column_inner][\/vc_row_inner][vc_row_inner][vc_column_inner][vc_column_text]<\/p>\n<h2>Categor\u00edas y Regiones<\/h2>\n<p>[\/vc_column_text][vc_single_image image=&#8221;87780&#8243; img_size=&#8221;full&#8221; alignment=&#8221;center&#8221; css=&#8221;&#8221;][\/vc_column_inner][\/vc_row_inner][vc_column_text css=&#8221;&#8221;]<\/p>\n<p>Los participantes compitieron en una de tres categor\u00edas: <strong>Estudiante Universitario<\/strong>, <strong>Industria<\/strong> o <strong>Escuela Secundaria*<\/strong>. Esta estructura refleja el amplio alcance educativo y profesional de <strong>steelChallenge<\/strong>, apoyando tanto el desarrollo del talento futuro como el crecimiento continuo de los profesionales que ya trabajan en la industria sider\u00fargica.<\/p>\n<p>Cada competidor fue asignado a una de <strong>cinco regiones globales<\/strong>:<\/p>\n<p><strong>Am\u00e9ricas<\/strong>, <strong>Asia \u2013 Oeste<\/strong>, <strong>Asia \u2013 Norte<\/strong>, <strong>Asia \u2013 Este y Ocean\u00eda<\/strong>, y <strong>Europa y \u00c1frica<\/strong>.<\/p>\n<p><strong>Los ganadores en las categor\u00edas de Estudiante Universitario e Industria de cada regi\u00f3n se clasificaron para el Campeonato Mundial.<\/strong><\/p>\n<p>*Este a\u00f1o, la <strong>categor\u00eda de Escuela Secundaria<\/strong> se introdujo como parte de una <strong>iniciativa piloto cerrada<\/strong>, desarrollada en colaboraci\u00f3n con un grupo selecto de empresas que ya tienen v\u00ednculos con escuelas t\u00e9cnicas. Los participantes de secundaria utilizaron una versi\u00f3n diferente del caso de estudio basada \u00fanicamente en el simulador de <strong>Horno de Arco El\u00e9ctrico (EAF)<\/strong> y compitieron <strong>solo en la ronda del Campeonato Regional<\/strong>. <a href=\"#\" rel=\"noopener\">M\u00e1s informaci\u00f3n.<\/a><\/p>\n<p>[\/vc_column_text][vc_row_inner][vc_column_inner][vc_empty_space][vc_separator][vc_empty_space][\/vc_column_inner][\/vc_row_inner][vc_row_inner][vc_column_inner][vc_column_text css=&#8221;&#8221;]<\/p>\n<h2>Calendario<\/h2>\n<p>[\/vc_column_text][\/vc_column_inner][\/vc_row_inner][vc_row_inner equal_height=&#8221;yes&#8221;][vc_column_inner width=&#8221;1\/12&#8243; offset=&#8221;vc_hidden-xs&#8221;][vc_column_text css=&#8221;&#8221; el_class=&#8221;bullet-num&#8221;]1[\/vc_column_text][\/vc_column_inner][vc_column_inner width=&#8221;1\/4&#8243; css=&#8221;.vc_custom_1725030971547{padding-right: 0px !important;padding-left: 0px !important;}&#8221;][vc_column_text css=&#8221;&#8221;]<\/p>\n<h3><i class=\"far fa-calendar-alt\"><\/i> 1 Sep, 2025<br \/>\n<strong><span style=\"color: #d0202e;\">Apertura de<br \/>\nInscripci\u00f3n<\/span><\/strong><\/h3>\n<p>[\/vc_column_text][vc_column_text css=&#8221;&#8221;]La inscripci\u00f3n se realiz\u00f3 en <a href=\"https:\/\/steeluniversity.org\/\"><strong>steel<\/strong>university.org<\/a> y otorg\u00f3 acceso a simulaciones, modelos 3D, cursos de e-learning, tutoriales en v\u00eddeo, foro y mesa de ayuda.[\/vc_column_text][\/vc_column_inner][vc_column_inner width=&#8221;1\/12&#8243; offset=&#8221;vc_hidden-xs&#8221;][vc_column_text css=&#8221;&#8221; el_class=&#8221;bullet-num&#8221;]2[\/vc_column_text][\/vc_column_inner][vc_column_inner width=&#8221;1\/4&#8243; css=&#8221;.vc_custom_1725030988272{padding-right: 0px !important;padding-left: 0px !important;}&#8221;][vc_column_text css=&#8221;&#8221;]<\/p>\n<h3><i class=\"far fa-chalkboard-teacher\"><\/i> 7 Oct, 2025<br \/>\n<strong><span style=\"color: #d0202e;\">Aprender Haciendo &#8211; Simulaci\u00f3n de EAF y Fabricaci\u00f3n Secundaria de Acero Explicada<\/span><\/strong><\/h3>\n<p>[\/vc_column_text][vc_column_text css=&#8221;&#8221;]Masterclass de <strong>steelTalks<\/strong> de 1 hora impartida por <a href=\"https:\/\/www.linkedin.com\/in\/ronald-o-brien-b1331444\/\" target=\"_blank\" rel=\"noopener\"><strong>Dr. Ing. Ronald O&#8217;Brien<\/strong><\/a>. La clase fue grabada y est\u00e1 disponible para volver a verla.[\/vc_column_text][\/vc_column_inner][vc_column_inner width=&#8221;1\/12&#8243; offset=&#8221;vc_hidden-xs&#8221;][vc_column_text css=&#8221;&#8221; el_class=&#8221;bullet-num&#8221;]3[\/vc_column_text][\/vc_column_inner][vc_column_inner width=&#8221;1\/4&#8243; css=&#8221;.vc_custom_1725031029920{padding-right: 0px !important;padding-left: 0px !important;}&#8221;][vc_column_text css=&#8221;&#8221;]<\/p>\n<h3><i class=\"far fa-chalkboard-teacher\"><\/i> 3 Nov, 2025<br \/>\n<strong><span style=\"color: #d0202e;\">Reducci\u00f3n Directa Basada en Hidr\u00f3geno: <\/span><\/strong><span style=\"color: #d0202e;\">Desaf\u00edos y Medidas para una Fabricaci\u00f3n de Acero Sostenible<\/span><\/h3>\n<p>[\/vc_column_text][vc_column_text css=&#8221;&#8221;]Masterclass de <strong>steelTalks<\/strong> de 1 hora impartida por <a href=\"https:\/\/www.linkedin.com\/in\/valentina-colla-20aa8321\/\" target=\"_blank\" rel=\"noopener\">Prof. Valentina Colla<\/a>. Grabaci\u00f3n de la sesi\u00f3n disponible.[\/vc_column_text][\/vc_column_inner][\/vc_row_inner][vc_row_inner][vc_column_inner][vc_empty_space][\/vc_column_inner][\/vc_row_inner][vc_row_inner equal_height=&#8221;yes&#8221;][vc_column_inner width=&#8221;1\/12&#8243; offset=&#8221;vc_hidden-xs&#8221;][vc_column_text css=&#8221;&#8221; el_class=&#8221;bullet-num&#8221;]4[\/vc_column_text][\/vc_column_inner][vc_column_inner width=&#8221;1\/4&#8243; css=&#8221;.vc_custom_1725031138653{padding-right: 0px !important;padding-left: 0px !important;}&#8221;][vc_column_text css=&#8221;&#8221;]<\/p>\n<h3><i class=\"far fa-chalkboard-teacher\"><\/i> 11 Nov, 2025<br \/>\n<strong><span style=\"color: #d0202e;\">Transformaci\u00f3n Digital y Verde de la Fabricaci\u00f3n de Acero \u2013<\/span><\/strong> <span style=\"color: #d0202e;\">Estado y Perspectivas<br \/>\n<\/span><\/h3>\n<p>[\/vc_column_text][vc_column_text css=&#8221;&#8221;]Masterclass de <strong>steelTalks<\/strong> de 1 hora impartida por <a href=\"https:\/\/www.linkedin.com\/in\/dr-thorsten-hauck-b579b233\/\" target=\"_blank\" rel=\"noopener\"><strong>Dr. Thorsten Hauck<\/strong><\/a>. Grabaci\u00f3n de la sesi\u00f3n disponible.[\/vc_column_text][vc_column_text css=&#8221;&#8221;]<\/p>\n<p style=\"text-align: center; display: none;\"><a class=\"su-btn-primary\" href=\"https:\/\/steeluniversity.org\/courses\/stk0145-sustainable-eaf-steelmaking\/\">Inscribirse al <b>webinar<\/b><\/a><\/p>\n<p>[\/vc_column_text][\/vc_column_inner][vc_column_inner width=&#8221;1\/12&#8243; offset=&#8221;vc_hidden-xs&#8221;][vc_column_text css=&#8221;&#8221; el_class=&#8221;bullet-num&#8221;]5[\/vc_column_text][\/vc_column_inner][vc_column_inner width=&#8221;1\/4&#8243; css=&#8221;.vc_custom_1725031151057{padding-right: 0px !important;padding-left: 0px !important;}&#8221;][vc_column_text css=&#8221;&#8221;]<\/p>\n<h3><i class=\"fa-regular fa-ranking-star\"><\/i> 25 Nov, 2025<br \/>\n<strong><span style=\"color: #d0202e;\">Campeonato<br \/>\nRegional<\/span><\/strong><\/h3>\n<p>[\/vc_column_text][vc_column_text css=&#8221;&#8221;]Los participantes tuvieron <strong>24 horas<\/strong> para registrar ejecuciones exitosas de los simuladores de fabricaci\u00f3n de acero elegidos.[\/vc_column_text][\/vc_column_inner][vc_column_inner width=&#8221;1\/12&#8243; offset=&#8221;vc_hidden-xs&#8221;][vc_column_text css=&#8221;&#8221; el_class=&#8221;bullet-num&#8221;]6[\/vc_column_text][\/vc_column_inner][vc_column_inner width=&#8221;1\/4&#8243; css=&#8221;.vc_custom_1725031166588{padding-right: 0px !important;padding-left: 0px !important;}&#8221;][vc_column_text css=&#8221;&#8221;]<\/p>\n<h3><i class=\"fa-kit fa-sc19\"><\/i> 13 Abr, 2026<br \/>\n<strong><span style=\"color: #d0202e;\">Campeonato<br \/>\nMundial<\/span><\/strong><\/h3>\n<p>[\/vc_column_text][vc_column_text css=&#8221;&#8221;]Hubo <strong>10 clasificados<\/strong> para el Campeonato Mundial que se celebrar\u00e1 en <strong>Berl\u00edn<\/strong>. Los clasificados incluyeron a los ganadores de estudiantes e industria en cada regi\u00f3n.[\/vc_column_text][\/vc_column_inner][vc_column_inner][vc_column_text css=&#8221;&#8221;]<\/p>\n<p style=\"text-align: center;\">El <b>calendario de masterclasses puede cambiar sin previo aviso<\/b>. Las actualizaciones se compartir\u00e1n en nuestro sitio web, redes sociales y por correo electr\u00f3nico.<br \/>\n[\/vc_column_text][\/vc_column_inner][\/vc_row_inner][vc_row_inner][vc_column_inner][vc_empty_space][vc_separator][vc_empty_space][\/vc_column_inner][\/vc_row_inner][vc_row_inner css=&#8221;.vc_custom_1715174951774{padding-right: 20px !important;padding-left: 20px !important;background-color: #f6f6f6 !important;border-radius: 20px !important;}&#8221;][vc_column_inner][vc_column_text css=&#8221;&#8221;]<\/p>\n<h2 id=\"newsletter\"><strong>steel<\/strong>Challenge Bolet\u00edn<\/h2>\n<p>Recibe las \u00faltimas noticias suscribi\u00e9ndote al bolet\u00edn de <b>steel<\/b>Challenge.[\/vc_column_text][vc_column_text]\n\t\t\t<form id=\"sib_signup_form_11\" method=\"post\" class=\"sib_signup_form\">\n\t\t\t\t<div class=\"sib_loader\" style=\"display:none;\"><img\n\t\t\t\t\t\t\tsrc=\"https:\/\/steeluniversity.org\/wp-includes\/images\/spinner.gif\" alt=\"loader\"><\/div>\n\t\t\t\t<input type=\"hidden\" name=\"sib_form_action\" value=\"subscribe_form_submit\">\n\t\t\t\t<input type=\"hidden\" name=\"sib_form_id\" value=\"11\">\n                <input type=\"hidden\" name=\"sib_form_alert_notice\" value=\"Please fill out this field\">\n                <input type=\"hidden\" name=\"sib_form_invalid_email_notice\" value=\"Your email address is invalid\">\n                <input type=\"hidden\" name=\"sib_security\" value=\"6ca22f7aed\">\n\t\t\t\t<div class=\"sib_signup_box_inside_11\">\n\t\t\t\t\t<div style=\"\/*display:none*\/\" class=\"sib_msg_disp\">\n\t\t\t\t\t<\/div>\n                    \t\t\t\t\t\r\n\r\n\r\n    <style>\r\n        .form-container {\r\n            text-align: center;\r\n        }\r\n\r\n        .form-container p {\r\n            display: flex;\r\n            justify-content: center;\r\n            align-items: center;\r\n            margin: 10px 0;\r\n        }\r\n\r\n        .form-container label, \r\n        .form-container input {\r\n            margin: 5px;\r\n        }\r\n\r\n        .form-container input[type=\"email\"],\r\n        .form-container input[type=\"text\"] {\r\n            width: 100%;\r\n        }\r\n\r\n        .form-container input[type=\"submit\"] {\r\n            width: auto;\r\n        }\r\n\r\n        .form-container small {\r\n            display: block;\r\n            text-align: center;\r\n            margin-top: 10px;\r\n        }\r\n    <\/style>\r\n\r\n\r\n    <div class=\"form-container\">\r\n        \r\n            <p class=\"sib-email-area\">\r\n                <label class=\"sib-email-area\">*<\/label>\r\n                <input type=\"email\" class=\"sib-email-area\" name=\"email\" placeholder=\"Email Address\" required=\"required\">\r\n            <\/p>\r\n            <p class=\"sib-FIRSTNAME-area\"> \r\n                <label class=\"sib-FIRSTNAME-area\">*<\/label> \r\n                <input type=\"text\" class=\"sib-FIRSTNAME-area\" name=\"FIRSTNAME\" placeholder=\"First Name\" required=\"required\"> \r\n                <label class=\"sib-LASTNAME-area\">*<\/label> \r\n                <input type=\"text\" class=\"sib-LASTNAME-area\" name=\"LASTNAME\" placeholder=\"Last Name\" required=\"required\"> \r\n            <\/p>\r\n            <p class=\"sib-email-area\">\r\n                <label class=\"sib-CATEGORY-area\">*<\/label> \r\n                <input type=\"text\" class=\"sib-CATEGORY-area\" name=\"CATEGORY\" placeholder=\"Student or Industry\" required=\"required\"> \r\n                <label class=\"sib-ORGANISATION-area\">*<\/label>    \r\n                <input type=\"text\" class=\"sib-ORGANISATION-area\" name=\"ORGANISATION\" placeholder=\"Company or University\"> \r\n            <\/p>\r\n            <p>\r\n                <input type=\"submit\" class=\"sib-default-btn\" value=\"Subscribe\">\r\n            <\/p>\r\n            <p>\r\n                <small>Your e-mail address is only used to send you our newsletter about the activities of steeluniversity. You can always use the unsubscribe link included in the newsletter. By clicking Subscribe, you agree to our <a href=\"https:\/\/www.worldsteel.org\/global\/terms-of-use.html\">Terms<\/a> and that you have read our <a href=\"https:\/\/www.worldsteel.org\/global\/privacy-policy.html\">Privacy Policy<\/a>, including our <a href=\"https:\/\/www.worldsteel.org\/global\/privacy-policy.html\">cookie use<\/a>.<\/small>\r\n            <\/p>\r\n        \r\n    <\/div>\r\n\r\n\r\n\t\t\t\t<\/div>\n\t\t\t<\/form>\n\t\t\t<style>\n\t\t\t\tform#sib_signup_form_11 p.sib-alert-message {\n    padding: 6px 12px;\n    margin-bottom: 20px;\n    border: 1px solid transparent;\n    border-radius: 4px;\n    -webkit-box-sizing: border-box;\n    -moz-box-sizing: border-box;\n    box-sizing: border-box;\n}\nform#sib_signup_form_11 p.sib-alert-message-error {\n    background-color: #f2dede;\n    border-color: #ebccd1;\n    color: #a94442;\n}\nform#sib_signup_form_11 p.sib-alert-message-success {\n    background-color: #dff0d8;\n    border-color: #d6e9c6;\n    color: #3c763d;\n}\nform#sib_signup_form_11 p.sib-alert-message-warning {\n    background-color: #fcf8e3;\n    border-color: #faebcc;\n    color: #8a6d3b;\n}\n\t\t\t<\/style>\n\t\t\t[\/vc_column_text][\/vc_column_inner][\/vc_row_inner][vc_row_inner][vc_column_inner][vc_empty_space][vc_separator][vc_empty_space][\/vc_column_inner][\/vc_row_inner][vc_row_inner][vc_column_inner][vc_empty_space height=&#8221;64px&#8221;][vc_column_text css=&#8221;&#8221;]<\/p>\n<p style=\"text-align: center;\"><strong>steel<\/strong>Challenge-20 est\u00e1 generosamente patrocinado por las siguientes empresas:<\/p>\n<p>[\/vc_column_text][\/vc_column_inner][\/vc_row_inner][vc_row_inner content_placement=&#8221;middle&#8221; css=&#8221;.vc_custom_1755633034383{padding-top: 0px !important;padding-bottom: 0px !important;}&#8221;][vc_column_inner width=&#8221;1\/3&#8243;][vc_single_image image=&#8221;78277&#8243; img_size=&#8221;240&#215;100&#8243; alignment=&#8221;center&#8221; css=&#8221;&#8221;][\/vc_column_inner][vc_column_inner width=&#8221;1\/3&#8243;][vc_single_image image=&#8221;85265&#8243; img_size=&#8221;240&#215;100&#8243; alignment=&#8221;center&#8221; css=&#8221;&#8221;][\/vc_column_inner][vc_column_inner width=&#8221;1\/3&#8243;][vc_single_image image=&#8221;86890&#8243; img_size=&#8221;240&#215;100&#8243; alignment=&#8221;center&#8221; css=&#8221;&#8221;][\/vc_column_inner][\/vc_row_inner][vc_row_inner content_placement=&#8221;middle&#8221; css=&#8221;.vc_custom_1755633034383{padding-top: 0px !important;padding-bottom: 0px !important;}&#8221;][vc_column_inner width=&#8221;1\/2&#8243;][vc_single_image image=&#8221;78353&#8243; img_size=&#8221;240&#215;100&#8243; alignment=&#8221;center&#8221; css=&#8221;&#8221;][\/vc_column_inner][vc_column_inner width=&#8221;1\/2&#8243;][vc_single_image image=&#8221;82097&#8243; img_size=&#8221;240&#215;100&#8243; alignment=&#8221;center&#8221; css=&#8221;&#8221;][\/vc_column_inner][\/vc_row_inner][vc_row_inner equal_height=&#8221;yes&#8221; content_placement=&#8221;middle&#8221; css=&#8221;.vc_custom_1755633045191{padding-top: 0px !important;padding-bottom: 0px !important;}&#8221;][vc_column_inner width=&#8221;1\/4&#8243;][vc_single_image image=&#8221;56826&#8243; img_size=&#8221;180&#215;100&#8243; alignment=&#8221;center&#8221; css=&#8221;&#8221;][\/vc_column_inner][vc_column_inner width=&#8221;1\/4&#8243;][vc_single_image image=&#8221;57263&#8243; img_size=&#8221;180&#215;100&#8243; alignment=&#8221;center&#8221; css=&#8221;&#8221;][\/vc_column_inner][vc_column_inner width=&#8221;1\/4&#8243;][vc_single_image image=&#8221;87784&#8243; img_size=&#8221;180&#215;100&#8243; alignment=&#8221;center&#8221; css=&#8221;&#8221;][\/vc_column_inner][vc_column_inner width=&#8221;1\/4&#8243;][vc_single_image image=&#8221;99943&#8243; img_size=&#8221;160&#215;100&#8243; alignment=&#8221;center&#8221; css=&#8221;&#8221;][\/vc_column_inner][\/vc_row_inner][vc_row_inner equal_height=&#8221;yes&#8221; content_placement=&#8221;middle&#8221; css=&#8221;.vc_custom_1755633054055{padding-top: 0px !important;padding-bottom: 0px !important;}&#8221;][vc_column_inner width=&#8221;1\/3&#8243;][vc_single_image image=&#8221;78551&#8243; img_size=&#8221;140&#215;100&#8243; alignment=&#8221;center&#8221; css=&#8221;&#8221;][\/vc_column_inner][vc_column_inner width=&#8221;1\/3&#8243;][vc_single_image image=&#8221;98193&#8243; img_size=&#8221;140&#215;100&#8243; alignment=&#8221;center&#8221; css=&#8221;&#8221;][\/vc_column_inner][vc_column_inner width=&#8221;1\/3&#8243;][vc_single_image image=&#8221;82100&#8243; img_size=&#8221;140&#215;100&#8243; alignment=&#8221;center&#8221; css=&#8221;&#8221;][\/vc_column_inner][\/vc_row_inner][vc_row_inner equal_height=&#8221;yes&#8221; content_placement=&#8221;middle&#8221; css=&#8221;.vc_custom_1755633062215{padding-top: 0px !important;padding-bottom: 0px !important;}&#8221;][vc_column_inner width=&#8221;1\/4&#8243;][vc_single_image image=&#8221;84065&#8243; img_size=&#8221;120&#215;100&#8243; alignment=&#8221;center&#8221; css=&#8221;&#8221;][\/vc_column_inner][vc_column_inner width=&#8221;1\/4&#8243;][vc_single_image image=&#8221;99677&#8243; img_size=&#8221;120&#215;100&#8243; alignment=&#8221;center&#8221; css=&#8221;&#8221;][\/vc_column_inner][vc_column_inner width=&#8221;1\/4&#8243;][vc_single_image image=&#8221;82106&#8243; img_size=&#8221;120&#215;100&#8243; alignment=&#8221;center&#8221; css=&#8221;&#8221;][\/vc_column_inner][vc_column_inner width=&#8221;1\/4&#8243;][vc_single_image image=&#8221;82103&#8243; img_size=&#8221;120&#215;100&#8243; alignment=&#8221;center&#8221; css=&#8221;&#8221;][\/vc_column_inner][\/vc_row_inner][\/vc_column][vc_column width=&#8221;1\/3&#8243; el_class=&#8221;sc-sidebar&#8221;][vc_row_inner el_class=&#8221;widget&#8221; css=&#8221;.vc_custom_1770658016931{margin-bottom: 0px !important;padding-bottom: 0px !important;border-radius: 10px !important;}&#8221;][vc_column_inner el_class=&#8221;red-bg&#8221; css=&#8221;.vc_custom_1770658027009{margin-bottom: 0px !important;padding-bottom: 0px !important;}&#8221;][vc_column_text css=&#8221;&#8221; el_class=&#8221;.heading-widget&#8221;]<\/p>\n<h2><span style=\"color: #ffffff;\">\u00bfQu\u00e9 viene despu\u00e9s?<\/span><\/h2>\n<p>[\/vc_column_text][vc_column_text css=&#8221;.vc_custom_1770643602370{margin-bottom: 20px !important;}&#8221; el_class=&#8221;.heading-widget-red-bg&#8221;]<\/p>\n<h3 style=\"text-align: left;\"><span style=\"color: #ffffff;\"><i class=\"fa-regular fa-ranking-star\"><\/i><strong> 13 Apr, 2026<\/strong><br \/>\n<strong>steelChallenge -20 Campeonato Mundial<\/strong><\/span><\/h3>\n<p>[\/vc_column_text][vc_column_text css=&#8221;&#8221;]Los mejores participantes de todo el mundo se enfrentar\u00e1n en la Final del Campeonato Mundial en Berl\u00edn.[\/vc_column_text][\/vc_column_inner][\/vc_row_inner][vc_row_inner el_class=&#8221;widget&#8221; css=&#8221;.vc_custom_1770644567163{padding-right: 0px !important;padding-left: 0px !important;}&#8221;][vc_column_inner css=&#8221;.vc_custom_1770237042637{margin-right: 0px !important;margin-left: 0px !important;padding-right: 0px !important;padding-left: 0px !important;}&#8221;][vc_wp_custommenu nav_menu=&#8221;840&#8243; el_class=&#8221;side-menu&#8221;][\/vc_column_inner][\/vc_row_inner][\/vc_column][\/vc_row]<\/p>\n<\/div>","protected":false},"excerpt":{"rendered":"<p>[vc_row][vc_column][vc_column_text] steelChallenge-20 [\/vc_column_text][\/vc_column][\/vc_row][vc_row][vc_column width=&#8221;2\/3&#8243;][vc_row_inner][vc_column_inner][vc_column_text] steelChallenge es un programa de aprendizaje combinado basado en juegos, reconocido por la comunidad sider\u00fargica mundial como la competici\u00f3n preeminente para&hellip;<\/p>\n","protected":false},"author":96147,"featured_media":0,"parent":0,"menu_order":0,"comment_status":"closed","ping_status":"closed","template":"","meta":{"footnotes":""},"class_list":["post-99456","page","type-page","status-publish","hentry"],"aioseo_notices":[],"_links":{"self":[{"href":"https:\/\/steeluniversity.org\/es\/wp-json\/wp\/v2\/pages\/99456","targetHints":{"allow":["GET"]}}],"collection":[{"href":"https:\/\/steeluniversity.org\/es\/wp-json\/wp\/v2\/pages"}],"about":[{"href":"https:\/\/steeluniversity.org\/es\/wp-json\/wp\/v2\/types\/page"}],"author":[{"embeddable":true,"href":"https:\/\/steeluniversity.org\/es\/wp-json\/wp\/v2\/users\/96147"}],"replies":[{"embeddable":true,"href":"https:\/\/steeluniversity.org\/es\/wp-json\/wp\/v2\/comments?post=99456"}],"version-history":[{"count":0,"href":"https:\/\/steeluniversity.org\/es\/wp-json\/wp\/v2\/pages\/99456\/revisions"}],"wp:attachment":[{"href":"https:\/\/steeluniversity.org\/es\/wp-json\/wp\/v2\/media?parent=99456"}],"curies":[{"name":"wp","href":"https:\/\/api.w.org\/{rel}","templated":true}]}}