{"id":99521,"date":"2025-06-11T00:00:10","date_gmt":"2025-06-11T00:00:10","guid":{"rendered":"https:\/\/steeluniversity.org\/steelchallenge-20es\/sponsorship\/"},"modified":"2025-07-17T14:13:08","modified_gmt":"2025-07-17T14:13:08","slug":"sponsorship","status":"publish","type":"page","link":"https:\/\/steeluniversity.org\/es\/steelchallenge-20es\/sponsorship\/","title":{"rendered":"Patrocinio steelChallenge-20"},"content":{"rendered":"<div class=\"wpb-content-wrapper\"><p>[vc_row][vc_column][vc_column_text css=&#8221;&#8221;]<\/p>\n<h1><span style=\"font-weight: 500;\">steel<\/span>Patrocinio Challenge-20<\/h1>\n<p>[\/vc_column_text][\/vc_column][\/vc_row][vc_row][vc_column width=&#8221;2\/3&#8243;][vc_column_text]<\/p>\n<h3><b>steel<\/b>Challenge es una puerta de entrada para inspirar talento excepcional y fomentar relaciones duraderas con estudiantes, profesores, expertos tem\u00e1ticos y profesionales capacitados y motivados. Este evento global demuestra el compromiso del sector del acero con la innovaci\u00f3n, la sostenibilidad y la transformaci\u00f3n digital.<\/h3>\n<p>[\/vc_column_text][vc_empty_space][vc_single_image image=&#8221;99439&#8243; img_size=&#8221;large&#8221; alignment=&#8221;center&#8221; css=&#8221;&#8221;][vc_empty_space][vc_column_text css=&#8221;&#8221;]<\/p>\n<h2>\u00bfPor qu\u00e9 patrocinar <b>steel<\/b>Challenge-20?<\/h2>\n<p>[\/vc_column_text][vc_column_text css=&#8221;&#8221;]steelChallenge-20 ofrece a tu organizaci\u00f3n <b>una oportunidad \u00fanica para conectar con la pr\u00f3xima generaci\u00f3n de profesionales del acero<\/b> y demostrar liderazgo en sostenibilidad, innovaci\u00f3n y desarrollo del talento. El patrocinio est\u00e1 abierto a empresas y asociaciones del sector acero en cuatro niveles, con beneficios dise\u00f1ados para <b>amplificar tu visibilidad, fortalecer el desarrollo de talento y tender puentes con el mundo acad\u00e9mico.<\/b><\/p>\n<p>Al patrocinar <b>steelChallenge<\/b>, tu organizaci\u00f3n se conectar\u00e1 con actores clave del ecosistema global de desarrollo de talento, incluyendo centros de investigaci\u00f3n, proveedores de formaci\u00f3n, asociaciones, proveedores de equipos y servicios, gobiernos y colegas del sector. Estas conexiones te ayudar\u00e1n a construir una <b>fuerza laboral altamente especializada y multifuncional<\/b>, preparada para afrontar los desaf\u00edos del acero moderno.[\/vc_column_text][vc_row_inner equal_height=&#8221;yes&#8221; content_placement=&#8221;top&#8221; gap=&#8221;20&#8243; css=&#8221;.vc_custom_1725031679399{margin-right: 0px !important;margin-left: 0px !important;}&#8221;][vc_column_inner el_class=&#8221;color-card&#8221; width=&#8221;1\/2&#8243; css=&#8221;.vc_custom_1724095418533{padding-right: 20px !important;padding-left: 20px !important;background-color: #d0202e !important;border-radius: 10px !important;}&#8221;][vc_icon icon_fontawesome=&#8221;fa fa-solid fa-user-plus&#8221; color=&#8221;white&#8221; size=&#8221;xl&#8221; align=&#8221;center&#8221; css=&#8221;&#8221;][vc_column_text css=&#8221;&#8221;]<\/p>\n<h3 style=\"text-align: center;\">Atrae a j\u00f3venes talentos y construye una s\u00f3lida cantera de futuros profesionales.<\/h3>\n<p>[\/vc_column_text][\/vc_column_inner][vc_column_inner el_class=&#8221;color-card&#8221; width=&#8221;1\/2&#8243; css=&#8221;.vc_custom_1724095430673{padding-right: 20px !important;padding-left: 20px !important;background-color: #00aae7 !important;border-radius: 10px !important;}&#8221;][vc_icon icon_fontawesome=&#8221;fa fa-solid fa-graduation-cap&#8221; color=&#8221;white&#8221; size=&#8221;xl&#8221; align=&#8221;center&#8221; css=&#8221;&#8221;][vc_column_text css=&#8221;&#8221;]<\/p>\n<h3 style=\"text-align: center;\">Colabora con universidades para alinear la educaci\u00f3n con las necesidades de la industria del acero.<\/h3>\n<p>[\/vc_column_text][\/vc_column_inner][vc_column_inner el_class=&#8221;color-card&#8221; css=&#8221;.vc_custom_1724095444909{padding-right: 20px !important;padding-left: 20px !important;background-color: #841c80 !important;border-radius: 10px !important;}&#8221;][vc_icon icon_fontawesome=&#8221;fa fa-solid fa-users-gear&#8221; color=&#8221;white&#8221; size=&#8221;xl&#8221; align=&#8221;center&#8221; css=&#8221;&#8221;][vc_column_text css=&#8221;&#8221;]<\/p>\n<h3 style=\"text-align: center;\">Capacita a tus empleados con formaci\u00f3n pr\u00e1ctica usando simuladores avanzados.<\/h3>\n<p>[\/vc_column_text][\/vc_column_inner][vc_column_inner el_class=&#8221;color-card&#8221; css=&#8221;.vc_custom_1724095462221{padding-right: 20px !important;padding-left: 20px !important;background-color: #76a519 !important;border-radius: 10px !important;}&#8221;][vc_icon icon_fontawesome=&#8221;fas fa-leaf&#8221; color=&#8221;white&#8221; size=&#8221;xl&#8221; align=&#8221;center&#8221; css=&#8221;&#8221;][vc_column_text css=&#8221;&#8221;]<\/p>\n<h3 style=\"text-align: center;\">Demuestra tu compromiso con la sostenibilidad y el liderazgo en la siderurgia digital.<\/h3>\n<p>[\/vc_column_text][\/vc_column_inner][\/vc_row_inner][vc_row_inner][vc_column_inner][vc_empty_space][vc_empty_space][vc_separator css_animation=&#8221;none&#8221;][vc_empty_space][\/vc_column_inner][\/vc_row_inner][vc_row_inner][vc_column_inner][vc_column_text css=&#8221;&#8221;]<\/p>\n<h2>Niveles de patrocinio<\/h2>\n<p>[\/vc_column_text][vc_column_text css=&#8221;&#8221;]Ya sea que tu objetivo sea visibilidad de marca, desarrollo de empleados o colaboraci\u00f3n acad\u00e9mica, steelChallenge-20 ofrece opciones de patrocinio que se adaptan a tus necesidades. Explora los beneficios de cada nivel a continuaci\u00f3n.[\/vc_column_text][vc_column_text css=&#8221;&#8221;]<\/p>\n<table style=\"width: 100%; border-collapse: collapse; text-align: left;\">\n<thead style=\"background-color: #f2f2f2;\">\n<tr>\n<th style=\"padding: 12px; border: 1px solid #ddd;\">Beneficio<\/th>\n<th style=\"padding: 12px; border: 1px solid #ddd;\">Bronce<\/th>\n<th style=\"padding: 12px; border: 1px solid #ddd;\">Plata<\/th>\n<th style=\"padding: 12px; border: 1px solid #ddd;\">Oro<\/th>\n<th style=\"padding: 12px; border: 1px solid #ddd;\">Acero<\/th>\n<\/tr>\n<\/thead>\n<tbody>\n<tr>\n<td style=\"padding: 10px; border: 1px solid #ddd;\">Logo en las p\u00e1ginas de steelChallenge y steeluniversity<\/td>\n<td style=\"text-align: center;\"><i class=\"fas fa-check\"><\/i><\/td>\n<td style=\"text-align: center;\"><i class=\"fas fa-check\"><\/i><\/td>\n<td style=\"text-align: center;\"><i class=\"fas fa-check\"><\/i><\/td>\n<td style=\"text-align: center;\"><i class=\"fas fa-check\"><\/i><\/td>\n<\/tr>\n<tr>\n<td style=\"padding: 10px; border: 1px solid #ddd;\">Inclusi\u00f3n en comunicaciones y medios del evento<\/td>\n<td style=\"text-align: center;\"><i class=\"fas fa-check\"><\/i><\/td>\n<td style=\"text-align: center;\"><i class=\"fas fa-check\"><\/i><\/td>\n<td style=\"text-align: center;\"><i class=\"fas fa-check\"><\/i><\/td>\n<td style=\"text-align: center;\"><i class=\"fas fa-check\"><\/i><\/td>\n<\/tr>\n<tr>\n<td style=\"padding: 10px; border: 1px solid #ddd;\">Informe clasificado de participantes de la empresa<\/td>\n<td style=\"text-align: center;\"><i class=\"fas fa-check\"><\/i><\/td>\n<td style=\"text-align: center;\"><i class=\"fas fa-check\"><\/i><\/td>\n<td style=\"text-align: center;\"><i class=\"fas fa-check\"><\/i><\/td>\n<td style=\"text-align: center;\"><i class=\"fas fa-check\"><\/i><\/td>\n<\/tr>\n<tr>\n<td style=\"padding: 10px; border: 1px solid #ddd;\">Menci\u00f3n y visualizaci\u00f3n durante la Final Mundial<\/td>\n<td style=\"text-align: center;\"><i class=\"fas fa-check\"><\/i><\/td>\n<td style=\"text-align: center;\"><i class=\"fas fa-check\"><\/i><\/td>\n<td style=\"text-align: center;\"><i class=\"fas fa-check\"><\/i><\/td>\n<td style=\"text-align: center;\"><i class=\"fas fa-check\"><\/i><\/td>\n<\/tr>\n<tr>\n<td style=\"padding: 10px; border: 1px solid #ddd;\">\u201cCompetencia dentro de la competencia\u201d \u2013 nivel empresa<\/td>\n<td style=\"text-align: center;\">\u2013<\/td>\n<td style=\"text-align: center;\"><i class=\"fas fa-check\"><\/i><\/td>\n<td style=\"text-align: center;\"><i class=\"fas fa-check\"><\/i><\/td>\n<td style=\"text-align: center;\"><i class=\"fas fa-check\"><\/i><\/td>\n<\/tr>\n<tr>\n<td style=\"padding: 10px; border: 1px solid #ddd;\">\u201cCompetencia dentro de la competencia\u201d \u2013 nivel nacional<\/td>\n<td style=\"text-align: center;\">\u2013<\/td>\n<td style=\"text-align: center;\">\u2013<\/td>\n<td style=\"text-align: center;\"><i class=\"fas fa-check\"><\/i><\/td>\n<td style=\"text-align: center;\"><i class=\"fas fa-check\"><\/i><\/td>\n<\/tr>\n<tr>\n<td style=\"padding: 10px; border: 1px solid #ddd;\">\u201cCompetencia dentro de la competencia\u201d \u2013 nivel multinacional<\/td>\n<td style=\"text-align: center;\">\u2013<\/td>\n<td style=\"text-align: center;\">\u2013<\/td>\n<td style=\"text-align: center;\">\u2013<\/td>\n<td style=\"text-align: center;\"><i class=\"fas fa-check\"><\/i><\/td>\n<\/tr>\n<tr>\n<td style=\"padding: 10px; border: 1px solid #ddd;\">Logo en la p\u00e1gina principal y certificados<\/td>\n<td style=\"text-align: center;\">\u2013<\/td>\n<td style=\"text-align: center;\">\u2013<\/td>\n<td style=\"text-align: center;\">\u2013<\/td>\n<td style=\"text-align: center;\"><i class=\"fas fa-check\"><\/i><\/td>\n<\/tr>\n<tr>\n<td style=\"padding: 10px; border: 1px solid #ddd;\">Lista completa de participantes<\/td>\n<td style=\"text-align: center;\">\u2013<\/td>\n<td style=\"text-align: center;\">\u2013<\/td>\n<td style=\"text-align: center;\"><i class=\"fas fa-check\"><\/i><\/td>\n<td style=\"text-align: center;\"><i class=\"fas fa-check\"><\/i><\/td>\n<\/tr>\n<tr>\n<td style=\"padding: 10px; border: 1px solid #ddd;\">Sesi\u00f3n privada de tutor\u00eda<\/td>\n<td style=\"text-align: center;\">\u2013<\/td>\n<td style=\"text-align: center;\">\u2013<\/td>\n<td style=\"text-align: center;\">\u2013<\/td>\n<td style=\"text-align: center;\"><i class=\"fas fa-check\"><\/i><\/td>\n<\/tr>\n<tr>\n<td style=\"padding: 10px; border: 1px solid #ddd;\">Registros gratuitos para la categor\u00eda industria<\/td>\n<td style=\"text-align: center;\">25<\/td>\n<td style=\"text-align: center;\">50<\/td>\n<td style=\"text-align: center;\">100<\/td>\n<td style=\"text-align: center;\">Ilimitados<\/td>\n<\/tr>\n<tr>\n<td style=\"padding: 10px; border: 1px solid #ddd;\">Registros gratuitos para la categor\u00eda estudiantes<\/td>\n<td style=\"text-align: center;\">50<\/td>\n<td style=\"text-align: center;\">100<\/td>\n<td style=\"text-align: center;\">200<\/td>\n<td style=\"text-align: center;\">Ilimitados<\/td>\n<\/tr>\n<tr>\n<td style=\"padding: 10px; border: 1px solid #ddd;\">Licencia de 1 a\u00f1o al paquete t\u00e9cnico para 3 universidades<\/td>\n<td style=\"text-align: center;\">\u2013<\/td>\n<td style=\"text-align: center;\">\u2013<\/td>\n<td style=\"text-align: center;\">\u2013<\/td>\n<td style=\"text-align: center;\"><i class=\"fas fa-check\"><\/i><\/td>\n<\/tr>\n<\/tbody>\n<\/table>\n<p>[\/vc_column_text][\/vc_column_inner][\/vc_row_inner][vc_row_inner][vc_column_inner][vc_empty_space][vc_empty_space][\/vc_column_inner][\/vc_row_inner][vc_row_inner css=&#8221;.vc_custom_1749760225751{background-color: #D0202E !important;border-radius: 10px !important;}&#8221;][vc_column_inner width=&#8221;1\/4&#8243; offset=&#8221;vc_hidden-md vc_hidden-sm vc_hidden-xs&#8221;][vc_single_image image=&#8221;99507&#8243; img_size=&#8221;medium&#8221; alignment=&#8221;center&#8221; css=&#8221;&#8221;][\/vc_column_inner][vc_column_inner width=&#8221;3\/4&#8243; offset=&#8221;vc_hidden-md vc_hidden-sm vc_hidden-xs&#8221;][vc_column_text css=&#8221;&#8221;]<\/p>\n<h2><span style=\"color: #ffffff;\">\u00bfListo para <b>patrocinar steelChallenge-20?<\/b><\/span><\/h2>\n<p>[\/vc_column_text][vc_column_text css=&#8221;&#8221;]<span style=\"color: #ffffff;\"><b>Atrae talento, fortalece alianzas universitarias y demuestra tu liderazgo en una siderurgia sostenible. \u00danete a esta iniciativa global y asegura tu nivel de patrocinio.<\/b><\/span><\/p>\n<p><span style=\"color: #ffffff;\">Cont\u00e1ctanos en <a style=\"color: #ffffff;\" href=\"mailto:avila@steeluniversity.org\"><b>avila@steeluniversity.org<\/b><\/a> (Tom\u00e1s Avila) para conocer m\u00e1s sobre las oportunidades de patrocinio para tu empresa u organizaci\u00f3n.<\/span>[\/vc_column_text][vc_column_text css=&#8221;&#8221;]<\/p>\n<p style=\"text-align: center;\"><a class=\"su-btn-secondary\" href=\"mailto:avila@steeluniversity.org\"><i class=\"fas fa-envelope\"><\/i> \u00a1<b>Cont\u00e1ctanos!<\/b><\/a><\/p>\n<p>[\/vc_column_text][\/vc_column_inner][\/vc_row_inner]<br \/>\n[vc_row_inner disable_element=&#8221;yes&#8221;][vc_column_inner][vc_column_text css=&#8221;&#8221;]<\/p>\n<p style=\"text-align: center;\"><strong>steel<\/strong>Challenge-19 is generously sponsored by the following companies:<\/p>\n<p>[\/vc_column_text][\/vc_column_inner][\/vc_row_inner][vc_row_inner content_placement=&#8221;middle&#8221; disable_element=&#8221;yes&#8221;][vc_column_inner width=&#8221;1\/3&#8243;][vc_single_image image=&#8221;78274&#8243; img_size=&#8221;220&#215;100&#8243; alignment=&#8221;center&#8221; css=&#8221;&#8221;][\/vc_column_inner][vc_column_inner width=&#8221;1\/3&#8243;][vc_single_image image=&#8221;78277&#8243; img_size=&#8221;220&#215;100&#8243; alignment=&#8221;center&#8221; css=&#8221;&#8221;][\/vc_column_inner][vc_column_inner width=&#8221;1\/3&#8243;][vc_single_image image=&#8221;87784&#8243; img_size=&#8221;220&#215;100&#8243; alignment=&#8221;center&#8221; css=&#8221;&#8221;][\/vc_column_inner][\/vc_row_inner][vc_row_inner equal_height=&#8221;yes&#8221; content_placement=&#8221;middle&#8221; disable_element=&#8221;yes&#8221;][vc_column_inner width=&#8221;1\/3&#8243;][vc_single_image image=&#8221;57263&#8243; img_size=&#8221;220&#215;100&#8243; alignment=&#8221;center&#8221; css=&#8221;&#8221;][\/vc_column_inner][vc_column_inner width=&#8221;1\/3&#8243;][vc_single_image image=&#8221;78353&#8243; img_size=&#8221;220&#215;100&#8243; alignment=&#8221;center&#8221; css=&#8221;&#8221;][\/vc_column_inner][vc_column_inner width=&#8221;1\/3&#8243;][vc_single_image image=&#8221;86890&#8243; img_size=&#8221;220&#215;100&#8243; alignment=&#8221;center&#8221; css=&#8221;&#8221;][\/vc_column_inner][\/vc_row_inner][vc_row_inner equal_height=&#8221;yes&#8221; content_placement=&#8221;middle&#8221; disable_element=&#8221;yes&#8221;][vc_column_inner width=&#8221;1\/4&#8243;][vc_single_image image=&#8221;56826&#8243; img_size=&#8221;160&#215;100&#8243; alignment=&#8221;center&#8221; css=&#8221;&#8221;][\/vc_column_inner][vc_column_inner width=&#8221;1\/4&#8243;][vc_single_image image=&#8221;78551&#8243; img_size=&#8221;160&#215;100&#8243; alignment=&#8221;center&#8221; css=&#8221;&#8221;][\/vc_column_inner][vc_column_inner width=&#8221;1\/4&#8243;][vc_single_image image=&#8221;98193&#8243; img_size=&#8221;160&#215;100&#8243; alignment=&#8221;center&#8221; css=&#8221;&#8221;][\/vc_column_inner][vc_column_inner width=&#8221;1\/4&#8243;][vc_single_image image=&#8221;82100&#8243; img_size=&#8221;160&#215;100&#8243; alignment=&#8221;center&#8221; css=&#8221;&#8221;][\/vc_column_inner][\/vc_row_inner][vc_row_inner equal_height=&#8221;yes&#8221; content_placement=&#8221;middle&#8221; disable_element=&#8221;yes&#8221;][vc_column_inner width=&#8221;1\/5&#8243;][vc_single_image image=&#8221;82097&#8243; img_size=&#8221;160&#215;100&#8243; alignment=&#8221;center&#8221; css=&#8221;&#8221;][\/vc_column_inner][vc_column_inner width=&#8221;1\/5&#8243;][vc_single_image image=&#8221;84065&#8243; img_size=&#8221;160&#215;100&#8243; alignment=&#8221;center&#8221; css=&#8221;&#8221;][\/vc_column_inner][vc_column_inner width=&#8221;1\/5&#8243;][vc_single_image image=&#8221;85265&#8243; img_size=&#8221;160&#215;100&#8243; alignment=&#8221;center&#8221; css=&#8221;&#8221;][\/vc_column_inner][vc_column_inner width=&#8221;1\/5&#8243;][vc_single_image image=&#8221;82106&#8243; img_size=&#8221;160&#215;100&#8243; alignment=&#8221;center&#8221; css=&#8221;&#8221;][\/vc_column_inner][vc_column_inner width=&#8221;1\/5&#8243;][vc_single_image image=&#8221;82103&#8243; img_size=&#8221;160&#215;100&#8243; alignment=&#8221;center&#8221; css=&#8221;&#8221;][\/vc_column_inner][\/vc_row_inner][\/vc_column][vc_column width=&#8221;1\/3&#8243; el_class=&#8221;.sc-sidebar&#8221;][vc_row_inner el_class=&#8221;widget&#8221;][vc_column_inner css=&#8221;.vc_custom_1749831296418{background-color: #D0202E !important;border-radius: 5px !important;}&#8221;][vc_column_text css=&#8221;&#8221;]<\/p>\n<h2><span style=\"color: #ffffff;\">\u00bfListo para <b>patrocinar steelChallenge-20?<\/b><\/span><\/h2>\n<p>[\/vc_column_text][vc_column_text css=&#8221;&#8221;]<span style=\"color: #ffffff;\"><b>Atrae talento, fortalece alianzas universitarias y demuestra tu liderazgo en una siderurgia sostenible. \u00danete a esta iniciativa global y asegura tu nivel de patrocinio.<\/b><\/span>[\/vc_column_text][vc_column_text css=&#8221;&#8221;]<\/p>\n<p style=\"text-align: center;\"><a class=\"su-btn-secondary\" href=\"mailto:avila@steeluniversity.org\"><i class=\"fas fa-envelope\"><\/i> \u00a1<b>Cont\u00e1ctanos!<\/b><\/a><\/p>\n<p>[\/vc_column_text][\/vc_column_inner][\/vc_row_inner][vc_row_inner el_class=&#8221;.widget&#8221; css=&#8221;.vc_custom_1726494588029{padding-right: 0px !important;padding-left: 0px !important;}&#8221;][vc_column_inner css=&#8221;.vc_custom_1726494330393{margin-right: 0px !important;margin-left: 0px !important;padding-right: 0px !important;padding-left: 0px !important;}&#8221;][vc_wp_custommenu nav_menu=&#8221;840&#8243; el_class=&#8221;side-menu&#8221;][\/vc_column_inner][\/vc_row_inner][\/vc_column]<\/p>\n<\/div>","protected":false},"excerpt":{"rendered":"<p>[vc_row][vc_column][vc_column_text css=&#8221;&#8221;] steelPatrocinio Challenge-20 [\/vc_column_text][\/vc_column][\/vc_row][vc_row][vc_column width=&#8221;2\/3&#8243;][vc_column_text] steelChallenge es una puerta de entrada para inspirar talento excepcional y fomentar relaciones duraderas con estudiantes, profesores, expertos tem\u00e1ticos&hellip;<\/p>\n","protected":false},"author":96147,"featured_media":0,"parent":99456,"menu_order":0,"comment_status":"closed","ping_status":"closed","template":"","meta":{"footnotes":""},"class_list":["post-99521","page","type-page","status-publish","hentry"],"aioseo_notices":[],"_links":{"self":[{"href":"https:\/\/steeluniversity.org\/es\/wp-json\/wp\/v2\/pages\/99521","targetHints":{"allow":["GET"]}}],"collection":[{"href":"https:\/\/steeluniversity.org\/es\/wp-json\/wp\/v2\/pages"}],"about":[{"href":"https:\/\/steeluniversity.org\/es\/wp-json\/wp\/v2\/types\/page"}],"author":[{"embeddable":true,"href":"https:\/\/steeluniversity.org\/es\/wp-json\/wp\/v2\/users\/96147"}],"replies":[{"embeddable":true,"href":"https:\/\/steeluniversity.org\/es\/wp-json\/wp\/v2\/comments?post=99521"}],"version-history":[{"count":0,"href":"https:\/\/steeluniversity.org\/es\/wp-json\/wp\/v2\/pages\/99521\/revisions"}],"up":[{"embeddable":true,"href":"https:\/\/steeluniversity.org\/es\/wp-json\/wp\/v2\/pages\/99456"}],"wp:attachment":[{"href":"https:\/\/steeluniversity.org\/es\/wp-json\/wp\/v2\/media?parent=99521"}],"curies":[{"name":"wp","href":"https:\/\/api.w.org\/{rel}","templated":true}]}}