{"id":99799,"date":"2025-07-23T00:00:32","date_gmt":"2025-07-23T00:00:32","guid":{"rendered":"https:\/\/steeluniversity.org\/steelchallenge-20es\/communication-kit\/"},"modified":"2025-10-20T18:29:44","modified_gmt":"2025-10-20T18:29:44","slug":"communication-kit","status":"publish","type":"page","link":"https:\/\/steeluniversity.org\/es\/steelchallenge-20es\/communication-kit\/","title":{"rendered":"Kit de Comunicaci\u00f3n"},"content":{"rendered":"<div class=\"wpb-content-wrapper\"><p>[vc_row][vc_column][vc_column_text css=&#8221;&#8221;]<\/p>\n<h1>Kit de <strong>Comunicaci\u00f3n<\/strong><\/h1>\n<p>[\/vc_column_text][\/vc_column][\/vc_row][vc_row][vc_column width=&#8221;2\/3&#8243;][vc_row_inner][vc_column_inner][vc_single_image image=&#8221;99697&#8243; img_size=&#8221;full&#8221; alignment=&#8221;center&#8221; css=&#8221;&#8221;][vc_empty_space][\/vc_column_inner][\/vc_row_inner][vc_row_inner][vc_column_inner][vc_column_text css=&#8221;&#8221;]<\/p>\n<p data-start=\"171\" data-end=\"378\">Este kit de comunicaci\u00f3n ha sido preparado para apoyar tu difusi\u00f3n sobre <strong data-start=\"245\" data-end=\"266\">steelChallenge-20<\/strong>, la competencia global que acerca a estudiantes y profesionales de la industria a las realidades de la fabricaci\u00f3n del acero.<\/p>\n<p data-start=\"380\" data-end=\"668\">Incluye los logotipos oficiales en varios idiomas, el cartel promocional y el folleto de steelChallenge-20. Estos materiales est\u00e1n destinados a ser utilizados por patrocinadores, organizaciones asociadas e instituciones participantes para compartir informaci\u00f3n sobre la competencia y fomentar una participaci\u00f3n m\u00e1s amplia.<\/p>\n<p>[\/vc_column_text][\/vc_column_inner][\/vc_row_inner][vc_row_inner][vc_column_inner][vc_empty_space][vc_separator][vc_empty_space][\/vc_column_inner][\/vc_row_inner][vc_row_inner content_placement=&#8221;top&#8221; el_class=&#8221;links-and-downloads&#8221;][vc_column_inner width=&#8221;1\/4&#8243;][vc_column_text css=&#8221;&#8221; el_class=&#8221;h-style-red&#8221;]<\/p>\n<h3><b>Logotipo<\/b><\/h3>\n<p>[\/vc_column_text][vc_single_image image=&#8221;99439&#8243; alignment=&#8221;center&#8221; css=&#8221;&#8221;][\/vc_column_inner][vc_column_inner width=&#8221;3\/4&#8243;][vc_column_text css=&#8221;&#8221;]<\/p>\n<p data-start=\"218\" data-end=\"381\">Este archivo ZIP incluye varias versiones del logotipo de <strong data-start=\"267\" data-end=\"288\">steelChallenge-20<\/strong> en color, negro y blanco, adecuadas para distintos fondos y usos.<\/p>\n<p data-start=\"383\" data-end=\"431\"><strong data-start=\"383\" data-end=\"431\">Descarga el archivo, descompr\u00edmelo y \u00fasalo seg\u00fan sea necesario.<\/strong><\/p>\n<p>[\/vc_column_text][vc_column_text css=&#8221;&#8221;]<\/p>\n<h4><strong>Logotipo del Campeonato Regional<\/strong><\/h4>\n<p>[\/vc_column_text][vc_column_text css=&#8221;&#8221; el_class=&#8221;list-style&#8221;]<a class=\"d-block\" href=\"https:\/\/steeluniversity.org\/wp-content\/uploads\/2025\/07\/SC20-logo-EN.zip\" target=\"_blank\" rel=\"noopener\">EN | Regional Championship (ZIP\/Folder | 824 KB)<\/a> <a class=\"d-block\" href=\"https:\/\/steeluniversity.org\/wp-content\/uploads\/2025\/07\/SC20-logo-ES.zip\" target=\"_blank\" rel=\"noopener\">ES | Campeonato Regional (ZIP\/Folder | 828 KB)<\/a> <a class=\"d-block\" href=\"https:\/\/steeluniversity.org\/wp-content\/uploads\/2025\/07\/SC20-logo-IT.zip\" target=\"_blank\" rel=\"noopener\">IT | Campionato Regionale (ZIP\/folder | 337 KB)<\/a> <a class=\"d-block\" href=\"https:\/\/steeluniversity.org\/wp-content\/uploads\/2025\/07\/SC20-logo-PT.zip\" target=\"_blank\" rel=\"noopener\">PT | Campeonato Regional (ZIP\/Folder | 838 KB)<\/a> <a class=\"d-block\" href=\"https:\/\/steeluniversity.org\/wp-content\/uploads\/2025\/07\/SC20-logo-ZH-HANS.zip\" target=\"_blank\" rel=\"noopener\">ZH-HANS | \u5730\u533a\u9526\u6807\u8d5b (ZIP\/Folder | 695 KB)<\/a> <a class=\"d-block\" href=\"https:\/\/steeluniversity.org\/wp-content\/uploads\/2025\/07\/SC20-logo-KR.zip\" target=\"_blank\" rel=\"noopener\">KR | \uc9c0\uc5ed \uc608\uc120 (ZIP\/Folder | 660 KB)<\/a> <a class=\"d-block\" href=\"https:\/\/steeluniversity.org\/wp-content\/uploads\/2025\/07\/SC20-logo-AR.zip\" target=\"_blank\" rel=\"noopener\">AR | \u0628\u0637\u0648\u0644\u0629 \u0627\u0644\u0645\u0646\u0627\u0637\u0642 (ZIP\/Folder | 740 KB)<\/a>[\/vc_column_text][\/vc_column_inner][\/vc_row_inner][vc_row_inner el_class=&#8221;links-and-downloads&#8221;][vc_column_inner width=&#8221;1\/4&#8243;][vc_column_text css=&#8221;&#8221; el_class=&#8221;h-style-red&#8221;]<\/p>\n<h3><b>P\u00f3steres<\/b><\/h3>\n<p>[\/vc_column_text][vc_single_image image=&#8221;99787&#8243; alignment=&#8221;center&#8221; css=&#8221;&#8221;][\/vc_column_inner][vc_column_inner width=&#8221;3\/4&#8243;][vc_column_text css=&#8221;&#8221;]<\/p>\n<p data-start=\"260\" data-end=\"456\">Este archivo ZIP contiene los carteles oficiales de <strong data-start=\"296\" data-end=\"317\">steelChallenge-20<\/strong>, adecuados para uso digital e impreso. Las versiones con logotipos de patrocinadores se actualizar\u00e1n conforme avance la preparaci\u00f3n de la competencia.<\/p>\n<p data-start=\"458\" data-end=\"506\"><strong data-start=\"458\" data-end=\"506\">Descarga el archivo, descompr\u00edmelo y \u00fasalo seg\u00fan sea necesario.<\/strong><\/p>\n<p>[\/vc_column_text][vc_column_text css=&#8221;&#8221;]<\/p>\n<h4><strong>Sin patrocinadores<\/strong><\/h4>\n<p>[\/vc_column_text][vc_column_text css=&#8221;&#8221; el_class=&#8221;list-style&#8221;]<a class=\"d-block\" href=\"https:\/\/steeluniversity.org\/wp-content\/uploads\/2025\/07\/SC20-poster-NO_SP-EN.zip\" target=\"_blank\" rel=\"noopener\">EN | steelChallenge Digital Poster N\/S (ZIP\/JPG | 2 MB)<\/a> <a class=\"d-block\" href=\"https:\/\/steeluniversity.org\/wp-content\/uploads\/2025\/07\/SC20-poster-NO_SP-ES.zip\" target=\"_blank\" rel=\"noopener\">ES | steelChallenge P\u00f3ster Digital S\/P (ZIP\/JPG | 2 MB)<\/a> <a class=\"d-block\" href=\"https:\/\/steeluniversity.org\/wp-content\/uploads\/2025\/07\/SC20-poster-NO_SP-IT.zip\" target=\"_blank\" rel=\"noopener\">IT | steelChallenge Digital Poster N\/S (ZIP\/JPG | 2 MB)<\/a> <a class=\"d-block\" href=\"https:\/\/steeluniversity.org\/wp-content\/uploads\/2025\/07\/SC20-poster-NO_SP-PT.zip\" target=\"_blank\" rel=\"noopener\">PT | steelChallenge Digital Poster N\/S (ZIP\/JPG | 2 MB)<\/a> <a class=\"d-block\" href=\"https:\/\/steeluniversity.org\/wp-content\/uploads\/2025\/07\/SC20-poster-NO_SP-HZ.zip\" target=\"_blank\" rel=\"noopener\">ZH-HANS | steelChallenge Digital Poster N\/S (ZIP\/JPG | 2 MB)<\/a> <a class=\"d-block\" href=\"https:\/\/steeluniversity.org\/wp-content\/uploads\/2025\/07\/SC20-poster-NO_SP-KR.zip\" target=\"_blank\" rel=\"noopener\">KR | steelChallenge Digital Poster N\/S (ZIP\/JPG | 2 MB)<\/a> <a class=\"d-block\" href=\"https:\/\/steeluniversity.org\/wp-content\/uploads\/2025\/07\/SC20-poster-NO_SP-AR-1.zip\" target=\"_blank\" rel=\"noopener\">AR | steelChallenge Digital Poster N\/S (ZIP\/JPG | 2 MB)<\/a>[\/vc_column_text][vc_column_text css=&#8221;&#8221;]<\/p>\n<h4><strong>Con patrocinadores<\/strong><\/h4>\n<p>[\/vc_column_text][vc_column_text css=&#8221;&#8221; el_class=&#8221;list-style&#8221;]<a class=\"d-block\" href=\"https:\/\/steeluniversity.org\/wp-content\/uploads\/2025\/10\/SC20-poster-SP-EN_A3_2010.zip\" target=\"_blank\" rel=\"noopener\">EN | steelChallenge Digital Poster (ZIP\/JPG | 2 MB)<\/a> <a class=\"d-block\" href=\"https:\/\/steeluniversity.org\/wp-content\/uploads\/2025\/10\/SC20-poster-SP-ES_A3_2010.zip\" target=\"_blank\" rel=\"noopener\">ES | steelChallenge P\u00f3ster Digital (ZIP\/JPG | 2 MB)<\/a> <a class=\"d-block\" href=\"https:\/\/steeluniversity.org\/wp-content\/uploads\/2025\/10\/SC20-poster-SP-IT_A3_2010.zip\" target=\"_blank\" rel=\"noopener\">IT | steelChallenge Digital Poster (ZIP\/JPG | 2 MB)<\/a> <a class=\"d-block\" href=\"https:\/\/steeluniversity.org\/wp-content\/uploads\/2025\/10\/SC20-poster-SP-PT_A3_2010.zip\" target=\"_blank\" rel=\"noopener\">PT | steelChallenge Digital Poster (ZIP\/JPG | 2 MB)<\/a> <a class=\"d-block\" href=\"https:\/\/steeluniversity.org\/wp-content\/uploads\/2025\/10\/SC20-poster-SP-ZH-HANS_A3_2010.zip\" target=\"_blank\" rel=\"noopener\">ZH-HANS | steelChallenge Digital Poster (ZIP\/JPG | 2 MB)<\/a> <a class=\"d-block\" href=\"https:\/\/steeluniversity.org\/wp-content\/uploads\/2025\/10\/SC20-poster-SP-KR_A3_2010.zip\" target=\"_blank\" rel=\"noopener\">KR | steelChallenge Digital Poster (ZIP\/JPG | 2 MB)<\/a> <a class=\"d-block\" href=\"https:\/\/steeluniversity.org\/wp-content\/uploads\/2025\/10\/SC20-poster-SP-AR_A3_2010.zip\" target=\"_blank\" rel=\"noopener\">AR | steelChallenge Digital Poster (ZIP\/JPG | 2 MB)<\/a>[\/vc_column_text][\/vc_column_inner][\/vc_row_inner][vc_row_inner el_class=&#8221;links-and-downloads&#8221;][vc_column_inner width=&#8221;1\/4&#8243;][vc_column_text css=&#8221;&#8221; el_class=&#8221;h-style-red&#8221;]<\/p>\n<h3><b>Folletos<\/b><\/h3>\n<p>[\/vc_column_text][vc_single_image image=&#8221;99784&#8243; alignment=&#8221;center&#8221; css=&#8221;&#8221;][\/vc_column_inner][vc_column_inner width=&#8221;3\/4&#8243;][vc_column_text css=&#8221;&#8221;]<\/p>\n<p data-start=\"164\" data-end=\"329\">Descarga el folleto oficial de <strong data-start=\"186\" data-end=\"207\">steelChallenge-20<\/strong> para su uso digital. Incluye informaci\u00f3n clave sobre el formato de la competencia, fechas importantes y c\u00f3mo registrarse.<\/p>\n<p data-start=\"331\" data-end=\"373\"><strong data-start=\"331\" data-end=\"373\">Haz clic para descargar y compartir seg\u00fan sea necesario.<\/strong><\/p>\n<p>[\/vc_column_text][vc_column_text css=&#8221;&#8221; el_class=&#8221;list-style&#8221;]<a class=\"d-block\" href=\"https:\/\/steeluniversity.org\/wp-content\/uploads\/2025\/07\/SC-20-Brochure-End-user_EN_v1.pdf\" target=\"_blank\" rel=\"noopener\">EN | steelChallenge-20 End User Brochure (PDF | 4 MB)<\/a> <a class=\"d-block\" href=\"https:\/\/steeluniversity.org\/wp-content\/uploads\/2025\/07\/SC-20-Brochure-End-user_ES_v1.pdf\" target=\"_blank\" rel=\"noopener\">ES | steelChallenge-20 Brochure Para el Usuario (PDF | 4 MB)<\/a> <a class=\"d-block\" href=\"https:\/\/steeluniversity.org\/wp-content\/uploads\/2025\/08\/SC-20-Brochure-End-user_IT_v1.pdf\" target=\"_blank\" rel=\"noopener\">IT | steelChallenge-20 Brochure per l&#8217;utente (PDF | 4 MB)<\/a> <a class=\"d-block\" href=\"https:\/\/steeluniversity.org\/wp-content\/uploads\/2025\/08\/SC-20-Brochure-End-user_PT_v2.pdf\" target=\"_blank\" rel=\"noopener\">PT | steelChallenge-20 Folheto Para o Usu\u00e1rio (PDF | 4 MB)<\/a> <a class=\"d-block\" href=\"https:\/\/steeluniversity.org\/wp-content\/uploads\/2025\/07\/SC-20-Brochure-End-user_ZH-HANS_v2.pdf\" target=\"_blank\" rel=\"noopener\">ZH-HANS | steelChallenge-20 \u2f64\u6237\u2f3f\u518c (PDF | 6 MB)<\/a> <a class=\"d-block\" href=\"https:\/\/steeluniversity.org\/wp-content\/uploads\/2025\/07\/SC-20-Brochure-End-user_AR.pdf\" target=\"_blank\" rel=\"noopener\">AR | steelChallenge-20 \u0643\u062a\u064a\u0628 \u0627\u0644\u0645\u0633\u062a\u062e\u062f\u0645 \u0627\u0644\u0646\u0647\u0627\u0626\u064a (PDF | 5 MB)<\/a>[\/vc_column_text][\/vc_column_inner][\/vc_row_inner][vc_row_inner][vc_column_inner][vc_empty_space][vc_separator][vc_empty_space][\/vc_column_inner][\/vc_row_inner][vc_row_inner el_class=&#8221;links-and-downloads&#8221;][vc_column_inner width=&#8221;1\/4&#8243;][vc_column_text css=&#8221;&#8221; el_class=&#8221;h-style-red&#8221;]<\/p>\n<h3><b>Social Media<\/b><\/h3>\n<p>[\/vc_column_text][vc_single_image image=&#8221;100177&#8243; alignment=&#8221;center&#8221; css=&#8221;&#8221;][\/vc_column_inner][vc_column_inner width=&#8221;3\/4&#8243;][vc_column_text css=&#8221;&#8221;]<\/p>\n<p>Selecci\u00f3n de recursos visuales preparados para su uso en LinkedIn, Facebook, Twitter (X) e Instagram (1200\u00d71200). Estos materiales le ayudar\u00e1n a compartir su participaci\u00f3n en <strong>steelChallenge-20<\/strong> y a promover la competencia dentro de su comunidad.<\/p>\n<p><strong>Descargue el archivo, descompr\u00edmalo y util\u00edcelo seg\u00fan sea necesario.<\/strong><\/p>\n<p><em>A tener en cuenta: el gr\u00e1fico de patrocinadores puede actualizarse si cambia la lista de patrocinadores. La versi\u00f3n m\u00e1s reciente siempre estar\u00e1 disponible aqu\u00ed.<\/em><\/p>\n<p>[\/vc_column_text][vc_column_text css=&#8221;&#8221; el_class=&#8221;list-style&#8221;]<a class=\"d-block\" href=\"https:\/\/steeluniversity.org\/wp-content\/uploads\/2025\/09\/SC20-social-EN_0911.zip\" target=\"_blank\" rel=\"noopener\">EN | steelChallenge Social Media Assets (ZIP\/PNG | 500 kB)<\/a> <a class=\"d-block\" href=\"https:\/\/steeluniversity.org\/wp-content\/uploads\/2025\/09\/SC20-social-ES_0911.zip\" target=\"_blank\" rel=\"noopener\">ES | Recursos para redes sociales de steelChallenge (ZIP\/PNG | 500 kB)<\/a> <a class=\"d-block\" href=\"https:\/\/steeluniversity.org\/wp-content\/uploads\/2025\/09\/SC20-social-IT_0911.zip\" target=\"_blank\" rel=\"noopener\">IT | Risorse social media di steelChallenge (ZIP\/PNG | 500 kB)<\/a> <a class=\"d-block\" href=\"https:\/\/steeluniversity.org\/wp-content\/uploads\/2025\/09\/SC20-social-PT_0911.zip\" target=\"_blank\" rel=\"noopener\">PT | Recursos de m\u00eddia social do steelChallenge (ZIP\/PNG | 500 kB)<\/a> <a class=\"d-block\" href=\"https:\/\/steeluniversity.org\/wp-content\/uploads\/2025\/09\/SC20-social-HZ_0911.zip\" target=\"_blank\" rel=\"noopener\">ZH-HANS | steelChallenge \u793e\u4ea4\u5a92\u4f53\u7d20\u6750 (ZIP\/PNG | 500 kB)<\/a> <a class=\"d-block\" href=\"https:\/\/steeluniversity.org\/wp-content\/uploads\/2025\/09\/SC20-social-KR_0911.zip\" target=\"_blank\" rel=\"noopener\">KR | steelChallenge \uc18c\uc15c \ubbf8\ub514\uc5b4 \uc790\ub8cc (ZIP\/PNG | 500 kB)<\/a> <a class=\"d-block\" href=\"https:\/\/steeluniversity.org\/wp-content\/uploads\/2025\/09\/SC20-social-AR_0911.zip\" target=\"_blank\" rel=\"noopener\">AR | \u0645\u0648\u0627\u062f \u0648\u0633\u0627\u0626\u0644 \u0627\u0644\u062a\u0648\u0627\u0635\u0644 \u0627\u0644\u0627\u062c\u062a\u0645\u0627\u0639\u064a \u0627\u0644\u062e\u0627\u0635\u0629 \u0628\u0640 steelChallenge (ZIP\/PNG | 500 kB)<\/a>[\/vc_column_text][\/vc_column_inner][\/vc_row_inner][\/vc_column][vc_column width=&#8221;1\/3&#8243; el_class=&#8221;sc-sidebar&#8221;][vc_row_inner el_class=&#8221;widget&#8221; css=&#8221;.vc_custom_1722863684327{padding-right: 0px !important;padding-left: 0px !important;}&#8221;][vc_column_inner css=&#8221;.vc_custom_1722863429271{padding-right: 0px !important;padding-left: 0px !important;}&#8221;][vc_wp_custommenu nav_menu=&#8221;840&#8243; el_class=&#8221;side-menu&#8221;][\/vc_column_inner][\/vc_row_inner][\/vc_column][\/vc_row]<\/p>\n<\/div>","protected":false},"excerpt":{"rendered":"<p>[vc_row][vc_column][vc_column_text css=&#8221;&#8221;] Kit de Comunicaci\u00f3n [\/vc_column_text][\/vc_column][\/vc_row][vc_row][vc_column width=&#8221;2\/3&#8243;][vc_row_inner][vc_column_inner][vc_single_image image=&#8221;99697&#8243; img_size=&#8221;full&#8221; alignment=&#8221;center&#8221; css=&#8221;&#8221;][vc_empty_space][\/vc_column_inner][\/vc_row_inner][vc_row_inner][vc_column_inner][vc_column_text css=&#8221;&#8221;] Este kit de comunicaci\u00f3n ha sido preparado para apoyar tu difusi\u00f3n sobre steelChallenge-20,&hellip;<\/p>\n","protected":false},"author":96147,"featured_media":0,"parent":99456,"menu_order":0,"comment_status":"closed","ping_status":"closed","template":"","meta":{"footnotes":""},"class_list":["post-99799","page","type-page","status-publish","hentry"],"aioseo_notices":[],"_links":{"self":[{"href":"https:\/\/steeluniversity.org\/es\/wp-json\/wp\/v2\/pages\/99799","targetHints":{"allow":["GET"]}}],"collection":[{"href":"https:\/\/steeluniversity.org\/es\/wp-json\/wp\/v2\/pages"}],"about":[{"href":"https:\/\/steeluniversity.org\/es\/wp-json\/wp\/v2\/types\/page"}],"author":[{"embeddable":true,"href":"https:\/\/steeluniversity.org\/es\/wp-json\/wp\/v2\/users\/96147"}],"replies":[{"embeddable":true,"href":"https:\/\/steeluniversity.org\/es\/wp-json\/wp\/v2\/comments?post=99799"}],"version-history":[{"count":0,"href":"https:\/\/steeluniversity.org\/es\/wp-json\/wp\/v2\/pages\/99799\/revisions"}],"up":[{"embeddable":true,"href":"https:\/\/steeluniversity.org\/es\/wp-json\/wp\/v2\/pages\/99456"}],"wp:attachment":[{"href":"https:\/\/steeluniversity.org\/es\/wp-json\/wp\/v2\/media?parent=99799"}],"curies":[{"name":"wp","href":"https:\/\/api.w.org\/{rel}","templated":true}]}}