{"id":99831,"date":"2025-07-24T00:00:18","date_gmt":"2025-07-24T00:00:18","guid":{"rendered":"https:\/\/steeluniversity.org\/steelchallenge-20es\/steelchallenge-for-high-schools-pilot\/"},"modified":"2025-09-01T13:48:00","modified_gmt":"2025-09-01T13:48:00","slug":"steelchallenge-for-high-schools-pilot","status":"publish","type":"page","link":"https:\/\/steeluniversity.org\/es\/steelchallenge-20es\/steelchallenge-for-high-schools-pilot\/","title":{"rendered":"Piloto de Categor\u00eda de Escuelas Secundarias &#8211; steelChallenge-20"},"content":{"rendered":"<div class=\"wpb-content-wrapper\"><p>[vc_row][vc_column][vc_column_text css=&#8221;&#8221;]<\/p>\n<h1>Piloto de Escuelas Secundarias en <strong>steel<\/strong>Challenge-20<\/h1>\n<p>[\/vc_column_text][\/vc_column][\/vc_row][vc_row][vc_column][vc_column_text]<\/p>\n<p>[\/vc_column_text][\/vc_column][\/vc_row][vc_row][vc_column width=&#8221;2\/3&#8243;][vc_single_image image=&#8221;99824&#8243; img_size=&#8221;full&#8221; alignment=&#8221;center&#8221; css=&#8221;&#8221;][vc_row_inner][vc_column_inner][vc_column_text css=&#8221;&#8221;]<\/p>\n<h2>Presentando la industria del acero a las escuelas secundarias<\/h2>\n<p>[\/vc_column_text][vc_column_text css=&#8221;&#8221;]Como parte de nuestro compromiso continuo con el desarrollo de talento, <strong>steelChallenge-20<\/strong> est\u00e1 llevando a cabo un piloto para incluir a <strong>estudiantes de escuelas secundarias<\/strong> como una <strong>nueva categor\u00eda de competencia<\/strong>. El objetivo es ofrecer una experiencia de aprendizaje significativa y realista a nivel secundario mediante un desaf\u00edo basado en simulaci\u00f3n, adaptado a su contexto.<\/p>\n<p>Este piloto cerrado se desarrolla en colaboraci\u00f3n con <a href=\"https:\/\/www.techintgroup.com\/es\"><strong>Grupo Techint<\/strong><\/a> y <a href=\"https:\/\/hadeed.com.sa\/\"><strong>Hadeed<\/strong><\/a>, dos empresas con un compromiso de larga data con la educaci\u00f3n t\u00e9cnica y el desarrollo juvenil en sus regiones.<\/p>\n<p>Techint contribuye a este piloto a trav\u00e9s de su <strong>programa Gen T\u00e9cnico<\/strong>, que apoya la educaci\u00f3n t\u00e9cnica en las comunidades donde opera. Reconocido por su \u00e9nfasis en el <strong>aprendizaje basado en proyectos<\/strong>, sus laboratorios de \u00faltima generaci\u00f3n y un enfoque educativo vinculado a la comunidad, el programa ofrece una base s\u00f3lida para involucrar a estudiantes de nivel secundario en la resoluci\u00f3n de problemas industriales reales.<\/p>\n<p><strong>Hadeed<\/strong>, un socio habitual de steelChallenge, apoya el piloto a trav\u00e9s de sus v\u00ednculos regionales y su compromiso con la formaci\u00f3n de j\u00f3venes talentos en Arabia Saudita.<br \/>\n[\/vc_column_text][\/vc_column_inner][\/vc_row_inner][vc_row_inner][vc_column_inner][vc_column_text css=&#8221;&#8221;]<\/p>\n<h2>Caracter\u00edsticas principales<\/h2>\n<p>[\/vc_column_text][vc_column_text css=&#8221;&#8221; el_class=&#8221;learning-outcomes&#8221;]<\/p>\n<ul>\n<li><strong style=\"color: #d0202e;\">Nueva categor\u00eda de participantes:<\/strong> Los estudiantes de escuelas secundarias competir\u00e1n en una categor\u00eda propia, separada de los estudiantes universitarios y profesionales de la industria.<\/li>\n<li><strong style=\"color: #d0202e;\">Solo Campeonato Regional:<\/strong> Los participantes de escuelas secundarias competir\u00e1n <strong>solo en el Campeonato Regional<\/strong> y <strong>no avanzar\u00e1n al Campeonato Mundial<\/strong>.<\/li>\n<li><strong style=\"color: #d0202e;\">Simulaci\u00f3n solo EAF:<\/strong> Los competidores utilizar\u00e1n \u00fanicamente el simulador de <strong>Horno de Arco El\u00e9ctrico (EAF)<\/strong>.<\/li>\n<li><strong style=\"color: #d0202e;\">Caso de estudio accesible:<\/strong> El desaf\u00edo incluir\u00e1 un caso de estudio adaptado a la educaci\u00f3n secundaria.<\/li>\n<li><strong style=\"color: #d0202e;\">Contexto del mundo real:<\/strong> Los estudiantes se enfrentar\u00e1n a decisiones realistas y a compensaciones propias del proceso sider\u00fargico.<\/li>\n<\/ul>\n<p>[\/vc_column_text][\/vc_column_inner][\/vc_row_inner][vc_row_inner][vc_column_inner][vc_empty_space][vc_separator][vc_empty_space][\/vc_column_inner][\/vc_row_inner][vc_row_inner][vc_column_inner][vc_column_text css=&#8221;&#8221;]<\/p>\n<h2>Objetivos<\/h2>\n<p>[\/vc_column_text][\/vc_column_inner][\/vc_row_inner][vc_row_inner equal_height=&#8221;yes&#8221; content_placement=&#8221;top&#8221; gap=&#8221;20&#8243;][vc_column_inner el_class=&#8221;color-card&#8221; width=&#8221;1\/2&#8243; css=&#8221;.vc_custom_1724095418533{padding-right: 20px !important;padding-left: 20px !important;background-color: #d0202e !important;border-radius: 10px !important;}&#8221;][vc_icon icon_fontawesome=&#8221;fa fa-solid fa-child-reaching&#8221; color=&#8221;white&#8221; size=&#8221;xl&#8221; align=&#8221;center&#8221;][vc_column_text css=&#8221;&#8221;]<\/p>\n<h4><strong>Inspirar a las nuevas generaciones<\/strong> a explorar carreras en la siderurgia y sectores relacionados.<\/h4>\n<p>[\/vc_column_text][\/vc_column_inner][vc_column_inner el_class=&#8221;color-card&#8221; width=&#8221;1\/2&#8243; css=&#8221;.vc_custom_1753729282551{padding-right: 20px !important;padding-left: 20px !important;background-color: #D0202E !important;border-radius: 10px !important;}&#8221;][vc_icon icon_fontawesome=&#8221;fa fa-solid fa-gears&#8221; color=&#8221;white&#8221; size=&#8221;xl&#8221; align=&#8221;center&#8221;][vc_column_text css=&#8221;&#8221;]<\/p>\n<h4>Introducir la <strong>resoluci\u00f3n de problemas del mundo real<\/strong> mediante el aprendizaje con simuladores.<\/h4>\n<p>[\/vc_column_text][\/vc_column_inner][\/vc_row_inner][vc_row_inner equal_height=&#8221;yes&#8221; content_placement=&#8221;top&#8221; gap=&#8221;20&#8243;][vc_column_inner el_class=&#8221;color-card&#8221; css=&#8221;.vc_custom_1724095418533{padding-right: 20px !important;padding-left: 20px !important;background-color: #d0202e !important;border-radius: 10px !important;}&#8221;][vc_icon icon_fontawesome=&#8221;fa fa-regular fa-lightbulb&#8221; color=&#8221;white&#8221; size=&#8221;xl&#8221; align=&#8221;center&#8221;][vc_column_text css=&#8221;&#8221;]<\/p>\n<h4 style=\"text-align: center;\"><strong>Fomentar la curiosidad y el desarrollo<\/strong> a trav\u00e9s del <strong>pensamiento cr\u00edtico<\/strong>, la <strong>innovaci\u00f3n<\/strong>, la <strong>creatividad<\/strong>, el <strong>aprendizaje pr\u00e1ctico<\/strong> y el conocimiento interdisciplinario.<\/h4>\n<p>[\/vc_column_text][\/vc_column_inner][\/vc_row_inner][vc_row_inner equal_height=&#8221;yes&#8221; content_placement=&#8221;top&#8221; gap=&#8221;20&#8243;][vc_column_inner el_class=&#8221;color-card&#8221; css=&#8221;.vc_custom_1724095418533{padding-right: 20px !important;padding-left: 20px !important;background-color: #d0202e !important;border-radius: 10px !important;}&#8221;][vc_icon icon_fontawesome=&#8221;fa fa-solid fa-handshake-angle&#8221; color=&#8221;white&#8221; size=&#8221;xl&#8221; align=&#8221;center&#8221;][vc_column_text css=&#8221;&#8221;]<\/p>\n<h4 style=\"text-align: center;\"><strong>Fortalecer la colaboraci\u00f3n entre la industria y la educaci\u00f3n<\/strong> mediante el desarrollo conjunto.<\/h4>\n<p>[\/vc_column_text][\/vc_column_inner][\/vc_row_inner][vc_row_inner][vc_column_inner][vc_empty_space][vc_separator][vc_empty_space][\/vc_column_inner][\/vc_row_inner][vc_row_inner][vc_column_inner][vc_column_text css=&#8221;&#8221;]<\/p>\n<h2>\u00bfQu\u00e9 sigue?<\/h2>\n<p>[\/vc_column_text][vc_column_text css=&#8221;&#8221;]<br \/>\nPr\u00f3ximamente se compartir\u00e1n m\u00e1s detalles sobre el registro y el acceso al simulador EAF. <strong>Las reglas oficiales para la categor\u00eda de Escuelas Secundarias tambi\u00e9n estar\u00e1n disponibles pr\u00f3ximamente.<\/strong><\/p>\n<p>Este piloto representa un <strong>paso importante para ampliar el alcance de steelChallenge<\/strong>, conectando a estudiantes en etapas tempranas con desaf\u00edos reales de la industria y abriendo la puerta a futuras trayectorias profesionales en el sector sider\u00fargico.<\/p>\n<p>Tras este piloto, la <strong>categor\u00eda de Escuelas Secundarias ser\u00e1 incorporada oficialmente en la pr\u00f3xima edici\u00f3n de steelChallenge<\/strong> y estar\u00e1 abierta a participantes de todo el mundo. Esto marca el inicio de un compromiso a largo plazo con la promoci\u00f3n de experiencias competitivas y de aprendizaje basadas en proyectos para estudiantes m\u00e1s j\u00f3venes.<br \/>\n[\/vc_column_text][\/vc_column_inner][\/vc_row_inner][vc_row_inner][vc_column_inner][vc_empty_space height=&#8221;64px&#8221;][vc_separator][vc_empty_space height=&#8221;64px&#8221;][\/vc_column_inner][\/vc_row_inner][vc_row_inner disable_element=&#8221;yes&#8221;][vc_column_inner][vc_column_text css=&#8221;&#8221;]<\/p>\n<p style=\"text-align: center;\"><strong>steel<\/strong>Challenge-20 is generously sponsored by the following companies:<\/p>\n<p>[\/vc_column_text][\/vc_column_inner][\/vc_row_inner][vc_row_inner content_placement=&#8221;middle&#8221; disable_element=&#8221;yes&#8221;][vc_column_inner width=&#8221;1\/3&#8243;][vc_single_image image=&#8221;78274&#8243; img_size=&#8221;220&#215;100&#8243; alignment=&#8221;center&#8221; css=&#8221;&#8221;][\/vc_column_inner][vc_column_inner width=&#8221;1\/3&#8243;][vc_single_image image=&#8221;78277&#8243; img_size=&#8221;220&#215;100&#8243; alignment=&#8221;center&#8221; css=&#8221;&#8221;][\/vc_column_inner][vc_column_inner width=&#8221;1\/3&#8243;][vc_single_image image=&#8221;87784&#8243; img_size=&#8221;220&#215;100&#8243; alignment=&#8221;center&#8221; css=&#8221;&#8221;][\/vc_column_inner][\/vc_row_inner][vc_row_inner equal_height=&#8221;yes&#8221; content_placement=&#8221;middle&#8221; disable_element=&#8221;yes&#8221;][vc_column_inner width=&#8221;1\/3&#8243;][vc_single_image image=&#8221;57263&#8243; img_size=&#8221;220&#215;100&#8243; alignment=&#8221;center&#8221; css=&#8221;&#8221;][\/vc_column_inner][vc_column_inner width=&#8221;1\/3&#8243;][vc_single_image image=&#8221;78353&#8243; img_size=&#8221;220&#215;100&#8243; alignment=&#8221;center&#8221; css=&#8221;&#8221;][\/vc_column_inner][vc_column_inner width=&#8221;1\/3&#8243;][vc_single_image image=&#8221;86890&#8243; img_size=&#8221;220&#215;100&#8243; alignment=&#8221;center&#8221; css=&#8221;&#8221;][\/vc_column_inner][\/vc_row_inner][vc_row_inner equal_height=&#8221;yes&#8221; content_placement=&#8221;middle&#8221; disable_element=&#8221;yes&#8221;][vc_column_inner width=&#8221;1\/4&#8243;][vc_single_image image=&#8221;56826&#8243; img_size=&#8221;160&#215;100&#8243; alignment=&#8221;center&#8221; css=&#8221;&#8221;][\/vc_column_inner][vc_column_inner width=&#8221;1\/4&#8243;][vc_single_image image=&#8221;78551&#8243; img_size=&#8221;160&#215;100&#8243; alignment=&#8221;center&#8221; css=&#8221;&#8221;][\/vc_column_inner][vc_column_inner width=&#8221;1\/4&#8243;][vc_single_image image=&#8221;98193&#8243; img_size=&#8221;160&#215;100&#8243; alignment=&#8221;center&#8221; css=&#8221;&#8221;][\/vc_column_inner][vc_column_inner width=&#8221;1\/4&#8243;][vc_single_image image=&#8221;82100&#8243; img_size=&#8221;160&#215;100&#8243; alignment=&#8221;center&#8221; css=&#8221;&#8221;][\/vc_column_inner][\/vc_row_inner][vc_row_inner equal_height=&#8221;yes&#8221; content_placement=&#8221;middle&#8221; disable_element=&#8221;yes&#8221;][vc_column_inner width=&#8221;1\/5&#8243;][vc_single_image image=&#8221;82097&#8243; img_size=&#8221;160&#215;100&#8243; alignment=&#8221;center&#8221; css=&#8221;&#8221;][\/vc_column_inner][vc_column_inner width=&#8221;1\/5&#8243;][vc_single_image image=&#8221;84065&#8243; img_size=&#8221;160&#215;100&#8243; alignment=&#8221;center&#8221; css=&#8221;&#8221;][\/vc_column_inner][vc_column_inner width=&#8221;1\/5&#8243;][vc_single_image image=&#8221;85265&#8243; img_size=&#8221;160&#215;100&#8243; alignment=&#8221;center&#8221; css=&#8221;&#8221;][\/vc_column_inner][vc_column_inner width=&#8221;1\/5&#8243;][vc_single_image image=&#8221;82106&#8243; img_size=&#8221;160&#215;100&#8243; alignment=&#8221;center&#8221; css=&#8221;&#8221;][\/vc_column_inner][vc_column_inner width=&#8221;1\/5&#8243;][vc_single_image image=&#8221;82103&#8243; img_size=&#8221;160&#215;100&#8243; alignment=&#8221;center&#8221; css=&#8221;&#8221;][\/vc_column_inner][\/vc_row_inner][\/vc_column][vc_column width=&#8221;1\/3&#8243; el_class=&#8221;sc-sidebar&#8221;][vc_row_inner el_class=&#8221;widget&#8221; css=&#8221;.vc_custom_1722435367673{padding-right: 0px !important;padding-left: 0px !important;}&#8221;][vc_column_inner css=&#8221;.vc_custom_1722435521610{margin-right: 0px !important;margin-left: 0px !important;padding-right: 0px !important;padding-left: 0px !important;}&#8221;][vc_wp_custommenu nav_menu=&#8221;840&#8243; el_class=&#8221;side-menu&#8221;][\/vc_column_inner][\/vc_row_inner][\/vc_column][\/vc_row]<\/p>\n<\/div>","protected":false},"excerpt":{"rendered":"<p>[vc_row][vc_column][vc_column_text css=&#8221;&#8221;] Piloto de Escuelas Secundarias en steelChallenge-20 [\/vc_column_text][\/vc_column][\/vc_row][vc_row][vc_column][vc_column_text] [\/vc_column_text][\/vc_column][\/vc_row][vc_row][vc_column width=&#8221;2\/3&#8243;][vc_single_image image=&#8221;99824&#8243; img_size=&#8221;full&#8221; alignment=&#8221;center&#8221; css=&#8221;&#8221;][vc_row_inner][vc_column_inner][vc_column_text css=&#8221;&#8221;] Presentando la industria del acero a las escuelas secundarias&hellip;<\/p>\n","protected":false},"author":96147,"featured_media":0,"parent":99456,"menu_order":0,"comment_status":"closed","ping_status":"closed","template":"","meta":{"footnotes":""},"class_list":["post-99831","page","type-page","status-publish","hentry"],"aioseo_notices":[],"_links":{"self":[{"href":"https:\/\/steeluniversity.org\/es\/wp-json\/wp\/v2\/pages\/99831","targetHints":{"allow":["GET"]}}],"collection":[{"href":"https:\/\/steeluniversity.org\/es\/wp-json\/wp\/v2\/pages"}],"about":[{"href":"https:\/\/steeluniversity.org\/es\/wp-json\/wp\/v2\/types\/page"}],"author":[{"embeddable":true,"href":"https:\/\/steeluniversity.org\/es\/wp-json\/wp\/v2\/users\/96147"}],"replies":[{"embeddable":true,"href":"https:\/\/steeluniversity.org\/es\/wp-json\/wp\/v2\/comments?post=99831"}],"version-history":[{"count":0,"href":"https:\/\/steeluniversity.org\/es\/wp-json\/wp\/v2\/pages\/99831\/revisions"}],"up":[{"embeddable":true,"href":"https:\/\/steeluniversity.org\/es\/wp-json\/wp\/v2\/pages\/99456"}],"wp:attachment":[{"href":"https:\/\/steeluniversity.org\/es\/wp-json\/wp\/v2\/media?parent=99831"}],"curies":[{"name":"wp","href":"https:\/\/api.w.org\/{rel}","templated":true}]}}