{"id":21385,"date":"2018-01-09T17:56:36","date_gmt":"2018-01-09T16:56:36","guid":{"rendered":"https:\/\/steeluniversity.org\/product\/steelbusiness-team\/"},"modified":"2019-09-25T20:02:31","modified_gmt":"2019-09-25T18:02:31","slug":"steelbusiness-team","status":"publish","type":"product","link":"https:\/\/steeluniversity.org\/es\/product\/steelbusiness-team\/","title":{"rendered":"steelBusiness por Equipos"},"content":{"rendered":"<p>steelBusiness es el juego de administraci\u00f3n de la industria del acero.<br \/>\nDirija una compa\u00f1\u00eda sider\u00fargica y aprenda los conceptos de la administraci\u00f3n financiera.<\/p>\n<p>Esta versi\u00f3n es para sesiones grupales de capacitaci\u00f3n.<\/p>\n","protected":false},"excerpt":{"rendered":"<p>Descubre los conceptos financieros b\u00e1sicos mientras compites contra otros equipos.<\/p>\n","protected":false},"featured_media":21221,"template":"","meta":[],"product_brand":[],"product_cat":[184],"product_tag":[],"class_list":{"0":"post-21385","1":"product","2":"type-product","3":"status-publish","4":"has-post-thumbnail","6":"product_cat-steelbusiness-es","8":"first","9":"instock","10":"sold-individually","11":"taxable","12":"shipping-taxable","13":"purchasable","14":"product-type-variable"},"aioseo_notices":[],"_links":{"self":[{"href":"https:\/\/steeluniversity.org\/es\/wp-json\/wp\/v2\/product\/21385","targetHints":{"allow":["GET"]}}],"collection":[{"href":"https:\/\/steeluniversity.org\/es\/wp-json\/wp\/v2\/product"}],"about":[{"href":"https:\/\/steeluniversity.org\/es\/wp-json\/wp\/v2\/types\/product"}],"wp:featuredmedia":[{"embeddable":true,"href":"https:\/\/steeluniversity.org\/es\/wp-json\/wp\/v2\/media\/21221"}],"wp:attachment":[{"href":"https:\/\/steeluniversity.org\/es\/wp-json\/wp\/v2\/media?parent=21385"}],"wp:term":[{"taxonomy":"product_brand","embeddable":true,"href":"https:\/\/steeluniversity.org\/es\/wp-json\/wp\/v2\/product_brand?post=21385"},{"taxonomy":"product_cat","embeddable":true,"href":"https:\/\/steeluniversity.org\/es\/wp-json\/wp\/v2\/product_cat?post=21385"},{"taxonomy":"product_tag","embeddable":true,"href":"https:\/\/steeluniversity.org\/es\/wp-json\/wp\/v2\/product_tag?post=21385"}],"curies":[{"name":"wp","href":"https:\/\/api.w.org\/{rel}","templated":true}]}}