{"id":21390,"date":"2018-01-09T17:53:39","date_gmt":"2018-01-09T16:53:39","guid":{"rendered":"https:\/\/steeluniversity.org\/product\/steelbusiness-individual\/"},"modified":"2019-09-25T20:02:41","modified_gmt":"2019-09-25T18:02:41","slug":"steelbusiness-individual","status":"publish","type":"product","link":"https:\/\/steeluniversity.org\/es\/product\/steelbusiness-individual\/","title":{"rendered":"steelBusiness Individual"},"content":{"rendered":"<p>steelBusiness es el juego de administraci\u00f3n de la industria del acero.<br \/>\nDirija una compa\u00f1\u00eda sider\u00fargica y aprenda los conceptos de la administraci\u00f3n financiera.<\/p>\n<p>Esta versi\u00f3n permite jugar individualmente, enfrentando equipos virtuales.<\/p>\n","protected":false},"excerpt":{"rendered":"<p>Descubre los conceptos financieros b\u00e1sicos mientras compites contra equipos virtuales.<\/p>\n","protected":false},"featured_media":21217,"template":"","meta":[],"product_brand":[],"product_cat":[184],"product_tag":[],"class_list":{"0":"post-21390","1":"product","2":"type-product","3":"status-publish","4":"has-post-thumbnail","6":"product_cat-steelbusiness-es","8":"first","9":"instock","10":"virtual","11":"sold-individually","12":"taxable","13":"purchasable","14":"product-type-simple"},"aioseo_notices":[],"_links":{"self":[{"href":"https:\/\/steeluniversity.org\/es\/wp-json\/wp\/v2\/product\/21390","targetHints":{"allow":["GET"]}}],"collection":[{"href":"https:\/\/steeluniversity.org\/es\/wp-json\/wp\/v2\/product"}],"about":[{"href":"https:\/\/steeluniversity.org\/es\/wp-json\/wp\/v2\/types\/product"}],"wp:featuredmedia":[{"embeddable":true,"href":"https:\/\/steeluniversity.org\/es\/wp-json\/wp\/v2\/media\/21217"}],"wp:attachment":[{"href":"https:\/\/steeluniversity.org\/es\/wp-json\/wp\/v2\/media?parent=21390"}],"wp:term":[{"taxonomy":"product_brand","embeddable":true,"href":"https:\/\/steeluniversity.org\/es\/wp-json\/wp\/v2\/product_brand?post=21390"},{"taxonomy":"product_cat","embeddable":true,"href":"https:\/\/steeluniversity.org\/es\/wp-json\/wp\/v2\/product_cat?post=21390"},{"taxonomy":"product_tag","embeddable":true,"href":"https:\/\/steeluniversity.org\/es\/wp-json\/wp\/v2\/product_tag?post=21390"}],"curies":[{"name":"wp","href":"https:\/\/api.w.org\/{rel}","templated":true}]}}