{"id":54172,"date":"2021-02-26T13:59:20","date_gmt":"2021-02-26T13:59:20","guid":{"rendered":"https:\/\/steeluniversity.org\/?post_type=product&#038;p=54172"},"modified":"2022-09-19T12:56:07","modified_gmt":"2022-09-19T12:56:07","slug":"app0202-cert","status":"publish","type":"product","link":"https:\/\/steeluniversity.org\/es\/product\/app0202-cert\/","title":{"rendered":"Derecho de examen y certificado de aprobaci\u00f3n"},"content":{"rendered":"<div class=\"wpb-content-wrapper\"><p>[vc_row][vc_column][vc_column_text]<\/p>\n<h3>Certificado curso de Detallado de Estructuras de Acero (APP0202)<\/h3>\n<p>Este certificado opcional est\u00e1 destinado a los estudiantes que hayan completado el curso <a href=\"https:\/\/steeluniversity.org\/courses\/app0202-detallado-de-estructuras-de-acero\/?lang=es\">Detallado de Estructuras de Acero<\/a> (APP0202) y aprobado el examen final. Es emitido por la Universidad Nacional de Cuyo, instituci\u00f3n acad\u00e9mica acreditada de Argentina.<\/p>\n<h4>\u00bfQui\u00e9nes pueden acceder al certificado?<\/h4>\n<p>Los estudiantes que hayan completado el curso Detallado de Estructuras de Acero (APP0202) y aprobaron el examen final.<\/p>\n<h4>\u00bfPuedo acceder al certificado sin matricularme en el curso?<\/h4>\n<p>No, el certificado solo est\u00e1 disponible para los estudiantes matriculados que completen el curso Detallado de Estructuras de Acero (APP0202).<\/p>\n<h4>Ya me inscrib\u00ed en el curso, \u00bfcu\u00e1ndo puedo pagar el derecho de examen?<\/h4>\n<p>Este opci\u00f3n se encuentra disponible desde su publicaci\u00f3n hasta la fecha de finalizaci\u00f3n del curso.<\/p>\n<h4>\u00bfEs obligatorio rendir el examen final para obtener el certificado de aprobaci\u00f3n?<\/h4>\n<p>No, es optativo.<\/p>\n<h4>\u00bfSi no rindo el examen final y obtengo el certificado de aprobaci\u00f3n tengo alguna constancia de haber tomado el curso?<\/h4>\n<p>S\u00ed, la matr\u00edcula del curso ya incluye una certificaci\u00f3n emitida en conjunto por worldsteel \/ steeluniversity y Alacero para los estudiantes que completan el curso.<\/p>\n<h4>\u00bfC\u00f3mo puedo matricularme en el curso?<\/h4>\n<p>La matriculaci\u00f3n para el curso de <a href=\"https:\/\/steeluniversity.org\/courses\/app0202-detallado-de-estructuras-de-acero\/?lang=es\">Detallado de Estructuras de Acero<\/a> (APP0202) se encuentra disponible en <a href=\"https:\/\/steeluniversity.org\/courses\/app0202-detallado-de-estructuras-de-acero\/?lang=es\">este enlace<\/a>.[\/vc_column_text][\/vc_column][\/vc_row]<\/p>\n<\/div>","protected":false},"excerpt":{"rendered":"<p>Examen opcional para la aprobaci\u00f3n del curso <a href=\"https:\/\/steeluniversity.org\/courses\/app0202-detallado-de-estructuras-de-acero\/?lang=es\">Detallado de Estructuras de Acero<\/a> (APP0202) con certificaci\u00f3n otorgada por la Facultad de Ingenier\u00eda de la Universidad Nacional de Cuyo, Argentina.<\/p>\n","protected":false},"featured_media":54339,"template":"","meta":[],"product_brand":[],"product_cat":[507,492],"product_tag":[],"class_list":{"0":"post-54172","1":"product","2":"type-product","3":"status-publish","4":"has-post-thumbnail","6":"product_cat-certification","7":"product_cat-no-discount-es","9":"first","10":"outofstock","11":"virtual","12":"taxable","13":"purchasable","14":"product-type-simple"},"aioseo_notices":[],"_links":{"self":[{"href":"https:\/\/steeluniversity.org\/es\/wp-json\/wp\/v2\/product\/54172","targetHints":{"allow":["GET"]}}],"collection":[{"href":"https:\/\/steeluniversity.org\/es\/wp-json\/wp\/v2\/product"}],"about":[{"href":"https:\/\/steeluniversity.org\/es\/wp-json\/wp\/v2\/types\/product"}],"wp:featuredmedia":[{"embeddable":true,"href":"https:\/\/steeluniversity.org\/es\/wp-json\/wp\/v2\/media\/54339"}],"wp:attachment":[{"href":"https:\/\/steeluniversity.org\/es\/wp-json\/wp\/v2\/media?parent=54172"}],"wp:term":[{"taxonomy":"product_brand","embeddable":true,"href":"https:\/\/steeluniversity.org\/es\/wp-json\/wp\/v2\/product_brand?post=54172"},{"taxonomy":"product_cat","embeddable":true,"href":"https:\/\/steeluniversity.org\/es\/wp-json\/wp\/v2\/product_cat?post=54172"},{"taxonomy":"product_tag","embeddable":true,"href":"https:\/\/steeluniversity.org\/es\/wp-json\/wp\/v2\/product_tag?post=54172"}],"curies":[{"name":"wp","href":"https:\/\/api.w.org\/{rel}","templated":true}]}}