{"id":99953,"date":"2025-08-25T12:36:50","date_gmt":"2025-08-25T12:36:50","guid":{"rendered":"https:\/\/steeluniversity.org\/?post_type=product&#038;p=99953"},"modified":"2025-08-28T19:46:54","modified_gmt":"2025-08-28T19:46:54","slug":"steelchallenge-20-para-estudiantes","status":"publish","type":"product","link":"https:\/\/steeluniversity.org\/es\/product\/steelchallenge-20-para-estudiantes\/","title":{"rendered":"steelChallenge-20 para <b>Estudiantes<\/b>"},"content":{"rendered":"<div class=\"wpb-content-wrapper\"><p>[vc_row][vc_column width=&#8221;2\/3&#8243;][vc_empty_space][vc_column_text]Registrarse para <b>steel<\/b>Challenge-20 en la <b>categor\u00eda estudiante<\/b>. Esta inscripci\u00f3n es para cualquier estudiante inscripto en una instituci\u00f3n acad\u00e9mica acreditada en el momento de la competencia.<\/p>\n<h3>Resumen<\/h3>\n<p><b>steel<\/b>Challenge es la mayor competencia de la industria del acero. El Campeonato Regional tendr\u00e1 lugar el <b>25 de noviembre de 2025<\/b>. La 20\u00aa edici\u00f3n del desaf\u00edo utilizar\u00e1 las simulaciones de los simuladores de Horno de Arco El\u00e9ctrico y Metalurgia Secundaria. Al registrarte en esta competencia tendr\u00e1s acceso a:<\/p>\n<ul>\n<li>Curso de Horno de Arco El\u00e9ctrico con certificado (valor \u20ac49,99)<\/li>\n<li>Curso de Metalurgia Secundaria con certificado (valor \u20ac49,99)<\/li>\n<li>Simuladores de Horno de Arco El\u00e9ctrico y Metalurgia Secundaria para practicar<\/li>\n<li>Participa en steelChallenge-20 en la categor\u00eda estudiante<\/li>\n<li>Certificado de participaci\u00f3n al completar con \u00e9xito una corrida del simulador durante la competencia.<\/li>\n<\/ul>\n<h3>Detalles<\/h3>\n<p>M\u00e1s informaci\u00f3n sobre <b>steel<\/b>Challenge-20 en: <a href=\"https:\/\/steeluniversity.org\/es\/steelchallenge-20es\/\">https:\/\/steeluniversity.org\/es\/steelchallenge-20es\/<\/a>[\/vc_column_text][\/vc_column][vc_column width=&#8221;1\/3&#8243;][vc_empty_space][vc_column_text]<strong>Categor\u00eda: <\/strong>Estudiante<\/p>\n<p>Fecha: 25 NOV 2025, 12.00 UTC<\/p>\n<p>Simulador: <a href=\"https:\/\/steeluniversity.org\/es\/courses\/sim-eaf-simulador-de-horno-de-arco-electrico\/\">Horno de Arco El\u00e9ctrico<\/a> + <a href=\"https:\/\/steeluniversity.org\/es\/courses\/sim-ssm-simulador-de-metalurgia-secundaria\/\">Metalurgia Secundaria <\/a><\/p>\n<p>Mejor precio: Este paquete incluye cursos con certificado oficial y acceso a simuladores.[\/vc_column_text][\/vc_column][\/vc_row]<\/p>\n<\/div>","protected":false},"excerpt":{"rendered":"<p>Registrarse para <b>steel<\/b>Challenge-19 en la <b>categor\u00eda estudiante<\/b>. Tendr\u00e1s acceso a recursos de aprendizaje y un certificado al completar una corrida durante la competencia.<\/p>\n","protected":false},"featured_media":100278,"template":"","meta":[],"product_brand":[],"product_cat":[460],"product_tag":[],"class_list":{"0":"post-99953","1":"product","2":"type-product","3":"status-publish","4":"has-post-thumbnail","6":"product_cat-steelchallenge","8":"first","9":"outofstock","10":"virtual","11":"sold-individually","12":"taxable","13":"purchasable","14":"product-type-simple"},"aioseo_notices":[],"_links":{"self":[{"href":"https:\/\/steeluniversity.org\/es\/wp-json\/wp\/v2\/product\/99953","targetHints":{"allow":["GET"]}}],"collection":[{"href":"https:\/\/steeluniversity.org\/es\/wp-json\/wp\/v2\/product"}],"about":[{"href":"https:\/\/steeluniversity.org\/es\/wp-json\/wp\/v2\/types\/product"}],"wp:featuredmedia":[{"embeddable":true,"href":"https:\/\/steeluniversity.org\/es\/wp-json\/wp\/v2\/media\/100278"}],"wp:attachment":[{"href":"https:\/\/steeluniversity.org\/es\/wp-json\/wp\/v2\/media?parent=99953"}],"wp:term":[{"taxonomy":"product_brand","embeddable":true,"href":"https:\/\/steeluniversity.org\/es\/wp-json\/wp\/v2\/product_brand?post=99953"},{"taxonomy":"product_cat","embeddable":true,"href":"https:\/\/steeluniversity.org\/es\/wp-json\/wp\/v2\/product_cat?post=99953"},{"taxonomy":"product_tag","embeddable":true,"href":"https:\/\/steeluniversity.org\/es\/wp-json\/wp\/v2\/product_tag?post=99953"}],"curies":[{"name":"wp","href":"https:\/\/api.w.org\/{rel}","templated":true}]}}