{"id":66277,"date":"2021-12-01T13:22:56","date_gmt":"2021-12-01T13:22:56","guid":{"rendered":""},"modified":"2021-12-02T13:51:19","modified_gmt":"2021-12-02T13:51:19","slug":"%e7%ac%ac16%e5%b1%8a%e6%a8%a1%e6%8b%9f%e7%82%bc%e9%92%a2%e6%8c%91%e7%ab%99%e8%b5%9b%e5%9c%b0%e5%8c%ba%e9%94%a6%e6%a0%87%e8%b5%9b%e5%89%8d%e4%ba%94%e5%90%8d%e4%bc%98%e8%83%9c%e8%80%85","status":"publish","type":"page","link":"https:\/\/steeluniversity.org\/zh-hans\/%e7%ac%ac16%e5%b1%8a%e6%a8%a1%e6%8b%9f%e7%82%bc%e9%92%a2%e6%8c%91%e6%88%98%e8%b5%9b%e8%b5%9e%e5%8a%a9%e5%95%86\/%e7%ac%ac16%e5%b1%8a%e6%a8%a1%e6%8b%9f%e7%82%bc%e9%92%a2%e6%8c%91%e7%ab%99%e8%b5%9b%e5%9c%b0%e5%8c%ba%e9%94%a6%e6%a0%87%e8%b5%9b%e5%89%8d%e4%ba%94%e5%90%8d%e4%bc%98%e8%83%9c%e8%80%85\/","title":{"rendered":"\u7b2c16\u5c4a\u6a21\u62df\u70bc\u94a2\u6311\u7ad9\u8d5b\u5730\u533a\u9526\u6807\u8d5b\u524d\u4e94\u540d\u4f18\u80dc\u8005"},"content":{"rendered":"<div class=\"wpb-content-wrapper\"><p>[vc_row][vc_column][vc_column_text]<\/p>\n<h1>\u7b2c16\u5c4a\u6a21\u62df\u70bc\u94a2\u6311\u7ad9\u8d5b\u5730\u533a\u9526\u6807\u8d5b\u524d\u4e94\u540d\u4f18\u80dc\u8005<\/h1>\n<p>[\/vc_column_text][vc_empty_space][vc_column_text]\u672c\u5c4a\u5730\u533a\u9526\u6807\u8d5b\u4e8e2021\u5e7411\u670824\u65e5\u5728\u7ebf\u4e3e\u884c\uff0c\u6bd4\u8d5b\u6301\u7eed24\u5c0f\u65f6\u3002 \u4eca\u5e74\u6311\u6218\u8d5b\u5438\u5f15\u4e86\u6765\u81ea33\u4e2a\u56fd\u5bb6\u768450\u591a\u5bb6\u516c\u53f8\u4ee5\u53ca\u7ea690\u5bb6\u9662\u6821\u76841480\u540d\u9009\u624b\u53c2\u8d5b\u3002 \u4eca\u5e74\u8d5b\u5236\u65b0\u589e\u4e86\u5bf9\u6a21\u62df\u51b6\u70bc\u94a2\u79cd\u7684\u78b3\u8db3\u8ff9\u8981\u6c42\u3002[\/vc_column_text][vc_empty_space][vc_column_text]<\/p>\n<h2>Results \u2013 Regional<\/h2>\n<h3>\u5b66\u751f\u7ec4<\/h3>\n<p>The top 5 per region are:[\/vc_column_text][vc_empty_space][vc_column_text]\u6b27\u6d32\u548c\u975e\u6d32-\u5b66\u751f\u7ec4<\/p>\n<table width=\"644\">\n<tbody>\n<tr>\n<td width=\"57\">\u6392\u540d<\/td>\n<td width=\"255\">\u59d3\u540d<\/td>\n<td width=\"227\">\u6240\u5c5e\u5927\u5b66<\/td>\n<td width=\"105\">\u56fd\u5bb6<\/td>\n<td>\u5428\u94a2\u6210\u672c<\/td>\n<\/tr>\n<tr>\n<td align=\"center\" width=\"57\">1<\/td>\n<td width=\"255\">Bla\u017e \u017derjav Jereb<\/td>\n<td width=\"227\">\u5362\u5e03\u5c14\u96c5\u90a3\u5927\u5b66<\/td>\n<td width=\"105\">\u65af\u6d1b\u6587\u5c3c\u4e9a<\/td>\n<td width=\"105\">421,264<\/td>\n<\/tr>\n<tr>\n<td align=\"center\" width=\"57\">2<\/td>\n<td width=\"255\">Matija Arzen\u0161ek<\/td>\n<td width=\"227\">\u5362\u5e03\u5c14\u96c5\u90a3\u5927\u5b66<\/td>\n<td width=\"105\">\u65af\u6d1b\u6587\u5c3c\u4e9a<\/td>\n<td width=\"105\">422,247<\/td>\n<\/tr>\n<tr>\n<td align=\"center\" width=\"57\">3<\/td>\n<td width=\"255\">Ga\u0161per Krek<\/td>\n<td width=\"227\">\u5362\u5e03\u5c14\u96c5\u90a3\u5927\u5b66<\/td>\n<td width=\"105\">\u65af\u6d1b\u6587\u5c3c\u4e9a<\/td>\n<td width=\"105\">423,539<\/td>\n<\/tr>\n<tr>\n<td align=\"center\" width=\"57\">4<\/td>\n<td width=\"255\">Noel Gregori<\/td>\n<td width=\"227\">\u5362\u5e03\u5c14\u96c5\u90a3\u5927\u5b66<\/td>\n<td width=\"105\">\u65af\u6d1b\u6587\u5c3c\u4e9a<\/td>\n<td width=\"105\">423,885<\/td>\n<\/tr>\n<tr>\n<td align=\"center\" width=\"57\">5<\/td>\n<td width=\"255\">Urh To\u0161<\/td>\n<td width=\"227\">\u5362\u5e03\u5c14\u96c5\u90a3\u5927\u5b66<\/td>\n<td width=\"105\">\u65af\u6d1b\u6587\u5c3c\u4e9a<\/td>\n<td width=\"105\">428,979<\/td>\n<\/tr>\n<\/tbody>\n<\/table>\n<p>\u7f8e\u6d32-\u5b66\u751f\u7ec4<\/p>\n<table width=\"644\">\n<tbody>\n<tr>\n<td width=\"57\">\u6392\u540d<\/td>\n<td width=\"255\">\u59d3\u540d<\/td>\n<td width=\"227\">\u6240\u5c5e\u5927\u5b66<\/td>\n<td width=\"105\">\u56fd\u5bb6<\/td>\n<td>\u5428\u94a2\u6210\u672c<\/td>\n<\/tr>\n<tr>\n<td align=\"center\" width=\"57\">1<\/td>\n<td width=\"255\">Dong-Hyun Kim<\/td>\n<td width=\"227\">Polytechnique Montr\u00e9al<\/td>\n<td width=\"105\">\u52a0\u62ff\u5927<\/td>\n<td width=\"105\">415,036<\/td>\n<\/tr>\n<tr>\n<td align=\"center\" width=\"57\">2<\/td>\n<td width=\"255\">Ramiro Back<\/td>\n<td width=\"227\">\u5e03\u5b9c\u8bfa\u65af\u827e\u5229\u65af\u5927\u5b66<\/td>\n<td width=\"105\">\u963f\u6839\u5ef7<\/td>\n<td width=\"105\">419,925<\/td>\n<\/tr>\n<tr>\n<td align=\"center\" width=\"57\">3<\/td>\n<td width=\"255\">Sebasti\u00e1n del Castillo<\/td>\n<td width=\"227\">\u5e03\u5b9c\u8bfa\u65af\u827e\u5229\u65af\u5927\u5b66<\/td>\n<td width=\"105\">\u963f\u6839\u5ef7<\/td>\n<td width=\"105\">422,500<\/td>\n<\/tr>\n<tr>\n<td align=\"center\" width=\"57\">4<\/td>\n<td width=\"255\">Agustin Gomez Acquavita<\/td>\n<td width=\"227\">\u5e03\u5b9c\u8bfa\u65af\u827e\u5229\u65af\u5927\u5b66<\/td>\n<td width=\"105\">\u963f\u6839\u5ef7<\/td>\n<td width=\"105\">425,537<\/td>\n<\/tr>\n<tr>\n<td align=\"center\" width=\"57\">5<\/td>\n<td width=\"255\">Mora Guerra<\/td>\n<td width=\"227\">\u5e03\u5b9c\u8bfa\u65af\u827e\u5229\u65af\u5927\u5b66<\/td>\n<td width=\"105\">\u963f\u6839\u5ef7<\/td>\n<td width=\"105\">426,617<\/td>\n<\/tr>\n<\/tbody>\n<\/table>\n<p>\u4e9a\u6d32\u897f\u90e8\u5730\u533a-\u5b66\u751f\u7ec4<\/p>\n<table width=\"644\">\n<tbody>\n<tr>\n<td width=\"57\">\u6392\u540d<\/td>\n<td width=\"255\">\u59d3\u540d<\/td>\n<td width=\"227\">\u6240\u5c5e\u5927\u5b66<\/td>\n<td width=\"105\">\u56fd\u5bb6<\/td>\n<td>\u5428\u94a2\u6210\u672c<\/td>\n<\/tr>\n<tr>\n<td align=\"center\" width=\"57\">1<\/td>\n<td width=\"255\">Amit Kumar Bhuyan<\/td>\n<td width=\"227\">\u6c99\u74e6\u514b\u7eb3\u7eb3\u74e6\u8482\u6280\u672f\u7814\u7a76\u6240<\/td>\n<td width=\"105\">\u5370\u5ea6<\/td>\n<td width=\"105\">411,022<\/td>\n<\/tr>\n<tr>\n<td align=\"center\" width=\"57\">2<\/td>\n<td width=\"255\">Harshvardhan Nag<\/td>\n<td width=\"227\">\u6c99\u74e6\u514b\u7eb3\u7eb3\u74e6\u8482\u6280\u672f\u7814\u7a76\u6240<\/td>\n<td width=\"105\">\u5370\u5ea6<\/td>\n<td width=\"105\">411,029<\/td>\n<\/tr>\n<tr>\n<td align=\"center\" width=\"57\">3<\/td>\n<td width=\"255\">Ganesh Das<\/td>\n<td width=\"227\">\u6c99\u74e6\u514b\u7eb3\u7eb3\u74e6\u8482\u6280\u672f\u7814\u7a76\u6240<\/td>\n<td width=\"105\">\u5370\u5ea6<\/td>\n<td width=\"105\">411,315<\/td>\n<\/tr>\n<tr>\n<td align=\"center\" width=\"57\">4<\/td>\n<td width=\"255\">Kunal Sagar<\/td>\n<td width=\"227\">\u6c99\u74e6\u514b\u7eb3\u7eb3\u74e6\u8482\u6280\u672f\u7814\u7a76\u6240<\/td>\n<td width=\"105\">\u5370\u5ea6<\/td>\n<td width=\"105\">411,361<\/td>\n<\/tr>\n<tr>\n<td align=\"center\" width=\"57\">5<\/td>\n<td width=\"255\">Ankit Patra<\/td>\n<td width=\"227\">\u6c99\u74e6\u514b\u7eb3\u7eb3\u74e6\u8482\u6280\u672f\u7814\u7a76\u6240<\/td>\n<td width=\"105\">\u5370\u5ea6<\/td>\n<td width=\"105\">411,428<\/td>\n<\/tr>\n<\/tbody>\n<\/table>\n<p>\u4e9a\u6d32\u5317\u90e8\u5730\u533a-\u5b66\u751f\u7ec4<\/p>\n<table width=\"644\">\n<tbody>\n<tr>\n<td width=\"57\">\u6392\u540d<\/td>\n<td width=\"255\">\u59d3\u540d<\/td>\n<td width=\"227\">\u6240\u5c5e\u5927\u5b66<\/td>\n<td width=\"105\">\u56fd\u5bb6<\/td>\n<td>\u5428\u94a2\u6210\u672c<\/td>\n<\/tr>\n<tr>\n<td align=\"center\" width=\"57\">1<\/td>\n<td width=\"255\">Qichen LI (\u7eee\u741b \u674e)<\/td>\n<td width=\"227\">\u5510\u5c71\u79d1\u6280\u804c\u4e1a\u6280\u672f\u5b66\u9662<\/td>\n<td width=\"105\">\u4e2d\u56fd<\/td>\n<td width=\"105\">406,918<\/td>\n<\/tr>\n<tr>\n<td align=\"center\" width=\"57\">2<\/td>\n<td width=\"255\">Fuyang ZHAI (\u798f\u9633\u7fdf)<\/td>\n<td width=\"227\">\u5510\u5c71\u79d1\u6280\u804c\u4e1a\u6280\u672f\u5b66\u9662<\/td>\n<td width=\"105\">\u4e2d\u56fd<\/td>\n<td width=\"105\">407,129<\/td>\n<\/tr>\n<tr>\n<td align=\"center\" width=\"57\">3<\/td>\n<td width=\"255\">Guanzhong QIAO (\u51a0\u4e2d\u4e54)<\/td>\n<td width=\"227\">\u5510\u5c71\u79d1\u6280\u804c\u4e1a\u6280\u672f\u5b66\u9662<\/td>\n<td width=\"105\">\u4e2d\u56fd<\/td>\n<td width=\"105\">407,182<\/td>\n<\/tr>\n<tr>\n<td align=\"center\" width=\"57\">4<\/td>\n<td width=\"255\">Jiahao DUAN (\u5609\u8c6a\u6bb5)<\/td>\n<td width=\"227\">\u5510\u5c71\u79d1\u6280\u804c\u4e1a\u6280\u672f\u5b66\u9662<\/td>\n<td width=\"105\">\u4e2d\u56fd<\/td>\n<td width=\"105\">407,438<\/td>\n<\/tr>\n<tr>\n<td align=\"center\" width=\"57\">5<\/td>\n<td width=\"255\">Aowei LI (\u674e\u5965\u4f1f)<\/td>\n<td width=\"227\">\u91cd\u5e86\u79d1\u6280\u5b66\u9662<\/td>\n<td width=\"105\">\u4e2d\u56fd<\/td>\n<td width=\"105\">408,046<\/td>\n<\/tr>\n<\/tbody>\n<\/table>\n<p>\u4e9a\u6d32\u4e1c\u90e8\u548c\u5927\u6d0b\u6d32-\u5b66\u751f\u7ec4<\/p>\n<table width=\"644\">\n<tbody>\n<tr>\n<td width=\"57\">\u6392\u540d<\/td>\n<td width=\"255\">\u59d3\u540d<\/td>\n<td width=\"227\">\u6240\u5c5e\u5927\u5b66<\/td>\n<td width=\"105\">\u56fd\u5bb6<\/td>\n<td>\u5428\u94a2\u6210\u672c<\/td>\n<\/tr>\n<tr>\n<td align=\"center\" width=\"57\">1<\/td>\n<td width=\"255\">Jongdoeck Lim<\/td>\n<td width=\"227\">\u56fd\u7acb\u91dc\u5e86\u5927\u5b66<\/td>\n<td width=\"105\">\u97e9\u56fd<\/td>\n<td width=\"105\">407,482<\/td>\n<\/tr>\n<tr>\n<td align=\"center\" width=\"57\">2<\/td>\n<td width=\"255\">Sagong Seung Hak<\/td>\n<td width=\"227\">\u4e1c\u4e9a\u5927\u5b66<\/td>\n<td width=\"105\">\u97e9\u56fd<\/td>\n<td width=\"105\">407,647<\/td>\n<\/tr>\n<tr>\n<td align=\"center\" width=\"57\">3<\/td>\n<td width=\"255\">Hwang Si Yul<\/td>\n<td width=\"227\">\u4e1c\u4e9a\u5927\u5b66<\/td>\n<td width=\"105\">\u97e9\u56fd<\/td>\n<td width=\"105\">407,698<\/td>\n<\/tr>\n<tr>\n<td align=\"center\" width=\"57\">4<\/td>\n<td width=\"255\">Kim Jong Du<\/td>\n<td width=\"227\">\u4e1c\u4e9a\u5927\u5b66<\/td>\n<td width=\"105\">\u97e9\u56fd<\/td>\n<td width=\"105\">407,756<\/td>\n<\/tr>\n<tr>\n<td align=\"center\" width=\"57\">5<\/td>\n<td width=\"255\">Park Jeongwoo<\/td>\n<td width=\"227\">\u4e1c\u4e9a\u5927\u5b66<\/td>\n<td width=\"105\">\u97e9\u56fd<\/td>\n<td width=\"105\">407,757<\/td>\n<\/tr>\n<\/tbody>\n<\/table>\n<p>[\/vc_column_text][vc_empty_space][\/vc_column][\/vc_row][vc_row][vc_column][vc_separator][vc_empty_space][vc_column_text]<\/p>\n<h3>\u884c\u4e1a\u7ec4:<\/h3>\n<p>The top 5 per region are:[\/vc_column_text][vc_empty_space][vc_column_text]<strong>\u6b27\u6d32\u548c\u975e\u6d32-\u5b66\u751f\u7ec4<\/strong><\/p>\n<table width=\"644\">\n<tbody>\n<tr>\n<td width=\"57\">\u6392\u540d<\/td>\n<td width=\"255\">\u59d3\u540d<\/td>\n<td width=\"227\">\u6240\u5c5e\u5927\u5b66<\/td>\n<td width=\"105\">\u56fd\u5bb6<\/td>\n<td>\u5428\u94a2\u6210\u672c<\/td>\n<\/tr>\n<tr>\n<td align=\"center\" width=\"57\">1<\/td>\n<td width=\"255\">Timur Sabirovich Gaisin<\/td>\n<td width=\"227\">TMK\u96c6\u56e2<\/td>\n<td width=\"105\">\u4fc4\u7f57\u65af<\/td>\n<td width=\"105\">428,006<\/td>\n<\/tr>\n<tr>\n<td align=\"center\" width=\"57\">2<\/td>\n<td width=\"255\">Prigarin Rodion Alexandrovich<\/td>\n<td width=\"227\">TMK\u96c6\u56e2<\/td>\n<td width=\"105\">\u4fc4\u7f57\u65af<\/td>\n<td width=\"105\">432,930<\/td>\n<\/tr>\n<tr>\n<td align=\"center\" width=\"57\">3<\/td>\n<td width=\"255\">Igor Novikov<\/td>\n<td width=\"227\">TMK\u96c6\u56e2<\/td>\n<td width=\"105\">\u4fc4\u7f57\u65af<\/td>\n<td width=\"105\">432,942<\/td>\n<\/tr>\n<tr>\n<td align=\"center\" width=\"57\">4<\/td>\n<td width=\"255\">Nikolay Stolbov<\/td>\n<td width=\"227\">TMK\u96c6\u56e2<\/td>\n<td width=\"105\">\u4fc4\u7f57\u65af<\/td>\n<td width=\"105\">436,051<\/td>\n<\/tr>\n<tr>\n<td align=\"center\" width=\"57\">5<\/td>\n<td width=\"255\">Aleksandr Kuznetsov<\/td>\n<td width=\"227\">OMZ Spetsstal<\/td>\n<td width=\"105\">\u4fc4\u7f57\u65af<\/td>\n<td width=\"105\">436,363<\/td>\n<\/tr>\n<\/tbody>\n<\/table>\n<p><strong>\u7f8e\u6d32-\u804c\u4e1a\u7ec4<\/strong><\/p>\n<table width=\"644\">\n<tbody>\n<tr>\n<td width=\"57\">\u6392\u540d<\/td>\n<td width=\"255\">\u59d3\u540d<\/td>\n<td width=\"227\">\u6240\u5c5e\u5927\u5b66<\/td>\n<td width=\"105\">\u56fd\u5bb6<\/td>\n<td>\u5428\u94a2\u6210\u672c<\/td>\n<\/tr>\n<tr>\n<td align=\"center\" width=\"57\">1<\/td>\n<td width=\"255\">Paula Ren\u00e9e de Macedo Costa<\/td>\n<td width=\"227\">CSP\u516c\u53f8<\/td>\n<td width=\"105\">\u5df4\u897f<\/td>\n<td width=\"105\">419,976<\/td>\n<\/tr>\n<tr>\n<td align=\"center\" width=\"57\">2<\/td>\n<td width=\"255\">Josu\u00e9 Fabi\u00e1n Islas Ram\u00edrez<\/td>\n<td width=\"227\">Independent Professional<\/td>\n<td width=\"105\">\u58a8\u897f\u54e5<\/td>\n<td width=\"105\">420,755<\/td>\n<\/tr>\n<tr>\n<td align=\"center\" width=\"57\">3<\/td>\n<td width=\"255\">Lucas Sousa Uchoa<\/td>\n<td width=\"227\">CSP\u516c\u53f8<\/td>\n<td width=\"105\">\u5df4\u897f<\/td>\n<td width=\"105\">420,898<\/td>\n<\/tr>\n<tr>\n<td align=\"center\" width=\"57\">4<\/td>\n<td width=\"255\">D\u00e1vila De Oliveira Viana<\/td>\n<td width=\"227\">CSP\u516c\u53f8<\/td>\n<td width=\"105\">\u5df4\u897f<\/td>\n<td width=\"105\">421,701<\/td>\n<\/tr>\n<tr>\n<td align=\"center\" width=\"57\">5<\/td>\n<td width=\"255\">Marcelo Ricardo de Souza Angelotto<\/td>\n<td width=\"227\">CSP\u516c\u53f8<\/td>\n<td width=\"105\">\u5df4\u897f<\/td>\n<td width=\"105\">421,824<\/td>\n<\/tr>\n<\/tbody>\n<\/table>\n<p><strong>\u4e9a\u6d32\u897f\u90e8\u5730\u533a-\u804c\u4e1a\u7ec4<\/strong><\/p>\n<table width=\"644\">\n<tbody>\n<tr>\n<td width=\"57\">\u6392\u540d<\/td>\n<td width=\"255\">\u59d3\u540d<\/td>\n<td width=\"227\">\u6240\u5c5e\u5927\u5b66<\/td>\n<td width=\"105\">\u56fd\u5bb6<\/td>\n<td>\u5428\u94a2\u6210\u672c<\/td>\n<\/tr>\n<tr>\n<td align=\"center\" width=\"57\">1<\/td>\n<td width=\"255\">Krutidipta Sahu<\/td>\n<td width=\"227\">\u5854\u5854\u94a2\u94c1\u6709\u9650\u516c\u53f8<\/td>\n<td width=\"105\">\u5370\u5ea6<\/td>\n<td width=\"105\">410,212<\/td>\n<\/tr>\n<tr>\n<td align=\"center\" width=\"57\">2<\/td>\n<td width=\"255\">Asish Kumar Sahoo<\/td>\n<td width=\"227\">\u5854\u5854\u94a2\u94c1\u6709\u9650\u516c\u53f8<\/td>\n<td width=\"105\">\u5370\u5ea6<\/td>\n<td width=\"105\">410,525<\/td>\n<\/tr>\n<tr>\n<td align=\"center\" width=\"57\">3<\/td>\n<td width=\"255\">Satyajeet Mohanta<\/td>\n<td width=\"227\">\u5854\u5854\u94a2\u94c1\u6709\u9650\u516c\u53f8<\/td>\n<td width=\"105\">\u5370\u5ea6<\/td>\n<td width=\"105\">410,851<\/td>\n<\/tr>\n<tr>\n<td align=\"center\" width=\"57\">4<\/td>\n<td width=\"255\">Rohit Kumar Lal<\/td>\n<td width=\"227\">\u5854\u5854\u94a2\u94c1\u6709\u9650\u516c\u53f8<\/td>\n<td width=\"105\">\u5370\u5ea6<\/td>\n<td width=\"105\">410,859<\/td>\n<\/tr>\n<tr>\n<td align=\"center\" width=\"57\">5<\/td>\n<td width=\"255\">Priyatosh Mahato<\/td>\n<td width=\"227\">\u5854\u5854\u94a2\u94c1\u6709\u9650\u516c\u53f8<\/td>\n<td width=\"105\">\u5370\u5ea6<\/td>\n<td width=\"105\">411,167<\/td>\n<\/tr>\n<\/tbody>\n<\/table>\n<p><strong>\u4e9a\u6d32\u5317\u90e8\u5730\u533a-\u804c\u4e1a\u7ec4<\/strong><\/p>\n<table width=\"644\">\n<tbody>\n<tr>\n<td width=\"57\">\u6392\u540d<\/td>\n<td width=\"255\">\u59d3\u540d<\/td>\n<td width=\"227\">\u6240\u5c5e\u5927\u5b66<\/td>\n<td width=\"105\">\u56fd\u5bb6<\/td>\n<td>\u5428\u94a2\u6210\u672c<\/td>\n<\/tr>\n<tr>\n<td align=\"center\" width=\"57\">1<\/td>\n<td width=\"255\">\u738b\u745e\u5bbe<\/td>\n<td width=\"227\">\u6cb3\u94a2\u96c6\u56e2<\/td>\n<td width=\"105\">\u4e2d\u56fd<\/td>\n<td width=\"105\">405,899<\/td>\n<\/tr>\n<tr>\n<td align=\"center\" width=\"57\">2<\/td>\n<td width=\"255\">\u5e05\u5cb3<\/td>\n<td width=\"227\">\u6cb3\u94a2\u96c6\u56e2<\/td>\n<td width=\"105\">\u4e2d\u56fd<\/td>\n<td width=\"105\">407,440<\/td>\n<\/tr>\n<tr>\n<td align=\"center\" width=\"57\">3<\/td>\n<td width=\"255\">\u7956\u521a<\/td>\n<td width=\"227\">\u6cb3\u94a2\u96c6\u56e2<\/td>\n<td width=\"105\">\u4e2d\u56fd<\/td>\n<td width=\"105\">407,493<\/td>\n<\/tr>\n<tr>\n<td align=\"center\" width=\"57\">4<\/td>\n<td width=\"255\">Yanping ZHANG<\/td>\n<td width=\"227\">\u6cb3\u94a2\u96c6\u56e2<\/td>\n<td width=\"105\">\u4e2d\u56fd<\/td>\n<td width=\"105\">407,592<\/td>\n<\/tr>\n<tr>\n<td align=\"center\" width=\"57\">5<\/td>\n<td width=\"255\">\u8d75\u5efa\u5a01<\/td>\n<td width=\"227\">\u6cb3\u94a2\u96c6\u56e2<\/td>\n<td width=\"105\">\u4e2d\u56fd<\/td>\n<td width=\"105\">407,692<\/td>\n<\/tr>\n<\/tbody>\n<\/table>\n<p><strong>\u4e9a\u6d32\u4e1c\u90e8\u548c\u5927\u897f\u6d0b-\u884c\u4e1a\u7ec4<\/strong><\/p>\n<table width=\"644\">\n<tbody>\n<tr>\n<td width=\"57\">\u6392\u540d<\/td>\n<td width=\"255\">\u59d3\u540d<\/td>\n<td width=\"227\">\u6240\u5c5e\u5927\u5b66<\/td>\n<td width=\"105\">\u56fd\u5bb6<\/td>\n<td>\u5428\u94a2\u6210\u672c<\/td>\n<\/tr>\n<tr>\n<td align=\"center\" width=\"57\">1<\/td>\n<td width=\"255\">Jingi Pyeon<\/td>\n<td width=\"227\">\u6d66\u9879\u5236\u94c1<\/td>\n<td width=\"105\">\u97e9\u56fd<\/td>\n<td width=\"105\">409,537<\/td>\n<\/tr>\n<tr>\n<td align=\"center\" width=\"57\">2<\/td>\n<td width=\"255\">Ohyeong Kwon<\/td>\n<td width=\"227\">\u6d66\u9879\u5236\u94c1<\/td>\n<td width=\"105\">\u97e9\u56fd<\/td>\n<td width=\"105\">410,130<\/td>\n<\/tr>\n<tr>\n<td align=\"center\" width=\"57\">3<\/td>\n<td width=\"255\">Min Seok Oh<\/td>\n<td width=\"227\">\u6d66\u9879\u5236\u94c1<\/td>\n<td width=\"105\">\u97e9\u56fd<\/td>\n<td width=\"105\">410,162<\/td>\n<\/tr>\n<tr>\n<td align=\"center\" width=\"57\">4<\/td>\n<td width=\"255\">Heewoon Ro<\/td>\n<td width=\"227\">\u6d66\u9879\u5236\u94c1<\/td>\n<td width=\"105\">\u97e9\u56fd<\/td>\n<td width=\"105\">410,176<\/td>\n<\/tr>\n<tr>\n<td align=\"center\" width=\"57\">5<\/td>\n<td width=\"255\">\u78ca\u9f9a<\/td>\n<td width=\"227\">\u4e2d\u56fd\u5b9d\u6b66\u94a2\u94c1\u96c6\u56e2[\u7f16\u8f91]<\/td>\n<td width=\"105\">\u6fb3\u5927\u5229\u4e9a<\/td>\n<td width=\"105\">410,193<\/td>\n<\/tr>\n<\/tbody>\n<\/table>\n<p>[\/vc_column_text][\/vc_column][\/vc_row][vc_row][vc_column][vc_empty_space height=&#8221;64px&#8221;][vc_separator][vc_empty_space height=&#8221;64px&#8221;][vc_column_text]<\/p>\n<p style=\"text-align: center;\">\u7b2c16\u5c4a\u6a21\u62df\u70bc\u94a2\u6311\u6218\u8d5b\u7531\u4e0b\u5217\u516c\u53f8\u6177\u6168\u8d5e\u52a9\uff1a<\/p>\n<p>[\/vc_column_text][vc_empty_space][vc_row_inner][vc_column_inner width=&#8221;1\/2&#8243;][vc_single_image image=&#8221;57174&#8243; img_size=&#8221;150&#215;113&#8243; alignment=&#8221;center&#8221;][\/vc_column_inner][vc_column_inner width=&#8221;1\/2&#8243;][vc_single_image image=&#8221;57178&#8243; img_size=&#8221;150&#215;113&#8243; alignment=&#8221;center&#8221;][\/vc_column_inner][\/vc_row_inner][vc_row_inner][vc_column_inner width=&#8221;1\/4&#8243;][vc_single_image image=&#8221;56824&#8243; img_size=&#8221;full&#8221; alignment=&#8221;center&#8221;][\/vc_column_inner][vc_column_inner width=&#8221;1\/4&#8243;][vc_single_image image=&#8221;57261&#8243; img_size=&#8221;full&#8221; alignment=&#8221;center&#8221;][\/vc_column_inner][vc_column_inner width=&#8221;1\/4&#8243;][vc_single_image image=&#8221;56816&#8243; img_size=&#8221;full&#8221; alignment=&#8221;center&#8221;][\/vc_column_inner][vc_column_inner width=&#8221;1\/4&#8243;][vc_single_image image=&#8221;57182&#8243; img_size=&#8221;full&#8221; alignment=&#8221;center&#8221;][\/vc_column_inner][\/vc_row_inner][vc_row_inner][vc_column_inner width=&#8221;1\/4&#8243;][vc_single_image image=&#8221;57066&#8243; img_size=&#8221;full&#8221; alignment=&#8221;center&#8221;][\/vc_column_inner][vc_column_inner width=&#8221;1\/4&#8243;][vc_single_image image=&#8221;15688&#8243; img_size=&#8221;full&#8221; alignment=&#8221;center&#8221;][\/vc_column_inner][vc_column_inner width=&#8221;1\/4&#8243;][vc_single_image image=&#8221;15684&#8243; img_size=&#8221;full&#8221; alignment=&#8221;center&#8221;][\/vc_column_inner][vc_column_inner width=&#8221;1\/4&#8243;][vc_single_image image=&#8221;56844&#8243; img_size=&#8221;full&#8221; alignment=&#8221;center&#8221;][\/vc_column_inner][\/vc_row_inner][vc_row_inner][vc_column_inner width=&#8221;1\/4&#8243;][vc_single_image image=&#8221;57062&#8243; img_size=&#8221;full&#8221; alignment=&#8221;center&#8221;][\/vc_column_inner][vc_column_inner width=&#8221;1\/4&#8243;][\/vc_column_inner][vc_column_inner width=&#8221;1\/4&#8243;][\/vc_column_inner][vc_column_inner width=&#8221;1\/4&#8243;][\/vc_column_inner][\/vc_row_inner][\/vc_column][\/vc_row]<\/p>\n<\/div>","protected":false},"excerpt":{"rendered":"<p>[vc_row][vc_column][vc_co&hellip;<\/p>\n","protected":false},"author":2,"featured_media":0,"parent":56859,"menu_order":0,"comment_status":"closed","ping_status":"closed","template":"","meta":{"footnotes":""},"class_list":["post-66277","page","type-page","status-publish","hentry"],"aioseo_notices":[],"_links":{"self":[{"href":"https:\/\/steeluniversity.org\/zh-hans\/wp-json\/wp\/v2\/pages\/66277","targetHints":{"allow":["GET"]}}],"collection":[{"href":"https:\/\/steeluniversity.org\/zh-hans\/wp-json\/wp\/v2\/pages"}],"about":[{"href":"https:\/\/steeluniversity.org\/zh-hans\/wp-json\/wp\/v2\/types\/page"}],"author":[{"embeddable":true,"href":"https:\/\/steeluniversity.org\/zh-hans\/wp-json\/wp\/v2\/users\/2"}],"replies":[{"embeddable":true,"href":"https:\/\/steeluniversity.org\/zh-hans\/wp-json\/wp\/v2\/comments?post=66277"}],"version-history":[{"count":0,"href":"https:\/\/steeluniversity.org\/zh-hans\/wp-json\/wp\/v2\/pages\/66277\/revisions"}],"up":[{"embeddable":true,"href":"https:\/\/steeluniversity.org\/zh-hans\/wp-json\/wp\/v2\/pages\/56859"}],"wp:attachment":[{"href":"https:\/\/steeluniversity.org\/zh-hans\/wp-json\/wp\/v2\/media?parent=66277"}],"curies":[{"name":"wp","href":"https:\/\/api.w.org\/{rel}","templated":true}]}}