{"id":69416,"date":"2022-05-27T13:11:06","date_gmt":"2022-05-27T13:11:06","guid":{"rendered":"https:\/\/steeluniversity.org\/%e6%a8%a1%e6%8b%9f%e7%82%bc%e9%92%a2%e6%8c%91%e6%88%98%e8%b5%9b%e5%8e%86%e5%b1%8a%e5%86%a0%e5%86%9b\/"},"modified":"2022-05-27T13:11:09","modified_gmt":"2022-05-27T13:11:09","slug":"%e6%a8%a1%e6%8b%9f%e7%82%bc%e9%92%a2%e6%8c%91%e6%88%98%e8%b5%9b%e5%8e%86%e5%b1%8a%e5%86%a0%e5%86%9b","status":"publish","type":"page","link":"https:\/\/steeluniversity.org\/zh-hans\/%e6%a8%a1%e6%8b%9f%e7%82%bc%e9%92%a2%e6%8c%91%e6%88%98%e8%b5%9b%e5%8e%86%e5%b1%8a%e5%86%a0%e5%86%9b\/","title":{"rendered":"\u6a21\u62df\u70bc\u94a2\u6311\u6218\u8d5b\u5386\u5c4a\u51a0\u519b"},"content":{"rendered":"<div class=\"wpb-content-wrapper\"><p>[vc_row][vc_column][vc_column_text]<\/p>\n<h1>\u6a21\u62df\u70bc\u94a2\u6311\u6218\u8d5b\u5386\u5c4a\u51a0\u519b<\/h1>\n<table>\n<thead>\n<tr>\n<td width=\"38\"><strong>\u5e8f\u53f7<\/strong><\/td>\n<td width=\"63\"><strong>\u5e74\u4efd<\/strong><\/td>\n<td width=\"209\"><strong>\u59d3\u540d<\/strong><\/td>\n<td width=\"120\"><strong>\u6240\u5c5e\u5927\u5b66<\/strong><\/td>\n<td width=\"78\"><strong>\u7c7b\u522b<\/strong><\/td>\n<td width=\"83\"><strong>\u56fd\u5bb6<\/strong><\/td>\n<\/tr>\n<\/thead>\n<tbody>\n<tr>\n<td width=\"38\">1<\/td>\n<td width=\"63\">2005<\/td>\n<td width=\"209\">Sebastian Michelic<\/td>\n<td width=\"120\">\u83b1\u5965\u672c\u77ff\u4e1a\u5927\u5b66<\/td>\n<td width=\"78\">\u5b66\u751f\u7ec4<\/td>\n<td width=\"83\">\u5965\u5730\u5229<\/td>\n<\/tr>\n<tr>\n<td width=\"38\"><\/td>\n<td width=\"63\"><\/td>\n<td width=\"209\">Francesco Lentini Buonomo Alessandro Mariggi\u00f2 Gianvito<\/td>\n<td width=\"120\">RIVA-ILCA\u516c\u53f8<\/td>\n<td width=\"78\">\u804c\u4e1a\u7ec4<\/td>\n<td width=\"83\">\u610f\u5927\u5229<\/td>\n<\/tr>\n<tr>\n<td width=\"38\">2<\/td>\n<td width=\"63\">2006<\/td>\n<td width=\"209\">Zhao Chong Qin Bo Chen Lei<\/td>\n<td width=\"120\">\u6d66\u9879\u79d1\u6280\u5927\u5b66<\/td>\n<td width=\"78\">\u5b66\u751f\u7ec4<\/td>\n<td width=\"83\">\u97e9\u56fd<\/td>\n<\/tr>\n<tr>\n<td width=\"38\"><\/td>\n<td width=\"63\"><\/td>\n<td width=\"209\">Sung Jin Kim Jin Hong Park Tae Gyun Kim<\/td>\n<td width=\"120\">\u6d66\u9879\u5236\u94c1<\/td>\n<td width=\"78\">\u804c\u4e1a\u7ec4<\/td>\n<td width=\"83\">\u97e9\u56fd<\/td>\n<\/tr>\n<tr>\n<td width=\"38\">3<\/td>\n<td width=\"63\">2007<\/td>\n<td width=\"209\">Hyunsoo Kim Sangmin Lee Daehee Woo<\/td>\n<td width=\"120\">\u6d66\u9879\u79d1\u6280\u5927\u5b66<\/td>\n<td width=\"78\">\u5b66\u751f\u7ec4<\/td>\n<td width=\"83\">\u97e9\u56fd<\/td>\n<\/tr>\n<tr>\n<td width=\"38\"><\/td>\n<td width=\"63\"><\/td>\n<td width=\"209\">Zhang Wen Zhao Gang<\/td>\n<td width=\"120\">\u978d\u94a2\u96c6\u56e2<\/td>\n<td width=\"78\">\u804c\u4e1a\u7ec4<\/td>\n<td width=\"83\">\u4e2d\u56fd<\/td>\n<\/tr>\n<tr>\n<td width=\"38\">4<\/td>\n<td width=\"63\">2008<\/td>\n<td width=\"209\">Nabil Marouf Raphael Chosson Pierre Sallot<\/td>\n<td width=\"120\">\u5723\u592a\u7530\u56fd\u7acb\u9ad8\u7b49\u77ff\u4e1a\u5b66\u6821<\/td>\n<td width=\"78\">\u5b66\u751f\u7ec4<\/td>\n<td width=\"83\">\u6cd5\u56fd<\/td>\n<\/tr>\n<tr>\n<td width=\"38\"><\/td>\n<td width=\"63\"><\/td>\n<td width=\"209\">Yin Lu Ge Hua Chen Cen<\/td>\n<td width=\"120\">\u5b9d\u94a2\u80a1\u4efd<\/td>\n<td width=\"78\">\u884c\u4e1a\u7ec4<\/td>\n<td width=\"83\">\u4e2d\u56fd<\/td>\n<\/tr>\n<tr>\n<td width=\"38\">5<\/td>\n<td width=\"63\">2009\/10<\/td>\n<td width=\"209\">Luo Zhaozhen<\/td>\n<td width=\"120\">\u6b66\u6c49\u79d1\u6280\u5927\u5b66<\/td>\n<td width=\"78\">\u5b66\u751f\u7ec4<\/td>\n<td width=\"83\">\u4e2d\u56fd<\/td>\n<\/tr>\n<tr>\n<td width=\"38\"><\/td>\n<td width=\"63\"><\/td>\n<td width=\"209\">Chia Mei Lu Yen Hsun Wu<\/td>\n<td width=\"120\">\u4e2d\u56fd\u4e2d\u94a2<\/td>\n<td width=\"78\">\u884c\u4e1a\u7ec4<\/td>\n<td width=\"83\">\u4e2d\u56fd\u53f0\u6e7e<\/td>\n<\/tr>\n<tr>\n<td width=\"38\">6<\/td>\n<td width=\"63\">2011\/12<\/td>\n<td width=\"209\">Heliton Morais Rego Lima Filho Fernando Emerson Viana Sousa<\/td>\n<td width=\"120\">\u585e\u963f\u62c9\u8054\u90a6\u5927\u5b66<\/td>\n<td width=\"78\">\u5b66\u751f\u7ec4<\/td>\n<td width=\"83\">\u5df4\u897f<\/td>\n<\/tr>\n<tr>\n<td width=\"38\"><\/td>\n<td width=\"63\"><\/td>\n<td width=\"209\">Lu Fei Yu Chen<\/td>\n<td width=\"120\">\u9996\u94a2\u8fc1\u94a2<\/td>\n<td width=\"78\">\u884c\u4e1a\u7ec4<\/td>\n<td width=\"83\">\u4e2d\u56fd<\/td>\n<\/tr>\n<tr>\n<td width=\"38\">7<\/td>\n<td width=\"63\">2012\/13<\/td>\n<td width=\"209\">Andra\u017e Brade\u0161ko An\u017ee Tekav\u010di\u010d<\/td>\n<td width=\"120\">\u5362\u5e03\u5c14\u96c5\u90a3\u5927\u5b66<\/td>\n<td width=\"78\">\u5b66\u751f\u7ec4<\/td>\n<td width=\"83\">\u65af\u6d1b\u6587\u5c3c\u4e9a<\/td>\n<\/tr>\n<tr>\n<td width=\"38\"><\/td>\n<td width=\"63\"><\/td>\n<td width=\"209\">Manjunathan Mohan Chandra Prakesh Sankar<\/td>\n<td width=\"120\">\u5854\u5854\u94a2\u94c1\u516c\u53f8<\/td>\n<td width=\"78\">\u884c\u4e1a\u7ec4<\/td>\n<td width=\"83\">\u5370\u5ea6<\/td>\n<\/tr>\n<tr>\n<td width=\"38\">8<\/td>\n<td width=\"63\">2013\/14<\/td>\n<td width=\"209\">Ezio Agust\u00edn Casalini Francisco Bra\u00f1as<\/td>\n<td width=\"120\">\u963f\u6839\u5ef7\u56fd\u7acb\u5357\u65b9\u5927<\/td>\n<td width=\"78\">\u5b66\u751f\u7ec4<\/td>\n<td width=\"83\">\u963f\u6839\u5ef7<\/td>\n<\/tr>\n<tr>\n<td width=\"38\"><\/td>\n<td width=\"63\"><\/td>\n<td width=\"209\">Kausik Tamuli Animesh Kumar Singh<\/td>\n<td width=\"120\">\u5854\u5854\u94a2\u94c1\u516c\u53f8<\/td>\n<td width=\"78\">\u884c\u4e1a\u7ec4<\/td>\n<td width=\"83\">\u5370\u5ea6<\/td>\n<\/tr>\n<tr>\n<td width=\"38\">9<\/td>\n<td width=\"63\">2014\/15<\/td>\n<td width=\"209\">Yongping Wei Yongxu Wang<\/td>\n<td width=\"120\">\u91cd\u5e86\u79d1\u6280\u5b66\u9662<\/td>\n<td width=\"78\">\u5b66\u751f\u7ec4<\/td>\n<td width=\"83\">\u4e2d\u56fd<\/td>\n<\/tr>\n<tr>\n<td width=\"38\"><\/td>\n<td width=\"63\"><\/td>\n<td width=\"209\">Ye Wang<\/td>\n<td width=\"120\">\u5b9d\u94a2\u80a1\u4efd<\/td>\n<td width=\"78\">\u884c\u4e1a\u7ec4<\/td>\n<td width=\"83\">\u4e2d\u56fd<\/td>\n<\/tr>\n<tr>\n<td width=\"38\">10<\/td>\n<td width=\"63\">2015\/16<\/td>\n<td width=\"209\">Eonseung LEE<\/td>\n<td width=\"120\">\u5e86\u5317\u5927\u5b66<\/td>\n<td width=\"78\">\u5b66\u751f\u7ec4<\/td>\n<td width=\"83\">\u97e9\u56fd<\/td>\n<\/tr>\n<tr>\n<td width=\"38\"><\/td>\n<td width=\"63\"><\/td>\n<td width=\"209\">Marcos Daniel GOUVEIA FILHO<\/td>\n<td width=\"120\">CSP\u516c\u53f8<\/td>\n<td width=\"78\">\u884c\u4e1a\u7ec4<\/td>\n<td width=\"83\">\u5df4\u897f<\/td>\n<\/tr>\n<tr>\n<td width=\"38\">11<\/td>\n<td width=\"63\">2016\/17<\/td>\n<td width=\"209\">ChiaChu Li<\/td>\n<td width=\"120\">\u53f0\u6e7e\u4e2d\u5174\u5927\u5b66<\/td>\n<td width=\"78\">\u5b66\u751f\u7ec4<\/td>\n<td width=\"83\">\u4e2d\u56fd\u53f0\u6e7e<\/td>\n<\/tr>\n<tr>\n<td width=\"38\"><\/td>\n<td width=\"63\"><\/td>\n<td width=\"209\">\u5468\u6587\u6d9b<\/td>\n<td width=\"120\">\u6cb3\u94a2\u96c6\u56e2<\/td>\n<td width=\"78\">\u884c\u4e1a\u7ec4<\/td>\n<td width=\"83\">\u4e2d\u56fd<\/td>\n<\/tr>\n<tr>\n<td width=\"38\"> 12<\/td>\n<td width=\"63\"> 2017\/18<\/td>\n<td width=\"209\">An\u017ee Baj\u017eelj<\/td>\n<td width=\"120\">\u5362\u5e03\u5c14\u96c5\u90a3\u5927\u5b66<\/td>\n<td width=\"78\">\u5b66\u751f\u7ec4<\/td>\n<td width=\"83\">\u65af\u6d1b\u6587\u5c3c\u4e9a<\/td>\n<\/tr>\n<tr>\n<td width=\"38\"><\/td>\n<td width=\"63\"><\/td>\n<td width=\"209\">\u5510\u7b11\u5b87<\/td>\n<td width=\"120\">\u6cb3\u94a2\u96c6\u56e2<\/td>\n<td width=\"78\">\u884c\u4e1a\u7ec4<\/td>\n<td width=\"83\">\u4e2d\u56fd<\/td>\n<\/tr>\n<\/tbody>\n<\/table>\n<p>[\/vc_column_text][\/vc_column][\/vc_row]<\/p>\n<\/div>","protected":false},"excerpt":{"rendered":"<p>[vc_row][vc_column][vc_co&hellip;<\/p>\n","protected":false},"author":2,"featured_media":0,"parent":0,"menu_order":20,"comment_status":"closed","ping_status":"closed","template":"","meta":{"footnotes":""},"class_list":["post-69416","page","type-page","status-publish","hentry"],"aioseo_notices":[],"_links":{"self":[{"href":"https:\/\/steeluniversity.org\/zh-hans\/wp-json\/wp\/v2\/pages\/69416","targetHints":{"allow":["GET"]}}],"collection":[{"href":"https:\/\/steeluniversity.org\/zh-hans\/wp-json\/wp\/v2\/pages"}],"about":[{"href":"https:\/\/steeluniversity.org\/zh-hans\/wp-json\/wp\/v2\/types\/page"}],"author":[{"embeddable":true,"href":"https:\/\/steeluniversity.org\/zh-hans\/wp-json\/wp\/v2\/users\/2"}],"replies":[{"embeddable":true,"href":"https:\/\/steeluniversity.org\/zh-hans\/wp-json\/wp\/v2\/comments?post=69416"}],"version-history":[{"count":0,"href":"https:\/\/steeluniversity.org\/zh-hans\/wp-json\/wp\/v2\/pages\/69416\/revisions"}],"wp:attachment":[{"href":"https:\/\/steeluniversity.org\/zh-hans\/wp-json\/wp\/v2\/media?parent=69416"}],"curies":[{"name":"wp","href":"https:\/\/api.w.org\/{rel}","templated":true}]}}