{"id":7399,"date":"2016-07-19T16:27:54","date_gmt":"2016-07-19T14:27:54","guid":{"rendered":"\/\/steeluniversity.org\/?page_id=7399&#038;lang=zh-hans"},"modified":"2016-07-19T16:27:54","modified_gmt":"2016-07-19T14:27:54","slug":"steelchallenge-9-%e5%85%ac%e5%b8%83","status":"publish","type":"page","link":"https:\/\/steeluniversity.org\/zh-hans\/steelchallenge-9-%e5%85%ac%e5%b8%83\/","title":{"rendered":"steelChallenge-9 \u516c\u5e03"},"content":{"rendered":"<h2>20.10.2014 &#8211; \u6bd4\u5229\u65f6\u5e03\u9c81\u585e\u5c14<\/h2>\n<div class=\"editor-content\">\n<p>teelChallenge-9 \u5c06\u4e8e2014\u5e7411\u670819\u65e5\u4ee5\u5730\u533a\u51a0\u519b\u8d5b\u5f00\u59cb\uff0c\u5e76\u4e8e2015\u5e742\u670811\u65e5\u4ee5\u4e16\u754c\u51a0\u519b\u8d5b\u544a\u7ec8\u3002 \u6709\u4e24\u4e2a\u7ec4\u522b\uff1a \u2018\u5b66\u751f\u2019 \u7ec4\u548c \u2018\u884c\u4e1a\u2019\u7ec4\u3002 \u53c2\u8d5b\u8005\u5c06\u4ece\u5404\u81ea\u56fd\u5bb6\u5728\u7ebf\u53c2\u52a0\u8fd9\u4e24\u4e2a\u7ec4\u522b\u7684\u7b2c\u4e00\u8f6e\u7ade\u8d5b\uff0c\u83b7\u80dc\u8005\u5c06\u5171\u8d74\u6bd4\u5229\u65f6\u53c2\u52a0\u4e16\u754c\u51a0\u519b\u8d5b\u3002<\/p>\n<p>\u5730\u533a\u51a0\u519b\u8d5b\u5728\u7ebf\u8fdb\u884c\uff0c\u4e3a\u65f6 24 \u5c0f\u65f6\uff0c\u81ea2014\u5e7411\u670819\u65e5\u683c\u6797\u5a01\u6cbb\u65f6\u95f4 12:00 \u65f6\u5f00\u59cb\u3002 \u4efb\u52a1\u662f\u4ee5\u6700\u4f4e\u6210\u672c\u4f7f\u7528\u78b1\u6027\u6c27\u6c14\u70bc\u94a2\u6cd5\u5728steeluniversity.org\u7f51\u7ad9\u6a21\u62df\u751f\u4ea7\u7279\u5b9a\u94a2\u53f7\u3002 \u53c2\u8d5b\u8005\u7ec4\u6210\u4e24\u4eba\u56e2\u961f\u53c2\u8d5b\u3002 \u4e0d\u9650\u6b21\u6570\uff0c\u751f\u4ea7\u51fa\u6307\u5b9a\u94a2\u53f7\u6216\u4ea7\u54c1\u3002<\/p>\n<p>\u672c\u8f6e\u7ed3\u675f\uff0c\u5c06\u6309\u4ee5\u4e0b\u56db\u4e2a\u5730\u533a\u4ea7\u751f\u2018\u5b66\u751f\u2019\u7ec4\u548c\u2018\u884c\u4e1a\u2019\u7ec4\u7684\u5730\u533a\u51a0\u519b\uff1a (a) \u5357\u5317\u7f8e\u6d32, (b) \u6b27\u6d32, \u72ec\u8054\u4f53, \u4e2d\u4e1c\u548c\u975e\u6d32, (c) \u4e9a\u6d32\u548c\u5927\u6d0b\u6d32\uff08\u4e2d\u56fd\u9664\u5916\uff09, \u548c (d) \u4e2d\u56fd\u3002 \u4ed6\u4eec\u5c06\u5e94\u9080\u8d74\u5e03\u9c81\u585e\u5c14\u53c2\u52a0\u4e16\u754c\u51a0\u519b\u8d5b\uff0c\u65c5\u8d39\u62a5\u9500\u3002<\/p>\n<p><img loading=\"lazy\" decoding=\"async\" src=\"http:\/\/www.worldsteel.org\/media-centre\/press-releases\/2014\/worldsteel-announces-the-9th-steelChallenge-launch-date\/content\/0\/text_files\/file\/document\/steelchallenge-regional-map.jpg\" alt=\"\" width=\"550\" height=\"263\" \/><\/p>\n<p>\u5404\u7ec4\u5730\u533a\u51a0\u519b\u5c06\u4e8e2015\u5e742\u670811\u65e5\u5728\u5e03\u9c81\u585e\u5c14\u89d2\u9010\u4e16\u754c\u51a0\u519b\u3002 \u5168\u7403\u94a2\u94c1\u884c\u4e1a\u7684\u9886\u8896\u5c06\u51fa\u5e2d\u89c2\u770b\u51b3\u8d5b\u73b0\u573a\u3002 \u5404\u7ec4\u4e16\u754c\u51a0\u519b\u5c06\u83b7\u9881\u8bc1\u4e66\u3001\u5956\u91d1\u548c\u5956\u676f\u3002<\/p>\n<p>steelChallenge-7 \u5b66\u751f\u7ec4\u4e16\u754c\u51a0\u519b\uff0c\u6765\u81ea\u65af\u6d1b\u6587\u5c3c\u4e9a\u5362\u5e03\u5c14\u96c5\u90a3\u5927\u5b66(University of Ljubljana)\u7684Andra\u017e Brade\u0161ko \u548c An\u017ee Tekav\u010di\u010d \u8bf4\uff1a \u201c\u6211\u4eec\u83b7\u80dc\u5728\u65af\u6d1b\u6587\u5c3c\u4e9a\u8d62\u5f97\u5e7f\u6cdb\u5173\u6ce8\uff0c\u6211\u4eec\u751a\u81f3\u6536\u5230\u65af\u6d1b\u6587\u5c3c\u4e9a\u603b\u7edf\u7684\u8d3a\u4fe1\u3002 \u8d5b\u540e\u6211\u4eec\u8fd8\u6536\u5230\u4e00\u4e9b\u94a2\u94c1\u516c\u53f8\u63d0\u4f9b\u7684\u5de5\u4f5c\u673a\u4f1a\u3002 \u6b64\u5916\uff0c\u6210\u4e3a\u4e16\u754c\u51a0\u519b\u4e3a\u6211\u7684\u7b80\u5386\u589e\u8272\u4e0d\u5c11\u3002\u201d<\/p>\n<p>\u2018\u884c\u4e1a\u2019\u7ec4\u51a0\u519b\u2018\uff0c\u6765\u81ea\u5370\u5ea6\u5854\u5854\u94a2\u94c1\u516c\u53f8\uff08Tata Steel Ltd.\uff09\u7684 Manjunathan Mohan \u548cChandra Prakash Sankar \u8bf4\uff1a \u201c\u8d62\u5f97\u6bd4\u8d5b\u5bf9\u6211\u4eec\u7684\u804c\u4e1a\u751f\u6daf\u6709\u5de8\u5927\u5f71\u54cd\u3002 \u4e3a\u6211\u4eec\u5728\u6211\u4eec\u7684\u516c\u53f8\u53d1\u5c55\u63d0\u4f9b\u4e00\u4e2a\u826f\u597d\u7684\u5e73\u53f0\u548c\u77e5\u540d\u5ea6\u3002 \u5728\u6211\u4eec\u804c\u4e1a\u751f\u6daf\u521a\u8d77\u6b65\u65f6\u5c31\u6709\u673a\u4f1a\u63d0\u9ad8\u81ea\u5df1\u5e76\u5728\u5168\u7403\u94a2\u94c1\u884c\u4e1a\u5f97\u5230\u5d2d\u9732\u5934\u89d2\u7684\u673a\u4f1a\uff0c\u4ee4\u6211\u4eec\u611f\u5230\u9f13\u821e\u3002\u201d<\/p>\n<p>\u5173\u4e8e steelChallenge-9 \u7684\u66f4\u591a\u4fe1\u606f\uff0c\u8bf7\u8bbf\u95ee\u00a0<a title=\"steeluniversity\" href=\"https:\/\/cn.steeluniversity.org\/\">steeluniversity.org<\/a>\u3002<\/p>\n<p># \u6587\u672b#<\/p>\n<p>\u7f16\u8f91\u6ce8\uff1a<\/p>\n<ul>\n<li>steeluniversity.org \u7f51\u7ad9\u63d0\u4f9b\u514d\u8d39\u548c\u521b\u65b0\u6027\u7684 e-learning \u8d44\u6e90\uff0c\u5173\u6ce8\u94a2\u94c1\u7684\u5404\u4e2a\u65b9\u9762\uff0c\u5305\u62ec\u70bc\u94a2\u6280\u672f\u548c\u94a2\u94c1\u591a\u79cd\u7528\u9014\u3002 \u4ee5\u7c7b\u4f3c\u6e38\u620f\u7684\u4e92\u52a8\u6027\u9ad8\u7684\u65b9\u5f0f\uff0c\u63d0\u4f9b\u4e3b\u8981\u70bc\u94a2\u5de5\u827a\u5b9e\u65f6\u6a21\u62df\u3002 \u8fd9\u4e2a\u83b7\u5956\u5728\u7ebf\u8bfe\u7a0b\u662f\u7531\u4e16\u754c\u94a2\u94c1\u534f\u4f1a\u5f00\u53d1\u548c\u8d5e\u52a9\u7684\u3002<\/li>\n<li>steeluniversity.org \u8d44\u6e90\u4e3a100\u591a\u5bb6\u94a2\u94c1\u516c\u53f8\u53ca\u4e16\u754c\u5404\u5730200\u591a\u6240\u5927\u5b66\u4f7f\u7528\u3002<\/li>\n<li>\u4e16\u754c\u94a2\u94c1\u534f\u4f1a (worldsteel) \u662f\u4e16\u754c\u4e0a\u6700\u5927\u6700\u6d3b\u8dc3\u7684\u884c\u4e1a\u534f\u4f1a\u4e4b\u4e00\u3002worldsteel \u6210\u5458\u5305\u62ec\u5927\u7ea6 170 \u5bb6\u94a2\u94c1\u751f\u4ea7\u4f01\u4e1a\uff08\u5305\u62ec\u4e16\u754c20\u5bb6\u6700\u5927\u7684\u94a2\u94c1\u516c\u53f8\u4e2d\u768417\u5bb6\uff09\u3001\u5168\u56fd\u6027\u548c\u5730\u533a\u6027\u884c\u4e1a\u534f\u4f1a\u4ee5\u53ca\u94a2\u94c1\u7814\u7a76\u673a\u6784\u3002<\/li>\n<\/ul>\n<p>\u4f20\u5a92\u67e5\u8be2<\/p>\n<table border=\"0\">\n<tbody>\n<tr>\n<td>Nicholas Walters<br \/>\n<a class=\"disabled\" href=\"mailto:media@worldsteel.org\">media@worldsteel.org<\/a><br \/>\n\u7535\u8bdd: +32 2 708 8184<br \/>\n\u624b\u673a: +44 7900 824 444<\/td>\n<td>Soo Jung Kim<br \/>\n<a class=\"disabled\" href=\"mailto:media@worldsteel.org\">media@worldsteel.org<\/a><br \/>\n\u7535\u8bdd: +32 2 702 8927<br \/>\n\u624b\u673a: +32 475 493 779<\/td>\n<\/tr>\n<\/tbody>\n<\/table>\n<\/div>\n","protected":false},"excerpt":{"rendered":"<p>20.10.2014 &#8211; \u6bd4\u5229\u65f6\u5e03\u9c81\u585e&hellip;<\/p>\n","protected":false},"author":8,"featured_media":0,"parent":0,"menu_order":53,"comment_status":"closed","ping_status":"closed","template":"","meta":{"footnotes":""},"class_list":["post-7399","page","type-page","status-publish","hentry"],"aioseo_notices":[],"_links":{"self":[{"href":"https:\/\/steeluniversity.org\/zh-hans\/wp-json\/wp\/v2\/pages\/7399","targetHints":{"allow":["GET"]}}],"collection":[{"href":"https:\/\/steeluniversity.org\/zh-hans\/wp-json\/wp\/v2\/pages"}],"about":[{"href":"https:\/\/steeluniversity.org\/zh-hans\/wp-json\/wp\/v2\/types\/page"}],"author":[{"embeddable":true,"href":"https:\/\/steeluniversity.org\/zh-hans\/wp-json\/wp\/v2\/users\/8"}],"replies":[{"embeddable":true,"href":"https:\/\/steeluniversity.org\/zh-hans\/wp-json\/wp\/v2\/comments?post=7399"}],"version-history":[{"count":0,"href":"https:\/\/steeluniversity.org\/zh-hans\/wp-json\/wp\/v2\/pages\/7399\/revisions"}],"wp:attachment":[{"href":"https:\/\/steeluniversity.org\/zh-hans\/wp-json\/wp\/v2\/media?parent=7399"}],"curies":[{"name":"wp","href":"https:\/\/api.w.org\/{rel}","templated":true}]}}